{"id":99471,"date":"2020-06-30T01:32:05","date_gmt":"2020-06-29T23:32:05","guid":{"rendered":"https:\/\/www.vetorino.com\/boutique\/product\/manteau-active-coat-buster-2\/"},"modified":"2024-07-17T10:23:11","modified_gmt":"2024-07-17T08:23:11","slug":"manteau-active-coat-buster-2","status":"publish","type":"product","link":"https:\/\/www.vetorino.com\/veterinaire\/villeneuvetolosane-31270\/boutique\/product\/manteau-active-coat-buster-2\/","title":{"rendered":"Manteau Active Coat Buster"},"content":{"rendered":"<div class='hidden'>MATERIEL<\/div>\n<div class='hidden'>Chiens<\/div>\n<p>Une doudoune chaude et confortable pour prot\u00e9ger votre chien du temps pluvieux et froid.<br \/>Couche externe coupe-vent et imperm\u00e9able, et couche interne isolante, douce et respirante. <br \/>Avec col en fausse fourrure amovible et des bandes r\u00e9fl\u00e9chissantes.<br \/>Fermeture \u00e0 glissi\u00e8re sous le cou et lien pour serrer le col. Sous-ventri\u00e8re \u00e9lastiqu\u00e9e et r\u00e9glable \u00e0 2 scratchs, plus 2 anses pour les pattes arri\u00e8res afin d&#8217;offrir un bon maintien.<br \/>Fermeture \u00e0 glissi\u00e8re permettant le passage de la laisse.<\/p>\n","protected":false},"excerpt":{"rendered":"<p>MATERIEL Chiens Une doudoune chaude et confortable pour prot\u00e9ger votre chien du temps pluvieux et froid.Couche externe coupe-vent et imperm\u00e9able, et couche interne isolante, douce et respirante. Avec col en fausse fourrure amovible et des bandes r\u00e9fl\u00e9chissantes.Fermeture \u00e0 glissi\u00e8re sous le cou et lien pour serrer le col. Sous-ventri\u00e8re \u00e9lastiqu\u00e9e et r\u00e9glable \u00e0 2 scratchs, [&hellip;]<\/p>\n","protected":false},"featured_media":99470,"template":"","meta":[],"product_cat":[12550,2698,2777],"product_tag":[],"class_list":{"0":"post-99471","1":"product","2":"type-product","3":"status-publish","4":"has-post-thumbnail","6":"product_cat-accessoires-du-chien","7":"product_cat-chien","8":"product_cat-colliers-laisses-et-harnais-pour-chien","9":"pa_marque-buster","11":"first","12":"outofstock","13":"taxable","14":"shipping-taxable","15":"purchasable","16":"product-type-simple"},"yoast_head":"<!-- This site is optimized with the Yoast SEO plugin v27.3 - https:\/\/yoast.com\/product\/yoast-seo-wordpress\/ -->\n<title>Manteau Active Coat Buster Buster - V\u00e9torino<\/title>\n<meta name=\"description\" content=\"MATERIELChiensUne doudoune chaude et confortable pour prot\u00e9ger votre chien du temps pluvieux et froid.Couche externe coupe-vent et imperm\u00e9able, et couche\" \/>\n<meta name=\"robots\" content=\"noindex, nofollow\" \/>\n<meta property=\"og:locale\" content=\"fr_FR\" \/>\n<meta property=\"og:type\" content=\"article\" \/>\n<meta property=\"og:title\" content=\"Manteau Active Coat Buster Buster - V\u00e9torino\" \/>\n<meta property=\"og:description\" content=\"MATERIELChiensUne doudoune chaude et confortable pour prot\u00e9ger votre chien du temps pluvieux et froid.Couche externe coupe-vent et imperm\u00e9able, et couche\" \/>\n<meta property=\"og:url\" content=\"https:\/\/www.vetorino.com\/veterinaire\/villeneuvetolosane-31270\/boutique\/product\/manteau-active-coat-buster-2\/\" \/>\n<meta property=\"og:site_name\" content=\"V\u00e9torino\" \/>\n<meta property=\"article:publisher\" content=\"https:\/\/www.facebook.com\/Vetorino\/\" \/>\n<meta property=\"article:modified_time\" content=\"2024-07-17T08:23:11+00:00\" \/>\n<meta property=\"og:image\" content=\"https:\/\/www.vetorino.com\/boutique\/wp-content\/uploads\/2020\/06\/FilsMAN806FormatMediumTypeIM.png\" \/>\n\t<meta property=\"og:image:width\" content=\"400\" \/>\n\t<meta property=\"og:image:height\" content=\"400\" \/>\n\t<meta property=\"og:image:type\" content=\"image\/png\" \/>\n<meta name=\"twitter:card\" content=\"summary_large_image\" \/>\n<meta name=\"twitter:label1\" content=\"Prix\" \/>\n\t<meta name=\"twitter:data1\" content=\"43,34&euro;\" \/>\n\t<meta name=\"twitter:label2\" content=\"Disponibilit\u00e9\" \/>\n\t<meta name=\"twitter:data2\" content=\"Rupture de stock\" \/>\n<script type=\"application\/ld+json\" class=\"yoast-schema-graph\">{\"@context\":\"https:\\\/\\\/schema.org\",\"@graph\":[{\"@type\":\"WebPage\",\"@id\":\"https:\\\/\\\/www.vetorino.com\\\/boutique\\\/product\\\/manteau-active-coat-buster-2\\\/\",\"url\":\"https:\\\/\\\/www.vetorino.com\\\/boutique\\\/product\\\/manteau-active-coat-buster-2\\\/\",\"name\":\"Manteau Active Coat Buster Buster - V\u00e9torino\",\"isPartOf\":{\"@id\":\"https:\\\/\\\/www.vetorino.com\\\/boutique\\\/#website\"},\"primaryImageOfPage\":{\"@id\":\"https:\\\/\\\/www.vetorino.com\\\/boutique\\\/product\\\/manteau-active-coat-buster-2\\\/#primaryimage\"},\"image\":{\"@id\":\"https:\\\/\\\/www.vetorino.com\\\/boutique\\\/product\\\/manteau-active-coat-buster-2\\\/#primaryimage\"},\"thumbnailUrl\":\"https:\\\/\\\/www.vetorino.com\\\/boutique\\\/wp-content\\\/uploads\\\/2020\\\/06\\\/FilsMAN806FormatMediumTypeIM.png\",\"datePublished\":\"2020-06-29T23:32:05+00:00\",\"dateModified\":\"2024-07-17T08:23:11+00:00\",\"description\":\"MATERIELChiensUne doudoune chaude et confortable pour prot\u00e9ger votre chien du temps pluvieux et froid.Couche externe coupe-vent et imperm\u00e9able, et couche\",\"breadcrumb\":{\"@id\":\"https:\\\/\\\/www.vetorino.com\\\/boutique\\\/product\\\/manteau-active-coat-buster-2\\\/#breadcrumb\"},\"inLanguage\":\"fr-FR\",\"potentialAction\":[{\"@type\":\"ReadAction\",\"target\":[\"https:\\\/\\\/www.vetorino.com\\\/boutique\\\/product\\\/manteau-active-coat-buster-2\\\/\"]}]},{\"@type\":\"ImageObject\",\"inLanguage\":\"fr-FR\",\"@id\":\"https:\\\/\\\/www.vetorino.com\\\/boutique\\\/product\\\/manteau-active-coat-buster-2\\\/#primaryimage\",\"url\":\"https:\\\/\\\/www.vetorino.com\\\/boutique\\\/wp-content\\\/uploads\\\/2020\\\/06\\\/FilsMAN806FormatMediumTypeIM.png\",\"contentUrl\":\"https:\\\/\\\/www.vetorino.com\\\/boutique\\\/wp-content\\\/uploads\\\/2020\\\/06\\\/FilsMAN806FormatMediumTypeIM.png\",\"width\":400,\"height\":400},{\"@type\":\"BreadcrumbList\",\"@id\":\"https:\\\/\\\/www.vetorino.com\\\/boutique\\\/product\\\/manteau-active-coat-buster-2\\\/#breadcrumb\",\"itemListElement\":[{\"@type\":\"ListItem\",\"position\":1,\"name\":\"Accueil\",\"item\":\"https:\\\/\\\/www.vetorino.com\\\/boutique\\\/\"},{\"@type\":\"ListItem\",\"position\":2,\"name\":\"Produits\",\"item\":\"https:\\\/\\\/www.vetorino.com\\\/boutique\\\/\"},{\"@type\":\"ListItem\",\"position\":3,\"name\":\"Manteau Active Coat Buster\"}]},{\"@type\":\"WebSite\",\"@id\":\"https:\\\/\\\/www.vetorino.com\\\/boutique\\\/#website\",\"url\":\"https:\\\/\\\/www.vetorino.com\\\/boutique\\\/\",\"name\":\"V\u00e9torino\",\"description\":\"\",\"publisher\":{\"@id\":\"https:\\\/\\\/www.vetorino.com\\\/boutique\\\/#organization\"},\"potentialAction\":[{\"@type\":\"SearchAction\",\"target\":{\"@type\":\"EntryPoint\",\"urlTemplate\":\"https:\\\/\\\/www.vetorino.com\\\/boutique\\\/?s={search_term_string}\"},\"query-input\":{\"@type\":\"PropertyValueSpecification\",\"valueRequired\":true,\"valueName\":\"search_term_string\"}}],\"inLanguage\":\"fr-FR\"},{\"@type\":\"Organization\",\"@id\":\"https:\\\/\\\/www.vetorino.com\\\/boutique\\\/#organization\",\"name\":\"V\u00e9torino\",\"url\":\"https:\\\/\\\/www.vetorino.com\\\/boutique\\\/\",\"logo\":{\"@type\":\"ImageObject\",\"inLanguage\":\"fr-FR\",\"@id\":\"https:\\\/\\\/www.vetorino.com\\\/boutique\\\/#\\\/schema\\\/logo\\\/image\\\/\",\"url\":\"https:\\\/\\\/www.vetorino.com\\\/boutique\\\/wp-content\\\/uploads\\\/2024\\\/10\\\/logo.jpg\",\"contentUrl\":\"https:\\\/\\\/www.vetorino.com\\\/boutique\\\/wp-content\\\/uploads\\\/2024\\\/10\\\/logo.jpg\",\"width\":1200,\"height\":610,\"caption\":\"V\u00e9torino\"},\"image\":{\"@id\":\"https:\\\/\\\/www.vetorino.com\\\/boutique\\\/#\\\/schema\\\/logo\\\/image\\\/\"},\"sameAs\":[\"https:\\\/\\\/www.facebook.com\\\/Vetorino\\\/\",\"https:\\\/\\\/www.instagram.com\\\/vetorino_off\\\/\",\"https:\\\/\\\/www.linkedin.com\\\/company\\\/vtorino\\\/\"]}]}<\/script>\n<meta property=\"product:brand\" content=\"Buster\" \/>\n<meta property=\"product:price:amount\" content=\"43.34\" \/>\n<meta property=\"product:price:currency\" content=\"EUR\" \/>\n<meta property=\"og:availability\" content=\"out of stock\" \/>\n<meta property=\"product:availability\" content=\"out of stock\" \/>\n<meta property=\"product:retailer_item_id\" content=\"C-MAN806\" \/>\n<meta property=\"product:condition\" content=\"new\" \/>\n<!-- \/ Yoast SEO plugin. -->","yoast_head_json":{"title":"Manteau Active Coat Buster Buster - V\u00e9torino","description":"MATERIELChiensUne doudoune chaude et confortable pour prot\u00e9ger votre chien du temps pluvieux et froid.Couche externe coupe-vent et imperm\u00e9able, et couche","robots":{"index":"noindex","follow":"nofollow"},"og_locale":"fr_FR","og_type":"article","og_title":"Manteau Active Coat Buster Buster - V\u00e9torino","og_description":"MATERIELChiensUne doudoune chaude et confortable pour prot\u00e9ger votre chien du temps pluvieux et froid.Couche externe coupe-vent et imperm\u00e9able, et couche","og_url":"https:\/\/www.vetorino.com\/veterinaire\/villeneuvetolosane-31270\/boutique\/product\/manteau-active-coat-buster-2\/","og_site_name":"V\u00e9torino","article_publisher":"https:\/\/www.facebook.com\/Vetorino\/","article_modified_time":"2024-07-17T08:23:11+00:00","og_image":[{"width":400,"height":400,"url":"https:\/\/www.vetorino.com\/boutique\/wp-content\/uploads\/2020\/06\/FilsMAN806FormatMediumTypeIM.png","type":"image\/png"}],"twitter_card":"summary_large_image","twitter_misc":{"Prix":"43,34&euro;","Disponibilit\u00e9":"Rupture de stock"},"schema":{"@context":"https:\/\/schema.org","@graph":[{"@type":"WebPage","@id":"https:\/\/www.vetorino.com\/boutique\/product\/manteau-active-coat-buster-2\/","url":"https:\/\/www.vetorino.com\/boutique\/product\/manteau-active-coat-buster-2\/","name":"Manteau Active Coat Buster Buster - V\u00e9torino","isPartOf":{"@id":"https:\/\/www.vetorino.com\/boutique\/#website"},"primaryImageOfPage":{"@id":"https:\/\/www.vetorino.com\/boutique\/product\/manteau-active-coat-buster-2\/#primaryimage"},"image":{"@id":"https:\/\/www.vetorino.com\/boutique\/product\/manteau-active-coat-buster-2\/#primaryimage"},"thumbnailUrl":"https:\/\/www.vetorino.com\/boutique\/wp-content\/uploads\/2020\/06\/FilsMAN806FormatMediumTypeIM.png","datePublished":"2020-06-29T23:32:05+00:00","dateModified":"2024-07-17T08:23:11+00:00","description":"MATERIELChiensUne doudoune chaude et confortable pour prot\u00e9ger votre chien du temps pluvieux et froid.Couche externe coupe-vent et imperm\u00e9able, et couche","breadcrumb":{"@id":"https:\/\/www.vetorino.com\/boutique\/product\/manteau-active-coat-buster-2\/#breadcrumb"},"inLanguage":"fr-FR","potentialAction":[{"@type":"ReadAction","target":["https:\/\/www.vetorino.com\/boutique\/product\/manteau-active-coat-buster-2\/"]}]},{"@type":"ImageObject","inLanguage":"fr-FR","@id":"https:\/\/www.vetorino.com\/boutique\/product\/manteau-active-coat-buster-2\/#primaryimage","url":"https:\/\/www.vetorino.com\/boutique\/wp-content\/uploads\/2020\/06\/FilsMAN806FormatMediumTypeIM.png","contentUrl":"https:\/\/www.vetorino.com\/boutique\/wp-content\/uploads\/2020\/06\/FilsMAN806FormatMediumTypeIM.png","width":400,"height":400},{"@type":"BreadcrumbList","@id":"https:\/\/www.vetorino.com\/boutique\/product\/manteau-active-coat-buster-2\/#breadcrumb","itemListElement":[{"@type":"ListItem","position":1,"name":"Accueil","item":"https:\/\/www.vetorino.com\/boutique\/"},{"@type":"ListItem","position":2,"name":"Produits","item":"https:\/\/www.vetorino.com\/boutique\/"},{"@type":"ListItem","position":3,"name":"Manteau Active Coat Buster"}]},{"@type":"WebSite","@id":"https:\/\/www.vetorino.com\/boutique\/#website","url":"https:\/\/www.vetorino.com\/boutique\/","name":"V\u00e9torino","description":"","publisher":{"@id":"https:\/\/www.vetorino.com\/boutique\/#organization"},"potentialAction":[{"@type":"SearchAction","target":{"@type":"EntryPoint","urlTemplate":"https:\/\/www.vetorino.com\/boutique\/?s={search_term_string}"},"query-input":{"@type":"PropertyValueSpecification","valueRequired":true,"valueName":"search_term_string"}}],"inLanguage":"fr-FR"},{"@type":"Organization","@id":"https:\/\/www.vetorino.com\/boutique\/#organization","name":"V\u00e9torino","url":"https:\/\/www.vetorino.com\/boutique\/","logo":{"@type":"ImageObject","inLanguage":"fr-FR","@id":"https:\/\/www.vetorino.com\/boutique\/#\/schema\/logo\/image\/","url":"https:\/\/www.vetorino.com\/boutique\/wp-content\/uploads\/2024\/10\/logo.jpg","contentUrl":"https:\/\/www.vetorino.com\/boutique\/wp-content\/uploads\/2024\/10\/logo.jpg","width":1200,"height":610,"caption":"V\u00e9torino"},"image":{"@id":"https:\/\/www.vetorino.com\/boutique\/#\/schema\/logo\/image\/"},"sameAs":["https:\/\/www.facebook.com\/Vetorino\/","https:\/\/www.instagram.com\/vetorino_off\/","https:\/\/www.linkedin.com\/company\/vtorino\/"]}]},"product_brand":"Buster","product_price_amount":"43.34","product_price_currency":"EUR","og_availability":"out of stock","product_availability":"out of stock","product_retailer_item_id":"C-MAN806","product_condition":"new"},"_links":{"self":[{"href":"https:\/\/www.vetorino.com\/veterinaire\/villeneuvetolosane-31270\/boutique\/wp-json\/wp\/v2\/product\/99471","targetHints":{"allow":["GET"]}}],"collection":[{"href":"https:\/\/www.vetorino.com\/veterinaire\/villeneuvetolosane-31270\/boutique\/wp-json\/wp\/v2\/product"}],"about":[{"href":"https:\/\/www.vetorino.com\/veterinaire\/villeneuvetolosane-31270\/boutique\/wp-json\/wp\/v2\/types\/product"}],"wp:featuredmedia":[{"embeddable":true,"href":"https:\/\/www.vetorino.com\/veterinaire\/villeneuvetolosane-31270\/boutique\/wp-json\/wp\/v2\/media\/99470"}],"wp:attachment":[{"href":"https:\/\/www.vetorino.com\/veterinaire\/villeneuvetolosane-31270\/boutique\/wp-json\/wp\/v2\/media?parent=99471"}],"wp:term":[{"taxonomy":"product_cat","embeddable":true,"href":"https:\/\/www.vetorino.com\/veterinaire\/villeneuvetolosane-31270\/boutique\/wp-json\/wp\/v2\/product_cat?post=99471"},{"taxonomy":"product_tag","embeddable":true,"href":"https:\/\/www.vetorino.com\/veterinaire\/villeneuvetolosane-31270\/boutique\/wp-json\/wp\/v2\/product_tag?post=99471"}],"curies":[{"name":"wp","href":"https:\/\/api.w.org\/{rel}","templated":true}]}}