{"id":100466,"date":"2020-06-30T01:44:57","date_gmt":"2020-06-29T23:44:57","guid":{"rendered":"https:\/\/www.vetorino.com\/boutique\/product\/parfum-anju-darling-fleur-de-tiare\/"},"modified":"2026-02-26T02:42:12","modified_gmt":"2026-02-26T01:42:12","slug":"parfum-anju-darling-fleur-de-tiare","status":"publish","type":"product","link":"https:\/\/www.vetorino.com\/veterinaire\/villeurbanne\/boutique\/product\/parfum-anju-darling-fleur-de-tiare\/","title":{"rendered":"Parfum Anju Darling Fleur de Tiar\u00e9"},"content":{"rendered":"<p>Elabor\u00e9e \u00e0 partir d&#8217;essences naturelles, d&#8217;huiles essentielles de tr\u00e8s haute puret\u00e9 biologique et d&#8217;actifs v\u00e9g\u00e9taux.<br \/>\nTest\u00e9 dermatologiquement en laboratoire,\u00a0elle est parfaitement adapt\u00e9e au pH de toutes les races de chiens et chats. La formule r\u00e9volutionnaire et in\u00e9dite des Eaux de parfum d&#8217;Anju Beaut\u00e9 lui permet en cas d&#8217;odeurs d\u00e9sagr\u00e9ables de la fourrure de les \u00e9liminer totalement avant de parfumer d\u00e9licatement.<br \/>\nAinsi seules subsistent des senteurs agr\u00e9ables d&#8217;un poil sain et la fragrance, sucr\u00e9e et suave, chaleureuse de la Fleur de Tiar\u00e9.<\/p>\n<ul>\n<li>Sans alcool.<\/li>\n<li>Pour chiens et chats.<\/li>\n<\/ul>\n","protected":false},"excerpt":{"rendered":"<p>Elabor\u00e9e \u00e0 partir d&#8217;essences naturelles, d&#8217;huiles essentielles de tr\u00e8s haute puret\u00e9 biologique et d&#8217;actifs v\u00e9g\u00e9taux.<\/p>\n","protected":false},"featured_media":630497,"template":"","meta":[],"product_cat":[2697,2698,12611,12612,12560,12561],"product_tag":[],"class_list":{"0":"post-100466","1":"product","2":"type-product","3":"status-publish","4":"has-post-thumbnail","6":"product_cat-chat","7":"product_cat-chien","8":"product_cat-hygiene-de-la-peau-et-du-pelage-du-chat","9":"product_cat-hygiene-de-la-peau-et-du-pelage-du-chien","10":"product_cat-hygiene-du-chat","11":"product_cat-hygiene-du-chien","12":"pa_marque-hami-form","14":"first","15":"instock","16":"taxable","17":"shipping-taxable","18":"purchasable","19":"product-type-simple"},"yoast_head":"<!-- This site is optimized with the Yoast SEO plugin v27.3 - https:\/\/yoast.com\/product\/yoast-seo-wordpress\/ -->\n<title>Parfum Anju Darling Fleur de Tiar\u00e9 Hami Form - V\u00e9torino<\/title>\n<meta name=\"description\" content=\"Elabor\u00e9e \u00e0 partir d&#039;essences naturelles, d&#039;huiles essentielles de tr\u00e8s haute puret\u00e9 biologique et d&#039;actifs v\u00e9g\u00e9taux.\" \/>\n<meta name=\"robots\" content=\"noindex, nofollow\" \/>\n<meta property=\"og:locale\" content=\"fr_FR\" \/>\n<meta property=\"og:type\" content=\"article\" \/>\n<meta property=\"og:title\" content=\"Parfum Anju Darling Fleur de Tiar\u00e9 Hami Form - V\u00e9torino\" \/>\n<meta property=\"og:description\" content=\"Elabor\u00e9e \u00e0 partir d&#039;essences naturelles, d&#039;huiles essentielles de tr\u00e8s haute puret\u00e9 biologique et d&#039;actifs v\u00e9g\u00e9taux.\" \/>\n<meta property=\"og:url\" content=\"https:\/\/www.vetorino.com\/veterinaire\/villeurbanne\/boutique\/product\/parfum-anju-darling-fleur-de-tiare\/\" \/>\n<meta property=\"og:site_name\" content=\"V\u00e9torino\" \/>\n<meta property=\"article:publisher\" content=\"https:\/\/www.facebook.com\/Vetorino\/\" \/>\n<meta property=\"article:modified_time\" content=\"2026-02-26T01:42:12+00:00\" \/>\n<meta property=\"og:image\" content=\"https:\/\/www.vetorino.com\/boutique\/wp-content\/uploads\/2020\/06\/AN950__EAU_DE_PARFUM_DARLING_FLACON_3760064719504_copie_0fb2-scaled.jpg\" \/>\n\t<meta property=\"og:image:width\" content=\"1707\" \/>\n\t<meta property=\"og:image:height\" content=\"2560\" \/>\n\t<meta property=\"og:image:type\" content=\"image\/jpeg\" \/>\n<meta name=\"twitter:card\" content=\"summary_large_image\" \/>\n<meta name=\"twitter:label1\" content=\"Prix\" \/>\n\t<meta name=\"twitter:data1\" content=\"12,49&euro;\" \/>\n\t<meta name=\"twitter:label2\" content=\"Disponibilit\u00e9\" \/>\n\t<meta name=\"twitter:data2\" content=\"En stock\" \/>\n<script type=\"application\/ld+json\" class=\"yoast-schema-graph\">{\"@context\":\"https:\\\/\\\/schema.org\",\"@graph\":[{\"@type\":\"WebPage\",\"@id\":\"https:\\\/\\\/www.vetorino.com\\\/veterinaire\\\/sainteloi-58000\\\/boutique\\\/product\\\/parfum-anju-darling-fleur-de-tiare\\\/\",\"url\":\"https:\\\/\\\/www.vetorino.com\\\/veterinaire\\\/sainteloi-58000\\\/boutique\\\/product\\\/parfum-anju-darling-fleur-de-tiare\\\/\",\"name\":\"Parfum Anju Darling Fleur de Tiar\u00e9 Hami Form - V\u00e9torino\",\"isPartOf\":{\"@id\":\"https:\\\/\\\/www.vetorino.com\\\/boutique\\\/#website\"},\"primaryImageOfPage\":{\"@id\":\"https:\\\/\\\/www.vetorino.com\\\/veterinaire\\\/sainteloi-58000\\\/boutique\\\/product\\\/parfum-anju-darling-fleur-de-tiare\\\/#primaryimage\"},\"image\":{\"@id\":\"https:\\\/\\\/www.vetorino.com\\\/veterinaire\\\/sainteloi-58000\\\/boutique\\\/product\\\/parfum-anju-darling-fleur-de-tiare\\\/#primaryimage\"},\"thumbnailUrl\":\"https:\\\/\\\/www.vetorino.com\\\/boutique\\\/wp-content\\\/uploads\\\/2020\\\/06\\\/AN950__EAU_DE_PARFUM_DARLING_FLACON_3760064719504_copie_0fb2-scaled.jpg\",\"datePublished\":\"2020-06-29T23:44:57+00:00\",\"dateModified\":\"2026-02-26T01:42:12+00:00\",\"description\":\"Elabor\u00e9e \u00e0 partir d'essences naturelles, d'huiles essentielles de tr\u00e8s haute puret\u00e9 biologique et d'actifs v\u00e9g\u00e9taux.\",\"breadcrumb\":{\"@id\":\"https:\\\/\\\/www.vetorino.com\\\/veterinaire\\\/sainteloi-58000\\\/boutique\\\/product\\\/parfum-anju-darling-fleur-de-tiare\\\/#breadcrumb\"},\"inLanguage\":\"fr-FR\",\"potentialAction\":[{\"@type\":\"ReadAction\",\"target\":[\"https:\\\/\\\/www.vetorino.com\\\/veterinaire\\\/sainteloi-58000\\\/boutique\\\/product\\\/parfum-anju-darling-fleur-de-tiare\\\/\"]}]},{\"@type\":\"ImageObject\",\"inLanguage\":\"fr-FR\",\"@id\":\"https:\\\/\\\/www.vetorino.com\\\/veterinaire\\\/sainteloi-58000\\\/boutique\\\/product\\\/parfum-anju-darling-fleur-de-tiare\\\/#primaryimage\",\"url\":\"https:\\\/\\\/www.vetorino.com\\\/boutique\\\/wp-content\\\/uploads\\\/2020\\\/06\\\/AN950__EAU_DE_PARFUM_DARLING_FLACON_3760064719504_copie_0fb2-scaled.jpg\",\"contentUrl\":\"https:\\\/\\\/www.vetorino.com\\\/boutique\\\/wp-content\\\/uploads\\\/2020\\\/06\\\/AN950__EAU_DE_PARFUM_DARLING_FLACON_3760064719504_copie_0fb2-scaled.jpg\",\"width\":1707,\"height\":2560},{\"@type\":\"BreadcrumbList\",\"@id\":\"https:\\\/\\\/www.vetorino.com\\\/veterinaire\\\/sainteloi-58000\\\/boutique\\\/product\\\/parfum-anju-darling-fleur-de-tiare\\\/#breadcrumb\",\"itemListElement\":[{\"@type\":\"ListItem\",\"position\":1,\"name\":\"Accueil\",\"item\":\"https:\\\/\\\/www.vetorino.com\\\/boutique\\\/\"},{\"@type\":\"ListItem\",\"position\":2,\"name\":\"Produits\",\"item\":\"https:\\\/\\\/www.vetorino.com\\\/boutique\\\/\"},{\"@type\":\"ListItem\",\"position\":3,\"name\":\"Parfum Anju Darling Fleur de Tiar\u00e9\"}]},{\"@type\":\"WebSite\",\"@id\":\"https:\\\/\\\/www.vetorino.com\\\/boutique\\\/#website\",\"url\":\"https:\\\/\\\/www.vetorino.com\\\/boutique\\\/\",\"name\":\"V\u00e9torino\",\"description\":\"\",\"publisher\":{\"@id\":\"https:\\\/\\\/www.vetorino.com\\\/boutique\\\/#organization\"},\"potentialAction\":[{\"@type\":\"SearchAction\",\"target\":{\"@type\":\"EntryPoint\",\"urlTemplate\":\"https:\\\/\\\/www.vetorino.com\\\/boutique\\\/?s={search_term_string}\"},\"query-input\":{\"@type\":\"PropertyValueSpecification\",\"valueRequired\":true,\"valueName\":\"search_term_string\"}}],\"inLanguage\":\"fr-FR\"},{\"@type\":\"Organization\",\"@id\":\"https:\\\/\\\/www.vetorino.com\\\/boutique\\\/#organization\",\"name\":\"V\u00e9torino\",\"url\":\"https:\\\/\\\/www.vetorino.com\\\/boutique\\\/\",\"logo\":{\"@type\":\"ImageObject\",\"inLanguage\":\"fr-FR\",\"@id\":\"https:\\\/\\\/www.vetorino.com\\\/boutique\\\/#\\\/schema\\\/logo\\\/image\\\/\",\"url\":\"https:\\\/\\\/www.vetorino.com\\\/boutique\\\/wp-content\\\/uploads\\\/2024\\\/10\\\/logo.jpg\",\"contentUrl\":\"https:\\\/\\\/www.vetorino.com\\\/boutique\\\/wp-content\\\/uploads\\\/2024\\\/10\\\/logo.jpg\",\"width\":1200,\"height\":610,\"caption\":\"V\u00e9torino\"},\"image\":{\"@id\":\"https:\\\/\\\/www.vetorino.com\\\/boutique\\\/#\\\/schema\\\/logo\\\/image\\\/\"},\"sameAs\":[\"https:\\\/\\\/www.facebook.com\\\/Vetorino\\\/\",\"https:\\\/\\\/www.instagram.com\\\/vetorino_off\\\/\",\"https:\\\/\\\/www.linkedin.com\\\/company\\\/vtorino\\\/\"]}]}<\/script>\n<meta property=\"product:brand\" content=\"Hami Form\" \/>\n<meta property=\"product:price:amount\" content=\"12.49\" \/>\n<meta property=\"product:price:currency\" content=\"EUR\" \/>\n<meta property=\"og:availability\" content=\"instock\" \/>\n<meta property=\"product:availability\" content=\"instock\" \/>\n<meta property=\"product:retailer_item_id\" content=\"C-PAR405\" \/>\n<meta property=\"product:condition\" content=\"new\" \/>\n<!-- \/ Yoast SEO plugin. -->","yoast_head_json":{"title":"Parfum Anju Darling Fleur de Tiar\u00e9 Hami Form - V\u00e9torino","description":"Elabor\u00e9e \u00e0 partir d'essences naturelles, d'huiles essentielles de tr\u00e8s haute puret\u00e9 biologique et d'actifs v\u00e9g\u00e9taux.","robots":{"index":"noindex","follow":"nofollow"},"og_locale":"fr_FR","og_type":"article","og_title":"Parfum Anju Darling Fleur de Tiar\u00e9 Hami Form - V\u00e9torino","og_description":"Elabor\u00e9e \u00e0 partir d'essences naturelles, d'huiles essentielles de tr\u00e8s haute puret\u00e9 biologique et d'actifs v\u00e9g\u00e9taux.","og_url":"https:\/\/www.vetorino.com\/veterinaire\/villeurbanne\/boutique\/product\/parfum-anju-darling-fleur-de-tiare\/","og_site_name":"V\u00e9torino","article_publisher":"https:\/\/www.facebook.com\/Vetorino\/","article_modified_time":"2026-02-26T01:42:12+00:00","og_image":[{"width":1707,"height":2560,"url":"https:\/\/www.vetorino.com\/boutique\/wp-content\/uploads\/2020\/06\/AN950__EAU_DE_PARFUM_DARLING_FLACON_3760064719504_copie_0fb2-scaled.jpg","type":"image\/jpeg"}],"twitter_card":"summary_large_image","twitter_misc":{"Prix":"12,49&euro;","Disponibilit\u00e9":"En stock"},"schema":{"@context":"https:\/\/schema.org","@graph":[{"@type":"WebPage","@id":"https:\/\/www.vetorino.com\/veterinaire\/sainteloi-58000\/boutique\/product\/parfum-anju-darling-fleur-de-tiare\/","url":"https:\/\/www.vetorino.com\/veterinaire\/sainteloi-58000\/boutique\/product\/parfum-anju-darling-fleur-de-tiare\/","name":"Parfum Anju Darling Fleur de Tiar\u00e9 Hami Form - V\u00e9torino","isPartOf":{"@id":"https:\/\/www.vetorino.com\/boutique\/#website"},"primaryImageOfPage":{"@id":"https:\/\/www.vetorino.com\/veterinaire\/sainteloi-58000\/boutique\/product\/parfum-anju-darling-fleur-de-tiare\/#primaryimage"},"image":{"@id":"https:\/\/www.vetorino.com\/veterinaire\/sainteloi-58000\/boutique\/product\/parfum-anju-darling-fleur-de-tiare\/#primaryimage"},"thumbnailUrl":"https:\/\/www.vetorino.com\/boutique\/wp-content\/uploads\/2020\/06\/AN950__EAU_DE_PARFUM_DARLING_FLACON_3760064719504_copie_0fb2-scaled.jpg","datePublished":"2020-06-29T23:44:57+00:00","dateModified":"2026-02-26T01:42:12+00:00","description":"Elabor\u00e9e \u00e0 partir d'essences naturelles, d'huiles essentielles de tr\u00e8s haute puret\u00e9 biologique et d'actifs v\u00e9g\u00e9taux.","breadcrumb":{"@id":"https:\/\/www.vetorino.com\/veterinaire\/sainteloi-58000\/boutique\/product\/parfum-anju-darling-fleur-de-tiare\/#breadcrumb"},"inLanguage":"fr-FR","potentialAction":[{"@type":"ReadAction","target":["https:\/\/www.vetorino.com\/veterinaire\/sainteloi-58000\/boutique\/product\/parfum-anju-darling-fleur-de-tiare\/"]}]},{"@type":"ImageObject","inLanguage":"fr-FR","@id":"https:\/\/www.vetorino.com\/veterinaire\/sainteloi-58000\/boutique\/product\/parfum-anju-darling-fleur-de-tiare\/#primaryimage","url":"https:\/\/www.vetorino.com\/boutique\/wp-content\/uploads\/2020\/06\/AN950__EAU_DE_PARFUM_DARLING_FLACON_3760064719504_copie_0fb2-scaled.jpg","contentUrl":"https:\/\/www.vetorino.com\/boutique\/wp-content\/uploads\/2020\/06\/AN950__EAU_DE_PARFUM_DARLING_FLACON_3760064719504_copie_0fb2-scaled.jpg","width":1707,"height":2560},{"@type":"BreadcrumbList","@id":"https:\/\/www.vetorino.com\/veterinaire\/sainteloi-58000\/boutique\/product\/parfum-anju-darling-fleur-de-tiare\/#breadcrumb","itemListElement":[{"@type":"ListItem","position":1,"name":"Accueil","item":"https:\/\/www.vetorino.com\/boutique\/"},{"@type":"ListItem","position":2,"name":"Produits","item":"https:\/\/www.vetorino.com\/boutique\/"},{"@type":"ListItem","position":3,"name":"Parfum Anju Darling Fleur de Tiar\u00e9"}]},{"@type":"WebSite","@id":"https:\/\/www.vetorino.com\/boutique\/#website","url":"https:\/\/www.vetorino.com\/boutique\/","name":"V\u00e9torino","description":"","publisher":{"@id":"https:\/\/www.vetorino.com\/boutique\/#organization"},"potentialAction":[{"@type":"SearchAction","target":{"@type":"EntryPoint","urlTemplate":"https:\/\/www.vetorino.com\/boutique\/?s={search_term_string}"},"query-input":{"@type":"PropertyValueSpecification","valueRequired":true,"valueName":"search_term_string"}}],"inLanguage":"fr-FR"},{"@type":"Organization","@id":"https:\/\/www.vetorino.com\/boutique\/#organization","name":"V\u00e9torino","url":"https:\/\/www.vetorino.com\/boutique\/","logo":{"@type":"ImageObject","inLanguage":"fr-FR","@id":"https:\/\/www.vetorino.com\/boutique\/#\/schema\/logo\/image\/","url":"https:\/\/www.vetorino.com\/boutique\/wp-content\/uploads\/2024\/10\/logo.jpg","contentUrl":"https:\/\/www.vetorino.com\/boutique\/wp-content\/uploads\/2024\/10\/logo.jpg","width":1200,"height":610,"caption":"V\u00e9torino"},"image":{"@id":"https:\/\/www.vetorino.com\/boutique\/#\/schema\/logo\/image\/"},"sameAs":["https:\/\/www.facebook.com\/Vetorino\/","https:\/\/www.instagram.com\/vetorino_off\/","https:\/\/www.linkedin.com\/company\/vtorino\/"]}]},"product_brand":"Hami Form","product_price_amount":"12.49","product_price_currency":"EUR","og_availability":"instock","product_availability":"instock","product_retailer_item_id":"C-PAR405","product_condition":"new"},"_links":{"self":[{"href":"https:\/\/www.vetorino.com\/veterinaire\/villeurbanne\/boutique\/wp-json\/wp\/v2\/product\/100466","targetHints":{"allow":["GET"]}}],"collection":[{"href":"https:\/\/www.vetorino.com\/veterinaire\/villeurbanne\/boutique\/wp-json\/wp\/v2\/product"}],"about":[{"href":"https:\/\/www.vetorino.com\/veterinaire\/villeurbanne\/boutique\/wp-json\/wp\/v2\/types\/product"}],"wp:featuredmedia":[{"embeddable":true,"href":"https:\/\/www.vetorino.com\/veterinaire\/villeurbanne\/boutique\/wp-json\/wp\/v2\/media\/630497"}],"wp:attachment":[{"href":"https:\/\/www.vetorino.com\/veterinaire\/villeurbanne\/boutique\/wp-json\/wp\/v2\/media?parent=100466"}],"wp:term":[{"taxonomy":"product_cat","embeddable":true,"href":"https:\/\/www.vetorino.com\/veterinaire\/villeurbanne\/boutique\/wp-json\/wp\/v2\/product_cat?post=100466"},{"taxonomy":"product_tag","embeddable":true,"href":"https:\/\/www.vetorino.com\/veterinaire\/villeurbanne\/boutique\/wp-json\/wp\/v2\/product_tag?post=100466"}],"curies":[{"name":"wp","href":"https:\/\/api.w.org\/{rel}","templated":true}]}}