{"id":101149,"date":"2020-06-30T01:54:42","date_gmt":"2020-06-29T23:54:42","guid":{"rendered":"https:\/\/www.vetorino.com\/boutique\/product\/pro-l-carnitine\/"},"modified":"2026-03-10T02:42:47","modified_gmt":"2026-03-10T01:42:47","slug":"pro-l-carnitine","status":"publish","type":"product","link":"https:\/\/www.vetorino.com\/veterinaire\/villeurbanne\/boutique\/product\/pro-l-carnitine\/","title":{"rendered":"Pro L Carnitine"},"content":{"rendered":"<p><strong>Pommier nutrition Pro L Carnitine<\/strong> est un compl\u00e9ment alimentaire pour chevaux de sport favorisant la production d\u2019\u00e9nergie dans les muscles \u00e0 partir de l\u2019oxydation des acides gras en facilitant leur entr\u00e9e dans les mitochondries (respiration cellulaire).<\/p>\n<ul>\n<li>R\u00e9duit la teneur du sang en acides gras en favorisant leur conversion en \u00e9nergie.<\/li>\n<li>Stimule les d\u00e9fenses immunitaires et les fonctions musculaires.<\/li>\n<li>R\u00e9duit ainsi les risques de d\u00e9g\u00e9n\u00e9rescences musculaires et prot\u00e8ge les membranes cellulaires.<\/li>\n<li>P\u00e2te orale pr\u00e9sent\u00e9e en seringue tr\u00e8s pratique \u00e0 emporter en concours.<\/li>\n<\/ul>\n","protected":false},"excerpt":{"rendered":"<p><strong>Pommier nutrition Pro L Carnitine<\/strong> est un compl\u00e9ment alimentaire pour chevaux de sport favorisant la production d\u2019\u00e9nergie dans les muscles \u00e0 partir de l\u2019oxydation des acides gras en facilitant leur entr\u00e9e dans les mitochondries (respiration cellulaire).<\/p>\n","protected":false},"featured_media":207293,"template":"","meta":[],"product_cat":[12547,12752],"product_tag":[],"class_list":{"0":"post-101149","1":"product","2":"type-product","3":"status-publish","4":"has-post-thumbnail","6":"product_cat-cheval","7":"product_cat-gestion-de-leffort-du-cheval","8":"pa_marque-pommier-nutrition-ex-fed","10":"first","11":"instock","12":"taxable","13":"shipping-taxable","14":"purchasable","15":"product-type-simple"},"yoast_head":"<!-- This site is optimized with the Yoast SEO plugin v27.3 - https:\/\/yoast.com\/product\/yoast-seo-wordpress\/ -->\n<title>Pro L Carnitine Pommier Nutrition Ex - V\u00e9torino<\/title>\n<meta name=\"description\" content=\"Pommier nutrition Pro L Carnitine est un compl\u00e9ment alimentaire pour chevaux de sport favorisant la production d\u2019\u00e9nergie dans les muscles \u00e0 partir de l\u2019oxydation des acides gras en facilitant leur entr\u00e9e dans les mitochondries (respiration cellulaire).\" \/>\n<meta name=\"robots\" content=\"noindex, nofollow\" \/>\n<meta property=\"og:locale\" content=\"fr_FR\" \/>\n<meta property=\"og:type\" content=\"article\" \/>\n<meta property=\"og:title\" content=\"Pro L Carnitine Pommier Nutrition Ex - V\u00e9torino\" \/>\n<meta property=\"og:description\" content=\"Pommier nutrition Pro L Carnitine est un compl\u00e9ment alimentaire pour chevaux de sport favorisant la production d\u2019\u00e9nergie dans les muscles \u00e0 partir de l\u2019oxydation des acides gras en facilitant leur entr\u00e9e dans les mitochondries (respiration cellulaire).\" \/>\n<meta property=\"og:url\" content=\"https:\/\/www.vetorino.com\/veterinaire\/villeurbanne\/boutique\/product\/pro-l-carnitine\/\" \/>\n<meta property=\"og:site_name\" content=\"V\u00e9torino\" \/>\n<meta property=\"article:publisher\" content=\"https:\/\/www.facebook.com\/Vetorino\/\" \/>\n<meta property=\"article:modified_time\" content=\"2026-03-10T01:42:47+00:00\" \/>\n<meta property=\"og:image\" content=\"https:\/\/www.vetorino.com\/boutique\/wp-content\/uploads\/2020\/06\/Pro-L-Carnitine.jpeg\" \/>\n\t<meta property=\"og:image:width\" content=\"479\" \/>\n\t<meta property=\"og:image:height\" content=\"479\" \/>\n\t<meta property=\"og:image:type\" content=\"image\/jpeg\" \/>\n<meta name=\"twitter:card\" content=\"summary_large_image\" \/>\n<meta name=\"twitter:label1\" content=\"Prix\" \/>\n\t<meta name=\"twitter:data1\" content=\"13,78&euro;\" \/>\n\t<meta name=\"twitter:label2\" content=\"Disponibilit\u00e9\" \/>\n\t<meta name=\"twitter:data2\" content=\"En stock\" \/>\n<script type=\"application\/ld+json\" class=\"yoast-schema-graph\">{\"@context\":\"https:\\\/\\\/schema.org\",\"@graph\":[{\"@type\":\"WebPage\",\"@id\":\"https:\\\/\\\/www.vetorino.com\\\/boutique\\\/product\\\/pro-l-carnitine\\\/\",\"url\":\"https:\\\/\\\/www.vetorino.com\\\/boutique\\\/product\\\/pro-l-carnitine\\\/\",\"name\":\"Pro L Carnitine Pommier Nutrition Ex - V\u00e9torino\",\"isPartOf\":{\"@id\":\"https:\\\/\\\/www.vetorino.com\\\/boutique\\\/#website\"},\"primaryImageOfPage\":{\"@id\":\"https:\\\/\\\/www.vetorino.com\\\/boutique\\\/product\\\/pro-l-carnitine\\\/#primaryimage\"},\"image\":{\"@id\":\"https:\\\/\\\/www.vetorino.com\\\/boutique\\\/product\\\/pro-l-carnitine\\\/#primaryimage\"},\"thumbnailUrl\":\"https:\\\/\\\/www.vetorino.com\\\/boutique\\\/wp-content\\\/uploads\\\/2020\\\/06\\\/Pro-L-Carnitine.jpeg\",\"datePublished\":\"2020-06-29T23:54:42+00:00\",\"dateModified\":\"2026-03-10T01:42:47+00:00\",\"description\":\"Pommier nutrition Pro L Carnitine est un compl\u00e9ment alimentaire pour chevaux de sport favorisant la production d\u2019\u00e9nergie dans les muscles \u00e0 partir de l\u2019oxydation des acides gras en facilitant leur entr\u00e9e dans les mitochondries (respiration cellulaire).\",\"breadcrumb\":{\"@id\":\"https:\\\/\\\/www.vetorino.com\\\/boutique\\\/product\\\/pro-l-carnitine\\\/#breadcrumb\"},\"inLanguage\":\"fr-FR\",\"potentialAction\":[{\"@type\":\"ReadAction\",\"target\":[\"https:\\\/\\\/www.vetorino.com\\\/boutique\\\/product\\\/pro-l-carnitine\\\/\"]}]},{\"@type\":\"ImageObject\",\"inLanguage\":\"fr-FR\",\"@id\":\"https:\\\/\\\/www.vetorino.com\\\/boutique\\\/product\\\/pro-l-carnitine\\\/#primaryimage\",\"url\":\"https:\\\/\\\/www.vetorino.com\\\/boutique\\\/wp-content\\\/uploads\\\/2020\\\/06\\\/Pro-L-Carnitine.jpeg\",\"contentUrl\":\"https:\\\/\\\/www.vetorino.com\\\/boutique\\\/wp-content\\\/uploads\\\/2020\\\/06\\\/Pro-L-Carnitine.jpeg\",\"width\":479,\"height\":479},{\"@type\":\"BreadcrumbList\",\"@id\":\"https:\\\/\\\/www.vetorino.com\\\/boutique\\\/product\\\/pro-l-carnitine\\\/#breadcrumb\",\"itemListElement\":[{\"@type\":\"ListItem\",\"position\":1,\"name\":\"Accueil\",\"item\":\"https:\\\/\\\/www.vetorino.com\\\/boutique\\\/\"},{\"@type\":\"ListItem\",\"position\":2,\"name\":\"Produits\",\"item\":\"https:\\\/\\\/www.vetorino.com\\\/boutique\\\/\"},{\"@type\":\"ListItem\",\"position\":3,\"name\":\"Pro L Carnitine\"}]},{\"@type\":\"WebSite\",\"@id\":\"https:\\\/\\\/www.vetorino.com\\\/boutique\\\/#website\",\"url\":\"https:\\\/\\\/www.vetorino.com\\\/boutique\\\/\",\"name\":\"V\u00e9torino\",\"description\":\"\",\"publisher\":{\"@id\":\"https:\\\/\\\/www.vetorino.com\\\/boutique\\\/#organization\"},\"potentialAction\":[{\"@type\":\"SearchAction\",\"target\":{\"@type\":\"EntryPoint\",\"urlTemplate\":\"https:\\\/\\\/www.vetorino.com\\\/boutique\\\/?s={search_term_string}\"},\"query-input\":{\"@type\":\"PropertyValueSpecification\",\"valueRequired\":true,\"valueName\":\"search_term_string\"}}],\"inLanguage\":\"fr-FR\"},{\"@type\":\"Organization\",\"@id\":\"https:\\\/\\\/www.vetorino.com\\\/boutique\\\/#organization\",\"name\":\"V\u00e9torino\",\"url\":\"https:\\\/\\\/www.vetorino.com\\\/boutique\\\/\",\"logo\":{\"@type\":\"ImageObject\",\"inLanguage\":\"fr-FR\",\"@id\":\"https:\\\/\\\/www.vetorino.com\\\/boutique\\\/#\\\/schema\\\/logo\\\/image\\\/\",\"url\":\"https:\\\/\\\/www.vetorino.com\\\/boutique\\\/wp-content\\\/uploads\\\/2024\\\/10\\\/logo.jpg\",\"contentUrl\":\"https:\\\/\\\/www.vetorino.com\\\/boutique\\\/wp-content\\\/uploads\\\/2024\\\/10\\\/logo.jpg\",\"width\":1200,\"height\":610,\"caption\":\"V\u00e9torino\"},\"image\":{\"@id\":\"https:\\\/\\\/www.vetorino.com\\\/boutique\\\/#\\\/schema\\\/logo\\\/image\\\/\"},\"sameAs\":[\"https:\\\/\\\/www.facebook.com\\\/Vetorino\\\/\",\"https:\\\/\\\/www.instagram.com\\\/vetorino_off\\\/\",\"https:\\\/\\\/www.linkedin.com\\\/company\\\/vtorino\\\/\"]}]}<\/script>\n<meta property=\"product:brand\" content=\"Pommier Nutrition Ex\" \/>\n<meta property=\"product:price:amount\" content=\"13.78\" \/>\n<meta property=\"product:price:currency\" content=\"EUR\" \/>\n<meta property=\"og:availability\" content=\"instock\" \/>\n<meta property=\"product:availability\" content=\"instock\" \/>\n<meta property=\"product:retailer_item_id\" content=\"C-PRO034\" \/>\n<meta property=\"product:condition\" content=\"new\" \/>\n<!-- \/ Yoast SEO plugin. -->","yoast_head_json":{"title":"Pro L Carnitine Pommier Nutrition Ex - V\u00e9torino","description":"Pommier nutrition Pro L Carnitine est un compl\u00e9ment alimentaire pour chevaux de sport favorisant la production d\u2019\u00e9nergie dans les muscles \u00e0 partir de l\u2019oxydation des acides gras en facilitant leur entr\u00e9e dans les mitochondries (respiration cellulaire).","robots":{"index":"noindex","follow":"nofollow"},"og_locale":"fr_FR","og_type":"article","og_title":"Pro L Carnitine Pommier Nutrition Ex - V\u00e9torino","og_description":"Pommier nutrition Pro L Carnitine est un compl\u00e9ment alimentaire pour chevaux de sport favorisant la production d\u2019\u00e9nergie dans les muscles \u00e0 partir de l\u2019oxydation des acides gras en facilitant leur entr\u00e9e dans les mitochondries (respiration cellulaire).","og_url":"https:\/\/www.vetorino.com\/veterinaire\/villeurbanne\/boutique\/product\/pro-l-carnitine\/","og_site_name":"V\u00e9torino","article_publisher":"https:\/\/www.facebook.com\/Vetorino\/","article_modified_time":"2026-03-10T01:42:47+00:00","og_image":[{"width":479,"height":479,"url":"https:\/\/www.vetorino.com\/boutique\/wp-content\/uploads\/2020\/06\/Pro-L-Carnitine.jpeg","type":"image\/jpeg"}],"twitter_card":"summary_large_image","twitter_misc":{"Prix":"13,78&euro;","Disponibilit\u00e9":"En stock"},"schema":{"@context":"https:\/\/schema.org","@graph":[{"@type":"WebPage","@id":"https:\/\/www.vetorino.com\/boutique\/product\/pro-l-carnitine\/","url":"https:\/\/www.vetorino.com\/boutique\/product\/pro-l-carnitine\/","name":"Pro L Carnitine Pommier Nutrition Ex - V\u00e9torino","isPartOf":{"@id":"https:\/\/www.vetorino.com\/boutique\/#website"},"primaryImageOfPage":{"@id":"https:\/\/www.vetorino.com\/boutique\/product\/pro-l-carnitine\/#primaryimage"},"image":{"@id":"https:\/\/www.vetorino.com\/boutique\/product\/pro-l-carnitine\/#primaryimage"},"thumbnailUrl":"https:\/\/www.vetorino.com\/boutique\/wp-content\/uploads\/2020\/06\/Pro-L-Carnitine.jpeg","datePublished":"2020-06-29T23:54:42+00:00","dateModified":"2026-03-10T01:42:47+00:00","description":"Pommier nutrition Pro L Carnitine est un compl\u00e9ment alimentaire pour chevaux de sport favorisant la production d\u2019\u00e9nergie dans les muscles \u00e0 partir de l\u2019oxydation des acides gras en facilitant leur entr\u00e9e dans les mitochondries (respiration cellulaire).","breadcrumb":{"@id":"https:\/\/www.vetorino.com\/boutique\/product\/pro-l-carnitine\/#breadcrumb"},"inLanguage":"fr-FR","potentialAction":[{"@type":"ReadAction","target":["https:\/\/www.vetorino.com\/boutique\/product\/pro-l-carnitine\/"]}]},{"@type":"ImageObject","inLanguage":"fr-FR","@id":"https:\/\/www.vetorino.com\/boutique\/product\/pro-l-carnitine\/#primaryimage","url":"https:\/\/www.vetorino.com\/boutique\/wp-content\/uploads\/2020\/06\/Pro-L-Carnitine.jpeg","contentUrl":"https:\/\/www.vetorino.com\/boutique\/wp-content\/uploads\/2020\/06\/Pro-L-Carnitine.jpeg","width":479,"height":479},{"@type":"BreadcrumbList","@id":"https:\/\/www.vetorino.com\/boutique\/product\/pro-l-carnitine\/#breadcrumb","itemListElement":[{"@type":"ListItem","position":1,"name":"Accueil","item":"https:\/\/www.vetorino.com\/boutique\/"},{"@type":"ListItem","position":2,"name":"Produits","item":"https:\/\/www.vetorino.com\/boutique\/"},{"@type":"ListItem","position":3,"name":"Pro L Carnitine"}]},{"@type":"WebSite","@id":"https:\/\/www.vetorino.com\/boutique\/#website","url":"https:\/\/www.vetorino.com\/boutique\/","name":"V\u00e9torino","description":"","publisher":{"@id":"https:\/\/www.vetorino.com\/boutique\/#organization"},"potentialAction":[{"@type":"SearchAction","target":{"@type":"EntryPoint","urlTemplate":"https:\/\/www.vetorino.com\/boutique\/?s={search_term_string}"},"query-input":{"@type":"PropertyValueSpecification","valueRequired":true,"valueName":"search_term_string"}}],"inLanguage":"fr-FR"},{"@type":"Organization","@id":"https:\/\/www.vetorino.com\/boutique\/#organization","name":"V\u00e9torino","url":"https:\/\/www.vetorino.com\/boutique\/","logo":{"@type":"ImageObject","inLanguage":"fr-FR","@id":"https:\/\/www.vetorino.com\/boutique\/#\/schema\/logo\/image\/","url":"https:\/\/www.vetorino.com\/boutique\/wp-content\/uploads\/2024\/10\/logo.jpg","contentUrl":"https:\/\/www.vetorino.com\/boutique\/wp-content\/uploads\/2024\/10\/logo.jpg","width":1200,"height":610,"caption":"V\u00e9torino"},"image":{"@id":"https:\/\/www.vetorino.com\/boutique\/#\/schema\/logo\/image\/"},"sameAs":["https:\/\/www.facebook.com\/Vetorino\/","https:\/\/www.instagram.com\/vetorino_off\/","https:\/\/www.linkedin.com\/company\/vtorino\/"]}]},"product_brand":"Pommier Nutrition Ex","product_price_amount":"13.78","product_price_currency":"EUR","og_availability":"instock","product_availability":"instock","product_retailer_item_id":"C-PRO034","product_condition":"new"},"_links":{"self":[{"href":"https:\/\/www.vetorino.com\/veterinaire\/villeurbanne\/boutique\/wp-json\/wp\/v2\/product\/101149","targetHints":{"allow":["GET"]}}],"collection":[{"href":"https:\/\/www.vetorino.com\/veterinaire\/villeurbanne\/boutique\/wp-json\/wp\/v2\/product"}],"about":[{"href":"https:\/\/www.vetorino.com\/veterinaire\/villeurbanne\/boutique\/wp-json\/wp\/v2\/types\/product"}],"wp:featuredmedia":[{"embeddable":true,"href":"https:\/\/www.vetorino.com\/veterinaire\/villeurbanne\/boutique\/wp-json\/wp\/v2\/media\/207293"}],"wp:attachment":[{"href":"https:\/\/www.vetorino.com\/veterinaire\/villeurbanne\/boutique\/wp-json\/wp\/v2\/media?parent=101149"}],"wp:term":[{"taxonomy":"product_cat","embeddable":true,"href":"https:\/\/www.vetorino.com\/veterinaire\/villeurbanne\/boutique\/wp-json\/wp\/v2\/product_cat?post=101149"},{"taxonomy":"product_tag","embeddable":true,"href":"https:\/\/www.vetorino.com\/veterinaire\/villeurbanne\/boutique\/wp-json\/wp\/v2\/product_tag?post=101149"}],"curies":[{"name":"wp","href":"https:\/\/api.w.org\/{rel}","templated":true}]}}