{"id":101539,"date":"2020-06-30T11:48:18","date_gmt":"2020-06-30T09:48:18","guid":{"rendered":"https:\/\/www.vetorino.com\/boutique\/product\/repas-complet-optima-jeune-lapin-seau\/"},"modified":"2024-02-28T02:42:08","modified_gmt":"2024-02-28T01:42:08","slug":"repas-complet-optima-jeune-lapin-seau","status":"publish","type":"product","link":"https:\/\/www.vetorino.com\/veterinaire\/villeurbanne\/boutique\/product\/repas-complet-optima-jeune-lapin-seau\/","title":{"rendered":"Repas Complet Optima Jeune Lapin Seau"},"content":{"rendered":"<div class='hidden'>HAMI FORM SARL SOCEC<\/div>\n<div class='hidden'>Rongeurs<\/div>\n<div class='hidden'>Sec<\/div>\n<div class='hidden'>Granul\u00e9s<\/div>\n<div class='hidden'>Lapereau et Toy<\/div>\n<p>Repas complet et \u00e9quilibr\u00e9. Il apporte tous les \u00e9l\u00e9ments n\u00e9cessaires \u00e0 son organisme.<br \/>Particularit\u00e9s :<br \/>. Aux extraits de Yucca et de caroube. <br \/>Le Yucca est une plante originaire du Mexique. Les propri\u00e9t\u00e9s de cette substance naturelle (aide \u00e0 la pr\u00e9vention des coliques, r\u00e9g\u00e9n\u00e9ration naturelle de la flore intestinale ) sont indispensables pour accompagner les lapereaux dans leur croissance.<br \/>Le Yucca optimise le taux de PH intestinal, favorise la d\u00e9fense immunitaire et de ce fait, rend le lapereau moins sensible aux agressions ext\u00e9rieures.<br \/>Le caroube est un composant naturel riche en sucres (glucose et fructose) et en fibres mais apporte peu de calories gr\u00e2ce \u00e0 son faible taux en graisse. Il est aussi riche en vitamines (A, B1, B2, D) et min\u00e9raux (fer, calcium, phosphore et magn\u00e9sium). Il contribue \u00e0 \u00e9quilibrer l&#8217;alimentation du lapereau, lui faciliter la digestion et l&#8217;accompagner tout au long de sa croissance.<\/p>\n","protected":false},"excerpt":{"rendered":"<p>HAMI FORM SARL SOCEC Rongeurs Sec Granul\u00e9s Lapereau et Toy Repas complet et \u00e9quilibr\u00e9. Il apporte tous les \u00e9l\u00e9ments n\u00e9cessaires \u00e0 son organisme.Particularit\u00e9s :. Aux extraits de Yucca et de caroube. Le Yucca est une plante originaire du Mexique. Les propri\u00e9t\u00e9s de cette substance naturelle (aide \u00e0 la pr\u00e9vention des coliques, r\u00e9g\u00e9n\u00e9ration naturelle de la [&hellip;]<\/p>\n","protected":false},"featured_media":101538,"template":"","meta":[],"product_cat":[12563,2727,12570],"product_tag":[],"class_list":{"0":"post-101539","1":"product","2":"type-product","3":"status-publish","4":"has-post-thumbnail","6":"product_cat-lapin","7":"product_cat-nac","8":"product_cat-rongeur","9":"pa_marque-hami-form-sarl-socec","11":"first","12":"outofstock","13":"taxable","14":"shipping-taxable","15":"purchasable","16":"product-type-simple"},"yoast_head":"<!-- This site is optimized with the Yoast SEO plugin v27.3 - https:\/\/yoast.com\/product\/yoast-seo-wordpress\/ -->\n<title>Repas Complet Optima Jeune Lapin Seau HAMI FORM SARL SOCEC - V\u00e9torino<\/title>\n<meta name=\"description\" content=\"HAMI FORM SARL SOCECRongeursSecGranul\u00e9sLapereau et ToyRepas complet et \u00e9quilibr\u00e9. Il apporte tous les \u00e9l\u00e9ments n\u00e9cessaires \u00e0 son organisme.Particularit\u00e9s\" \/>\n<meta name=\"robots\" content=\"noindex, nofollow\" \/>\n<meta property=\"og:locale\" content=\"fr_FR\" \/>\n<meta property=\"og:type\" content=\"article\" \/>\n<meta property=\"og:title\" content=\"Repas Complet Optima Jeune Lapin Seau HAMI FORM SARL SOCEC - V\u00e9torino\" \/>\n<meta property=\"og:description\" content=\"HAMI FORM SARL SOCECRongeursSecGranul\u00e9sLapereau et ToyRepas complet et \u00e9quilibr\u00e9. Il apporte tous les \u00e9l\u00e9ments n\u00e9cessaires \u00e0 son organisme.Particularit\u00e9s\" \/>\n<meta property=\"og:url\" content=\"https:\/\/www.vetorino.com\/veterinaire\/villeurbanne\/boutique\/product\/repas-complet-optima-jeune-lapin-seau\/\" \/>\n<meta property=\"og:site_name\" content=\"V\u00e9torino\" \/>\n<meta property=\"article:publisher\" content=\"https:\/\/www.facebook.com\/Vetorino\/\" \/>\n<meta property=\"article:modified_time\" content=\"2024-02-28T01:42:08+00:00\" \/>\n<meta property=\"og:image\" content=\"https:\/\/www.vetorino.com\/boutique\/wp-content\/uploads\/2020\/06\/FilsREP025FormatMediumTypeIM.png\" \/>\n\t<meta property=\"og:image:width\" content=\"400\" \/>\n\t<meta property=\"og:image:height\" content=\"400\" \/>\n\t<meta property=\"og:image:type\" content=\"image\/png\" \/>\n<meta name=\"twitter:card\" content=\"summary_large_image\" \/>\n<meta name=\"twitter:label1\" content=\"Prix\" \/>\n\t<meta name=\"twitter:data1\" content=\"35,00&euro;\" \/>\n\t<meta name=\"twitter:label2\" content=\"Disponibilit\u00e9\" \/>\n\t<meta name=\"twitter:data2\" content=\"Rupture de stock\" \/>\n<script type=\"application\/ld+json\" class=\"yoast-schema-graph\">{\"@context\":\"https:\\\/\\\/schema.org\",\"@graph\":[{\"@type\":\"WebPage\",\"@id\":\"https:\\\/\\\/www.vetorino.com\\\/boutique\\\/product\\\/repas-complet-optima-jeune-lapin-seau\\\/\",\"url\":\"https:\\\/\\\/www.vetorino.com\\\/boutique\\\/product\\\/repas-complet-optima-jeune-lapin-seau\\\/\",\"name\":\"Repas Complet Optima Jeune Lapin Seau HAMI FORM SARL SOCEC - V\u00e9torino\",\"isPartOf\":{\"@id\":\"https:\\\/\\\/www.vetorino.com\\\/boutique\\\/#website\"},\"primaryImageOfPage\":{\"@id\":\"https:\\\/\\\/www.vetorino.com\\\/boutique\\\/product\\\/repas-complet-optima-jeune-lapin-seau\\\/#primaryimage\"},\"image\":{\"@id\":\"https:\\\/\\\/www.vetorino.com\\\/boutique\\\/product\\\/repas-complet-optima-jeune-lapin-seau\\\/#primaryimage\"},\"thumbnailUrl\":\"https:\\\/\\\/www.vetorino.com\\\/boutique\\\/wp-content\\\/uploads\\\/2020\\\/06\\\/FilsREP025FormatMediumTypeIM.png\",\"datePublished\":\"2020-06-30T09:48:18+00:00\",\"dateModified\":\"2024-02-28T01:42:08+00:00\",\"description\":\"HAMI FORM SARL SOCECRongeursSecGranul\u00e9sLapereau et ToyRepas complet et \u00e9quilibr\u00e9. Il apporte tous les \u00e9l\u00e9ments n\u00e9cessaires \u00e0 son organisme.Particularit\u00e9s\",\"breadcrumb\":{\"@id\":\"https:\\\/\\\/www.vetorino.com\\\/boutique\\\/product\\\/repas-complet-optima-jeune-lapin-seau\\\/#breadcrumb\"},\"inLanguage\":\"fr-FR\",\"potentialAction\":[{\"@type\":\"ReadAction\",\"target\":[\"https:\\\/\\\/www.vetorino.com\\\/boutique\\\/product\\\/repas-complet-optima-jeune-lapin-seau\\\/\"]}]},{\"@type\":\"ImageObject\",\"inLanguage\":\"fr-FR\",\"@id\":\"https:\\\/\\\/www.vetorino.com\\\/boutique\\\/product\\\/repas-complet-optima-jeune-lapin-seau\\\/#primaryimage\",\"url\":\"https:\\\/\\\/www.vetorino.com\\\/boutique\\\/wp-content\\\/uploads\\\/2020\\\/06\\\/FilsREP025FormatMediumTypeIM.png\",\"contentUrl\":\"https:\\\/\\\/www.vetorino.com\\\/boutique\\\/wp-content\\\/uploads\\\/2020\\\/06\\\/FilsREP025FormatMediumTypeIM.png\",\"width\":400,\"height\":400},{\"@type\":\"BreadcrumbList\",\"@id\":\"https:\\\/\\\/www.vetorino.com\\\/boutique\\\/product\\\/repas-complet-optima-jeune-lapin-seau\\\/#breadcrumb\",\"itemListElement\":[{\"@type\":\"ListItem\",\"position\":1,\"name\":\"Accueil\",\"item\":\"https:\\\/\\\/www.vetorino.com\\\/boutique\\\/\"},{\"@type\":\"ListItem\",\"position\":2,\"name\":\"Produits\",\"item\":\"https:\\\/\\\/www.vetorino.com\\\/boutique\\\/\"},{\"@type\":\"ListItem\",\"position\":3,\"name\":\"Repas Complet Optima Jeune Lapin Seau\"}]},{\"@type\":\"WebSite\",\"@id\":\"https:\\\/\\\/www.vetorino.com\\\/boutique\\\/#website\",\"url\":\"https:\\\/\\\/www.vetorino.com\\\/boutique\\\/\",\"name\":\"V\u00e9torino\",\"description\":\"\",\"publisher\":{\"@id\":\"https:\\\/\\\/www.vetorino.com\\\/boutique\\\/#organization\"},\"potentialAction\":[{\"@type\":\"SearchAction\",\"target\":{\"@type\":\"EntryPoint\",\"urlTemplate\":\"https:\\\/\\\/www.vetorino.com\\\/boutique\\\/?s={search_term_string}\"},\"query-input\":{\"@type\":\"PropertyValueSpecification\",\"valueRequired\":true,\"valueName\":\"search_term_string\"}}],\"inLanguage\":\"fr-FR\"},{\"@type\":\"Organization\",\"@id\":\"https:\\\/\\\/www.vetorino.com\\\/boutique\\\/#organization\",\"name\":\"V\u00e9torino\",\"url\":\"https:\\\/\\\/www.vetorino.com\\\/boutique\\\/\",\"logo\":{\"@type\":\"ImageObject\",\"inLanguage\":\"fr-FR\",\"@id\":\"https:\\\/\\\/www.vetorino.com\\\/boutique\\\/#\\\/schema\\\/logo\\\/image\\\/\",\"url\":\"https:\\\/\\\/www.vetorino.com\\\/boutique\\\/wp-content\\\/uploads\\\/2024\\\/10\\\/logo.jpg\",\"contentUrl\":\"https:\\\/\\\/www.vetorino.com\\\/boutique\\\/wp-content\\\/uploads\\\/2024\\\/10\\\/logo.jpg\",\"width\":1200,\"height\":610,\"caption\":\"V\u00e9torino\"},\"image\":{\"@id\":\"https:\\\/\\\/www.vetorino.com\\\/boutique\\\/#\\\/schema\\\/logo\\\/image\\\/\"},\"sameAs\":[\"https:\\\/\\\/www.facebook.com\\\/Vetorino\\\/\",\"https:\\\/\\\/www.instagram.com\\\/vetorino_off\\\/\",\"https:\\\/\\\/www.linkedin.com\\\/company\\\/vtorino\\\/\"]}]}<\/script>\n<meta property=\"product:brand\" content=\"HAMI FORM SARL SOCEC\" \/>\n<meta property=\"product:price:amount\" content=\"35.00\" \/>\n<meta property=\"product:price:currency\" content=\"EUR\" \/>\n<meta property=\"og:availability\" content=\"out of stock\" \/>\n<meta property=\"product:availability\" content=\"out of stock\" \/>\n<meta property=\"product:retailer_item_id\" content=\"C-REP025\" \/>\n<meta property=\"product:condition\" content=\"new\" \/>\n<!-- \/ Yoast SEO plugin. -->","yoast_head_json":{"title":"Repas Complet Optima Jeune Lapin Seau HAMI FORM SARL SOCEC - V\u00e9torino","description":"HAMI FORM SARL SOCECRongeursSecGranul\u00e9sLapereau et ToyRepas complet et \u00e9quilibr\u00e9. Il apporte tous les \u00e9l\u00e9ments n\u00e9cessaires \u00e0 son organisme.Particularit\u00e9s","robots":{"index":"noindex","follow":"nofollow"},"og_locale":"fr_FR","og_type":"article","og_title":"Repas Complet Optima Jeune Lapin Seau HAMI FORM SARL SOCEC - V\u00e9torino","og_description":"HAMI FORM SARL SOCECRongeursSecGranul\u00e9sLapereau et ToyRepas complet et \u00e9quilibr\u00e9. Il apporte tous les \u00e9l\u00e9ments n\u00e9cessaires \u00e0 son organisme.Particularit\u00e9s","og_url":"https:\/\/www.vetorino.com\/veterinaire\/villeurbanne\/boutique\/product\/repas-complet-optima-jeune-lapin-seau\/","og_site_name":"V\u00e9torino","article_publisher":"https:\/\/www.facebook.com\/Vetorino\/","article_modified_time":"2024-02-28T01:42:08+00:00","og_image":[{"width":400,"height":400,"url":"https:\/\/www.vetorino.com\/boutique\/wp-content\/uploads\/2020\/06\/FilsREP025FormatMediumTypeIM.png","type":"image\/png"}],"twitter_card":"summary_large_image","twitter_misc":{"Prix":"35,00&euro;","Disponibilit\u00e9":"Rupture de stock"},"schema":{"@context":"https:\/\/schema.org","@graph":[{"@type":"WebPage","@id":"https:\/\/www.vetorino.com\/boutique\/product\/repas-complet-optima-jeune-lapin-seau\/","url":"https:\/\/www.vetorino.com\/boutique\/product\/repas-complet-optima-jeune-lapin-seau\/","name":"Repas Complet Optima Jeune Lapin Seau HAMI FORM SARL SOCEC - V\u00e9torino","isPartOf":{"@id":"https:\/\/www.vetorino.com\/boutique\/#website"},"primaryImageOfPage":{"@id":"https:\/\/www.vetorino.com\/boutique\/product\/repas-complet-optima-jeune-lapin-seau\/#primaryimage"},"image":{"@id":"https:\/\/www.vetorino.com\/boutique\/product\/repas-complet-optima-jeune-lapin-seau\/#primaryimage"},"thumbnailUrl":"https:\/\/www.vetorino.com\/boutique\/wp-content\/uploads\/2020\/06\/FilsREP025FormatMediumTypeIM.png","datePublished":"2020-06-30T09:48:18+00:00","dateModified":"2024-02-28T01:42:08+00:00","description":"HAMI FORM SARL SOCECRongeursSecGranul\u00e9sLapereau et ToyRepas complet et \u00e9quilibr\u00e9. Il apporte tous les \u00e9l\u00e9ments n\u00e9cessaires \u00e0 son organisme.Particularit\u00e9s","breadcrumb":{"@id":"https:\/\/www.vetorino.com\/boutique\/product\/repas-complet-optima-jeune-lapin-seau\/#breadcrumb"},"inLanguage":"fr-FR","potentialAction":[{"@type":"ReadAction","target":["https:\/\/www.vetorino.com\/boutique\/product\/repas-complet-optima-jeune-lapin-seau\/"]}]},{"@type":"ImageObject","inLanguage":"fr-FR","@id":"https:\/\/www.vetorino.com\/boutique\/product\/repas-complet-optima-jeune-lapin-seau\/#primaryimage","url":"https:\/\/www.vetorino.com\/boutique\/wp-content\/uploads\/2020\/06\/FilsREP025FormatMediumTypeIM.png","contentUrl":"https:\/\/www.vetorino.com\/boutique\/wp-content\/uploads\/2020\/06\/FilsREP025FormatMediumTypeIM.png","width":400,"height":400},{"@type":"BreadcrumbList","@id":"https:\/\/www.vetorino.com\/boutique\/product\/repas-complet-optima-jeune-lapin-seau\/#breadcrumb","itemListElement":[{"@type":"ListItem","position":1,"name":"Accueil","item":"https:\/\/www.vetorino.com\/boutique\/"},{"@type":"ListItem","position":2,"name":"Produits","item":"https:\/\/www.vetorino.com\/boutique\/"},{"@type":"ListItem","position":3,"name":"Repas Complet Optima Jeune Lapin Seau"}]},{"@type":"WebSite","@id":"https:\/\/www.vetorino.com\/boutique\/#website","url":"https:\/\/www.vetorino.com\/boutique\/","name":"V\u00e9torino","description":"","publisher":{"@id":"https:\/\/www.vetorino.com\/boutique\/#organization"},"potentialAction":[{"@type":"SearchAction","target":{"@type":"EntryPoint","urlTemplate":"https:\/\/www.vetorino.com\/boutique\/?s={search_term_string}"},"query-input":{"@type":"PropertyValueSpecification","valueRequired":true,"valueName":"search_term_string"}}],"inLanguage":"fr-FR"},{"@type":"Organization","@id":"https:\/\/www.vetorino.com\/boutique\/#organization","name":"V\u00e9torino","url":"https:\/\/www.vetorino.com\/boutique\/","logo":{"@type":"ImageObject","inLanguage":"fr-FR","@id":"https:\/\/www.vetorino.com\/boutique\/#\/schema\/logo\/image\/","url":"https:\/\/www.vetorino.com\/boutique\/wp-content\/uploads\/2024\/10\/logo.jpg","contentUrl":"https:\/\/www.vetorino.com\/boutique\/wp-content\/uploads\/2024\/10\/logo.jpg","width":1200,"height":610,"caption":"V\u00e9torino"},"image":{"@id":"https:\/\/www.vetorino.com\/boutique\/#\/schema\/logo\/image\/"},"sameAs":["https:\/\/www.facebook.com\/Vetorino\/","https:\/\/www.instagram.com\/vetorino_off\/","https:\/\/www.linkedin.com\/company\/vtorino\/"]}]},"product_brand":"HAMI FORM SARL SOCEC","product_price_amount":"35.00","product_price_currency":"EUR","og_availability":"out of stock","product_availability":"out of stock","product_retailer_item_id":"C-REP025","product_condition":"new"},"_links":{"self":[{"href":"https:\/\/www.vetorino.com\/veterinaire\/villeurbanne\/boutique\/wp-json\/wp\/v2\/product\/101539","targetHints":{"allow":["GET"]}}],"collection":[{"href":"https:\/\/www.vetorino.com\/veterinaire\/villeurbanne\/boutique\/wp-json\/wp\/v2\/product"}],"about":[{"href":"https:\/\/www.vetorino.com\/veterinaire\/villeurbanne\/boutique\/wp-json\/wp\/v2\/types\/product"}],"wp:featuredmedia":[{"embeddable":true,"href":"https:\/\/www.vetorino.com\/veterinaire\/villeurbanne\/boutique\/wp-json\/wp\/v2\/media\/101538"}],"wp:attachment":[{"href":"https:\/\/www.vetorino.com\/veterinaire\/villeurbanne\/boutique\/wp-json\/wp\/v2\/media?parent=101539"}],"wp:term":[{"taxonomy":"product_cat","embeddable":true,"href":"https:\/\/www.vetorino.com\/veterinaire\/villeurbanne\/boutique\/wp-json\/wp\/v2\/product_cat?post=101539"},{"taxonomy":"product_tag","embeddable":true,"href":"https:\/\/www.vetorino.com\/veterinaire\/villeurbanne\/boutique\/wp-json\/wp\/v2\/product_tag?post=101539"}],"curies":[{"name":"wp","href":"https:\/\/api.w.org\/{rel}","templated":true}]}}