{"id":130793,"date":"2020-11-25T20:37:11","date_gmt":"2020-11-25T19:37:11","guid":{"rendered":"https:\/\/www.vetorino.com\/boutique\/product\/baume-capback-pour-cape-capsular\/"},"modified":"2022-01-04T15:32:49","modified_gmt":"2022-01-04T14:32:49","slug":"baume-capback-pour-cape-capsular","status":"publish","type":"product","link":"https:\/\/www.vetorino.com\/veterinaire\/villeurbanne\/boutique\/product\/baume-capback-pour-cape-capsular\/","title":{"rendered":"Baume CapBack pour cape Capsular"},"content":{"rendered":"<p>Recharges CapTend R&eacute;cup&eacute;ration &agrave;&nbsp;appliquer sur les&nbsp;lingettes lavables et r&eacute;utilisables.<br \/>\nLeurs actions :<\/p>\n<ul>\n<li>Aide &agrave; resserrer les tissus tendineux.<\/li>\n<li>Favorise la r&eacute;sorption des oed&egrave;mes.<\/li>\n<li>Acc&eacute;l&egrave;re le drainage des toxines.<\/li>\n<\/ul>\n<p>Principes actifs naturels et bio &nbsp;&#8211; Valid&eacute; non dopant :<\/p>\n<ul>\n<li>Cypr&egrave;s Commun : connue pour ses qualit&eacute;s toniques et circulatoires exceptionnelles.<\/li>\n<li>Citronnelle de Java : connue pour ses effets anti inflammatoires en application cutan&eacute;e directe.<\/li>\n<li>Eucalyptus Citronn&eacute;: reconnue pour ses qualit&eacute;s apaisantes, anti inflammatoires,antalgiques et antifongiques, utilis&eacute;e traditionnellement pour le confort articulaire.<\/li>\n<li>Menthe des Champs: tonique et rafra&icirc;chissante, cette huile riche en actifs antalgiques est &eacute;galement vasoconstrictive. Elle est id&eacute;ale pour revigorer corps et esprit.<\/li>\n<\/ul>\n","protected":false},"excerpt":{"rendered":"<p>Recharges CapTend R\u00e9cup\u00e9ration \u00e0 appliquer sur les lingettes lavables et r\u00e9utilisables.<br \/>\nLeurs actions :<\/p>\n<p>Aide \u00e0 resserrer les tissus tendineux.<br \/>\nFavorise la r\u00e9sorption des oed\u00e8mes.<br \/>\nAcc\u00e9l\u00e8re le drainage des toxines.<\/p>\n","protected":false},"featured_media":3520,"template":"","meta":[],"product_cat":[12547,13093,12754],"product_tag":[],"class_list":{"0":"post-130793","1":"product","2":"type-product","3":"status-publish","4":"has-post-thumbnail","6":"product_cat-cheval","7":"product_cat-soin-musculaire-du-cheval","8":"product_cat-soins-au-quotidien-du-cheval","9":"pa_marque-materiel","11":"first","12":"outofstock","13":"taxable","14":"shipping-taxable","15":"purchasable","16":"product-type-simple"},"yoast_head":"<!-- This site is optimized with the Yoast SEO plugin v27.3 - https:\/\/yoast.com\/product\/yoast-seo-wordpress\/ -->\n<title>Baume CapBack pour cape Capsular Mat\u00e9riel - V\u00e9torino<\/title>\n<meta name=\"description\" content=\"Recharges CapTend R\u00e9cup\u00e9ration \u00e0 appliquer sur les lingettes lavables et r\u00e9utilisables. Leurs actions :  Aide \u00e0 resserrer les tissus tendineux. Favorise la r\u00e9sorption des oed\u00e8mes. Acc\u00e9l\u00e8re le drainage des toxines.\" \/>\n<meta name=\"robots\" content=\"noindex, nofollow\" \/>\n<meta property=\"og:locale\" content=\"fr_FR\" \/>\n<meta property=\"og:type\" content=\"article\" \/>\n<meta property=\"og:title\" content=\"Baume CapBack pour cape Capsular Mat\u00e9riel - V\u00e9torino\" \/>\n<meta property=\"og:description\" content=\"Recharges CapTend R\u00e9cup\u00e9ration \u00e0 appliquer sur les lingettes lavables et r\u00e9utilisables. Leurs actions :  Aide \u00e0 resserrer les tissus tendineux. Favorise la r\u00e9sorption des oed\u00e8mes. Acc\u00e9l\u00e8re le drainage des toxines.\" \/>\n<meta property=\"og:url\" content=\"https:\/\/www.vetorino.com\/veterinaire\/villeurbanne\/boutique\/product\/baume-capback-pour-cape-capsular\/\" \/>\n<meta property=\"og:site_name\" content=\"V\u00e9torino\" \/>\n<meta property=\"article:publisher\" content=\"https:\/\/www.facebook.com\/Vetorino\/\" \/>\n<meta property=\"article:modified_time\" content=\"2022-01-04T14:32:49+00:00\" \/>\n<meta property=\"og:image\" content=\"https:\/\/www.vetorino.com\/boutique\/wp-content\/uploads\/2020\/02\/placeholder-os-chien-chat-nourriture.jpg\" \/>\n\t<meta property=\"og:image:width\" content=\"555\" \/>\n\t<meta property=\"og:image:height\" content=\"555\" \/>\n\t<meta property=\"og:image:type\" content=\"image\/jpeg\" \/>\n<meta name=\"twitter:card\" content=\"summary_large_image\" \/>\n<meta name=\"twitter:label1\" content=\"Prix\" \/>\n\t<meta name=\"twitter:data1\" content=\"66,15&euro;\" \/>\n\t<meta name=\"twitter:label2\" content=\"Disponibilit\u00e9\" \/>\n\t<meta name=\"twitter:data2\" content=\"Rupture de stock\" \/>\n<script type=\"application\/ld+json\" class=\"yoast-schema-graph\">{\"@context\":\"https:\\\/\\\/schema.org\",\"@graph\":[{\"@type\":\"WebPage\",\"@id\":\"https:\\\/\\\/www.vetorino.com\\\/boutique\\\/product\\\/baume-capback-pour-cape-capsular\\\/\",\"url\":\"https:\\\/\\\/www.vetorino.com\\\/boutique\\\/product\\\/baume-capback-pour-cape-capsular\\\/\",\"name\":\"Baume CapBack pour cape Capsular Mat\u00e9riel - V\u00e9torino\",\"isPartOf\":{\"@id\":\"https:\\\/\\\/www.vetorino.com\\\/boutique\\\/#website\"},\"primaryImageOfPage\":{\"@id\":\"https:\\\/\\\/www.vetorino.com\\\/boutique\\\/product\\\/baume-capback-pour-cape-capsular\\\/#primaryimage\"},\"image\":{\"@id\":\"https:\\\/\\\/www.vetorino.com\\\/boutique\\\/product\\\/baume-capback-pour-cape-capsular\\\/#primaryimage\"},\"thumbnailUrl\":\"https:\\\/\\\/www.vetorino.com\\\/boutique\\\/wp-content\\\/uploads\\\/2020\\\/02\\\/placeholder-os-chien-chat-nourriture.jpg\",\"datePublished\":\"2020-11-25T19:37:11+00:00\",\"dateModified\":\"2022-01-04T14:32:49+00:00\",\"description\":\"Recharges CapTend R\u00e9cup\u00e9ration \u00e0 appliquer sur les lingettes lavables et r\u00e9utilisables. Leurs actions : Aide \u00e0 resserrer les tissus tendineux. Favorise la r\u00e9sorption des oed\u00e8mes. Acc\u00e9l\u00e8re le drainage des toxines.\",\"breadcrumb\":{\"@id\":\"https:\\\/\\\/www.vetorino.com\\\/boutique\\\/product\\\/baume-capback-pour-cape-capsular\\\/#breadcrumb\"},\"inLanguage\":\"fr-FR\",\"potentialAction\":[{\"@type\":\"ReadAction\",\"target\":[\"https:\\\/\\\/www.vetorino.com\\\/boutique\\\/product\\\/baume-capback-pour-cape-capsular\\\/\"]}]},{\"@type\":\"ImageObject\",\"inLanguage\":\"fr-FR\",\"@id\":\"https:\\\/\\\/www.vetorino.com\\\/boutique\\\/product\\\/baume-capback-pour-cape-capsular\\\/#primaryimage\",\"url\":\"https:\\\/\\\/www.vetorino.com\\\/boutique\\\/wp-content\\\/uploads\\\/2020\\\/02\\\/placeholder-os-chien-chat-nourriture.jpg\",\"contentUrl\":\"https:\\\/\\\/www.vetorino.com\\\/boutique\\\/wp-content\\\/uploads\\\/2020\\\/02\\\/placeholder-os-chien-chat-nourriture.jpg\",\"width\":555,\"height\":555},{\"@type\":\"BreadcrumbList\",\"@id\":\"https:\\\/\\\/www.vetorino.com\\\/boutique\\\/product\\\/baume-capback-pour-cape-capsular\\\/#breadcrumb\",\"itemListElement\":[{\"@type\":\"ListItem\",\"position\":1,\"name\":\"Accueil\",\"item\":\"https:\\\/\\\/www.vetorino.com\\\/boutique\\\/\"},{\"@type\":\"ListItem\",\"position\":2,\"name\":\"Produits\",\"item\":\"https:\\\/\\\/www.vetorino.com\\\/boutique\\\/\"},{\"@type\":\"ListItem\",\"position\":3,\"name\":\"Baume CapBack pour cape Capsular\"}]},{\"@type\":\"WebSite\",\"@id\":\"https:\\\/\\\/www.vetorino.com\\\/boutique\\\/#website\",\"url\":\"https:\\\/\\\/www.vetorino.com\\\/boutique\\\/\",\"name\":\"V\u00e9torino\",\"description\":\"\",\"publisher\":{\"@id\":\"https:\\\/\\\/www.vetorino.com\\\/boutique\\\/#organization\"},\"potentialAction\":[{\"@type\":\"SearchAction\",\"target\":{\"@type\":\"EntryPoint\",\"urlTemplate\":\"https:\\\/\\\/www.vetorino.com\\\/boutique\\\/?s={search_term_string}\"},\"query-input\":{\"@type\":\"PropertyValueSpecification\",\"valueRequired\":true,\"valueName\":\"search_term_string\"}}],\"inLanguage\":\"fr-FR\"},{\"@type\":\"Organization\",\"@id\":\"https:\\\/\\\/www.vetorino.com\\\/boutique\\\/#organization\",\"name\":\"V\u00e9torino\",\"url\":\"https:\\\/\\\/www.vetorino.com\\\/boutique\\\/\",\"logo\":{\"@type\":\"ImageObject\",\"inLanguage\":\"fr-FR\",\"@id\":\"https:\\\/\\\/www.vetorino.com\\\/boutique\\\/#\\\/schema\\\/logo\\\/image\\\/\",\"url\":\"https:\\\/\\\/www.vetorino.com\\\/boutique\\\/wp-content\\\/uploads\\\/2024\\\/10\\\/logo.jpg\",\"contentUrl\":\"https:\\\/\\\/www.vetorino.com\\\/boutique\\\/wp-content\\\/uploads\\\/2024\\\/10\\\/logo.jpg\",\"width\":1200,\"height\":610,\"caption\":\"V\u00e9torino\"},\"image\":{\"@id\":\"https:\\\/\\\/www.vetorino.com\\\/boutique\\\/#\\\/schema\\\/logo\\\/image\\\/\"},\"sameAs\":[\"https:\\\/\\\/www.facebook.com\\\/Vetorino\\\/\",\"https:\\\/\\\/www.instagram.com\\\/vetorino_off\\\/\",\"https:\\\/\\\/www.linkedin.com\\\/company\\\/vtorino\\\/\"]}]}<\/script>\n<meta property=\"product:brand\" content=\"Mat\u00e9riel\" \/>\n<meta property=\"product:price:amount\" content=\"66.15\" \/>\n<meta property=\"product:price:currency\" content=\"EUR\" \/>\n<meta property=\"og:availability\" content=\"out of stock\" \/>\n<meta property=\"product:availability\" content=\"out of stock\" \/>\n<meta property=\"product:retailer_item_id\" content=\"C-BAU401\" \/>\n<meta property=\"product:condition\" content=\"new\" \/>\n<!-- \/ Yoast SEO plugin. -->","yoast_head_json":{"title":"Baume CapBack pour cape Capsular Mat\u00e9riel - V\u00e9torino","description":"Recharges CapTend R\u00e9cup\u00e9ration \u00e0 appliquer sur les lingettes lavables et r\u00e9utilisables. Leurs actions :  Aide \u00e0 resserrer les tissus tendineux. Favorise la r\u00e9sorption des oed\u00e8mes. Acc\u00e9l\u00e8re le drainage des toxines.","robots":{"index":"noindex","follow":"nofollow"},"og_locale":"fr_FR","og_type":"article","og_title":"Baume CapBack pour cape Capsular Mat\u00e9riel - V\u00e9torino","og_description":"Recharges CapTend R\u00e9cup\u00e9ration \u00e0 appliquer sur les lingettes lavables et r\u00e9utilisables. Leurs actions :  Aide \u00e0 resserrer les tissus tendineux. Favorise la r\u00e9sorption des oed\u00e8mes. Acc\u00e9l\u00e8re le drainage des toxines.","og_url":"https:\/\/www.vetorino.com\/veterinaire\/villeurbanne\/boutique\/product\/baume-capback-pour-cape-capsular\/","og_site_name":"V\u00e9torino","article_publisher":"https:\/\/www.facebook.com\/Vetorino\/","article_modified_time":"2022-01-04T14:32:49+00:00","og_image":[{"width":555,"height":555,"url":"https:\/\/www.vetorino.com\/boutique\/wp-content\/uploads\/2020\/02\/placeholder-os-chien-chat-nourriture.jpg","type":"image\/jpeg"}],"twitter_card":"summary_large_image","twitter_misc":{"Prix":"66,15&euro;","Disponibilit\u00e9":"Rupture de stock"},"schema":{"@context":"https:\/\/schema.org","@graph":[{"@type":"WebPage","@id":"https:\/\/www.vetorino.com\/boutique\/product\/baume-capback-pour-cape-capsular\/","url":"https:\/\/www.vetorino.com\/boutique\/product\/baume-capback-pour-cape-capsular\/","name":"Baume CapBack pour cape Capsular Mat\u00e9riel - V\u00e9torino","isPartOf":{"@id":"https:\/\/www.vetorino.com\/boutique\/#website"},"primaryImageOfPage":{"@id":"https:\/\/www.vetorino.com\/boutique\/product\/baume-capback-pour-cape-capsular\/#primaryimage"},"image":{"@id":"https:\/\/www.vetorino.com\/boutique\/product\/baume-capback-pour-cape-capsular\/#primaryimage"},"thumbnailUrl":"https:\/\/www.vetorino.com\/boutique\/wp-content\/uploads\/2020\/02\/placeholder-os-chien-chat-nourriture.jpg","datePublished":"2020-11-25T19:37:11+00:00","dateModified":"2022-01-04T14:32:49+00:00","description":"Recharges CapTend R\u00e9cup\u00e9ration \u00e0 appliquer sur les lingettes lavables et r\u00e9utilisables. Leurs actions : Aide \u00e0 resserrer les tissus tendineux. Favorise la r\u00e9sorption des oed\u00e8mes. Acc\u00e9l\u00e8re le drainage des toxines.","breadcrumb":{"@id":"https:\/\/www.vetorino.com\/boutique\/product\/baume-capback-pour-cape-capsular\/#breadcrumb"},"inLanguage":"fr-FR","potentialAction":[{"@type":"ReadAction","target":["https:\/\/www.vetorino.com\/boutique\/product\/baume-capback-pour-cape-capsular\/"]}]},{"@type":"ImageObject","inLanguage":"fr-FR","@id":"https:\/\/www.vetorino.com\/boutique\/product\/baume-capback-pour-cape-capsular\/#primaryimage","url":"https:\/\/www.vetorino.com\/boutique\/wp-content\/uploads\/2020\/02\/placeholder-os-chien-chat-nourriture.jpg","contentUrl":"https:\/\/www.vetorino.com\/boutique\/wp-content\/uploads\/2020\/02\/placeholder-os-chien-chat-nourriture.jpg","width":555,"height":555},{"@type":"BreadcrumbList","@id":"https:\/\/www.vetorino.com\/boutique\/product\/baume-capback-pour-cape-capsular\/#breadcrumb","itemListElement":[{"@type":"ListItem","position":1,"name":"Accueil","item":"https:\/\/www.vetorino.com\/boutique\/"},{"@type":"ListItem","position":2,"name":"Produits","item":"https:\/\/www.vetorino.com\/boutique\/"},{"@type":"ListItem","position":3,"name":"Baume CapBack pour cape Capsular"}]},{"@type":"WebSite","@id":"https:\/\/www.vetorino.com\/boutique\/#website","url":"https:\/\/www.vetorino.com\/boutique\/","name":"V\u00e9torino","description":"","publisher":{"@id":"https:\/\/www.vetorino.com\/boutique\/#organization"},"potentialAction":[{"@type":"SearchAction","target":{"@type":"EntryPoint","urlTemplate":"https:\/\/www.vetorino.com\/boutique\/?s={search_term_string}"},"query-input":{"@type":"PropertyValueSpecification","valueRequired":true,"valueName":"search_term_string"}}],"inLanguage":"fr-FR"},{"@type":"Organization","@id":"https:\/\/www.vetorino.com\/boutique\/#organization","name":"V\u00e9torino","url":"https:\/\/www.vetorino.com\/boutique\/","logo":{"@type":"ImageObject","inLanguage":"fr-FR","@id":"https:\/\/www.vetorino.com\/boutique\/#\/schema\/logo\/image\/","url":"https:\/\/www.vetorino.com\/boutique\/wp-content\/uploads\/2024\/10\/logo.jpg","contentUrl":"https:\/\/www.vetorino.com\/boutique\/wp-content\/uploads\/2024\/10\/logo.jpg","width":1200,"height":610,"caption":"V\u00e9torino"},"image":{"@id":"https:\/\/www.vetorino.com\/boutique\/#\/schema\/logo\/image\/"},"sameAs":["https:\/\/www.facebook.com\/Vetorino\/","https:\/\/www.instagram.com\/vetorino_off\/","https:\/\/www.linkedin.com\/company\/vtorino\/"]}]},"product_brand":"Mat\u00e9riel","product_price_amount":"66.15","product_price_currency":"EUR","og_availability":"out of stock","product_availability":"out of stock","product_retailer_item_id":"C-BAU401","product_condition":"new"},"_links":{"self":[{"href":"https:\/\/www.vetorino.com\/veterinaire\/villeurbanne\/boutique\/wp-json\/wp\/v2\/product\/130793","targetHints":{"allow":["GET"]}}],"collection":[{"href":"https:\/\/www.vetorino.com\/veterinaire\/villeurbanne\/boutique\/wp-json\/wp\/v2\/product"}],"about":[{"href":"https:\/\/www.vetorino.com\/veterinaire\/villeurbanne\/boutique\/wp-json\/wp\/v2\/types\/product"}],"wp:featuredmedia":[{"embeddable":true,"href":"https:\/\/www.vetorino.com\/veterinaire\/villeurbanne\/boutique\/wp-json\/wp\/v2\/media\/3520"}],"wp:attachment":[{"href":"https:\/\/www.vetorino.com\/veterinaire\/villeurbanne\/boutique\/wp-json\/wp\/v2\/media?parent=130793"}],"wp:term":[{"taxonomy":"product_cat","embeddable":true,"href":"https:\/\/www.vetorino.com\/veterinaire\/villeurbanne\/boutique\/wp-json\/wp\/v2\/product_cat?post=130793"},{"taxonomy":"product_tag","embeddable":true,"href":"https:\/\/www.vetorino.com\/veterinaire\/villeurbanne\/boutique\/wp-json\/wp\/v2\/product_tag?post=130793"}],"curies":[{"name":"wp","href":"https:\/\/api.w.org\/{rel}","templated":true}]}}