{"id":549892,"date":"2023-01-31T14:50:34","date_gmt":"2023-01-31T13:50:34","guid":{"rendered":"https:\/\/www.vetorino.com\/boutique\/product\/distributeur-de-sacs-a-dejections-trixie\/"},"modified":"2025-12-22T02:42:16","modified_gmt":"2025-12-22T01:42:16","slug":"distributeur-de-sacs-a-dejections-trixie","status":"publish","type":"product","link":"https:\/\/www.vetorino.com\/veterinaire\/villeurbanne\/boutique\/product\/distributeur-de-sacs-a-dejections-trixie\/","title":{"rendered":"Distributeur de sacs \u00e0 d\u00e9jections Trixie"},"content":{"rendered":"<p>Pratique ! Ce petit sac en nylon s&#8217;attache \u00e0 la ceinture ou \u00e0 l&#8217;anneau de la laisse gr\u00e2ce \u00e0 un mousqueton.<\/p>\n<ul>\n<li>Il suffit d&#8217;y glisser un rouleau de sachets, de le refermer et il vous distribuera sac par sac par l&#8217;ouverture lat\u00e9rale.<\/li>\n<li>En n\u00e9opr\u00e8ne.<\/li>\n<\/ul>\n","protected":false},"excerpt":{"rendered":"<div class=\"paragraph\" data-v-8c191b64=\"\" data-v-aeb14f78=\"\">Le distributeur de sacs \u00e0 crottes avec housse en polyester Trixie fait de la promenade avec votre chien une exp\u00e9rience propre et hygi\u00e9nique.<\/div>\n<div class=\"paragraph\" data-v-8c191b64=\"\" data-v-aeb14f78=\"\">\n<p>Les sachets-\u00e0 crotte doivent toujours \u00eatre \u00e0 port\u00e9e de main pendant la promenade. Vous pouvez ainsi \u00e9liminer rapidement les restes de votre chien. Le distributeur de sacs de Trixie en EVA solide avec housse en polyester se fixe rapidement et facilement sur la laisse, sur le collier du chien ou sur le pantalon du ma\u00eetre du chien gr\u00e2ce \u00e0 la fermeture velcro.<\/p>\n<\/div>\n","protected":false},"featured_media":634334,"template":"","meta":[],"product_cat":[12573,12550,2698],"product_tag":[],"class_list":{"0":"post-549892","1":"product","2":"type-product","3":"status-publish","4":"has-post-thumbnail","6":"product_cat-accessoire-pour-lhygiene-du-chien","7":"product_cat-accessoires-du-chien","8":"product_cat-chien","9":"pa_marque-trixie","11":"first","12":"instock","13":"taxable","14":"shipping-taxable","15":"purchasable","16":"product-type-simple"},"yoast_head":"<!-- This site is optimized with the Yoast SEO plugin v27.3 - https:\/\/yoast.com\/product\/yoast-seo-wordpress\/ -->\n<title>Distributeur de sacs \u00e0 d\u00e9jections Trixie Trixie - V\u00e9torino<\/title>\n<meta name=\"description\" content=\"Le distributeur de sacs \u00e0 crottes avec housse en polyester Trixie fait de la promenade avec votre chien une exp\u00e9rience propre et hygi\u00e9nique.   Les sachets-\u00e0 crotte doivent toujours \u00eatre \u00e0 port\u00e9e de main pendant la promenade. Vous pouvez ainsi \u00e9liminer rapidement les restes de votre chien. Le distributeur de sacs de Trixie en EVA solide avec housse en polyester se fixe rapidement et facilement sur la laisse, sur le collier du chien ou sur le pantalon du ma\u00eetre du chien gr\u00e2ce \u00e0 la fermeture velcro.\" \/>\n<meta name=\"robots\" content=\"noindex, nofollow\" \/>\n<meta property=\"og:locale\" content=\"fr_FR\" \/>\n<meta property=\"og:type\" content=\"article\" \/>\n<meta property=\"og:title\" content=\"Distributeur de sacs \u00e0 d\u00e9jections Trixie Trixie - V\u00e9torino\" \/>\n<meta property=\"og:description\" content=\"Le distributeur de sacs \u00e0 crottes avec housse en polyester Trixie fait de la promenade avec votre chien une exp\u00e9rience propre et hygi\u00e9nique.   Les sachets-\u00e0 crotte doivent toujours \u00eatre \u00e0 port\u00e9e de main pendant la promenade. Vous pouvez ainsi \u00e9liminer rapidement les restes de votre chien. Le distributeur de sacs de Trixie en EVA solide avec housse en polyester se fixe rapidement et facilement sur la laisse, sur le collier du chien ou sur le pantalon du ma\u00eetre du chien gr\u00e2ce \u00e0 la fermeture velcro.\" \/>\n<meta property=\"og:url\" content=\"https:\/\/www.vetorino.com\/veterinaire\/villeurbanne\/boutique\/product\/distributeur-de-sacs-a-dejections-trixie\/\" \/>\n<meta property=\"og:site_name\" content=\"V\u00e9torino\" \/>\n<meta property=\"article:publisher\" content=\"https:\/\/www.facebook.com\/Vetorino\/\" \/>\n<meta property=\"article:modified_time\" content=\"2025-12-22T01:42:16+00:00\" \/>\n<meta property=\"og:image\" content=\"https:\/\/www.vetorino.com\/boutique\/wp-content\/uploads\/2023\/01\/0b75abd757edbafdf126da0faa06aa1bfbe42b9c_c5bdaf6a82ff8af7a8bc44f451b970c4bb1b3c75.jpg\" \/>\n\t<meta property=\"og:image:width\" content=\"800\" \/>\n\t<meta property=\"og:image:height\" content=\"800\" \/>\n\t<meta property=\"og:image:type\" content=\"image\/jpeg\" \/>\n<meta name=\"twitter:card\" content=\"summary_large_image\" \/>\n<meta name=\"twitter:label1\" content=\"Prix\" \/>\n\t<meta name=\"twitter:data1\" content=\"3,90&euro;\" \/>\n\t<meta name=\"twitter:label2\" content=\"Disponibilit\u00e9\" \/>\n\t<meta name=\"twitter:data2\" content=\"En stock\" \/>\n<script type=\"application\/ld+json\" class=\"yoast-schema-graph\">{\"@context\":\"https:\\\/\\\/schema.org\",\"@graph\":[{\"@type\":\"WebPage\",\"@id\":\"https:\\\/\\\/www.vetorino.com\\\/boutique\\\/product\\\/distributeur-de-sacs-a-dejections-trixie\\\/\",\"url\":\"https:\\\/\\\/www.vetorino.com\\\/boutique\\\/product\\\/distributeur-de-sacs-a-dejections-trixie\\\/\",\"name\":\"Distributeur de sacs \u00e0 d\u00e9jections Trixie Trixie - V\u00e9torino\",\"isPartOf\":{\"@id\":\"https:\\\/\\\/www.vetorino.com\\\/boutique\\\/#website\"},\"primaryImageOfPage\":{\"@id\":\"https:\\\/\\\/www.vetorino.com\\\/boutique\\\/product\\\/distributeur-de-sacs-a-dejections-trixie\\\/#primaryimage\"},\"image\":{\"@id\":\"https:\\\/\\\/www.vetorino.com\\\/boutique\\\/product\\\/distributeur-de-sacs-a-dejections-trixie\\\/#primaryimage\"},\"thumbnailUrl\":\"https:\\\/\\\/www.vetorino.com\\\/boutique\\\/wp-content\\\/uploads\\\/2023\\\/01\\\/0b75abd757edbafdf126da0faa06aa1bfbe42b9c_c5bdaf6a82ff8af7a8bc44f451b970c4bb1b3c75.jpg\",\"datePublished\":\"2023-01-31T13:50:34+00:00\",\"dateModified\":\"2025-12-22T01:42:16+00:00\",\"description\":\"Le distributeur de sacs \u00e0 crottes avec housse en polyester Trixie fait de la promenade avec votre chien une exp\u00e9rience propre et hygi\u00e9nique. Les sachets-\u00e0 crotte doivent toujours \u00eatre \u00e0 port\u00e9e de main pendant la promenade. Vous pouvez ainsi \u00e9liminer rapidement les restes de votre chien. Le distributeur de sacs de Trixie en EVA solide avec housse en polyester se fixe rapidement et facilement sur la laisse, sur le collier du chien ou sur le pantalon du ma\u00eetre du chien gr\u00e2ce \u00e0 la fermeture velcro.\",\"breadcrumb\":{\"@id\":\"https:\\\/\\\/www.vetorino.com\\\/boutique\\\/product\\\/distributeur-de-sacs-a-dejections-trixie\\\/#breadcrumb\"},\"inLanguage\":\"fr-FR\",\"potentialAction\":[{\"@type\":\"ReadAction\",\"target\":[\"https:\\\/\\\/www.vetorino.com\\\/boutique\\\/product\\\/distributeur-de-sacs-a-dejections-trixie\\\/\"]}]},{\"@type\":\"ImageObject\",\"inLanguage\":\"fr-FR\",\"@id\":\"https:\\\/\\\/www.vetorino.com\\\/boutique\\\/product\\\/distributeur-de-sacs-a-dejections-trixie\\\/#primaryimage\",\"url\":\"https:\\\/\\\/www.vetorino.com\\\/boutique\\\/wp-content\\\/uploads\\\/2023\\\/01\\\/0b75abd757edbafdf126da0faa06aa1bfbe42b9c_c5bdaf6a82ff8af7a8bc44f451b970c4bb1b3c75.jpg\",\"contentUrl\":\"https:\\\/\\\/www.vetorino.com\\\/boutique\\\/wp-content\\\/uploads\\\/2023\\\/01\\\/0b75abd757edbafdf126da0faa06aa1bfbe42b9c_c5bdaf6a82ff8af7a8bc44f451b970c4bb1b3c75.jpg\",\"width\":800,\"height\":800},{\"@type\":\"BreadcrumbList\",\"@id\":\"https:\\\/\\\/www.vetorino.com\\\/boutique\\\/product\\\/distributeur-de-sacs-a-dejections-trixie\\\/#breadcrumb\",\"itemListElement\":[{\"@type\":\"ListItem\",\"position\":1,\"name\":\"Accueil\",\"item\":\"https:\\\/\\\/www.vetorino.com\\\/boutique\\\/\"},{\"@type\":\"ListItem\",\"position\":2,\"name\":\"Produits\",\"item\":\"https:\\\/\\\/www.vetorino.com\\\/boutique\\\/\"},{\"@type\":\"ListItem\",\"position\":3,\"name\":\"Distributeur de sacs \u00e0 d\u00e9jections Trixie\"}]},{\"@type\":\"WebSite\",\"@id\":\"https:\\\/\\\/www.vetorino.com\\\/boutique\\\/#website\",\"url\":\"https:\\\/\\\/www.vetorino.com\\\/boutique\\\/\",\"name\":\"V\u00e9torino\",\"description\":\"\",\"publisher\":{\"@id\":\"https:\\\/\\\/www.vetorino.com\\\/boutique\\\/#organization\"},\"potentialAction\":[{\"@type\":\"SearchAction\",\"target\":{\"@type\":\"EntryPoint\",\"urlTemplate\":\"https:\\\/\\\/www.vetorino.com\\\/boutique\\\/?s={search_term_string}\"},\"query-input\":{\"@type\":\"PropertyValueSpecification\",\"valueRequired\":true,\"valueName\":\"search_term_string\"}}],\"inLanguage\":\"fr-FR\"},{\"@type\":\"Organization\",\"@id\":\"https:\\\/\\\/www.vetorino.com\\\/boutique\\\/#organization\",\"name\":\"V\u00e9torino\",\"url\":\"https:\\\/\\\/www.vetorino.com\\\/boutique\\\/\",\"logo\":{\"@type\":\"ImageObject\",\"inLanguage\":\"fr-FR\",\"@id\":\"https:\\\/\\\/www.vetorino.com\\\/boutique\\\/#\\\/schema\\\/logo\\\/image\\\/\",\"url\":\"https:\\\/\\\/www.vetorino.com\\\/boutique\\\/wp-content\\\/uploads\\\/2024\\\/10\\\/logo.jpg\",\"contentUrl\":\"https:\\\/\\\/www.vetorino.com\\\/boutique\\\/wp-content\\\/uploads\\\/2024\\\/10\\\/logo.jpg\",\"width\":1200,\"height\":610,\"caption\":\"V\u00e9torino\"},\"image\":{\"@id\":\"https:\\\/\\\/www.vetorino.com\\\/boutique\\\/#\\\/schema\\\/logo\\\/image\\\/\"},\"sameAs\":[\"https:\\\/\\\/www.facebook.com\\\/Vetorino\\\/\",\"https:\\\/\\\/www.instagram.com\\\/vetorino_off\\\/\",\"https:\\\/\\\/www.linkedin.com\\\/company\\\/vtorino\\\/\"]}]}<\/script>\n<meta property=\"product:brand\" content=\"Trixie\" \/>\n<meta property=\"product:price:amount\" content=\"3.90\" \/>\n<meta property=\"product:price:currency\" content=\"EUR\" \/>\n<meta property=\"og:availability\" content=\"instock\" \/>\n<meta property=\"product:availability\" content=\"instock\" \/>\n<meta property=\"product:retailer_item_id\" content=\"C-DIS719\" \/>\n<meta property=\"product:condition\" content=\"new\" \/>\n<!-- \/ Yoast SEO plugin. -->","yoast_head_json":{"title":"Distributeur de sacs \u00e0 d\u00e9jections Trixie Trixie - V\u00e9torino","description":"Le distributeur de sacs \u00e0 crottes avec housse en polyester Trixie fait de la promenade avec votre chien une exp\u00e9rience propre et hygi\u00e9nique.   Les sachets-\u00e0 crotte doivent toujours \u00eatre \u00e0 port\u00e9e de main pendant la promenade. Vous pouvez ainsi \u00e9liminer rapidement les restes de votre chien. Le distributeur de sacs de Trixie en EVA solide avec housse en polyester se fixe rapidement et facilement sur la laisse, sur le collier du chien ou sur le pantalon du ma\u00eetre du chien gr\u00e2ce \u00e0 la fermeture velcro.","robots":{"index":"noindex","follow":"nofollow"},"og_locale":"fr_FR","og_type":"article","og_title":"Distributeur de sacs \u00e0 d\u00e9jections Trixie Trixie - V\u00e9torino","og_description":"Le distributeur de sacs \u00e0 crottes avec housse en polyester Trixie fait de la promenade avec votre chien une exp\u00e9rience propre et hygi\u00e9nique.   Les sachets-\u00e0 crotte doivent toujours \u00eatre \u00e0 port\u00e9e de main pendant la promenade. Vous pouvez ainsi \u00e9liminer rapidement les restes de votre chien. Le distributeur de sacs de Trixie en EVA solide avec housse en polyester se fixe rapidement et facilement sur la laisse, sur le collier du chien ou sur le pantalon du ma\u00eetre du chien gr\u00e2ce \u00e0 la fermeture velcro.","og_url":"https:\/\/www.vetorino.com\/veterinaire\/villeurbanne\/boutique\/product\/distributeur-de-sacs-a-dejections-trixie\/","og_site_name":"V\u00e9torino","article_publisher":"https:\/\/www.facebook.com\/Vetorino\/","article_modified_time":"2025-12-22T01:42:16+00:00","og_image":[{"width":800,"height":800,"url":"https:\/\/www.vetorino.com\/boutique\/wp-content\/uploads\/2023\/01\/0b75abd757edbafdf126da0faa06aa1bfbe42b9c_c5bdaf6a82ff8af7a8bc44f451b970c4bb1b3c75.jpg","type":"image\/jpeg"}],"twitter_card":"summary_large_image","twitter_misc":{"Prix":"3,90&euro;","Disponibilit\u00e9":"En stock"},"schema":{"@context":"https:\/\/schema.org","@graph":[{"@type":"WebPage","@id":"https:\/\/www.vetorino.com\/boutique\/product\/distributeur-de-sacs-a-dejections-trixie\/","url":"https:\/\/www.vetorino.com\/boutique\/product\/distributeur-de-sacs-a-dejections-trixie\/","name":"Distributeur de sacs \u00e0 d\u00e9jections Trixie Trixie - V\u00e9torino","isPartOf":{"@id":"https:\/\/www.vetorino.com\/boutique\/#website"},"primaryImageOfPage":{"@id":"https:\/\/www.vetorino.com\/boutique\/product\/distributeur-de-sacs-a-dejections-trixie\/#primaryimage"},"image":{"@id":"https:\/\/www.vetorino.com\/boutique\/product\/distributeur-de-sacs-a-dejections-trixie\/#primaryimage"},"thumbnailUrl":"https:\/\/www.vetorino.com\/boutique\/wp-content\/uploads\/2023\/01\/0b75abd757edbafdf126da0faa06aa1bfbe42b9c_c5bdaf6a82ff8af7a8bc44f451b970c4bb1b3c75.jpg","datePublished":"2023-01-31T13:50:34+00:00","dateModified":"2025-12-22T01:42:16+00:00","description":"Le distributeur de sacs \u00e0 crottes avec housse en polyester Trixie fait de la promenade avec votre chien une exp\u00e9rience propre et hygi\u00e9nique. Les sachets-\u00e0 crotte doivent toujours \u00eatre \u00e0 port\u00e9e de main pendant la promenade. Vous pouvez ainsi \u00e9liminer rapidement les restes de votre chien. Le distributeur de sacs de Trixie en EVA solide avec housse en polyester se fixe rapidement et facilement sur la laisse, sur le collier du chien ou sur le pantalon du ma\u00eetre du chien gr\u00e2ce \u00e0 la fermeture velcro.","breadcrumb":{"@id":"https:\/\/www.vetorino.com\/boutique\/product\/distributeur-de-sacs-a-dejections-trixie\/#breadcrumb"},"inLanguage":"fr-FR","potentialAction":[{"@type":"ReadAction","target":["https:\/\/www.vetorino.com\/boutique\/product\/distributeur-de-sacs-a-dejections-trixie\/"]}]},{"@type":"ImageObject","inLanguage":"fr-FR","@id":"https:\/\/www.vetorino.com\/boutique\/product\/distributeur-de-sacs-a-dejections-trixie\/#primaryimage","url":"https:\/\/www.vetorino.com\/boutique\/wp-content\/uploads\/2023\/01\/0b75abd757edbafdf126da0faa06aa1bfbe42b9c_c5bdaf6a82ff8af7a8bc44f451b970c4bb1b3c75.jpg","contentUrl":"https:\/\/www.vetorino.com\/boutique\/wp-content\/uploads\/2023\/01\/0b75abd757edbafdf126da0faa06aa1bfbe42b9c_c5bdaf6a82ff8af7a8bc44f451b970c4bb1b3c75.jpg","width":800,"height":800},{"@type":"BreadcrumbList","@id":"https:\/\/www.vetorino.com\/boutique\/product\/distributeur-de-sacs-a-dejections-trixie\/#breadcrumb","itemListElement":[{"@type":"ListItem","position":1,"name":"Accueil","item":"https:\/\/www.vetorino.com\/boutique\/"},{"@type":"ListItem","position":2,"name":"Produits","item":"https:\/\/www.vetorino.com\/boutique\/"},{"@type":"ListItem","position":3,"name":"Distributeur de sacs \u00e0 d\u00e9jections Trixie"}]},{"@type":"WebSite","@id":"https:\/\/www.vetorino.com\/boutique\/#website","url":"https:\/\/www.vetorino.com\/boutique\/","name":"V\u00e9torino","description":"","publisher":{"@id":"https:\/\/www.vetorino.com\/boutique\/#organization"},"potentialAction":[{"@type":"SearchAction","target":{"@type":"EntryPoint","urlTemplate":"https:\/\/www.vetorino.com\/boutique\/?s={search_term_string}"},"query-input":{"@type":"PropertyValueSpecification","valueRequired":true,"valueName":"search_term_string"}}],"inLanguage":"fr-FR"},{"@type":"Organization","@id":"https:\/\/www.vetorino.com\/boutique\/#organization","name":"V\u00e9torino","url":"https:\/\/www.vetorino.com\/boutique\/","logo":{"@type":"ImageObject","inLanguage":"fr-FR","@id":"https:\/\/www.vetorino.com\/boutique\/#\/schema\/logo\/image\/","url":"https:\/\/www.vetorino.com\/boutique\/wp-content\/uploads\/2024\/10\/logo.jpg","contentUrl":"https:\/\/www.vetorino.com\/boutique\/wp-content\/uploads\/2024\/10\/logo.jpg","width":1200,"height":610,"caption":"V\u00e9torino"},"image":{"@id":"https:\/\/www.vetorino.com\/boutique\/#\/schema\/logo\/image\/"},"sameAs":["https:\/\/www.facebook.com\/Vetorino\/","https:\/\/www.instagram.com\/vetorino_off\/","https:\/\/www.linkedin.com\/company\/vtorino\/"]}]},"product_brand":"Trixie","product_price_amount":"3.90","product_price_currency":"EUR","og_availability":"instock","product_availability":"instock","product_retailer_item_id":"C-DIS719","product_condition":"new"},"_links":{"self":[{"href":"https:\/\/www.vetorino.com\/veterinaire\/villeurbanne\/boutique\/wp-json\/wp\/v2\/product\/549892","targetHints":{"allow":["GET"]}}],"collection":[{"href":"https:\/\/www.vetorino.com\/veterinaire\/villeurbanne\/boutique\/wp-json\/wp\/v2\/product"}],"about":[{"href":"https:\/\/www.vetorino.com\/veterinaire\/villeurbanne\/boutique\/wp-json\/wp\/v2\/types\/product"}],"wp:featuredmedia":[{"embeddable":true,"href":"https:\/\/www.vetorino.com\/veterinaire\/villeurbanne\/boutique\/wp-json\/wp\/v2\/media\/634334"}],"wp:attachment":[{"href":"https:\/\/www.vetorino.com\/veterinaire\/villeurbanne\/boutique\/wp-json\/wp\/v2\/media?parent=549892"}],"wp:term":[{"taxonomy":"product_cat","embeddable":true,"href":"https:\/\/www.vetorino.com\/veterinaire\/villeurbanne\/boutique\/wp-json\/wp\/v2\/product_cat?post=549892"},{"taxonomy":"product_tag","embeddable":true,"href":"https:\/\/www.vetorino.com\/veterinaire\/villeurbanne\/boutique\/wp-json\/wp\/v2\/product_tag?post=549892"}],"curies":[{"name":"wp","href":"https:\/\/api.w.org\/{rel}","templated":true}]}}