{"id":708680,"date":"2023-10-03T12:13:48","date_gmt":"2023-10-03T10:13:48","guid":{"rendered":"https:\/\/www.vetorino.com\/boutique\/product\/phycocanine\/"},"modified":"2025-04-22T21:48:14","modified_gmt":"2025-04-22T19:48:14","slug":"phycocanine","status":"publish","type":"product","link":"https:\/\/www.vetorino.com\/veterinaire\/villeurbanne\/boutique\/product\/phycocanine\/","title":{"rendered":"PhycoCanine"},"content":{"rendered":"<p><strong>Utilisation :<\/strong><\/p>\n<ul>\n<li>En phase de convalescence ou simplement pour faire le plein de bien-\u00eatre.<\/li>\n<\/ul>\n<p><strong>Avantages :<\/strong><\/p>\n<ul>\n<li>Extrait biologique de spiruline (spirulina platensis) titr\u00e9 \u00e0 3000 mg\/l de phycocyanine sur une base d\u2019eau pharmacop\u00e9e. La phycocyanine est extraite \u00e0 froid et sans solvant ni processus thermique puis conserv\u00e9e dans son ampoule teint\u00e9e \u00e0 l\u2019abri de l\u2019oxyg\u00e8ne et de la lumi\u00e8re<\/li>\n<li>La phycocyanine est la mol\u00e9cule active majeure de la spiruline.<\/li>\n<li>Ses propri\u00e9t\u00e9s apportent de multiples b\u00e9n\u00e9fices \u00e0 nos compagnons \u00e0 quatre pattes : Immunostimulant : La phycocyanine augmente la production d&#8217;anticorps igA (immunoglobulines A) et r\u00e9duit le taux d&#8217;anticorps igG1 et IgE, ce qui permet la r\u00e9gulation des r\u00e9actions immunitaires excessives en cas d&#8217;allergie ou d&#8217;infection.<\/li>\n<li>Antioxydant : La phycocyanine prot\u00e8ge l&#8217;organisme des radicaux libres et de leurs dommages. Elle aide le corps \u00e0 r\u00e9activer ses m\u00e9canismes de r\u00e9paration jusqu&#8217;au bout des poils : la peau est le miroir de l&#8217;organisme.<\/li>\n<li>Anti-inflammatoire : La phycocyanine participe \u00e0 la r\u00e9duction de l&#8217;inflammation en inhibant l&#8217;action des enzymes cyclooxyg\u00e9nases (COX-2).<\/li>\n<li>Microbiote : La phycocyanine r\u00e9gule naturellement le nombre de bact\u00e9ries, de probiotiques producteurs d&#8217;acides gras \u00e0 cha\u00efne courtes n\u00e9cessaires \u00e0 la sant\u00e9 intestinale.<\/li>\n<\/ul>\n<p><strong>Mode d&#8217;emploi :<\/strong><\/p>\n<p>Cet aliment compl\u00e9mentaire s&#8217;utilise en cure de 20 jours en phase de convalescence ou simplement pour faire le plein de bien-\u00eatre.<\/p>\n<ul>\n<li>Distribuer une ampoule par jour dans l&#8217;aliment ou sur un support \u00e0 l\u00e9cher.<\/li>\n<li>Pour un grand chien de plus de 20kg, la dose peut \u00eatre augment\u00e9e \u00e0 2 ampoules par jour.<\/li>\n<\/ul>\n<p><strong>Demandez l&#8217;avis d&#8217;un v\u00e9t\u00e9rinaire avant utilisation.<\/strong><\/p>\n","protected":false},"excerpt":{"rendered":"<p><strong>PhycoCanine est un produit naturel pour booster les d\u00e9fenses naturelles du chien et du chat<\/strong><\/p>\n<ul>\n<li>En phase de convalescence ou simplement pour faire le plein de bien-\u00eatre.<\/li>\n<\/ul>\n","protected":false},"featured_media":708686,"template":"","meta":[],"product_cat":[2697,2698,12567,12568],"product_tag":[],"class_list":{"0":"post-708680","1":"product","2":"type-product","3":"status-publish","4":"has-post-thumbnail","6":"product_cat-chat","7":"product_cat-chien","8":"product_cat-produit-veterinaire-du-chat","9":"product_cat-produit-veterinaire-du-chien","10":"pa_marque-the-blob-lab","12":"first","13":"outofstock","14":"taxable","15":"shipping-taxable","16":"purchasable","17":"product-type-simple"},"yoast_head":"<!-- This site is optimized with the Yoast SEO plugin v27.3 - https:\/\/yoast.com\/product\/yoast-seo-wordpress\/ -->\n<title>PhycoCanine The Blob Lab - V\u00e9torino<\/title>\n<meta name=\"description\" content=\"PhycoCanine est un produit naturel pour booster les d\u00e9fenses naturelles du chien et du chat   En phase de convalescence ou simplement pour faire le plein de bien-\u00eatre.\" \/>\n<meta name=\"robots\" content=\"noindex, nofollow\" \/>\n<meta property=\"og:locale\" content=\"fr_FR\" \/>\n<meta property=\"og:type\" content=\"article\" \/>\n<meta property=\"og:title\" content=\"PhycoCanine The Blob Lab - V\u00e9torino\" \/>\n<meta property=\"og:description\" content=\"PhycoCanine est un produit naturel pour booster les d\u00e9fenses naturelles du chien et du chat   En phase de convalescence ou simplement pour faire le plein de bien-\u00eatre.\" \/>\n<meta property=\"og:url\" content=\"https:\/\/www.vetorino.com\/veterinaire\/villeurbanne\/boutique\/product\/phycocanine\/\" \/>\n<meta property=\"og:site_name\" content=\"V\u00e9torino\" \/>\n<meta property=\"article:publisher\" content=\"https:\/\/www.facebook.com\/Vetorino\/\" \/>\n<meta property=\"article:modified_time\" content=\"2025-04-22T19:48:14+00:00\" \/>\n<meta property=\"og:image\" content=\"https:\/\/www.vetorino.com\/boutique\/wp-content\/uploads\/2023\/10\/phycocanine.jpg.png\" \/>\n\t<meta property=\"og:image:width\" content=\"800\" \/>\n\t<meta property=\"og:image:height\" content=\"800\" \/>\n\t<meta property=\"og:image:type\" content=\"image\/png\" \/>\n<meta name=\"twitter:card\" content=\"summary_large_image\" \/>\n<meta name=\"twitter:label1\" content=\"Prix\" \/>\n\t<meta name=\"twitter:data1\" content=\"28,65&euro;\" \/>\n\t<meta name=\"twitter:label2\" content=\"Disponibilit\u00e9\" \/>\n\t<meta name=\"twitter:data2\" content=\"Rupture de stock\" \/>\n<script type=\"application\/ld+json\" class=\"yoast-schema-graph\">{\"@context\":\"https:\\\/\\\/schema.org\",\"@graph\":[{\"@type\":\"WebPage\",\"@id\":\"https:\\\/\\\/www.vetorino.com\\\/boutique\\\/product\\\/phycocanine\\\/\",\"url\":\"https:\\\/\\\/www.vetorino.com\\\/boutique\\\/product\\\/phycocanine\\\/\",\"name\":\"PhycoCanine The Blob Lab - V\u00e9torino\",\"isPartOf\":{\"@id\":\"https:\\\/\\\/www.vetorino.com\\\/boutique\\\/#website\"},\"primaryImageOfPage\":{\"@id\":\"https:\\\/\\\/www.vetorino.com\\\/boutique\\\/product\\\/phycocanine\\\/#primaryimage\"},\"image\":{\"@id\":\"https:\\\/\\\/www.vetorino.com\\\/boutique\\\/product\\\/phycocanine\\\/#primaryimage\"},\"thumbnailUrl\":\"https:\\\/\\\/www.vetorino.com\\\/boutique\\\/wp-content\\\/uploads\\\/2023\\\/10\\\/phycocanine.jpg.png\",\"datePublished\":\"2023-10-03T10:13:48+00:00\",\"dateModified\":\"2025-04-22T19:48:14+00:00\",\"description\":\"PhycoCanine est un produit naturel pour booster les d\u00e9fenses naturelles du chien et du chat En phase de convalescence ou simplement pour faire le plein de bien-\u00eatre.\",\"breadcrumb\":{\"@id\":\"https:\\\/\\\/www.vetorino.com\\\/boutique\\\/product\\\/phycocanine\\\/#breadcrumb\"},\"inLanguage\":\"fr-FR\",\"potentialAction\":[{\"@type\":\"ReadAction\",\"target\":[\"https:\\\/\\\/www.vetorino.com\\\/boutique\\\/product\\\/phycocanine\\\/\"]}]},{\"@type\":\"ImageObject\",\"inLanguage\":\"fr-FR\",\"@id\":\"https:\\\/\\\/www.vetorino.com\\\/boutique\\\/product\\\/phycocanine\\\/#primaryimage\",\"url\":\"https:\\\/\\\/www.vetorino.com\\\/boutique\\\/wp-content\\\/uploads\\\/2023\\\/10\\\/phycocanine.jpg.png\",\"contentUrl\":\"https:\\\/\\\/www.vetorino.com\\\/boutique\\\/wp-content\\\/uploads\\\/2023\\\/10\\\/phycocanine.jpg.png\",\"width\":800,\"height\":800},{\"@type\":\"BreadcrumbList\",\"@id\":\"https:\\\/\\\/www.vetorino.com\\\/boutique\\\/product\\\/phycocanine\\\/#breadcrumb\",\"itemListElement\":[{\"@type\":\"ListItem\",\"position\":1,\"name\":\"Accueil\",\"item\":\"https:\\\/\\\/www.vetorino.com\\\/boutique\\\/\"},{\"@type\":\"ListItem\",\"position\":2,\"name\":\"Produits\",\"item\":\"https:\\\/\\\/www.vetorino.com\\\/boutique\\\/\"},{\"@type\":\"ListItem\",\"position\":3,\"name\":\"PhycoCanine\"}]},{\"@type\":\"WebSite\",\"@id\":\"https:\\\/\\\/www.vetorino.com\\\/boutique\\\/#website\",\"url\":\"https:\\\/\\\/www.vetorino.com\\\/boutique\\\/\",\"name\":\"V\u00e9torino\",\"description\":\"\",\"publisher\":{\"@id\":\"https:\\\/\\\/www.vetorino.com\\\/boutique\\\/#organization\"},\"potentialAction\":[{\"@type\":\"SearchAction\",\"target\":{\"@type\":\"EntryPoint\",\"urlTemplate\":\"https:\\\/\\\/www.vetorino.com\\\/boutique\\\/?s={search_term_string}\"},\"query-input\":{\"@type\":\"PropertyValueSpecification\",\"valueRequired\":true,\"valueName\":\"search_term_string\"}}],\"inLanguage\":\"fr-FR\"},{\"@type\":\"Organization\",\"@id\":\"https:\\\/\\\/www.vetorino.com\\\/boutique\\\/#organization\",\"name\":\"V\u00e9torino\",\"url\":\"https:\\\/\\\/www.vetorino.com\\\/boutique\\\/\",\"logo\":{\"@type\":\"ImageObject\",\"inLanguage\":\"fr-FR\",\"@id\":\"https:\\\/\\\/www.vetorino.com\\\/boutique\\\/#\\\/schema\\\/logo\\\/image\\\/\",\"url\":\"https:\\\/\\\/www.vetorino.com\\\/boutique\\\/wp-content\\\/uploads\\\/2024\\\/10\\\/logo.jpg\",\"contentUrl\":\"https:\\\/\\\/www.vetorino.com\\\/boutique\\\/wp-content\\\/uploads\\\/2024\\\/10\\\/logo.jpg\",\"width\":1200,\"height\":610,\"caption\":\"V\u00e9torino\"},\"image\":{\"@id\":\"https:\\\/\\\/www.vetorino.com\\\/boutique\\\/#\\\/schema\\\/logo\\\/image\\\/\"},\"sameAs\":[\"https:\\\/\\\/www.facebook.com\\\/Vetorino\\\/\",\"https:\\\/\\\/www.instagram.com\\\/vetorino_off\\\/\",\"https:\\\/\\\/www.linkedin.com\\\/company\\\/vtorino\\\/\"]}]}<\/script>\n<meta property=\"product:brand\" content=\"The Blob Lab\" \/>\n<meta property=\"product:price:amount\" content=\"28.65\" \/>\n<meta property=\"product:price:currency\" content=\"EUR\" \/>\n<meta property=\"og:availability\" content=\"out of stock\" \/>\n<meta property=\"product:availability\" content=\"out of stock\" \/>\n<meta property=\"product:retailer_item_id\" content=\"C-PHY103\" \/>\n<meta property=\"product:condition\" content=\"new\" \/>\n<!-- \/ Yoast SEO plugin. -->","yoast_head_json":{"title":"PhycoCanine The Blob Lab - V\u00e9torino","description":"PhycoCanine est un produit naturel pour booster les d\u00e9fenses naturelles du chien et du chat   En phase de convalescence ou simplement pour faire le plein de bien-\u00eatre.","robots":{"index":"noindex","follow":"nofollow"},"og_locale":"fr_FR","og_type":"article","og_title":"PhycoCanine The Blob Lab - V\u00e9torino","og_description":"PhycoCanine est un produit naturel pour booster les d\u00e9fenses naturelles du chien et du chat   En phase de convalescence ou simplement pour faire le plein de bien-\u00eatre.","og_url":"https:\/\/www.vetorino.com\/veterinaire\/villeurbanne\/boutique\/product\/phycocanine\/","og_site_name":"V\u00e9torino","article_publisher":"https:\/\/www.facebook.com\/Vetorino\/","article_modified_time":"2025-04-22T19:48:14+00:00","og_image":[{"width":800,"height":800,"url":"https:\/\/www.vetorino.com\/boutique\/wp-content\/uploads\/2023\/10\/phycocanine.jpg.png","type":"image\/png"}],"twitter_card":"summary_large_image","twitter_misc":{"Prix":"28,65&euro;","Disponibilit\u00e9":"Rupture de stock"},"schema":{"@context":"https:\/\/schema.org","@graph":[{"@type":"WebPage","@id":"https:\/\/www.vetorino.com\/boutique\/product\/phycocanine\/","url":"https:\/\/www.vetorino.com\/boutique\/product\/phycocanine\/","name":"PhycoCanine The Blob Lab - V\u00e9torino","isPartOf":{"@id":"https:\/\/www.vetorino.com\/boutique\/#website"},"primaryImageOfPage":{"@id":"https:\/\/www.vetorino.com\/boutique\/product\/phycocanine\/#primaryimage"},"image":{"@id":"https:\/\/www.vetorino.com\/boutique\/product\/phycocanine\/#primaryimage"},"thumbnailUrl":"https:\/\/www.vetorino.com\/boutique\/wp-content\/uploads\/2023\/10\/phycocanine.jpg.png","datePublished":"2023-10-03T10:13:48+00:00","dateModified":"2025-04-22T19:48:14+00:00","description":"PhycoCanine est un produit naturel pour booster les d\u00e9fenses naturelles du chien et du chat En phase de convalescence ou simplement pour faire le plein de bien-\u00eatre.","breadcrumb":{"@id":"https:\/\/www.vetorino.com\/boutique\/product\/phycocanine\/#breadcrumb"},"inLanguage":"fr-FR","potentialAction":[{"@type":"ReadAction","target":["https:\/\/www.vetorino.com\/boutique\/product\/phycocanine\/"]}]},{"@type":"ImageObject","inLanguage":"fr-FR","@id":"https:\/\/www.vetorino.com\/boutique\/product\/phycocanine\/#primaryimage","url":"https:\/\/www.vetorino.com\/boutique\/wp-content\/uploads\/2023\/10\/phycocanine.jpg.png","contentUrl":"https:\/\/www.vetorino.com\/boutique\/wp-content\/uploads\/2023\/10\/phycocanine.jpg.png","width":800,"height":800},{"@type":"BreadcrumbList","@id":"https:\/\/www.vetorino.com\/boutique\/product\/phycocanine\/#breadcrumb","itemListElement":[{"@type":"ListItem","position":1,"name":"Accueil","item":"https:\/\/www.vetorino.com\/boutique\/"},{"@type":"ListItem","position":2,"name":"Produits","item":"https:\/\/www.vetorino.com\/boutique\/"},{"@type":"ListItem","position":3,"name":"PhycoCanine"}]},{"@type":"WebSite","@id":"https:\/\/www.vetorino.com\/boutique\/#website","url":"https:\/\/www.vetorino.com\/boutique\/","name":"V\u00e9torino","description":"","publisher":{"@id":"https:\/\/www.vetorino.com\/boutique\/#organization"},"potentialAction":[{"@type":"SearchAction","target":{"@type":"EntryPoint","urlTemplate":"https:\/\/www.vetorino.com\/boutique\/?s={search_term_string}"},"query-input":{"@type":"PropertyValueSpecification","valueRequired":true,"valueName":"search_term_string"}}],"inLanguage":"fr-FR"},{"@type":"Organization","@id":"https:\/\/www.vetorino.com\/boutique\/#organization","name":"V\u00e9torino","url":"https:\/\/www.vetorino.com\/boutique\/","logo":{"@type":"ImageObject","inLanguage":"fr-FR","@id":"https:\/\/www.vetorino.com\/boutique\/#\/schema\/logo\/image\/","url":"https:\/\/www.vetorino.com\/boutique\/wp-content\/uploads\/2024\/10\/logo.jpg","contentUrl":"https:\/\/www.vetorino.com\/boutique\/wp-content\/uploads\/2024\/10\/logo.jpg","width":1200,"height":610,"caption":"V\u00e9torino"},"image":{"@id":"https:\/\/www.vetorino.com\/boutique\/#\/schema\/logo\/image\/"},"sameAs":["https:\/\/www.facebook.com\/Vetorino\/","https:\/\/www.instagram.com\/vetorino_off\/","https:\/\/www.linkedin.com\/company\/vtorino\/"]}]},"product_brand":"The Blob Lab","product_price_amount":"28.65","product_price_currency":"EUR","og_availability":"out of stock","product_availability":"out of stock","product_retailer_item_id":"C-PHY103","product_condition":"new"},"_links":{"self":[{"href":"https:\/\/www.vetorino.com\/veterinaire\/villeurbanne\/boutique\/wp-json\/wp\/v2\/product\/708680","targetHints":{"allow":["GET"]}}],"collection":[{"href":"https:\/\/www.vetorino.com\/veterinaire\/villeurbanne\/boutique\/wp-json\/wp\/v2\/product"}],"about":[{"href":"https:\/\/www.vetorino.com\/veterinaire\/villeurbanne\/boutique\/wp-json\/wp\/v2\/types\/product"}],"wp:featuredmedia":[{"embeddable":true,"href":"https:\/\/www.vetorino.com\/veterinaire\/villeurbanne\/boutique\/wp-json\/wp\/v2\/media\/708686"}],"wp:attachment":[{"href":"https:\/\/www.vetorino.com\/veterinaire\/villeurbanne\/boutique\/wp-json\/wp\/v2\/media?parent=708680"}],"wp:term":[{"taxonomy":"product_cat","embeddable":true,"href":"https:\/\/www.vetorino.com\/veterinaire\/villeurbanne\/boutique\/wp-json\/wp\/v2\/product_cat?post=708680"},{"taxonomy":"product_tag","embeddable":true,"href":"https:\/\/www.vetorino.com\/veterinaire\/villeurbanne\/boutique\/wp-json\/wp\/v2\/product_tag?post=708680"}],"curies":[{"name":"wp","href":"https:\/\/api.w.org\/{rel}","templated":true}]}}