{"id":90145,"date":"2020-06-26T11:25:45","date_gmt":"2020-06-26T09:25:45","guid":{"rendered":"https:\/\/www.vetorino.com\/boutique\/product\/arbre-a-chat-toledo\/"},"modified":"2026-03-06T09:42:23","modified_gmt":"2026-03-06T08:42:23","slug":"arbre-a-chat-toledo","status":"publish","type":"product","link":"https:\/\/www.vetorino.com\/veterinaire\/villeurbanne\/boutique\/product\/arbre-a-chat-toledo\/","title":{"rendered":"Arbre \u00e0 chat Toledo"},"content":{"rendered":"<div class=\"hidden\">Ce <strong>petit arbre \u00e0 chat<\/strong> ne prend pas beaucoup de place, il <strong>dispose d&#8217;un plateau tout confort<\/strong>, rembourr\u00e9 et recouvert en peluche, <strong>d&#8217;une niche et d&#8217;un tronc<\/strong> en sisal (D : 9 cm).<\/div>\n<div><\/div>\n<p><\/p>\n<div class=\"hidden\">Un<strong> jouet<\/strong> est attach\u00e9 \u00e0 un \u00e9lastique pour attirer leur attention.<\/div>\n<p><\/p>\n<div><\/div>\n<div class=\"hidden\">Cet arbre sera tr\u00e8s appr\u00e9ci\u00e9 par votre chat<strong>, il pourra s&#8217;amuser pendant des heures et faire la sieste dans la niche<\/strong> confortable et toute douce.<\/div>\n<p><\/p>\n<div><\/div>\n<div>\n<p><strong>Caract\u00e9ristiques :<\/strong><br \/>\n<\/p>\n<ul>\n<li>Fait en sisal de diam\u00e8tre 6 mm,<\/li>\n<li>Fourrure synth\u00e9tique : 200 g\/m2<\/li>\n<li>Plateforme rembourr\u00e9e<\/li>\n<li>Couleur : gris<\/li>\n<li>Poteau : diam\u00e8tre 9 cm<\/li>\n<li>Emprise au sol : diam\u00e8tre 39 cm<\/li>\n<li>Hauteur : 61 cm<\/li>\n<\/ul>\n<\/div>\n","protected":false},"excerpt":{"rendered":"<div class=\"hidden\">Ce <strong>petit arbre \u00e0 chat<\/strong> ne prend pas beaucoup de place, il <strong>dispose d&#8217;un plateau tout confort<\/strong>, rembourr\u00e9 et recouvert en peluche, <strong>d&#8217;une niche et d&#8217;un tronc<\/strong> en sisal (D : 9 cm).<\/div>\n<div><\/div>\n<p><\/p>\n<div class=\"hidden\"><strong>Un jouet est attach\u00e9<\/strong> \u00e0 un \u00e9lastique pour attirer leur attention.<\/div>\n<p><\/p>\n<div><\/div>\n<div class=\"hidden\">Cet arbre sera tr\u00e8s appr\u00e9ci\u00e9 par votre chat<strong>, il pourra s&#8217;amuser pendant des heures et faire la sieste dans la niche confortable<\/strong> et toute douce.<\/div>\n<p><\/p>\n","protected":false},"featured_media":1431106,"template":"","meta":[],"product_cat":[12548,2748,2697],"product_tag":[],"class_list":{"0":"post-90145","1":"product","2":"type-product","3":"status-publish","4":"has-post-thumbnail","6":"product_cat-accessoire-du-chat","7":"product_cat-arbres-a-chat-griffoirs","8":"product_cat-chat","9":"pa_marque-trixie","11":"first","12":"instock","13":"taxable","14":"shipping-taxable","15":"purchasable","16":"product-type-simple"},"yoast_head":"<!-- This site is optimized with the Yoast SEO plugin v27.3 - https:\/\/yoast.com\/product\/yoast-seo-wordpress\/ -->\n<title>Arbre \u00e0 chat Toledo Trixie - V\u00e9torino<\/title>\n<meta name=\"description\" content=\"Ce petit arbre \u00e0 chat ne prend pas beaucoup de place, il dispose d&#039;un plateau tout confort, rembourr\u00e9 et recouvert en peluche, d&#039;une niche et d&#039;un tronc en sisal (D : 9 cm).   Un jouet est attach\u00e9 \u00e0 un \u00e9lastique pour attirer leur attention.   Cet arbre sera tr\u00e8s appr\u00e9ci\u00e9 par votre chat, il pourra s&#039;amuser pendant des heures et faire la sieste dans la niche confortable et toute douce.\" \/>\n<meta name=\"robots\" content=\"noindex, nofollow\" \/>\n<meta property=\"og:locale\" content=\"fr_FR\" \/>\n<meta property=\"og:type\" content=\"article\" \/>\n<meta property=\"og:title\" content=\"Arbre \u00e0 chat Toledo Trixie - V\u00e9torino\" \/>\n<meta property=\"og:description\" content=\"Ce petit arbre \u00e0 chat ne prend pas beaucoup de place, il dispose d&#039;un plateau tout confort, rembourr\u00e9 et recouvert en peluche, d&#039;une niche et d&#039;un tronc en sisal (D : 9 cm).   Un jouet est attach\u00e9 \u00e0 un \u00e9lastique pour attirer leur attention.   Cet arbre sera tr\u00e8s appr\u00e9ci\u00e9 par votre chat, il pourra s&#039;amuser pendant des heures et faire la sieste dans la niche confortable et toute douce.\" \/>\n<meta property=\"og:url\" content=\"https:\/\/www.vetorino.com\/veterinaire\/villeurbanne\/boutique\/product\/arbre-a-chat-toledo\/\" \/>\n<meta property=\"og:site_name\" content=\"V\u00e9torino\" \/>\n<meta property=\"article:publisher\" content=\"https:\/\/www.facebook.com\/Vetorino\/\" \/>\n<meta property=\"article:modified_time\" content=\"2026-03-06T08:42:23+00:00\" \/>\n<meta property=\"og:image\" content=\"https:\/\/www.vetorino.com\/boutique\/wp-content\/uploads\/2020\/06\/arbre-a-chat-toledo.webp\" \/>\n\t<meta property=\"og:image:width\" content=\"800\" \/>\n\t<meta property=\"og:image:height\" content=\"800\" \/>\n\t<meta property=\"og:image:type\" content=\"image\/webp\" \/>\n<meta name=\"twitter:card\" content=\"summary_large_image\" \/>\n<meta name=\"twitter:label1\" content=\"Prix\" \/>\n\t<meta name=\"twitter:data1\" content=\"34,67&euro;\" \/>\n\t<meta name=\"twitter:label2\" content=\"Disponibilit\u00e9\" \/>\n\t<meta name=\"twitter:data2\" content=\"En stock\" \/>\n<script type=\"application\/ld+json\" class=\"yoast-schema-graph\">{\"@context\":\"https:\\\/\\\/schema.org\",\"@graph\":[{\"@type\":\"WebPage\",\"@id\":\"https:\\\/\\\/www.vetorino.com\\\/boutique\\\/product\\\/arbre-a-chat-toledo\\\/\",\"url\":\"https:\\\/\\\/www.vetorino.com\\\/boutique\\\/product\\\/arbre-a-chat-toledo\\\/\",\"name\":\"Arbre \u00e0 chat Toledo Trixie - V\u00e9torino\",\"isPartOf\":{\"@id\":\"https:\\\/\\\/www.vetorino.com\\\/boutique\\\/#website\"},\"primaryImageOfPage\":{\"@id\":\"https:\\\/\\\/www.vetorino.com\\\/boutique\\\/product\\\/arbre-a-chat-toledo\\\/#primaryimage\"},\"image\":{\"@id\":\"https:\\\/\\\/www.vetorino.com\\\/boutique\\\/product\\\/arbre-a-chat-toledo\\\/#primaryimage\"},\"thumbnailUrl\":\"https:\\\/\\\/www.vetorino.com\\\/boutique\\\/wp-content\\\/uploads\\\/2020\\\/06\\\/arbre-a-chat-toledo.webp\",\"datePublished\":\"2020-06-26T09:25:45+00:00\",\"dateModified\":\"2026-03-06T08:42:23+00:00\",\"description\":\"Ce petit arbre \u00e0 chat ne prend pas beaucoup de place, il dispose d'un plateau tout confort, rembourr\u00e9 et recouvert en peluche, d'une niche et d'un tronc en sisal (D : 9 cm). Un jouet est attach\u00e9 \u00e0 un \u00e9lastique pour attirer leur attention. Cet arbre sera tr\u00e8s appr\u00e9ci\u00e9 par votre chat, il pourra s'amuser pendant des heures et faire la sieste dans la niche confortable et toute douce.\",\"breadcrumb\":{\"@id\":\"https:\\\/\\\/www.vetorino.com\\\/boutique\\\/product\\\/arbre-a-chat-toledo\\\/#breadcrumb\"},\"inLanguage\":\"fr-FR\",\"potentialAction\":[{\"@type\":\"ReadAction\",\"target\":[\"https:\\\/\\\/www.vetorino.com\\\/boutique\\\/product\\\/arbre-a-chat-toledo\\\/\"]}]},{\"@type\":\"ImageObject\",\"inLanguage\":\"fr-FR\",\"@id\":\"https:\\\/\\\/www.vetorino.com\\\/boutique\\\/product\\\/arbre-a-chat-toledo\\\/#primaryimage\",\"url\":\"https:\\\/\\\/www.vetorino.com\\\/boutique\\\/wp-content\\\/uploads\\\/2020\\\/06\\\/arbre-a-chat-toledo.webp\",\"contentUrl\":\"https:\\\/\\\/www.vetorino.com\\\/boutique\\\/wp-content\\\/uploads\\\/2020\\\/06\\\/arbre-a-chat-toledo.webp\",\"width\":800,\"height\":800},{\"@type\":\"BreadcrumbList\",\"@id\":\"https:\\\/\\\/www.vetorino.com\\\/boutique\\\/product\\\/arbre-a-chat-toledo\\\/#breadcrumb\",\"itemListElement\":[{\"@type\":\"ListItem\",\"position\":1,\"name\":\"Accueil\",\"item\":\"https:\\\/\\\/www.vetorino.com\\\/boutique\\\/\"},{\"@type\":\"ListItem\",\"position\":2,\"name\":\"Produits\",\"item\":\"https:\\\/\\\/www.vetorino.com\\\/boutique\\\/\"},{\"@type\":\"ListItem\",\"position\":3,\"name\":\"Arbre \u00e0 chat Toledo\"}]},{\"@type\":\"WebSite\",\"@id\":\"https:\\\/\\\/www.vetorino.com\\\/boutique\\\/#website\",\"url\":\"https:\\\/\\\/www.vetorino.com\\\/boutique\\\/\",\"name\":\"V\u00e9torino\",\"description\":\"\",\"publisher\":{\"@id\":\"https:\\\/\\\/www.vetorino.com\\\/boutique\\\/#organization\"},\"potentialAction\":[{\"@type\":\"SearchAction\",\"target\":{\"@type\":\"EntryPoint\",\"urlTemplate\":\"https:\\\/\\\/www.vetorino.com\\\/boutique\\\/?s={search_term_string}\"},\"query-input\":{\"@type\":\"PropertyValueSpecification\",\"valueRequired\":true,\"valueName\":\"search_term_string\"}}],\"inLanguage\":\"fr-FR\"},{\"@type\":\"Organization\",\"@id\":\"https:\\\/\\\/www.vetorino.com\\\/boutique\\\/#organization\",\"name\":\"V\u00e9torino\",\"url\":\"https:\\\/\\\/www.vetorino.com\\\/boutique\\\/\",\"logo\":{\"@type\":\"ImageObject\",\"inLanguage\":\"fr-FR\",\"@id\":\"https:\\\/\\\/www.vetorino.com\\\/boutique\\\/#\\\/schema\\\/logo\\\/image\\\/\",\"url\":\"https:\\\/\\\/www.vetorino.com\\\/boutique\\\/wp-content\\\/uploads\\\/2024\\\/10\\\/logo.jpg\",\"contentUrl\":\"https:\\\/\\\/www.vetorino.com\\\/boutique\\\/wp-content\\\/uploads\\\/2024\\\/10\\\/logo.jpg\",\"width\":1200,\"height\":610,\"caption\":\"V\u00e9torino\"},\"image\":{\"@id\":\"https:\\\/\\\/www.vetorino.com\\\/boutique\\\/#\\\/schema\\\/logo\\\/image\\\/\"},\"sameAs\":[\"https:\\\/\\\/www.facebook.com\\\/Vetorino\\\/\",\"https:\\\/\\\/www.instagram.com\\\/vetorino_off\\\/\",\"https:\\\/\\\/www.linkedin.com\\\/company\\\/vtorino\\\/\"]}]}<\/script>\n<meta property=\"product:brand\" content=\"Trixie\" \/>\n<meta property=\"product:price:amount\" content=\"34.67\" \/>\n<meta property=\"product:price:currency\" content=\"EUR\" \/>\n<meta property=\"og:availability\" content=\"instock\" \/>\n<meta property=\"product:availability\" content=\"instock\" \/>\n<meta property=\"product:retailer_item_id\" content=\"C-ARB703\" \/>\n<meta property=\"product:condition\" content=\"new\" \/>\n<!-- \/ Yoast SEO plugin. -->","yoast_head_json":{"title":"Arbre \u00e0 chat Toledo Trixie - V\u00e9torino","description":"Ce petit arbre \u00e0 chat ne prend pas beaucoup de place, il dispose d'un plateau tout confort, rembourr\u00e9 et recouvert en peluche, d'une niche et d'un tronc en sisal (D : 9 cm).   Un jouet est attach\u00e9 \u00e0 un \u00e9lastique pour attirer leur attention.   Cet arbre sera tr\u00e8s appr\u00e9ci\u00e9 par votre chat, il pourra s'amuser pendant des heures et faire la sieste dans la niche confortable et toute douce.","robots":{"index":"noindex","follow":"nofollow"},"og_locale":"fr_FR","og_type":"article","og_title":"Arbre \u00e0 chat Toledo Trixie - V\u00e9torino","og_description":"Ce petit arbre \u00e0 chat ne prend pas beaucoup de place, il dispose d'un plateau tout confort, rembourr\u00e9 et recouvert en peluche, d'une niche et d'un tronc en sisal (D : 9 cm).   Un jouet est attach\u00e9 \u00e0 un \u00e9lastique pour attirer leur attention.   Cet arbre sera tr\u00e8s appr\u00e9ci\u00e9 par votre chat, il pourra s'amuser pendant des heures et faire la sieste dans la niche confortable et toute douce.","og_url":"https:\/\/www.vetorino.com\/veterinaire\/villeurbanne\/boutique\/product\/arbre-a-chat-toledo\/","og_site_name":"V\u00e9torino","article_publisher":"https:\/\/www.facebook.com\/Vetorino\/","article_modified_time":"2026-03-06T08:42:23+00:00","og_image":[{"width":800,"height":800,"url":"https:\/\/www.vetorino.com\/boutique\/wp-content\/uploads\/2020\/06\/arbre-a-chat-toledo.webp","type":"image\/webp"}],"twitter_card":"summary_large_image","twitter_misc":{"Prix":"34,67&euro;","Disponibilit\u00e9":"En stock"},"schema":{"@context":"https:\/\/schema.org","@graph":[{"@type":"WebPage","@id":"https:\/\/www.vetorino.com\/boutique\/product\/arbre-a-chat-toledo\/","url":"https:\/\/www.vetorino.com\/boutique\/product\/arbre-a-chat-toledo\/","name":"Arbre \u00e0 chat Toledo Trixie - V\u00e9torino","isPartOf":{"@id":"https:\/\/www.vetorino.com\/boutique\/#website"},"primaryImageOfPage":{"@id":"https:\/\/www.vetorino.com\/boutique\/product\/arbre-a-chat-toledo\/#primaryimage"},"image":{"@id":"https:\/\/www.vetorino.com\/boutique\/product\/arbre-a-chat-toledo\/#primaryimage"},"thumbnailUrl":"https:\/\/www.vetorino.com\/boutique\/wp-content\/uploads\/2020\/06\/arbre-a-chat-toledo.webp","datePublished":"2020-06-26T09:25:45+00:00","dateModified":"2026-03-06T08:42:23+00:00","description":"Ce petit arbre \u00e0 chat ne prend pas beaucoup de place, il dispose d'un plateau tout confort, rembourr\u00e9 et recouvert en peluche, d'une niche et d'un tronc en sisal (D : 9 cm). Un jouet est attach\u00e9 \u00e0 un \u00e9lastique pour attirer leur attention. Cet arbre sera tr\u00e8s appr\u00e9ci\u00e9 par votre chat, il pourra s'amuser pendant des heures et faire la sieste dans la niche confortable et toute douce.","breadcrumb":{"@id":"https:\/\/www.vetorino.com\/boutique\/product\/arbre-a-chat-toledo\/#breadcrumb"},"inLanguage":"fr-FR","potentialAction":[{"@type":"ReadAction","target":["https:\/\/www.vetorino.com\/boutique\/product\/arbre-a-chat-toledo\/"]}]},{"@type":"ImageObject","inLanguage":"fr-FR","@id":"https:\/\/www.vetorino.com\/boutique\/product\/arbre-a-chat-toledo\/#primaryimage","url":"https:\/\/www.vetorino.com\/boutique\/wp-content\/uploads\/2020\/06\/arbre-a-chat-toledo.webp","contentUrl":"https:\/\/www.vetorino.com\/boutique\/wp-content\/uploads\/2020\/06\/arbre-a-chat-toledo.webp","width":800,"height":800},{"@type":"BreadcrumbList","@id":"https:\/\/www.vetorino.com\/boutique\/product\/arbre-a-chat-toledo\/#breadcrumb","itemListElement":[{"@type":"ListItem","position":1,"name":"Accueil","item":"https:\/\/www.vetorino.com\/boutique\/"},{"@type":"ListItem","position":2,"name":"Produits","item":"https:\/\/www.vetorino.com\/boutique\/"},{"@type":"ListItem","position":3,"name":"Arbre \u00e0 chat Toledo"}]},{"@type":"WebSite","@id":"https:\/\/www.vetorino.com\/boutique\/#website","url":"https:\/\/www.vetorino.com\/boutique\/","name":"V\u00e9torino","description":"","publisher":{"@id":"https:\/\/www.vetorino.com\/boutique\/#organization"},"potentialAction":[{"@type":"SearchAction","target":{"@type":"EntryPoint","urlTemplate":"https:\/\/www.vetorino.com\/boutique\/?s={search_term_string}"},"query-input":{"@type":"PropertyValueSpecification","valueRequired":true,"valueName":"search_term_string"}}],"inLanguage":"fr-FR"},{"@type":"Organization","@id":"https:\/\/www.vetorino.com\/boutique\/#organization","name":"V\u00e9torino","url":"https:\/\/www.vetorino.com\/boutique\/","logo":{"@type":"ImageObject","inLanguage":"fr-FR","@id":"https:\/\/www.vetorino.com\/boutique\/#\/schema\/logo\/image\/","url":"https:\/\/www.vetorino.com\/boutique\/wp-content\/uploads\/2024\/10\/logo.jpg","contentUrl":"https:\/\/www.vetorino.com\/boutique\/wp-content\/uploads\/2024\/10\/logo.jpg","width":1200,"height":610,"caption":"V\u00e9torino"},"image":{"@id":"https:\/\/www.vetorino.com\/boutique\/#\/schema\/logo\/image\/"},"sameAs":["https:\/\/www.facebook.com\/Vetorino\/","https:\/\/www.instagram.com\/vetorino_off\/","https:\/\/www.linkedin.com\/company\/vtorino\/"]}]},"product_brand":"Trixie","product_price_amount":"34.67","product_price_currency":"EUR","og_availability":"instock","product_availability":"instock","product_retailer_item_id":"C-ARB703","product_condition":"new"},"_links":{"self":[{"href":"https:\/\/www.vetorino.com\/veterinaire\/villeurbanne\/boutique\/wp-json\/wp\/v2\/product\/90145","targetHints":{"allow":["GET"]}}],"collection":[{"href":"https:\/\/www.vetorino.com\/veterinaire\/villeurbanne\/boutique\/wp-json\/wp\/v2\/product"}],"about":[{"href":"https:\/\/www.vetorino.com\/veterinaire\/villeurbanne\/boutique\/wp-json\/wp\/v2\/types\/product"}],"wp:featuredmedia":[{"embeddable":true,"href":"https:\/\/www.vetorino.com\/veterinaire\/villeurbanne\/boutique\/wp-json\/wp\/v2\/media\/1431106"}],"wp:attachment":[{"href":"https:\/\/www.vetorino.com\/veterinaire\/villeurbanne\/boutique\/wp-json\/wp\/v2\/media?parent=90145"}],"wp:term":[{"taxonomy":"product_cat","embeddable":true,"href":"https:\/\/www.vetorino.com\/veterinaire\/villeurbanne\/boutique\/wp-json\/wp\/v2\/product_cat?post=90145"},{"taxonomy":"product_tag","embeddable":true,"href":"https:\/\/www.vetorino.com\/veterinaire\/villeurbanne\/boutique\/wp-json\/wp\/v2\/product_tag?post=90145"}],"curies":[{"name":"wp","href":"https:\/\/api.w.org\/{rel}","templated":true}]}}