{"id":94797,"date":"2020-06-29T16:04:38","date_gmt":"2020-06-29T14:04:38","guid":{"rendered":"https:\/\/www.vetorino.com\/boutique\/product\/culotte-hygienique-noire\/"},"modified":"2026-04-03T02:42:11","modified_gmt":"2026-04-03T00:42:11","slug":"culotte-hygienique-noire","status":"publish","type":"product","link":"https:\/\/www.vetorino.com\/veterinaire\/villeurbanne\/boutique\/product\/culotte-hygienique-noire\/","title":{"rendered":"Culotte hygi\u00e9nique &#8211; chienne"},"content":{"rendered":"<p><strong>Culotte hygi\u00e9nique confortable et respectueuse du bien \u00eatre de votre compagnon.<\/strong><\/p>\n<p>Slip hygi\u00e9nique canin pour \u00e9viter les accidents durant les chaleurs de l\u2019animal.<br \/>\nFonctionnel : emplacement pour prot\u00e8ge-culotte absorbant.<\/p>\n<p><strong>Guide des tailles :<\/strong><\/p>\n<ul>\n<li><strong>Taille 0<\/strong>\u00a0:\u00a0tour de taille 18 \u00e0 23 cm<\/li>\n<li><strong>Taille 1\u00a0<\/strong>: tour de taille 24 \u00e0 31 cm<\/li>\n<li><strong>Taille 2<\/strong>\u00a0: tour de taille 32 \u00e0 39 cm<\/li>\n<li><strong>Taille 3\u00a0<\/strong>: tour de taille 40 \u00e0 49 cm<\/li>\n<li><strong>Taille 4\u00a0<\/strong>: tour de taille 50 \u00e0 59 cm<\/li>\n<li><strong>Taille 5\u00a0<\/strong>: tour de taille 60 \u00e0 70 cm<\/li>\n<\/ul>\n<p>Pour choisir le bon mod\u00e8le, mesurer le tour de taille de l&#8217;animal. Si vous h\u00e9sitez entre deux tailles, il est conseill\u00e9 de choisir la plus grande.<\/p>\n<div class=\"row\">\n<div class=\"col-lg-7 mdc_product_right_col\">\n<div class=\"product-information\">\n<div class=\"tabs product-tabs visible--desktop\">\n<div id=\"tab-content\" class=\"tab-content\">\n<div id=\"description\" class=\"tab-pane fade show active\" role=\"tabpanel\">\n<div class=\"product-description\">\n<p><strong>Avantages :<\/strong><\/p>\n<ul>\n<li>Pour \u00e9viter les accidents durant les chaleurs de l\u2019animal.<\/li>\n<li>Son tissu souple et le passage pour la queue le rendent facile \u00e0 enfiler.<\/li>\n<li>Fonctionnel : emplacement pour prot\u00e8ge-culotte absorbant.<\/li>\n<li>R\u00e9glable pour s\u2019adapter \u00e0 la morphologie du chien.<\/li>\n<\/ul>\n<\/div>\n<\/div>\n<\/div>\n<\/div>\n<\/div>\n<\/div>\n<\/div>\n","protected":false},"excerpt":{"rendered":"<p><strong>Culotte hygi\u00e9nique confortable et respectueuse du bien \u00eatre de votre compagnon.<\/strong><\/p>\n<p>Slip hygi\u00e9nique canin pour \u00e9viter les accidents durant les chaleurs de l\u2019animal.<br \/>\nFonctionnel : emplacement pour prot\u00e8ge-culotte absorbant.<\/p>\n<p><strong>Guide des tailles :<\/strong><\/p>\n<ul>\n<li><strong>Taille 0<\/strong>\u00a0:\u00a0tour de taille 18 \u00e0 23 cm<\/li>\n<li><strong>Taille 1\u00a0<\/strong>: tour de taille 24 \u00e0 31 cm<\/li>\n<li><strong>Taille 2<\/strong>\u00a0: tour de taille 32 \u00e0 39 cm<\/li>\n<li><strong>Taille 3\u00a0<\/strong>: tour de taille 40 \u00e0 49 cm<\/li>\n<li><strong>Taille 4\u00a0<\/strong>: tour de taille 50 \u00e0 59 cm<\/li>\n<li><strong>Taille 5\u00a0<\/strong>: tour de taille 60 \u00e0 70 cm<\/li>\n<\/ul>\n<p>Pour choisir le bon mod\u00e8le, mesurer le tour de taille de l&#8217;animal. Si vous h\u00e9sitez entre deux tailles, il est conseill\u00e9 de choisir la plus grande.<\/p>\n","protected":false},"featured_media":1431188,"template":"","meta":[],"product_cat":[12573,12550,2698,12561],"product_tag":[],"class_list":{"0":"post-94797","1":"product","2":"type-product","3":"status-publish","4":"has-post-thumbnail","6":"product_cat-accessoire-pour-lhygiene-du-chien","7":"product_cat-accessoires-du-chien","8":"product_cat-chien","9":"product_cat-hygiene-du-chien","10":"pa_marque-zolux","12":"first","13":"instock","14":"taxable","15":"shipping-taxable","16":"purchasable","17":"product-type-variable"},"yoast_head":"<!-- This site is optimized with the Yoast SEO plugin v27.3 - https:\/\/yoast.com\/product\/yoast-seo-wordpress\/ -->\n<title>Culotte hygi\u00e9nique - chienne Zolux - V\u00e9torino<\/title>\n<meta name=\"description\" content=\"Culotte hygi\u00e9nique confortable et respectueuse du bien \u00eatre de votre compagnon.  Slip hygi\u00e9nique canin pour \u00e9viter les accidents durant les chaleurs de l\u2019animal. Fonctionnel : emplacement pour prot\u00e8ge-culotte absorbant.  Guide des tailles :   Taille 0\u00a0:\u00a0tour de taille 18 \u00e0 23 cm  Taille 1\u00a0: tour de taille 24 \u00e0 31 cm  Taille 2\u00a0: tour de taille 32 \u00e0 39 cm  Taille 3\u00a0: tour de taille 40 \u00e0 49 cm  Taille 4\u00a0: tour de taille 50 \u00e0 59 cm  Taille 5\u00a0: tour de taille 60 \u00e0 70 cm  Pour choisir le bon mod\u00e8le, mesurer le tour de taille de l&#039;animal. Si vous h\u00e9sitez entre deux tailles, il est conseill\u00e9 de choisir la plus grande.\" \/>\n<meta name=\"robots\" content=\"noindex, nofollow\" \/>\n<meta property=\"og:locale\" content=\"fr_FR\" \/>\n<meta property=\"og:type\" content=\"article\" \/>\n<meta property=\"og:title\" content=\"Culotte hygi\u00e9nique - chienne Zolux - V\u00e9torino\" \/>\n<meta property=\"og:description\" content=\"Culotte hygi\u00e9nique confortable et respectueuse du bien \u00eatre de votre compagnon.  Slip hygi\u00e9nique canin pour \u00e9viter les accidents durant les chaleurs de l\u2019animal. Fonctionnel : emplacement pour prot\u00e8ge-culotte absorbant.  Guide des tailles :   Taille 0\u00a0:\u00a0tour de taille 18 \u00e0 23 cm  Taille 1\u00a0: tour de taille 24 \u00e0 31 cm  Taille 2\u00a0: tour de taille 32 \u00e0 39 cm  Taille 3\u00a0: tour de taille 40 \u00e0 49 cm  Taille 4\u00a0: tour de taille 50 \u00e0 59 cm  Taille 5\u00a0: tour de taille 60 \u00e0 70 cm  Pour choisir le bon mod\u00e8le, mesurer le tour de taille de l&#039;animal. Si vous h\u00e9sitez entre deux tailles, il est conseill\u00e9 de choisir la plus grande.\" \/>\n<meta property=\"og:url\" content=\"https:\/\/www.vetorino.com\/veterinaire\/villeurbanne\/boutique\/product\/culotte-hygienique-noire\/\" \/>\n<meta property=\"og:site_name\" content=\"V\u00e9torino\" \/>\n<meta property=\"article:publisher\" content=\"https:\/\/www.facebook.com\/Vetorino\/\" \/>\n<meta property=\"article:modified_time\" content=\"2026-04-03T00:42:11+00:00\" \/>\n<meta property=\"og:image\" content=\"https:\/\/www.vetorino.com\/boutique\/wp-content\/uploads\/2020\/06\/culotte-hygienique-en-tissu.webp\" \/>\n\t<meta property=\"og:image:width\" content=\"800\" \/>\n\t<meta property=\"og:image:height\" content=\"800\" \/>\n\t<meta property=\"og:image:type\" content=\"image\/webp\" \/>\n<meta name=\"twitter:card\" content=\"summary_large_image\" \/>\n<meta name=\"twitter:label1\" content=\"Disponibilit\u00e9\" \/>\n\t<meta name=\"twitter:data1\" content=\"En stock\" \/>\n<script type=\"application\/ld+json\" class=\"yoast-schema-graph\">{\"@context\":\"https:\\\/\\\/schema.org\",\"@graph\":[{\"@type\":\"WebPage\",\"@id\":\"https:\\\/\\\/www.vetorino.com\\\/boutique\\\/product\\\/culotte-hygienique-noire\\\/\",\"url\":\"https:\\\/\\\/www.vetorino.com\\\/boutique\\\/product\\\/culotte-hygienique-noire\\\/\",\"name\":\"Culotte hygi\u00e9nique - chienne Zolux - V\u00e9torino\",\"isPartOf\":{\"@id\":\"https:\\\/\\\/www.vetorino.com\\\/boutique\\\/#website\"},\"primaryImageOfPage\":{\"@id\":\"https:\\\/\\\/www.vetorino.com\\\/boutique\\\/product\\\/culotte-hygienique-noire\\\/#primaryimage\"},\"image\":{\"@id\":\"https:\\\/\\\/www.vetorino.com\\\/boutique\\\/product\\\/culotte-hygienique-noire\\\/#primaryimage\"},\"thumbnailUrl\":\"https:\\\/\\\/www.vetorino.com\\\/boutique\\\/wp-content\\\/uploads\\\/2020\\\/06\\\/culotte-hygienique-en-tissu.webp\",\"datePublished\":\"2020-06-29T14:04:38+00:00\",\"dateModified\":\"2026-04-03T00:42:11+00:00\",\"description\":\"Culotte hygi\u00e9nique confortable et respectueuse du bien \u00eatre de votre compagnon. Slip hygi\u00e9nique canin pour \u00e9viter les accidents durant les chaleurs de l\u2019animal. Fonctionnel : emplacement pour prot\u00e8ge-culotte absorbant. Guide des tailles : Taille 0\u00a0:\u00a0tour de taille 18 \u00e0 23 cm Taille 1\u00a0: tour de taille 24 \u00e0 31 cm Taille 2\u00a0: tour de taille 32 \u00e0 39 cm Taille 3\u00a0: tour de taille 40 \u00e0 49 cm Taille 4\u00a0: tour de taille 50 \u00e0 59 cm Taille 5\u00a0: tour de taille 60 \u00e0 70 cm Pour choisir le bon mod\u00e8le, mesurer le tour de taille de l'animal. Si vous h\u00e9sitez entre deux tailles, il est conseill\u00e9 de choisir la plus grande.\",\"breadcrumb\":{\"@id\":\"https:\\\/\\\/www.vetorino.com\\\/boutique\\\/product\\\/culotte-hygienique-noire\\\/#breadcrumb\"},\"inLanguage\":\"fr-FR\",\"potentialAction\":[{\"@type\":\"ReadAction\",\"target\":[\"https:\\\/\\\/www.vetorino.com\\\/boutique\\\/product\\\/culotte-hygienique-noire\\\/\"]}]},{\"@type\":\"ImageObject\",\"inLanguage\":\"fr-FR\",\"@id\":\"https:\\\/\\\/www.vetorino.com\\\/boutique\\\/product\\\/culotte-hygienique-noire\\\/#primaryimage\",\"url\":\"https:\\\/\\\/www.vetorino.com\\\/boutique\\\/wp-content\\\/uploads\\\/2020\\\/06\\\/culotte-hygienique-en-tissu.webp\",\"contentUrl\":\"https:\\\/\\\/www.vetorino.com\\\/boutique\\\/wp-content\\\/uploads\\\/2020\\\/06\\\/culotte-hygienique-en-tissu.webp\",\"width\":800,\"height\":800},{\"@type\":\"BreadcrumbList\",\"@id\":\"https:\\\/\\\/www.vetorino.com\\\/boutique\\\/product\\\/culotte-hygienique-noire\\\/#breadcrumb\",\"itemListElement\":[{\"@type\":\"ListItem\",\"position\":1,\"name\":\"Accueil\",\"item\":\"https:\\\/\\\/www.vetorino.com\\\/boutique\\\/\"},{\"@type\":\"ListItem\",\"position\":2,\"name\":\"Produits\",\"item\":\"https:\\\/\\\/www.vetorino.com\\\/boutique\\\/\"},{\"@type\":\"ListItem\",\"position\":3,\"name\":\"Culotte hygi\u00e9nique &#8211; chienne\"}]},{\"@type\":\"WebSite\",\"@id\":\"https:\\\/\\\/www.vetorino.com\\\/boutique\\\/#website\",\"url\":\"https:\\\/\\\/www.vetorino.com\\\/boutique\\\/\",\"name\":\"V\u00e9torino\",\"description\":\"\",\"publisher\":{\"@id\":\"https:\\\/\\\/www.vetorino.com\\\/boutique\\\/#organization\"},\"potentialAction\":[{\"@type\":\"SearchAction\",\"target\":{\"@type\":\"EntryPoint\",\"urlTemplate\":\"https:\\\/\\\/www.vetorino.com\\\/boutique\\\/?s={search_term_string}\"},\"query-input\":{\"@type\":\"PropertyValueSpecification\",\"valueRequired\":true,\"valueName\":\"search_term_string\"}}],\"inLanguage\":\"fr-FR\"},{\"@type\":\"Organization\",\"@id\":\"https:\\\/\\\/www.vetorino.com\\\/boutique\\\/#organization\",\"name\":\"V\u00e9torino\",\"url\":\"https:\\\/\\\/www.vetorino.com\\\/boutique\\\/\",\"logo\":{\"@type\":\"ImageObject\",\"inLanguage\":\"fr-FR\",\"@id\":\"https:\\\/\\\/www.vetorino.com\\\/boutique\\\/#\\\/schema\\\/logo\\\/image\\\/\",\"url\":\"https:\\\/\\\/www.vetorino.com\\\/boutique\\\/wp-content\\\/uploads\\\/2024\\\/10\\\/logo.jpg\",\"contentUrl\":\"https:\\\/\\\/www.vetorino.com\\\/boutique\\\/wp-content\\\/uploads\\\/2024\\\/10\\\/logo.jpg\",\"width\":1200,\"height\":610,\"caption\":\"V\u00e9torino\"},\"image\":{\"@id\":\"https:\\\/\\\/www.vetorino.com\\\/boutique\\\/#\\\/schema\\\/logo\\\/image\\\/\"},\"sameAs\":[\"https:\\\/\\\/www.facebook.com\\\/Vetorino\\\/\",\"https:\\\/\\\/www.instagram.com\\\/vetorino_off\\\/\",\"https:\\\/\\\/www.linkedin.com\\\/company\\\/vtorino\\\/\"]}]}<\/script>\n<meta property=\"product:brand\" content=\"Zolux\" \/>\n<meta property=\"og:availability\" content=\"instock\" \/>\n<meta property=\"product:availability\" content=\"instock\" \/>\n<meta property=\"product:condition\" content=\"new\" \/>\n<!-- \/ Yoast SEO plugin. -->","yoast_head_json":{"title":"Culotte hygi\u00e9nique - chienne Zolux - V\u00e9torino","description":"Culotte hygi\u00e9nique confortable et respectueuse du bien \u00eatre de votre compagnon.  Slip hygi\u00e9nique canin pour \u00e9viter les accidents durant les chaleurs de l\u2019animal. Fonctionnel : emplacement pour prot\u00e8ge-culotte absorbant.  Guide des tailles :   Taille 0\u00a0:\u00a0tour de taille 18 \u00e0 23 cm  Taille 1\u00a0: tour de taille 24 \u00e0 31 cm  Taille 2\u00a0: tour de taille 32 \u00e0 39 cm  Taille 3\u00a0: tour de taille 40 \u00e0 49 cm  Taille 4\u00a0: tour de taille 50 \u00e0 59 cm  Taille 5\u00a0: tour de taille 60 \u00e0 70 cm  Pour choisir le bon mod\u00e8le, mesurer le tour de taille de l'animal. Si vous h\u00e9sitez entre deux tailles, il est conseill\u00e9 de choisir la plus grande.","robots":{"index":"noindex","follow":"nofollow"},"og_locale":"fr_FR","og_type":"article","og_title":"Culotte hygi\u00e9nique - chienne Zolux - V\u00e9torino","og_description":"Culotte hygi\u00e9nique confortable et respectueuse du bien \u00eatre de votre compagnon.  Slip hygi\u00e9nique canin pour \u00e9viter les accidents durant les chaleurs de l\u2019animal. Fonctionnel : emplacement pour prot\u00e8ge-culotte absorbant.  Guide des tailles :   Taille 0\u00a0:\u00a0tour de taille 18 \u00e0 23 cm  Taille 1\u00a0: tour de taille 24 \u00e0 31 cm  Taille 2\u00a0: tour de taille 32 \u00e0 39 cm  Taille 3\u00a0: tour de taille 40 \u00e0 49 cm  Taille 4\u00a0: tour de taille 50 \u00e0 59 cm  Taille 5\u00a0: tour de taille 60 \u00e0 70 cm  Pour choisir le bon mod\u00e8le, mesurer le tour de taille de l'animal. Si vous h\u00e9sitez entre deux tailles, il est conseill\u00e9 de choisir la plus grande.","og_url":"https:\/\/www.vetorino.com\/veterinaire\/villeurbanne\/boutique\/product\/culotte-hygienique-noire\/","og_site_name":"V\u00e9torino","article_publisher":"https:\/\/www.facebook.com\/Vetorino\/","article_modified_time":"2026-04-03T00:42:11+00:00","og_image":[{"width":800,"height":800,"url":"https:\/\/www.vetorino.com\/boutique\/wp-content\/uploads\/2020\/06\/culotte-hygienique-en-tissu.webp","type":"image\/webp"}],"twitter_card":"summary_large_image","twitter_misc":{"Disponibilit\u00e9":"En stock"},"schema":{"@context":"https:\/\/schema.org","@graph":[{"@type":"WebPage","@id":"https:\/\/www.vetorino.com\/boutique\/product\/culotte-hygienique-noire\/","url":"https:\/\/www.vetorino.com\/boutique\/product\/culotte-hygienique-noire\/","name":"Culotte hygi\u00e9nique - chienne Zolux - V\u00e9torino","isPartOf":{"@id":"https:\/\/www.vetorino.com\/boutique\/#website"},"primaryImageOfPage":{"@id":"https:\/\/www.vetorino.com\/boutique\/product\/culotte-hygienique-noire\/#primaryimage"},"image":{"@id":"https:\/\/www.vetorino.com\/boutique\/product\/culotte-hygienique-noire\/#primaryimage"},"thumbnailUrl":"https:\/\/www.vetorino.com\/boutique\/wp-content\/uploads\/2020\/06\/culotte-hygienique-en-tissu.webp","datePublished":"2020-06-29T14:04:38+00:00","dateModified":"2026-04-03T00:42:11+00:00","description":"Culotte hygi\u00e9nique confortable et respectueuse du bien \u00eatre de votre compagnon. Slip hygi\u00e9nique canin pour \u00e9viter les accidents durant les chaleurs de l\u2019animal. Fonctionnel : emplacement pour prot\u00e8ge-culotte absorbant. Guide des tailles : Taille 0\u00a0:\u00a0tour de taille 18 \u00e0 23 cm Taille 1\u00a0: tour de taille 24 \u00e0 31 cm Taille 2\u00a0: tour de taille 32 \u00e0 39 cm Taille 3\u00a0: tour de taille 40 \u00e0 49 cm Taille 4\u00a0: tour de taille 50 \u00e0 59 cm Taille 5\u00a0: tour de taille 60 \u00e0 70 cm Pour choisir le bon mod\u00e8le, mesurer le tour de taille de l'animal. Si vous h\u00e9sitez entre deux tailles, il est conseill\u00e9 de choisir la plus grande.","breadcrumb":{"@id":"https:\/\/www.vetorino.com\/boutique\/product\/culotte-hygienique-noire\/#breadcrumb"},"inLanguage":"fr-FR","potentialAction":[{"@type":"ReadAction","target":["https:\/\/www.vetorino.com\/boutique\/product\/culotte-hygienique-noire\/"]}]},{"@type":"ImageObject","inLanguage":"fr-FR","@id":"https:\/\/www.vetorino.com\/boutique\/product\/culotte-hygienique-noire\/#primaryimage","url":"https:\/\/www.vetorino.com\/boutique\/wp-content\/uploads\/2020\/06\/culotte-hygienique-en-tissu.webp","contentUrl":"https:\/\/www.vetorino.com\/boutique\/wp-content\/uploads\/2020\/06\/culotte-hygienique-en-tissu.webp","width":800,"height":800},{"@type":"BreadcrumbList","@id":"https:\/\/www.vetorino.com\/boutique\/product\/culotte-hygienique-noire\/#breadcrumb","itemListElement":[{"@type":"ListItem","position":1,"name":"Accueil","item":"https:\/\/www.vetorino.com\/boutique\/"},{"@type":"ListItem","position":2,"name":"Produits","item":"https:\/\/www.vetorino.com\/boutique\/"},{"@type":"ListItem","position":3,"name":"Culotte hygi\u00e9nique &#8211; chienne"}]},{"@type":"WebSite","@id":"https:\/\/www.vetorino.com\/boutique\/#website","url":"https:\/\/www.vetorino.com\/boutique\/","name":"V\u00e9torino","description":"","publisher":{"@id":"https:\/\/www.vetorino.com\/boutique\/#organization"},"potentialAction":[{"@type":"SearchAction","target":{"@type":"EntryPoint","urlTemplate":"https:\/\/www.vetorino.com\/boutique\/?s={search_term_string}"},"query-input":{"@type":"PropertyValueSpecification","valueRequired":true,"valueName":"search_term_string"}}],"inLanguage":"fr-FR"},{"@type":"Organization","@id":"https:\/\/www.vetorino.com\/boutique\/#organization","name":"V\u00e9torino","url":"https:\/\/www.vetorino.com\/boutique\/","logo":{"@type":"ImageObject","inLanguage":"fr-FR","@id":"https:\/\/www.vetorino.com\/boutique\/#\/schema\/logo\/image\/","url":"https:\/\/www.vetorino.com\/boutique\/wp-content\/uploads\/2024\/10\/logo.jpg","contentUrl":"https:\/\/www.vetorino.com\/boutique\/wp-content\/uploads\/2024\/10\/logo.jpg","width":1200,"height":610,"caption":"V\u00e9torino"},"image":{"@id":"https:\/\/www.vetorino.com\/boutique\/#\/schema\/logo\/image\/"},"sameAs":["https:\/\/www.facebook.com\/Vetorino\/","https:\/\/www.instagram.com\/vetorino_off\/","https:\/\/www.linkedin.com\/company\/vtorino\/"]}]},"product_brand":"Zolux","og_availability":"instock","product_availability":"instock","product_condition":"new"},"_links":{"self":[{"href":"https:\/\/www.vetorino.com\/veterinaire\/villeurbanne\/boutique\/wp-json\/wp\/v2\/product\/94797","targetHints":{"allow":["GET"]}}],"collection":[{"href":"https:\/\/www.vetorino.com\/veterinaire\/villeurbanne\/boutique\/wp-json\/wp\/v2\/product"}],"about":[{"href":"https:\/\/www.vetorino.com\/veterinaire\/villeurbanne\/boutique\/wp-json\/wp\/v2\/types\/product"}],"wp:featuredmedia":[{"embeddable":true,"href":"https:\/\/www.vetorino.com\/veterinaire\/villeurbanne\/boutique\/wp-json\/wp\/v2\/media\/1431188"}],"wp:attachment":[{"href":"https:\/\/www.vetorino.com\/veterinaire\/villeurbanne\/boutique\/wp-json\/wp\/v2\/media?parent=94797"}],"wp:term":[{"taxonomy":"product_cat","embeddable":true,"href":"https:\/\/www.vetorino.com\/veterinaire\/villeurbanne\/boutique\/wp-json\/wp\/v2\/product_cat?post=94797"},{"taxonomy":"product_tag","embeddable":true,"href":"https:\/\/www.vetorino.com\/veterinaire\/villeurbanne\/boutique\/wp-json\/wp\/v2\/product_tag?post=94797"}],"curies":[{"name":"wp","href":"https:\/\/api.w.org\/{rel}","templated":true}]}}