{"id":94830,"date":"2020-06-29T16:24:36","date_gmt":"2020-06-29T14:24:36","guid":{"rendered":"https:\/\/www.vetorino.com\/boutique\/product\/cuni-nature-fibrefood\/"},"modified":"2026-02-15T09:23:56","modified_gmt":"2026-02-15T08:23:56","slug":"cuni-nature-fibrefood","status":"publish","type":"product","link":"https:\/\/www.vetorino.com\/veterinaire\/villeurbanne\/boutique\/product\/cuni-nature-fibrefood\/","title":{"rendered":"Cuni Nature Fibrefood"},"content":{"rendered":"<p><strong>Nature Fibrefood<\/strong> est un aliment complet sans c\u00e9r\u00e9ales pour les lapins (nains) sensibles, tr\u00e8s digeste, fl\u00e9oles des pr\u00e9s et carottes, herbes essentielles pour la sant\u00e9 des dents et l&#8217;\u00e9quilibre de la flore intestinale.<\/p>\n<p><strong>Utilisation<\/strong> :<\/p>\n<ul>\n<li>Alimentation rongeur<\/li>\n<\/ul>\n","protected":false},"excerpt":{"rendered":"<p><strong>Nature Fibrefood<\/strong> est un aliment complet sans c\u00e9r\u00e9ales pour les lapins (nains) sensibles, tr\u00e8s digeste, fl\u00e9oles des pr\u00e9s et carottes, herbes essentielles pour la sant\u00e9 des dents et l&#8217;\u00e9quilibre de la flore intestinale.<\/p>\n<p><strong>Utilisation<\/strong> :<\/p>\n<ul>\n<li>Alimentation rongeur<\/li>\n<\/ul>\n","protected":false},"featured_media":76363,"template":"","meta":[],"product_cat":[2812,12563,2727],"product_tag":[],"class_list":{"0":"post-94830","1":"product","2":"type-product","3":"status-publish","4":"has-post-thumbnail","6":"product_cat-alimentation-pour-lapin-rongeur","7":"product_cat-lapin","8":"product_cat-nac","9":"pa_marque-versele-laga","11":"first","12":"outofstock","13":"taxable","14":"shipping-taxable","15":"purchasable","16":"product-type-simple"},"yoast_head":"<!-- This site is optimized with the Yoast SEO plugin v27.3 - https:\/\/yoast.com\/product\/yoast-seo-wordpress\/ -->\n<title>Cuni Nature Fibrefood Versele Laga - V\u00e9torino<\/title>\n<meta name=\"description\" content=\"Nature Fibrefood est un aliment complet sans c\u00e9r\u00e9ales pour les lapins (nains) sensibles, tr\u00e8s digeste, fl\u00e9oles des pr\u00e9s et carottes, herbes essentielles pour la sant\u00e9 des dents et l&#039;\u00e9quilibre de la flore intestinale.  Utilisation :   Alimentation rongeur\" \/>\n<meta name=\"robots\" content=\"noindex, nofollow\" \/>\n<meta property=\"og:locale\" content=\"fr_FR\" \/>\n<meta property=\"og:type\" content=\"article\" \/>\n<meta property=\"og:title\" content=\"Cuni Nature Fibrefood Versele Laga - V\u00e9torino\" \/>\n<meta property=\"og:description\" content=\"Nature Fibrefood est un aliment complet sans c\u00e9r\u00e9ales pour les lapins (nains) sensibles, tr\u00e8s digeste, fl\u00e9oles des pr\u00e9s et carottes, herbes essentielles pour la sant\u00e9 des dents et l&#039;\u00e9quilibre de la flore intestinale.  Utilisation :   Alimentation rongeur\" \/>\n<meta property=\"og:url\" content=\"https:\/\/www.vetorino.com\/veterinaire\/villeurbanne\/boutique\/product\/cuni-nature-fibrefood\/\" \/>\n<meta property=\"og:site_name\" content=\"V\u00e9torino\" \/>\n<meta property=\"article:publisher\" content=\"https:\/\/www.facebook.com\/Vetorino\/\" \/>\n<meta property=\"article:modified_time\" content=\"2026-02-15T08:23:56+00:00\" \/>\n<meta property=\"og:image\" content=\"https:\/\/www.vetorino.com\/boutique\/wp-content\/uploads\/2020\/03\/aliment-fibrefood-cuni-lapin-1-kg-nature-34.jpg\" \/>\n\t<meta property=\"og:image:width\" content=\"700\" \/>\n\t<meta property=\"og:image:height\" content=\"800\" \/>\n\t<meta property=\"og:image:type\" content=\"image\/jpeg\" \/>\n<meta name=\"twitter:card\" content=\"summary_large_image\" \/>\n<meta name=\"twitter:label1\" content=\"Prix\" \/>\n\t<meta name=\"twitter:data1\" content=\"7,69&euro;\" \/>\n\t<meta name=\"twitter:label2\" content=\"Disponibilit\u00e9\" \/>\n\t<meta name=\"twitter:data2\" content=\"Rupture de stock\" \/>\n<script type=\"application\/ld+json\" class=\"yoast-schema-graph\">{\"@context\":\"https:\\\/\\\/schema.org\",\"@graph\":[{\"@type\":\"WebPage\",\"@id\":\"https:\\\/\\\/www.vetorino.com\\\/boutique\\\/product\\\/cuni-nature-fibrefood\\\/\",\"url\":\"https:\\\/\\\/www.vetorino.com\\\/boutique\\\/product\\\/cuni-nature-fibrefood\\\/\",\"name\":\"Cuni Nature Fibrefood Versele Laga - V\u00e9torino\",\"isPartOf\":{\"@id\":\"https:\\\/\\\/www.vetorino.com\\\/boutique\\\/#website\"},\"primaryImageOfPage\":{\"@id\":\"https:\\\/\\\/www.vetorino.com\\\/boutique\\\/product\\\/cuni-nature-fibrefood\\\/#primaryimage\"},\"image\":{\"@id\":\"https:\\\/\\\/www.vetorino.com\\\/boutique\\\/product\\\/cuni-nature-fibrefood\\\/#primaryimage\"},\"thumbnailUrl\":\"https:\\\/\\\/www.vetorino.com\\\/boutique\\\/wp-content\\\/uploads\\\/2020\\\/03\\\/aliment-fibrefood-cuni-lapin-1-kg-nature-34.jpg\",\"datePublished\":\"2020-06-29T14:24:36+00:00\",\"dateModified\":\"2026-02-15T08:23:56+00:00\",\"description\":\"Nature Fibrefood est un aliment complet sans c\u00e9r\u00e9ales pour les lapins (nains) sensibles, tr\u00e8s digeste, fl\u00e9oles des pr\u00e9s et carottes, herbes essentielles pour la sant\u00e9 des dents et l'\u00e9quilibre de la flore intestinale. Utilisation : Alimentation rongeur\",\"breadcrumb\":{\"@id\":\"https:\\\/\\\/www.vetorino.com\\\/boutique\\\/product\\\/cuni-nature-fibrefood\\\/#breadcrumb\"},\"inLanguage\":\"fr-FR\",\"potentialAction\":[{\"@type\":\"ReadAction\",\"target\":[\"https:\\\/\\\/www.vetorino.com\\\/boutique\\\/product\\\/cuni-nature-fibrefood\\\/\"]}]},{\"@type\":\"ImageObject\",\"inLanguage\":\"fr-FR\",\"@id\":\"https:\\\/\\\/www.vetorino.com\\\/boutique\\\/product\\\/cuni-nature-fibrefood\\\/#primaryimage\",\"url\":\"https:\\\/\\\/www.vetorino.com\\\/boutique\\\/wp-content\\\/uploads\\\/2020\\\/03\\\/aliment-fibrefood-cuni-lapin-1-kg-nature-34.jpg\",\"contentUrl\":\"https:\\\/\\\/www.vetorino.com\\\/boutique\\\/wp-content\\\/uploads\\\/2020\\\/03\\\/aliment-fibrefood-cuni-lapin-1-kg-nature-34.jpg\",\"width\":700,\"height\":800},{\"@type\":\"BreadcrumbList\",\"@id\":\"https:\\\/\\\/www.vetorino.com\\\/boutique\\\/product\\\/cuni-nature-fibrefood\\\/#breadcrumb\",\"itemListElement\":[{\"@type\":\"ListItem\",\"position\":1,\"name\":\"Accueil\",\"item\":\"https:\\\/\\\/www.vetorino.com\\\/boutique\\\/\"},{\"@type\":\"ListItem\",\"position\":2,\"name\":\"Produits\",\"item\":\"https:\\\/\\\/www.vetorino.com\\\/boutique\\\/\"},{\"@type\":\"ListItem\",\"position\":3,\"name\":\"Cuni Nature Fibrefood\"}]},{\"@type\":\"WebSite\",\"@id\":\"https:\\\/\\\/www.vetorino.com\\\/boutique\\\/#website\",\"url\":\"https:\\\/\\\/www.vetorino.com\\\/boutique\\\/\",\"name\":\"V\u00e9torino\",\"description\":\"\",\"publisher\":{\"@id\":\"https:\\\/\\\/www.vetorino.com\\\/boutique\\\/#organization\"},\"potentialAction\":[{\"@type\":\"SearchAction\",\"target\":{\"@type\":\"EntryPoint\",\"urlTemplate\":\"https:\\\/\\\/www.vetorino.com\\\/boutique\\\/?s={search_term_string}\"},\"query-input\":{\"@type\":\"PropertyValueSpecification\",\"valueRequired\":true,\"valueName\":\"search_term_string\"}}],\"inLanguage\":\"fr-FR\"},{\"@type\":\"Organization\",\"@id\":\"https:\\\/\\\/www.vetorino.com\\\/boutique\\\/#organization\",\"name\":\"V\u00e9torino\",\"url\":\"https:\\\/\\\/www.vetorino.com\\\/boutique\\\/\",\"logo\":{\"@type\":\"ImageObject\",\"inLanguage\":\"fr-FR\",\"@id\":\"https:\\\/\\\/www.vetorino.com\\\/boutique\\\/#\\\/schema\\\/logo\\\/image\\\/\",\"url\":\"https:\\\/\\\/www.vetorino.com\\\/boutique\\\/wp-content\\\/uploads\\\/2024\\\/10\\\/logo.jpg\",\"contentUrl\":\"https:\\\/\\\/www.vetorino.com\\\/boutique\\\/wp-content\\\/uploads\\\/2024\\\/10\\\/logo.jpg\",\"width\":1200,\"height\":610,\"caption\":\"V\u00e9torino\"},\"image\":{\"@id\":\"https:\\\/\\\/www.vetorino.com\\\/boutique\\\/#\\\/schema\\\/logo\\\/image\\\/\"},\"sameAs\":[\"https:\\\/\\\/www.facebook.com\\\/Vetorino\\\/\",\"https:\\\/\\\/www.instagram.com\\\/vetorino_off\\\/\",\"https:\\\/\\\/www.linkedin.com\\\/company\\\/vtorino\\\/\"]}]}<\/script>\n<meta property=\"product:brand\" content=\"Versele Laga\" \/>\n<meta property=\"product:price:amount\" content=\"7.69\" \/>\n<meta property=\"product:price:currency\" content=\"EUR\" \/>\n<meta property=\"og:availability\" content=\"out of stock\" \/>\n<meta property=\"product:availability\" content=\"out of stock\" \/>\n<meta property=\"product:retailer_item_id\" content=\"C-CUN023\" \/>\n<meta property=\"product:condition\" content=\"new\" \/>\n<!-- \/ Yoast SEO plugin. -->","yoast_head_json":{"title":"Cuni Nature Fibrefood Versele Laga - V\u00e9torino","description":"Nature Fibrefood est un aliment complet sans c\u00e9r\u00e9ales pour les lapins (nains) sensibles, tr\u00e8s digeste, fl\u00e9oles des pr\u00e9s et carottes, herbes essentielles pour la sant\u00e9 des dents et l'\u00e9quilibre de la flore intestinale.  Utilisation :   Alimentation rongeur","robots":{"index":"noindex","follow":"nofollow"},"og_locale":"fr_FR","og_type":"article","og_title":"Cuni Nature Fibrefood Versele Laga - V\u00e9torino","og_description":"Nature Fibrefood est un aliment complet sans c\u00e9r\u00e9ales pour les lapins (nains) sensibles, tr\u00e8s digeste, fl\u00e9oles des pr\u00e9s et carottes, herbes essentielles pour la sant\u00e9 des dents et l'\u00e9quilibre de la flore intestinale.  Utilisation :   Alimentation rongeur","og_url":"https:\/\/www.vetorino.com\/veterinaire\/villeurbanne\/boutique\/product\/cuni-nature-fibrefood\/","og_site_name":"V\u00e9torino","article_publisher":"https:\/\/www.facebook.com\/Vetorino\/","article_modified_time":"2026-02-15T08:23:56+00:00","og_image":[{"width":700,"height":800,"url":"https:\/\/www.vetorino.com\/boutique\/wp-content\/uploads\/2020\/03\/aliment-fibrefood-cuni-lapin-1-kg-nature-34.jpg","type":"image\/jpeg"}],"twitter_card":"summary_large_image","twitter_misc":{"Prix":"7,69&euro;","Disponibilit\u00e9":"Rupture de stock"},"schema":{"@context":"https:\/\/schema.org","@graph":[{"@type":"WebPage","@id":"https:\/\/www.vetorino.com\/boutique\/product\/cuni-nature-fibrefood\/","url":"https:\/\/www.vetorino.com\/boutique\/product\/cuni-nature-fibrefood\/","name":"Cuni Nature Fibrefood Versele Laga - V\u00e9torino","isPartOf":{"@id":"https:\/\/www.vetorino.com\/boutique\/#website"},"primaryImageOfPage":{"@id":"https:\/\/www.vetorino.com\/boutique\/product\/cuni-nature-fibrefood\/#primaryimage"},"image":{"@id":"https:\/\/www.vetorino.com\/boutique\/product\/cuni-nature-fibrefood\/#primaryimage"},"thumbnailUrl":"https:\/\/www.vetorino.com\/boutique\/wp-content\/uploads\/2020\/03\/aliment-fibrefood-cuni-lapin-1-kg-nature-34.jpg","datePublished":"2020-06-29T14:24:36+00:00","dateModified":"2026-02-15T08:23:56+00:00","description":"Nature Fibrefood est un aliment complet sans c\u00e9r\u00e9ales pour les lapins (nains) sensibles, tr\u00e8s digeste, fl\u00e9oles des pr\u00e9s et carottes, herbes essentielles pour la sant\u00e9 des dents et l'\u00e9quilibre de la flore intestinale. Utilisation : Alimentation rongeur","breadcrumb":{"@id":"https:\/\/www.vetorino.com\/boutique\/product\/cuni-nature-fibrefood\/#breadcrumb"},"inLanguage":"fr-FR","potentialAction":[{"@type":"ReadAction","target":["https:\/\/www.vetorino.com\/boutique\/product\/cuni-nature-fibrefood\/"]}]},{"@type":"ImageObject","inLanguage":"fr-FR","@id":"https:\/\/www.vetorino.com\/boutique\/product\/cuni-nature-fibrefood\/#primaryimage","url":"https:\/\/www.vetorino.com\/boutique\/wp-content\/uploads\/2020\/03\/aliment-fibrefood-cuni-lapin-1-kg-nature-34.jpg","contentUrl":"https:\/\/www.vetorino.com\/boutique\/wp-content\/uploads\/2020\/03\/aliment-fibrefood-cuni-lapin-1-kg-nature-34.jpg","width":700,"height":800},{"@type":"BreadcrumbList","@id":"https:\/\/www.vetorino.com\/boutique\/product\/cuni-nature-fibrefood\/#breadcrumb","itemListElement":[{"@type":"ListItem","position":1,"name":"Accueil","item":"https:\/\/www.vetorino.com\/boutique\/"},{"@type":"ListItem","position":2,"name":"Produits","item":"https:\/\/www.vetorino.com\/boutique\/"},{"@type":"ListItem","position":3,"name":"Cuni Nature Fibrefood"}]},{"@type":"WebSite","@id":"https:\/\/www.vetorino.com\/boutique\/#website","url":"https:\/\/www.vetorino.com\/boutique\/","name":"V\u00e9torino","description":"","publisher":{"@id":"https:\/\/www.vetorino.com\/boutique\/#organization"},"potentialAction":[{"@type":"SearchAction","target":{"@type":"EntryPoint","urlTemplate":"https:\/\/www.vetorino.com\/boutique\/?s={search_term_string}"},"query-input":{"@type":"PropertyValueSpecification","valueRequired":true,"valueName":"search_term_string"}}],"inLanguage":"fr-FR"},{"@type":"Organization","@id":"https:\/\/www.vetorino.com\/boutique\/#organization","name":"V\u00e9torino","url":"https:\/\/www.vetorino.com\/boutique\/","logo":{"@type":"ImageObject","inLanguage":"fr-FR","@id":"https:\/\/www.vetorino.com\/boutique\/#\/schema\/logo\/image\/","url":"https:\/\/www.vetorino.com\/boutique\/wp-content\/uploads\/2024\/10\/logo.jpg","contentUrl":"https:\/\/www.vetorino.com\/boutique\/wp-content\/uploads\/2024\/10\/logo.jpg","width":1200,"height":610,"caption":"V\u00e9torino"},"image":{"@id":"https:\/\/www.vetorino.com\/boutique\/#\/schema\/logo\/image\/"},"sameAs":["https:\/\/www.facebook.com\/Vetorino\/","https:\/\/www.instagram.com\/vetorino_off\/","https:\/\/www.linkedin.com\/company\/vtorino\/"]}]},"product_brand":"Versele Laga","product_price_amount":"7.69","product_price_currency":"EUR","og_availability":"out of stock","product_availability":"out of stock","product_retailer_item_id":"C-CUN023","product_condition":"new"},"_links":{"self":[{"href":"https:\/\/www.vetorino.com\/veterinaire\/villeurbanne\/boutique\/wp-json\/wp\/v2\/product\/94830","targetHints":{"allow":["GET"]}}],"collection":[{"href":"https:\/\/www.vetorino.com\/veterinaire\/villeurbanne\/boutique\/wp-json\/wp\/v2\/product"}],"about":[{"href":"https:\/\/www.vetorino.com\/veterinaire\/villeurbanne\/boutique\/wp-json\/wp\/v2\/types\/product"}],"wp:featuredmedia":[{"embeddable":true,"href":"https:\/\/www.vetorino.com\/veterinaire\/villeurbanne\/boutique\/wp-json\/wp\/v2\/media\/76363"}],"wp:attachment":[{"href":"https:\/\/www.vetorino.com\/veterinaire\/villeurbanne\/boutique\/wp-json\/wp\/v2\/media?parent=94830"}],"wp:term":[{"taxonomy":"product_cat","embeddable":true,"href":"https:\/\/www.vetorino.com\/veterinaire\/villeurbanne\/boutique\/wp-json\/wp\/v2\/product_cat?post=94830"},{"taxonomy":"product_tag","embeddable":true,"href":"https:\/\/www.vetorino.com\/veterinaire\/villeurbanne\/boutique\/wp-json\/wp\/v2\/product_tag?post=94830"}],"curies":[{"name":"wp","href":"https:\/\/api.w.org\/{rel}","templated":true}]}}