{"id":95605,"date":"2020-06-29T17:07:09","date_gmt":"2020-06-29T15:07:09","guid":{"rendered":"https:\/\/www.vetorino.com\/boutique\/product\/emeraid-carnivore\/"},"modified":"2026-03-12T00:13:42","modified_gmt":"2026-03-11T23:13:42","slug":"emeraid-carnivore","status":"publish","type":"product","link":"https:\/\/www.vetorino.com\/veterinaire\/villeurbanne\/boutique\/product\/emeraid-carnivore\/","title":{"rendered":"Emeraid Carnivore"},"content":{"rendered":"<div class='hidden'>LAFEBER INTERNATIONAL LTD<\/div>\n<div class='hidden'>Rongeurs<\/div>\n<div class='hidden'>Convalescence<\/div>\n<div class='hidden'>Autres<\/div>\n<div class='hidden'>Autres<\/div>\n<div class='hidden'>Emeraid<\/div>\n<p>Emeraid Carnivore Exotique est con\u00e7u pour r\u00e9pondre aux besoins m\u00e9taboliques des carnivores les plus gravement malades et peut \u00eatre la source unique ou partielle de leur nutrition.<br \/>&#8211; Tous les acides amin\u00e9s essentiels et prot\u00e9ines de soja hydrolys\u00e9e pour une absorption optimale de la prot\u00e9ine.<br \/>&#8211; Extrait sec de sirop de glucose pour les besoins accrus en glucide n\u00e9cessaire en cas d&#8217;affaiblissement.<br \/>&#8211; Des niveaux \u00e9lev\u00e9s d&#8217;arginine et de glutamine pour r\u00e9pondre aux besoins du patient affaibli.<br \/>&#8211; Un m\u00e9lange hyperdigestible de mati\u00e8res grasses et de glucides simples et complexe pour l&#8217;apport d&#8217;\u00e9nergie \u00e9nergie.<br \/>&#8211; M\u00e9lange \u00e9quilibr\u00e9 en acides gras polyinsatur\u00e9s om\u00e9ga 3 et 6 <br \/>&#8211; Nucl\u00e9otides di\u00e9t\u00e9tiques pr\u00e9curseurs d&#8217;ADN et d&#8217;ARN.<\/p>\n","protected":false},"excerpt":{"rendered":"<p>LAFEBER INTERNATIONAL LTD Rongeurs Convalescence Autres Autres Emeraid Emeraid Carnivore Exotique est con\u00e7u pour r\u00e9pondre aux besoins m\u00e9taboliques des carnivores les plus gravement malades et peut \u00eatre la source unique ou partielle de leur nutrition.&#8211; Tous les acides amin\u00e9s essentiels et prot\u00e9ines de soja hydrolys\u00e9e pour une absorption optimale de la prot\u00e9ine.&#8211; Extrait sec de [&hellip;]<\/p>\n","protected":false},"featured_media":95604,"template":"","meta":[],"product_cat":[12576,12577,12579,12658,12674,12660,2744,2727,2746,2747,12570],"product_tag":[],"class_list":{"0":"post-95605","1":"product","2":"type-product","3":"status-publish","4":"has-post-thumbnail","6":"product_cat-alimentation-de-loiseau","7":"product_cat-alimentation-du-furet","8":"product_cat-alimentation-du-reptile","9":"product_cat-alimentation-medicalisee-pour-furet","10":"product_cat-alimentation-medicalisee-pour-oiseau","11":"product_cat-alimentation-medicalisee-pour-reptile","12":"product_cat-furet","13":"product_cat-nac","14":"product_cat-oiseau","15":"product_cat-reptile","16":"product_cat-rongeur","17":"pa_marque-lafeber-international-ltd","19":"first","20":"instock","21":"taxable","22":"shipping-taxable","23":"purchasable","24":"product-type-simple"},"yoast_head":"<!-- This site is optimized with the Yoast SEO plugin v27.3 - https:\/\/yoast.com\/product\/yoast-seo-wordpress\/ -->\n<title>Emeraid Carnivore LAFEBER INTERNATIONAL LTD - V\u00e9torino<\/title>\n<meta name=\"description\" content=\"LAFEBER INTERNATIONAL LTDRongeursConvalescenceAutresAutresEmeraidEmeraid Carnivore Exotique est con\u00e7u pour r\u00e9pondre aux besoins m\u00e9taboliques des\" \/>\n<meta name=\"robots\" content=\"noindex, nofollow\" \/>\n<meta property=\"og:locale\" content=\"fr_FR\" \/>\n<meta property=\"og:type\" content=\"article\" \/>\n<meta property=\"og:title\" content=\"Emeraid Carnivore LAFEBER INTERNATIONAL LTD - V\u00e9torino\" \/>\n<meta property=\"og:description\" content=\"LAFEBER INTERNATIONAL LTDRongeursConvalescenceAutresAutresEmeraidEmeraid Carnivore Exotique est con\u00e7u pour r\u00e9pondre aux besoins m\u00e9taboliques des\" \/>\n<meta property=\"og:url\" content=\"https:\/\/www.vetorino.com\/veterinaire\/villeurbanne\/boutique\/product\/emeraid-carnivore\/\" \/>\n<meta property=\"og:site_name\" content=\"V\u00e9torino\" \/>\n<meta property=\"article:publisher\" content=\"https:\/\/www.facebook.com\/Vetorino\/\" \/>\n<meta property=\"article:modified_time\" content=\"2026-03-11T23:13:42+00:00\" \/>\n<meta property=\"og:image\" content=\"https:\/\/www.vetorino.com\/boutique\/wp-content\/uploads\/2020\/06\/FilsEME005FormatMediumTypeIM.png\" \/>\n\t<meta property=\"og:image:width\" content=\"400\" \/>\n\t<meta property=\"og:image:height\" content=\"400\" \/>\n\t<meta property=\"og:image:type\" content=\"image\/png\" \/>\n<meta name=\"twitter:card\" content=\"summary_large_image\" \/>\n<meta name=\"twitter:label1\" content=\"Prix\" \/>\n\t<meta name=\"twitter:data1\" content=\"16,50&euro;\" \/>\n\t<meta name=\"twitter:label2\" content=\"Disponibilit\u00e9\" \/>\n\t<meta name=\"twitter:data2\" content=\"En stock\" \/>\n<script type=\"application\/ld+json\" class=\"yoast-schema-graph\">{\"@context\":\"https:\\\/\\\/schema.org\",\"@graph\":[{\"@type\":\"WebPage\",\"@id\":\"https:\\\/\\\/www.vetorino.com\\\/boutique\\\/product\\\/emeraid-carnivore\\\/\",\"url\":\"https:\\\/\\\/www.vetorino.com\\\/boutique\\\/product\\\/emeraid-carnivore\\\/\",\"name\":\"Emeraid Carnivore LAFEBER INTERNATIONAL LTD - V\u00e9torino\",\"isPartOf\":{\"@id\":\"https:\\\/\\\/www.vetorino.com\\\/boutique\\\/#website\"},\"primaryImageOfPage\":{\"@id\":\"https:\\\/\\\/www.vetorino.com\\\/boutique\\\/product\\\/emeraid-carnivore\\\/#primaryimage\"},\"image\":{\"@id\":\"https:\\\/\\\/www.vetorino.com\\\/boutique\\\/product\\\/emeraid-carnivore\\\/#primaryimage\"},\"thumbnailUrl\":\"https:\\\/\\\/www.vetorino.com\\\/boutique\\\/wp-content\\\/uploads\\\/2020\\\/06\\\/FilsEME005FormatMediumTypeIM.png\",\"datePublished\":\"2020-06-29T15:07:09+00:00\",\"dateModified\":\"2026-03-11T23:13:42+00:00\",\"description\":\"LAFEBER INTERNATIONAL LTDRongeursConvalescenceAutresAutresEmeraidEmeraid Carnivore Exotique est con\u00e7u pour r\u00e9pondre aux besoins m\u00e9taboliques des\",\"breadcrumb\":{\"@id\":\"https:\\\/\\\/www.vetorino.com\\\/boutique\\\/product\\\/emeraid-carnivore\\\/#breadcrumb\"},\"inLanguage\":\"fr-FR\",\"potentialAction\":[{\"@type\":\"ReadAction\",\"target\":[\"https:\\\/\\\/www.vetorino.com\\\/boutique\\\/product\\\/emeraid-carnivore\\\/\"]}]},{\"@type\":\"ImageObject\",\"inLanguage\":\"fr-FR\",\"@id\":\"https:\\\/\\\/www.vetorino.com\\\/boutique\\\/product\\\/emeraid-carnivore\\\/#primaryimage\",\"url\":\"https:\\\/\\\/www.vetorino.com\\\/boutique\\\/wp-content\\\/uploads\\\/2020\\\/06\\\/FilsEME005FormatMediumTypeIM.png\",\"contentUrl\":\"https:\\\/\\\/www.vetorino.com\\\/boutique\\\/wp-content\\\/uploads\\\/2020\\\/06\\\/FilsEME005FormatMediumTypeIM.png\",\"width\":400,\"height\":400},{\"@type\":\"BreadcrumbList\",\"@id\":\"https:\\\/\\\/www.vetorino.com\\\/boutique\\\/product\\\/emeraid-carnivore\\\/#breadcrumb\",\"itemListElement\":[{\"@type\":\"ListItem\",\"position\":1,\"name\":\"Accueil\",\"item\":\"https:\\\/\\\/www.vetorino.com\\\/boutique\\\/\"},{\"@type\":\"ListItem\",\"position\":2,\"name\":\"Produits\",\"item\":\"https:\\\/\\\/www.vetorino.com\\\/boutique\\\/\"},{\"@type\":\"ListItem\",\"position\":3,\"name\":\"Emeraid Carnivore\"}]},{\"@type\":\"WebSite\",\"@id\":\"https:\\\/\\\/www.vetorino.com\\\/boutique\\\/#website\",\"url\":\"https:\\\/\\\/www.vetorino.com\\\/boutique\\\/\",\"name\":\"V\u00e9torino\",\"description\":\"\",\"publisher\":{\"@id\":\"https:\\\/\\\/www.vetorino.com\\\/boutique\\\/#organization\"},\"potentialAction\":[{\"@type\":\"SearchAction\",\"target\":{\"@type\":\"EntryPoint\",\"urlTemplate\":\"https:\\\/\\\/www.vetorino.com\\\/boutique\\\/?s={search_term_string}\"},\"query-input\":{\"@type\":\"PropertyValueSpecification\",\"valueRequired\":true,\"valueName\":\"search_term_string\"}}],\"inLanguage\":\"fr-FR\"},{\"@type\":\"Organization\",\"@id\":\"https:\\\/\\\/www.vetorino.com\\\/boutique\\\/#organization\",\"name\":\"V\u00e9torino\",\"url\":\"https:\\\/\\\/www.vetorino.com\\\/boutique\\\/\",\"logo\":{\"@type\":\"ImageObject\",\"inLanguage\":\"fr-FR\",\"@id\":\"https:\\\/\\\/www.vetorino.com\\\/boutique\\\/#\\\/schema\\\/logo\\\/image\\\/\",\"url\":\"https:\\\/\\\/www.vetorino.com\\\/boutique\\\/wp-content\\\/uploads\\\/2024\\\/10\\\/logo.jpg\",\"contentUrl\":\"https:\\\/\\\/www.vetorino.com\\\/boutique\\\/wp-content\\\/uploads\\\/2024\\\/10\\\/logo.jpg\",\"width\":1200,\"height\":610,\"caption\":\"V\u00e9torino\"},\"image\":{\"@id\":\"https:\\\/\\\/www.vetorino.com\\\/boutique\\\/#\\\/schema\\\/logo\\\/image\\\/\"},\"sameAs\":[\"https:\\\/\\\/www.facebook.com\\\/Vetorino\\\/\",\"https:\\\/\\\/www.instagram.com\\\/vetorino_off\\\/\",\"https:\\\/\\\/www.linkedin.com\\\/company\\\/vtorino\\\/\"]}]}<\/script>\n<meta property=\"product:brand\" content=\"LAFEBER INTERNATIONAL LTD\" \/>\n<meta property=\"product:price:amount\" content=\"16.50\" \/>\n<meta property=\"product:price:currency\" content=\"EUR\" \/>\n<meta property=\"og:availability\" content=\"instock\" \/>\n<meta property=\"product:availability\" content=\"instock\" \/>\n<meta property=\"product:retailer_item_id\" content=\"C-EME005\" \/>\n<meta property=\"product:condition\" content=\"new\" \/>\n<!-- \/ Yoast SEO plugin. -->","yoast_head_json":{"title":"Emeraid Carnivore LAFEBER INTERNATIONAL LTD - V\u00e9torino","description":"LAFEBER INTERNATIONAL LTDRongeursConvalescenceAutresAutresEmeraidEmeraid Carnivore Exotique est con\u00e7u pour r\u00e9pondre aux besoins m\u00e9taboliques des","robots":{"index":"noindex","follow":"nofollow"},"og_locale":"fr_FR","og_type":"article","og_title":"Emeraid Carnivore LAFEBER INTERNATIONAL LTD - V\u00e9torino","og_description":"LAFEBER INTERNATIONAL LTDRongeursConvalescenceAutresAutresEmeraidEmeraid Carnivore Exotique est con\u00e7u pour r\u00e9pondre aux besoins m\u00e9taboliques des","og_url":"https:\/\/www.vetorino.com\/veterinaire\/villeurbanne\/boutique\/product\/emeraid-carnivore\/","og_site_name":"V\u00e9torino","article_publisher":"https:\/\/www.facebook.com\/Vetorino\/","article_modified_time":"2026-03-11T23:13:42+00:00","og_image":[{"width":400,"height":400,"url":"https:\/\/www.vetorino.com\/boutique\/wp-content\/uploads\/2020\/06\/FilsEME005FormatMediumTypeIM.png","type":"image\/png"}],"twitter_card":"summary_large_image","twitter_misc":{"Prix":"16,50&euro;","Disponibilit\u00e9":"En stock"},"schema":{"@context":"https:\/\/schema.org","@graph":[{"@type":"WebPage","@id":"https:\/\/www.vetorino.com\/boutique\/product\/emeraid-carnivore\/","url":"https:\/\/www.vetorino.com\/boutique\/product\/emeraid-carnivore\/","name":"Emeraid Carnivore LAFEBER INTERNATIONAL LTD - V\u00e9torino","isPartOf":{"@id":"https:\/\/www.vetorino.com\/boutique\/#website"},"primaryImageOfPage":{"@id":"https:\/\/www.vetorino.com\/boutique\/product\/emeraid-carnivore\/#primaryimage"},"image":{"@id":"https:\/\/www.vetorino.com\/boutique\/product\/emeraid-carnivore\/#primaryimage"},"thumbnailUrl":"https:\/\/www.vetorino.com\/boutique\/wp-content\/uploads\/2020\/06\/FilsEME005FormatMediumTypeIM.png","datePublished":"2020-06-29T15:07:09+00:00","dateModified":"2026-03-11T23:13:42+00:00","description":"LAFEBER INTERNATIONAL LTDRongeursConvalescenceAutresAutresEmeraidEmeraid Carnivore Exotique est con\u00e7u pour r\u00e9pondre aux besoins m\u00e9taboliques des","breadcrumb":{"@id":"https:\/\/www.vetorino.com\/boutique\/product\/emeraid-carnivore\/#breadcrumb"},"inLanguage":"fr-FR","potentialAction":[{"@type":"ReadAction","target":["https:\/\/www.vetorino.com\/boutique\/product\/emeraid-carnivore\/"]}]},{"@type":"ImageObject","inLanguage":"fr-FR","@id":"https:\/\/www.vetorino.com\/boutique\/product\/emeraid-carnivore\/#primaryimage","url":"https:\/\/www.vetorino.com\/boutique\/wp-content\/uploads\/2020\/06\/FilsEME005FormatMediumTypeIM.png","contentUrl":"https:\/\/www.vetorino.com\/boutique\/wp-content\/uploads\/2020\/06\/FilsEME005FormatMediumTypeIM.png","width":400,"height":400},{"@type":"BreadcrumbList","@id":"https:\/\/www.vetorino.com\/boutique\/product\/emeraid-carnivore\/#breadcrumb","itemListElement":[{"@type":"ListItem","position":1,"name":"Accueil","item":"https:\/\/www.vetorino.com\/boutique\/"},{"@type":"ListItem","position":2,"name":"Produits","item":"https:\/\/www.vetorino.com\/boutique\/"},{"@type":"ListItem","position":3,"name":"Emeraid Carnivore"}]},{"@type":"WebSite","@id":"https:\/\/www.vetorino.com\/boutique\/#website","url":"https:\/\/www.vetorino.com\/boutique\/","name":"V\u00e9torino","description":"","publisher":{"@id":"https:\/\/www.vetorino.com\/boutique\/#organization"},"potentialAction":[{"@type":"SearchAction","target":{"@type":"EntryPoint","urlTemplate":"https:\/\/www.vetorino.com\/boutique\/?s={search_term_string}"},"query-input":{"@type":"PropertyValueSpecification","valueRequired":true,"valueName":"search_term_string"}}],"inLanguage":"fr-FR"},{"@type":"Organization","@id":"https:\/\/www.vetorino.com\/boutique\/#organization","name":"V\u00e9torino","url":"https:\/\/www.vetorino.com\/boutique\/","logo":{"@type":"ImageObject","inLanguage":"fr-FR","@id":"https:\/\/www.vetorino.com\/boutique\/#\/schema\/logo\/image\/","url":"https:\/\/www.vetorino.com\/boutique\/wp-content\/uploads\/2024\/10\/logo.jpg","contentUrl":"https:\/\/www.vetorino.com\/boutique\/wp-content\/uploads\/2024\/10\/logo.jpg","width":1200,"height":610,"caption":"V\u00e9torino"},"image":{"@id":"https:\/\/www.vetorino.com\/boutique\/#\/schema\/logo\/image\/"},"sameAs":["https:\/\/www.facebook.com\/Vetorino\/","https:\/\/www.instagram.com\/vetorino_off\/","https:\/\/www.linkedin.com\/company\/vtorino\/"]}]},"product_brand":"LAFEBER INTERNATIONAL LTD","product_price_amount":"16.50","product_price_currency":"EUR","og_availability":"instock","product_availability":"instock","product_retailer_item_id":"C-EME005","product_condition":"new"},"_links":{"self":[{"href":"https:\/\/www.vetorino.com\/veterinaire\/villeurbanne\/boutique\/wp-json\/wp\/v2\/product\/95605","targetHints":{"allow":["GET"]}}],"collection":[{"href":"https:\/\/www.vetorino.com\/veterinaire\/villeurbanne\/boutique\/wp-json\/wp\/v2\/product"}],"about":[{"href":"https:\/\/www.vetorino.com\/veterinaire\/villeurbanne\/boutique\/wp-json\/wp\/v2\/types\/product"}],"wp:featuredmedia":[{"embeddable":true,"href":"https:\/\/www.vetorino.com\/veterinaire\/villeurbanne\/boutique\/wp-json\/wp\/v2\/media\/95604"}],"wp:attachment":[{"href":"https:\/\/www.vetorino.com\/veterinaire\/villeurbanne\/boutique\/wp-json\/wp\/v2\/media?parent=95605"}],"wp:term":[{"taxonomy":"product_cat","embeddable":true,"href":"https:\/\/www.vetorino.com\/veterinaire\/villeurbanne\/boutique\/wp-json\/wp\/v2\/product_cat?post=95605"},{"taxonomy":"product_tag","embeddable":true,"href":"https:\/\/www.vetorino.com\/veterinaire\/villeurbanne\/boutique\/wp-json\/wp\/v2\/product_tag?post=95605"}],"curies":[{"name":"wp","href":"https:\/\/api.w.org\/{rel}","templated":true}]}}