{"id":98640,"date":"2020-06-30T01:08:37","date_gmt":"2020-06-29T23:08:37","guid":{"rendered":"https:\/\/www.vetorino.com\/boutique\/product\/lactanase\/"},"modified":"2026-04-02T18:40:34","modified_gmt":"2026-04-02T16:40:34","slug":"lactanase","status":"publish","type":"product","link":"https:\/\/www.vetorino.com\/veterinaire\/villeurbanne\/boutique\/product\/lactanase\/","title":{"rendered":"Lactanase"},"content":{"rendered":"<p>Lactanase de Vita Flex rel\u00e8ve d&#8217;une formulation unique assurant un un fonctionnement optimal des muscles du cheval et une meilleure r\u00e9cup\u00e9ration de l&#8217;effort.<\/p>\n<p>Ce compl\u00e9ment alimentaire pour chevaux, facilement assimilable, est particuli\u00e8rement recommand\u00e9 chez le cheval athl\u00e8te en pr\u00e9paration d&#8217;une course, d&#8217;une comp\u00e9tition ou d&#8217;un entra\u00eenement intensif.<\/p>\n<p>Sa formule unique apporte des \u00e9l\u00e9ments essentiels \u00e0 la transformation en \u00e9nergie des hydrates de carbone et des graisses de la ration, soutenant ainsi les m\u00e9tabolismes a\u00e9robie et ana\u00e9robie et diminuant l&#8217;accumulation du lactate musculaire.<\/p>\n<p>Il assure ainsi un fonctionnement optimal des muscles du cheval athl\u00e8te, augmente sa r\u00e9sistance \u00e0 l&#8217;effort et retarde le processus de fatigue.<\/p>\n<p>M\u00e9langer \u00e0 la ration.<\/p>\n<p>Doses recommand\u00e9es<br \/>\n&#8211; Efforts tr\u00e8s importants : 1 sachet par jour pendant 2 jours puis 1\/2 \u00e0 1 sachet par jour.<br \/>\n&#8211; Pour une course ou une comp\u00e9tition : 1 sachet 2 \u00e0 3 heures avant la course ou la comp\u00e9tition.<br \/>\nPour un effet maximum, donner \u00e9galement 1 sachet la veille au soir de la course ou de la comp\u00e9tition.<\/p>\n<p>N&#8217;h\u00e9sitez pas \u00e0 demander conseil \u00e0 votre v\u00e9t\u00e9rinaire.<\/p>\n","protected":false},"excerpt":{"rendered":"<p>Sachet de 25g.<\/p>\n<p>Lactanase de Vita Flex rel\u00e8ve d&#8217;une formulation unique assurant un un fonctionnement optimal des muscles du cheval et une meilleure r\u00e9cup\u00e9ration de l&#8217;effort.<br \/>\nCe compl\u00e9ment alimentaire pour chevaux, facilement assimilable, est particuli\u00e8rement recommand\u00e9 chez le cheval athl\u00e8te en pr\u00e9paration d&#8217;une course, d&#8217;une comp\u00e9tition ou d&#8217;un entra\u00eenement intensif.<\/p>\n","protected":false},"featured_media":178090,"template":"","meta":[],"product_cat":[12564,12547,14072,12753,13093,12754],"product_tag":[],"class_list":{"0":"post-98640","1":"product","2":"type-product","3":"status-publish","4":"has-post-thumbnail","6":"product_cat-locomotion-du-cheval","7":"product_cat-cheval","8":"product_cat-dietetique-et-complements-alimentaires-du-cheval","9":"product_cat-muscle-du-cheval","10":"product_cat-soin-musculaire-du-cheval","11":"product_cat-soins-au-quotidien-du-cheval","12":"pa_marque-pommier-nutrition-ex-fed","14":"first","15":"outofstock","16":"taxable","17":"shipping-taxable","18":"purchasable","19":"product-type-simple"},"yoast_head":"<!-- This site is optimized with the Yoast SEO plugin v27.3 - https:\/\/yoast.com\/product\/yoast-seo-wordpress\/ -->\n<title>Lactanase Pommier Nutrition Ex - V\u00e9torino<\/title>\n<meta name=\"description\" content=\"Sachet de 25g.  Lactanase de Vita Flex rel\u00e8ve d&#039;une formulation unique assurant un un fonctionnement optimal des muscles du cheval et une meilleure r\u00e9cup\u00e9ration de l&#039;effort. Ce compl\u00e9ment alimentaire pour chevaux, facilement assimilable, est particuli\u00e8rement recommand\u00e9 chez le cheval athl\u00e8te en pr\u00e9paration d&#039;une course, d&#039;une comp\u00e9tition ou d&#039;un entra\u00eenement intensif.\" \/>\n<meta name=\"robots\" content=\"noindex, nofollow\" \/>\n<meta property=\"og:locale\" content=\"fr_FR\" \/>\n<meta property=\"og:type\" content=\"article\" \/>\n<meta property=\"og:title\" content=\"Lactanase Pommier Nutrition Ex - V\u00e9torino\" \/>\n<meta property=\"og:description\" content=\"Sachet de 25g.  Lactanase de Vita Flex rel\u00e8ve d&#039;une formulation unique assurant un un fonctionnement optimal des muscles du cheval et une meilleure r\u00e9cup\u00e9ration de l&#039;effort. Ce compl\u00e9ment alimentaire pour chevaux, facilement assimilable, est particuli\u00e8rement recommand\u00e9 chez le cheval athl\u00e8te en pr\u00e9paration d&#039;une course, d&#039;une comp\u00e9tition ou d&#039;un entra\u00eenement intensif.\" \/>\n<meta property=\"og:url\" content=\"https:\/\/www.vetorino.com\/veterinaire\/villeurbanne\/boutique\/product\/lactanase\/\" \/>\n<meta property=\"og:site_name\" content=\"V\u00e9torino\" \/>\n<meta property=\"article:publisher\" content=\"https:\/\/www.facebook.com\/Vetorino\/\" \/>\n<meta property=\"article:modified_time\" content=\"2026-04-02T16:40:34+00:00\" \/>\n<meta property=\"og:image\" content=\"https:\/\/www.vetorino.com\/boutique\/wp-content\/uploads\/2020\/06\/lactanase-vita-flex.jpg\" \/>\n\t<meta property=\"og:image:width\" content=\"458\" \/>\n\t<meta property=\"og:image:height\" content=\"458\" \/>\n\t<meta property=\"og:image:type\" content=\"image\/jpeg\" \/>\n<meta name=\"twitter:card\" content=\"summary_large_image\" \/>\n<meta name=\"twitter:label1\" content=\"Prix\" \/>\n\t<meta name=\"twitter:data1\" content=\"32,03&euro;\" \/>\n\t<meta name=\"twitter:label2\" content=\"Disponibilit\u00e9\" \/>\n\t<meta name=\"twitter:data2\" content=\"Rupture de stock\" \/>\n<script type=\"application\/ld+json\" class=\"yoast-schema-graph\">{\"@context\":\"https:\\\/\\\/schema.org\",\"@graph\":[{\"@type\":\"WebPage\",\"@id\":\"https:\\\/\\\/www.vetorino.com\\\/boutique\\\/product\\\/lactanase\\\/\",\"url\":\"https:\\\/\\\/www.vetorino.com\\\/boutique\\\/product\\\/lactanase\\\/\",\"name\":\"Lactanase Pommier Nutrition Ex - V\u00e9torino\",\"isPartOf\":{\"@id\":\"https:\\\/\\\/www.vetorino.com\\\/boutique\\\/#website\"},\"primaryImageOfPage\":{\"@id\":\"https:\\\/\\\/www.vetorino.com\\\/boutique\\\/product\\\/lactanase\\\/#primaryimage\"},\"image\":{\"@id\":\"https:\\\/\\\/www.vetorino.com\\\/boutique\\\/product\\\/lactanase\\\/#primaryimage\"},\"thumbnailUrl\":\"https:\\\/\\\/www.vetorino.com\\\/boutique\\\/wp-content\\\/uploads\\\/2020\\\/06\\\/lactanase-vita-flex.jpg\",\"datePublished\":\"2020-06-29T23:08:37+00:00\",\"dateModified\":\"2026-04-02T16:40:34+00:00\",\"description\":\"Sachet de 25g. Lactanase de Vita Flex rel\u00e8ve d'une formulation unique assurant un un fonctionnement optimal des muscles du cheval et une meilleure r\u00e9cup\u00e9ration de l'effort. Ce compl\u00e9ment alimentaire pour chevaux, facilement assimilable, est particuli\u00e8rement recommand\u00e9 chez le cheval athl\u00e8te en pr\u00e9paration d'une course, d'une comp\u00e9tition ou d'un entra\u00eenement intensif.\",\"breadcrumb\":{\"@id\":\"https:\\\/\\\/www.vetorino.com\\\/boutique\\\/product\\\/lactanase\\\/#breadcrumb\"},\"inLanguage\":\"fr-FR\",\"potentialAction\":[{\"@type\":\"ReadAction\",\"target\":[\"https:\\\/\\\/www.vetorino.com\\\/boutique\\\/product\\\/lactanase\\\/\"]}]},{\"@type\":\"ImageObject\",\"inLanguage\":\"fr-FR\",\"@id\":\"https:\\\/\\\/www.vetorino.com\\\/boutique\\\/product\\\/lactanase\\\/#primaryimage\",\"url\":\"https:\\\/\\\/www.vetorino.com\\\/boutique\\\/wp-content\\\/uploads\\\/2020\\\/06\\\/lactanase-vita-flex.jpg\",\"contentUrl\":\"https:\\\/\\\/www.vetorino.com\\\/boutique\\\/wp-content\\\/uploads\\\/2020\\\/06\\\/lactanase-vita-flex.jpg\",\"width\":458,\"height\":458},{\"@type\":\"BreadcrumbList\",\"@id\":\"https:\\\/\\\/www.vetorino.com\\\/boutique\\\/product\\\/lactanase\\\/#breadcrumb\",\"itemListElement\":[{\"@type\":\"ListItem\",\"position\":1,\"name\":\"Accueil\",\"item\":\"https:\\\/\\\/www.vetorino.com\\\/boutique\\\/\"},{\"@type\":\"ListItem\",\"position\":2,\"name\":\"Produits\",\"item\":\"https:\\\/\\\/www.vetorino.com\\\/boutique\\\/\"},{\"@type\":\"ListItem\",\"position\":3,\"name\":\"Lactanase\"}]},{\"@type\":\"WebSite\",\"@id\":\"https:\\\/\\\/www.vetorino.com\\\/boutique\\\/#website\",\"url\":\"https:\\\/\\\/www.vetorino.com\\\/boutique\\\/\",\"name\":\"V\u00e9torino\",\"description\":\"\",\"publisher\":{\"@id\":\"https:\\\/\\\/www.vetorino.com\\\/boutique\\\/#organization\"},\"potentialAction\":[{\"@type\":\"SearchAction\",\"target\":{\"@type\":\"EntryPoint\",\"urlTemplate\":\"https:\\\/\\\/www.vetorino.com\\\/boutique\\\/?s={search_term_string}\"},\"query-input\":{\"@type\":\"PropertyValueSpecification\",\"valueRequired\":true,\"valueName\":\"search_term_string\"}}],\"inLanguage\":\"fr-FR\"},{\"@type\":\"Organization\",\"@id\":\"https:\\\/\\\/www.vetorino.com\\\/boutique\\\/#organization\",\"name\":\"V\u00e9torino\",\"url\":\"https:\\\/\\\/www.vetorino.com\\\/boutique\\\/\",\"logo\":{\"@type\":\"ImageObject\",\"inLanguage\":\"fr-FR\",\"@id\":\"https:\\\/\\\/www.vetorino.com\\\/boutique\\\/#\\\/schema\\\/logo\\\/image\\\/\",\"url\":\"https:\\\/\\\/www.vetorino.com\\\/boutique\\\/wp-content\\\/uploads\\\/2024\\\/10\\\/logo.jpg\",\"contentUrl\":\"https:\\\/\\\/www.vetorino.com\\\/boutique\\\/wp-content\\\/uploads\\\/2024\\\/10\\\/logo.jpg\",\"width\":1200,\"height\":610,\"caption\":\"V\u00e9torino\"},\"image\":{\"@id\":\"https:\\\/\\\/www.vetorino.com\\\/boutique\\\/#\\\/schema\\\/logo\\\/image\\\/\"},\"sameAs\":[\"https:\\\/\\\/www.facebook.com\\\/Vetorino\\\/\",\"https:\\\/\\\/www.instagram.com\\\/vetorino_off\\\/\",\"https:\\\/\\\/www.linkedin.com\\\/company\\\/vtorino\\\/\"]}]}<\/script>\n<meta property=\"product:brand\" content=\"Pommier Nutrition Ex\" \/>\n<meta property=\"product:price:amount\" content=\"32.03\" \/>\n<meta property=\"product:price:currency\" content=\"EUR\" \/>\n<meta property=\"og:availability\" content=\"out of stock\" \/>\n<meta property=\"product:availability\" content=\"out of stock\" \/>\n<meta property=\"product:retailer_item_id\" content=\"C-LAC011\" \/>\n<meta property=\"product:condition\" content=\"new\" \/>\n<!-- \/ Yoast SEO plugin. -->","yoast_head_json":{"title":"Lactanase Pommier Nutrition Ex - V\u00e9torino","description":"Sachet de 25g.  Lactanase de Vita Flex rel\u00e8ve d'une formulation unique assurant un un fonctionnement optimal des muscles du cheval et une meilleure r\u00e9cup\u00e9ration de l'effort. Ce compl\u00e9ment alimentaire pour chevaux, facilement assimilable, est particuli\u00e8rement recommand\u00e9 chez le cheval athl\u00e8te en pr\u00e9paration d'une course, d'une comp\u00e9tition ou d'un entra\u00eenement intensif.","robots":{"index":"noindex","follow":"nofollow"},"og_locale":"fr_FR","og_type":"article","og_title":"Lactanase Pommier Nutrition Ex - V\u00e9torino","og_description":"Sachet de 25g.  Lactanase de Vita Flex rel\u00e8ve d'une formulation unique assurant un un fonctionnement optimal des muscles du cheval et une meilleure r\u00e9cup\u00e9ration de l'effort. Ce compl\u00e9ment alimentaire pour chevaux, facilement assimilable, est particuli\u00e8rement recommand\u00e9 chez le cheval athl\u00e8te en pr\u00e9paration d'une course, d'une comp\u00e9tition ou d'un entra\u00eenement intensif.","og_url":"https:\/\/www.vetorino.com\/veterinaire\/villeurbanne\/boutique\/product\/lactanase\/","og_site_name":"V\u00e9torino","article_publisher":"https:\/\/www.facebook.com\/Vetorino\/","article_modified_time":"2026-04-02T16:40:34+00:00","og_image":[{"width":458,"height":458,"url":"https:\/\/www.vetorino.com\/boutique\/wp-content\/uploads\/2020\/06\/lactanase-vita-flex.jpg","type":"image\/jpeg"}],"twitter_card":"summary_large_image","twitter_misc":{"Prix":"32,03&euro;","Disponibilit\u00e9":"Rupture de stock"},"schema":{"@context":"https:\/\/schema.org","@graph":[{"@type":"WebPage","@id":"https:\/\/www.vetorino.com\/boutique\/product\/lactanase\/","url":"https:\/\/www.vetorino.com\/boutique\/product\/lactanase\/","name":"Lactanase Pommier Nutrition Ex - V\u00e9torino","isPartOf":{"@id":"https:\/\/www.vetorino.com\/boutique\/#website"},"primaryImageOfPage":{"@id":"https:\/\/www.vetorino.com\/boutique\/product\/lactanase\/#primaryimage"},"image":{"@id":"https:\/\/www.vetorino.com\/boutique\/product\/lactanase\/#primaryimage"},"thumbnailUrl":"https:\/\/www.vetorino.com\/boutique\/wp-content\/uploads\/2020\/06\/lactanase-vita-flex.jpg","datePublished":"2020-06-29T23:08:37+00:00","dateModified":"2026-04-02T16:40:34+00:00","description":"Sachet de 25g. Lactanase de Vita Flex rel\u00e8ve d'une formulation unique assurant un un fonctionnement optimal des muscles du cheval et une meilleure r\u00e9cup\u00e9ration de l'effort. Ce compl\u00e9ment alimentaire pour chevaux, facilement assimilable, est particuli\u00e8rement recommand\u00e9 chez le cheval athl\u00e8te en pr\u00e9paration d'une course, d'une comp\u00e9tition ou d'un entra\u00eenement intensif.","breadcrumb":{"@id":"https:\/\/www.vetorino.com\/boutique\/product\/lactanase\/#breadcrumb"},"inLanguage":"fr-FR","potentialAction":[{"@type":"ReadAction","target":["https:\/\/www.vetorino.com\/boutique\/product\/lactanase\/"]}]},{"@type":"ImageObject","inLanguage":"fr-FR","@id":"https:\/\/www.vetorino.com\/boutique\/product\/lactanase\/#primaryimage","url":"https:\/\/www.vetorino.com\/boutique\/wp-content\/uploads\/2020\/06\/lactanase-vita-flex.jpg","contentUrl":"https:\/\/www.vetorino.com\/boutique\/wp-content\/uploads\/2020\/06\/lactanase-vita-flex.jpg","width":458,"height":458},{"@type":"BreadcrumbList","@id":"https:\/\/www.vetorino.com\/boutique\/product\/lactanase\/#breadcrumb","itemListElement":[{"@type":"ListItem","position":1,"name":"Accueil","item":"https:\/\/www.vetorino.com\/boutique\/"},{"@type":"ListItem","position":2,"name":"Produits","item":"https:\/\/www.vetorino.com\/boutique\/"},{"@type":"ListItem","position":3,"name":"Lactanase"}]},{"@type":"WebSite","@id":"https:\/\/www.vetorino.com\/boutique\/#website","url":"https:\/\/www.vetorino.com\/boutique\/","name":"V\u00e9torino","description":"","publisher":{"@id":"https:\/\/www.vetorino.com\/boutique\/#organization"},"potentialAction":[{"@type":"SearchAction","target":{"@type":"EntryPoint","urlTemplate":"https:\/\/www.vetorino.com\/boutique\/?s={search_term_string}"},"query-input":{"@type":"PropertyValueSpecification","valueRequired":true,"valueName":"search_term_string"}}],"inLanguage":"fr-FR"},{"@type":"Organization","@id":"https:\/\/www.vetorino.com\/boutique\/#organization","name":"V\u00e9torino","url":"https:\/\/www.vetorino.com\/boutique\/","logo":{"@type":"ImageObject","inLanguage":"fr-FR","@id":"https:\/\/www.vetorino.com\/boutique\/#\/schema\/logo\/image\/","url":"https:\/\/www.vetorino.com\/boutique\/wp-content\/uploads\/2024\/10\/logo.jpg","contentUrl":"https:\/\/www.vetorino.com\/boutique\/wp-content\/uploads\/2024\/10\/logo.jpg","width":1200,"height":610,"caption":"V\u00e9torino"},"image":{"@id":"https:\/\/www.vetorino.com\/boutique\/#\/schema\/logo\/image\/"},"sameAs":["https:\/\/www.facebook.com\/Vetorino\/","https:\/\/www.instagram.com\/vetorino_off\/","https:\/\/www.linkedin.com\/company\/vtorino\/"]}]},"product_brand":"Pommier Nutrition Ex","product_price_amount":"32.03","product_price_currency":"EUR","og_availability":"out of stock","product_availability":"out of stock","product_retailer_item_id":"C-LAC011","product_condition":"new"},"_links":{"self":[{"href":"https:\/\/www.vetorino.com\/veterinaire\/villeurbanne\/boutique\/wp-json\/wp\/v2\/product\/98640","targetHints":{"allow":["GET"]}}],"collection":[{"href":"https:\/\/www.vetorino.com\/veterinaire\/villeurbanne\/boutique\/wp-json\/wp\/v2\/product"}],"about":[{"href":"https:\/\/www.vetorino.com\/veterinaire\/villeurbanne\/boutique\/wp-json\/wp\/v2\/types\/product"}],"wp:featuredmedia":[{"embeddable":true,"href":"https:\/\/www.vetorino.com\/veterinaire\/villeurbanne\/boutique\/wp-json\/wp\/v2\/media\/178090"}],"wp:attachment":[{"href":"https:\/\/www.vetorino.com\/veterinaire\/villeurbanne\/boutique\/wp-json\/wp\/v2\/media?parent=98640"}],"wp:term":[{"taxonomy":"product_cat","embeddable":true,"href":"https:\/\/www.vetorino.com\/veterinaire\/villeurbanne\/boutique\/wp-json\/wp\/v2\/product_cat?post=98640"},{"taxonomy":"product_tag","embeddable":true,"href":"https:\/\/www.vetorino.com\/veterinaire\/villeurbanne\/boutique\/wp-json\/wp\/v2\/product_tag?post=98640"}],"curies":[{"name":"wp","href":"https:\/\/api.w.org\/{rel}","templated":true}]}}