{"id":311077,"date":"2022-04-06T04:35:00","date_gmt":"2022-04-06T02:35:00","guid":{"rendered":"https:\/\/www.vetorino.com\/boutique\/product\/secure-bunny-gel-2\/"},"modified":"2024-04-24T10:30:19","modified_gmt":"2024-04-24T08:30:19","slug":"secure-bunny-gel-2","status":"publish","type":"product","link":"https:\/\/www.vetorino.com\/veterinaire\/vincennes-loup-94300\/boutique\/product\/secure-bunny-gel-2\/","title":{"rendered":"Secure bunny gel"},"content":{"rendered":"<p><strong>Bloc gel diffuseur d&#8217;analogue<\/strong> de la ph\u00e9romone maternelle apaisante de la lapine.<\/p>\n<p>Innovation dans les solutions apaisantes pour les lapins, Securebunny diffuse un analogue (copie) de la ph\u00e9romone maternelle apaisante de lapin. Directement reconnu par le lapin, Securebunny aide \u00e0 apaiser, rassurer et r\u00e9duire les probl\u00e8mes comportementaux li\u00e9s au stress et \u00e0 l&#8217;anxi\u00e9t\u00e9.<\/p>\n<p>Pour un usage grand public, permet de r\u00e9duire le stress dans les situations angoissantes pour le lapin :<\/p>\n<ul>\n<li>Adaptation \u00e0 une nouvelle maison, une nouvelle famille<\/li>\n<li>D\u00e9m\u00e9nagement<\/li>\n<li>Introduction de nouvelles personnes ou d&#8217;animaux \u00e0 la maison<\/li>\n<li>Vacances<\/li>\n<li>Transport de longue dur\u00e9e<\/li>\n<li>Bruits inhabituels<\/li>\n<\/ul>\n<p><strong>Securebunny<\/strong> peut \u00e9galement aider les v\u00e9t\u00e9rinaires dans la gestion des probl\u00e8mes comportementaux :<\/p>\n<ul>\n<li>Comportement agressif (notamment territorial avec le frapper du pied)<\/li>\n<li>Anxi\u00e9t\u00e9 avec inhibition (lapins cach\u00e9s)<\/li>\n<li>Maisons avec plusieurs animaux et de conflits impliquant des lapins<\/li>\n<li>Lapins anxieux avec \u00e9pisodes r\u00e9p\u00e9t\u00e9s de troubles digestifs<\/li>\n<\/ul>\n<p>&nbsp;<\/p>\n<p>Convient \u00e0 toutes les races de lapins.<\/p>\n","protected":false},"excerpt":{"rendered":"<p><strong>Secure Bunny <\/strong>est un bloc diffuseur de Ph\u00e9romone maternelle apaisante pour Lapin. Contenue dans un gel hydrophile,\u00a0<strong>Secure Bunny<\/strong> se diffuse durant la d\u00e9shydratation du gel. En faisant b\u00e9n\u00e9ficier le lapin de la ph\u00e9romonoth\u00e9rapie.<\/p>\n","protected":false},"featured_media":904104,"template":"","meta":[],"product_cat":[12659,12593,12563,2727],"product_tag":[],"class_list":{"0":"post-311077","1":"product","2":"type-product","3":"status-publish","4":"has-post-thumbnail","6":"product_cat-alimentation-medicalisee-pour-lapin","7":"product_cat-comportement-du-lapin","8":"product_cat-lapin","9":"product_cat-nac","10":"pa_marque-signs","12":"first","13":"outofstock","14":"taxable","15":"shipping-taxable","16":"purchasable","17":"product-type-simple"},"yoast_head":"<!-- This site is optimized with the Yoast SEO plugin v27.3 - https:\/\/yoast.com\/product\/yoast-seo-wordpress\/ -->\n<title>Secure bunny gel Signs - V\u00e9torino<\/title>\n<meta name=\"description\" content=\"Secure Bunny est un bloc diffuseur de Ph\u00e9romone maternelle apaisante pour Lapin. Contenue dans un gel hydrophile,\u00a0Secure Bunny se diffuse durant la d\u00e9shydratation du gel. En faisant b\u00e9n\u00e9ficier le lapin de la ph\u00e9romonoth\u00e9rapie.\" \/>\n<meta name=\"robots\" content=\"noindex, nofollow\" \/>\n<meta property=\"og:locale\" content=\"fr_FR\" \/>\n<meta property=\"og:type\" content=\"article\" \/>\n<meta property=\"og:title\" content=\"Secure bunny gel Signs - V\u00e9torino\" \/>\n<meta property=\"og:description\" content=\"Secure Bunny est un bloc diffuseur de Ph\u00e9romone maternelle apaisante pour Lapin. Contenue dans un gel hydrophile,\u00a0Secure Bunny se diffuse durant la d\u00e9shydratation du gel. En faisant b\u00e9n\u00e9ficier le lapin de la ph\u00e9romonoth\u00e9rapie.\" \/>\n<meta property=\"og:url\" content=\"https:\/\/www.vetorino.com\/veterinaire\/vincennes-loup-94300\/boutique\/product\/secure-bunny-gel-2\/\" \/>\n<meta property=\"og:site_name\" content=\"V\u00e9torino\" \/>\n<meta property=\"article:publisher\" content=\"https:\/\/www.facebook.com\/Vetorino\/\" \/>\n<meta property=\"article:modified_time\" content=\"2024-04-24T08:30:19+00:00\" \/>\n<meta property=\"og:image\" content=\"https:\/\/www.vetorino.com\/boutique\/wp-content\/uploads\/2020\/09\/logo-vetorino-1.png\" \/>\n\t<meta property=\"og:image:width\" content=\"539\" \/>\n\t<meta property=\"og:image:height\" content=\"224\" \/>\n\t<meta property=\"og:image:type\" content=\"image\/png\" \/>\n<meta name=\"twitter:card\" content=\"summary_large_image\" \/>\n<meta name=\"twitter:label1\" content=\"Prix\" \/>\n\t<meta name=\"twitter:data1\" content=\"18,96&euro;\" \/>\n\t<meta name=\"twitter:label2\" content=\"Disponibilit\u00e9\" \/>\n\t<meta name=\"twitter:data2\" content=\"Rupture de stock\" \/>\n<script type=\"application\/ld+json\" class=\"yoast-schema-graph\">{\"@context\":\"https:\\\/\\\/schema.org\",\"@graph\":[{\"@type\":\"WebPage\",\"@id\":\"https:\\\/\\\/www.vetorino.com\\\/boutique\\\/product\\\/secure-bunny-gel-2\\\/\",\"url\":\"https:\\\/\\\/www.vetorino.com\\\/boutique\\\/product\\\/secure-bunny-gel-2\\\/\",\"name\":\"Secure bunny gel Signs - V\u00e9torino\",\"isPartOf\":{\"@id\":\"https:\\\/\\\/www.vetorino.com\\\/boutique\\\/#website\"},\"primaryImageOfPage\":{\"@id\":\"https:\\\/\\\/www.vetorino.com\\\/boutique\\\/product\\\/secure-bunny-gel-2\\\/#primaryimage\"},\"image\":{\"@id\":\"https:\\\/\\\/www.vetorino.com\\\/boutique\\\/product\\\/secure-bunny-gel-2\\\/#primaryimage\"},\"thumbnailUrl\":\"https:\\\/\\\/www.vetorino.com\\\/boutique\\\/wp-content\\\/uploads\\\/2022\\\/04\\\/SIGNS-185732011111.png\",\"datePublished\":\"2022-04-06T02:35:00+00:00\",\"dateModified\":\"2024-04-24T08:30:19+00:00\",\"description\":\"Secure Bunny est un bloc diffuseur de Ph\u00e9romone maternelle apaisante pour Lapin. Contenue dans un gel hydrophile,\u00a0Secure Bunny se diffuse durant la d\u00e9shydratation du gel. En faisant b\u00e9n\u00e9ficier le lapin de la ph\u00e9romonoth\u00e9rapie.\",\"breadcrumb\":{\"@id\":\"https:\\\/\\\/www.vetorino.com\\\/boutique\\\/product\\\/secure-bunny-gel-2\\\/#breadcrumb\"},\"inLanguage\":\"fr-FR\",\"potentialAction\":[{\"@type\":\"ReadAction\",\"target\":[\"https:\\\/\\\/www.vetorino.com\\\/boutique\\\/product\\\/secure-bunny-gel-2\\\/\"]}]},{\"@type\":\"ImageObject\",\"inLanguage\":\"fr-FR\",\"@id\":\"https:\\\/\\\/www.vetorino.com\\\/boutique\\\/product\\\/secure-bunny-gel-2\\\/#primaryimage\",\"url\":\"https:\\\/\\\/www.vetorino.com\\\/boutique\\\/wp-content\\\/uploads\\\/2022\\\/04\\\/SIGNS-185732011111.png\",\"contentUrl\":\"https:\\\/\\\/www.vetorino.com\\\/boutique\\\/wp-content\\\/uploads\\\/2022\\\/04\\\/SIGNS-185732011111.png\",\"width\":2870,\"height\":2298},{\"@type\":\"BreadcrumbList\",\"@id\":\"https:\\\/\\\/www.vetorino.com\\\/boutique\\\/product\\\/secure-bunny-gel-2\\\/#breadcrumb\",\"itemListElement\":[{\"@type\":\"ListItem\",\"position\":1,\"name\":\"Accueil\",\"item\":\"https:\\\/\\\/www.vetorino.com\\\/boutique\\\/\"},{\"@type\":\"ListItem\",\"position\":2,\"name\":\"Produits\",\"item\":\"https:\\\/\\\/www.vetorino.com\\\/boutique\\\/\"},{\"@type\":\"ListItem\",\"position\":3,\"name\":\"Secure bunny gel\"}]},{\"@type\":\"WebSite\",\"@id\":\"https:\\\/\\\/www.vetorino.com\\\/boutique\\\/#website\",\"url\":\"https:\\\/\\\/www.vetorino.com\\\/boutique\\\/\",\"name\":\"V\u00e9torino\",\"description\":\"\",\"publisher\":{\"@id\":\"https:\\\/\\\/www.vetorino.com\\\/boutique\\\/#organization\"},\"potentialAction\":[{\"@type\":\"SearchAction\",\"target\":{\"@type\":\"EntryPoint\",\"urlTemplate\":\"https:\\\/\\\/www.vetorino.com\\\/boutique\\\/?s={search_term_string}\"},\"query-input\":{\"@type\":\"PropertyValueSpecification\",\"valueRequired\":true,\"valueName\":\"search_term_string\"}}],\"inLanguage\":\"fr-FR\"},{\"@type\":\"Organization\",\"@id\":\"https:\\\/\\\/www.vetorino.com\\\/boutique\\\/#organization\",\"name\":\"V\u00e9torino\",\"url\":\"https:\\\/\\\/www.vetorino.com\\\/boutique\\\/\",\"logo\":{\"@type\":\"ImageObject\",\"inLanguage\":\"fr-FR\",\"@id\":\"https:\\\/\\\/www.vetorino.com\\\/boutique\\\/#\\\/schema\\\/logo\\\/image\\\/\",\"url\":\"https:\\\/\\\/www.vetorino.com\\\/boutique\\\/wp-content\\\/uploads\\\/2024\\\/10\\\/logo.jpg\",\"contentUrl\":\"https:\\\/\\\/www.vetorino.com\\\/boutique\\\/wp-content\\\/uploads\\\/2024\\\/10\\\/logo.jpg\",\"width\":1200,\"height\":610,\"caption\":\"V\u00e9torino\"},\"image\":{\"@id\":\"https:\\\/\\\/www.vetorino.com\\\/boutique\\\/#\\\/schema\\\/logo\\\/image\\\/\"},\"sameAs\":[\"https:\\\/\\\/www.facebook.com\\\/Vetorino\\\/\",\"https:\\\/\\\/www.instagram.com\\\/vetorino_off\\\/\",\"https:\\\/\\\/www.linkedin.com\\\/company\\\/vtorino\\\/\"]}]}<\/script>\n<meta property=\"product:brand\" content=\"Signs\" \/>\n<meta property=\"product:price:amount\" content=\"18.96\" \/>\n<meta property=\"product:price:currency\" content=\"EUR\" \/>\n<meta property=\"og:availability\" content=\"out of stock\" \/>\n<meta property=\"product:availability\" content=\"out of stock\" \/>\n<meta property=\"product:retailer_item_id\" content=\"O-14556\" \/>\n<meta property=\"product:condition\" content=\"new\" \/>\n<!-- \/ Yoast SEO plugin. -->","yoast_head_json":{"title":"Secure bunny gel Signs - V\u00e9torino","description":"Secure Bunny est un bloc diffuseur de Ph\u00e9romone maternelle apaisante pour Lapin. Contenue dans un gel hydrophile,\u00a0Secure Bunny se diffuse durant la d\u00e9shydratation du gel. En faisant b\u00e9n\u00e9ficier le lapin de la ph\u00e9romonoth\u00e9rapie.","robots":{"index":"noindex","follow":"nofollow"},"og_locale":"fr_FR","og_type":"article","og_title":"Secure bunny gel Signs - V\u00e9torino","og_description":"Secure Bunny est un bloc diffuseur de Ph\u00e9romone maternelle apaisante pour Lapin. Contenue dans un gel hydrophile,\u00a0Secure Bunny se diffuse durant la d\u00e9shydratation du gel. En faisant b\u00e9n\u00e9ficier le lapin de la ph\u00e9romonoth\u00e9rapie.","og_url":"https:\/\/www.vetorino.com\/veterinaire\/vincennes-loup-94300\/boutique\/product\/secure-bunny-gel-2\/","og_site_name":"V\u00e9torino","article_publisher":"https:\/\/www.facebook.com\/Vetorino\/","article_modified_time":"2024-04-24T08:30:19+00:00","og_image":[{"width":539,"height":224,"url":"https:\/\/www.vetorino.com\/boutique\/wp-content\/uploads\/2020\/09\/logo-vetorino-1.png","type":"image\/png"}],"twitter_card":"summary_large_image","twitter_misc":{"Prix":"18,96&euro;","Disponibilit\u00e9":"Rupture de stock"},"schema":{"@context":"https:\/\/schema.org","@graph":[{"@type":"WebPage","@id":"https:\/\/www.vetorino.com\/boutique\/product\/secure-bunny-gel-2\/","url":"https:\/\/www.vetorino.com\/boutique\/product\/secure-bunny-gel-2\/","name":"Secure bunny gel Signs - V\u00e9torino","isPartOf":{"@id":"https:\/\/www.vetorino.com\/boutique\/#website"},"primaryImageOfPage":{"@id":"https:\/\/www.vetorino.com\/boutique\/product\/secure-bunny-gel-2\/#primaryimage"},"image":{"@id":"https:\/\/www.vetorino.com\/boutique\/product\/secure-bunny-gel-2\/#primaryimage"},"thumbnailUrl":"https:\/\/www.vetorino.com\/boutique\/wp-content\/uploads\/2022\/04\/SIGNS-185732011111.png","datePublished":"2022-04-06T02:35:00+00:00","dateModified":"2024-04-24T08:30:19+00:00","description":"Secure Bunny est un bloc diffuseur de Ph\u00e9romone maternelle apaisante pour Lapin. Contenue dans un gel hydrophile,\u00a0Secure Bunny se diffuse durant la d\u00e9shydratation du gel. En faisant b\u00e9n\u00e9ficier le lapin de la ph\u00e9romonoth\u00e9rapie.","breadcrumb":{"@id":"https:\/\/www.vetorino.com\/boutique\/product\/secure-bunny-gel-2\/#breadcrumb"},"inLanguage":"fr-FR","potentialAction":[{"@type":"ReadAction","target":["https:\/\/www.vetorino.com\/boutique\/product\/secure-bunny-gel-2\/"]}]},{"@type":"ImageObject","inLanguage":"fr-FR","@id":"https:\/\/www.vetorino.com\/boutique\/product\/secure-bunny-gel-2\/#primaryimage","url":"https:\/\/www.vetorino.com\/boutique\/wp-content\/uploads\/2022\/04\/SIGNS-185732011111.png","contentUrl":"https:\/\/www.vetorino.com\/boutique\/wp-content\/uploads\/2022\/04\/SIGNS-185732011111.png","width":2870,"height":2298},{"@type":"BreadcrumbList","@id":"https:\/\/www.vetorino.com\/boutique\/product\/secure-bunny-gel-2\/#breadcrumb","itemListElement":[{"@type":"ListItem","position":1,"name":"Accueil","item":"https:\/\/www.vetorino.com\/boutique\/"},{"@type":"ListItem","position":2,"name":"Produits","item":"https:\/\/www.vetorino.com\/boutique\/"},{"@type":"ListItem","position":3,"name":"Secure bunny gel"}]},{"@type":"WebSite","@id":"https:\/\/www.vetorino.com\/boutique\/#website","url":"https:\/\/www.vetorino.com\/boutique\/","name":"V\u00e9torino","description":"","publisher":{"@id":"https:\/\/www.vetorino.com\/boutique\/#organization"},"potentialAction":[{"@type":"SearchAction","target":{"@type":"EntryPoint","urlTemplate":"https:\/\/www.vetorino.com\/boutique\/?s={search_term_string}"},"query-input":{"@type":"PropertyValueSpecification","valueRequired":true,"valueName":"search_term_string"}}],"inLanguage":"fr-FR"},{"@type":"Organization","@id":"https:\/\/www.vetorino.com\/boutique\/#organization","name":"V\u00e9torino","url":"https:\/\/www.vetorino.com\/boutique\/","logo":{"@type":"ImageObject","inLanguage":"fr-FR","@id":"https:\/\/www.vetorino.com\/boutique\/#\/schema\/logo\/image\/","url":"https:\/\/www.vetorino.com\/boutique\/wp-content\/uploads\/2024\/10\/logo.jpg","contentUrl":"https:\/\/www.vetorino.com\/boutique\/wp-content\/uploads\/2024\/10\/logo.jpg","width":1200,"height":610,"caption":"V\u00e9torino"},"image":{"@id":"https:\/\/www.vetorino.com\/boutique\/#\/schema\/logo\/image\/"},"sameAs":["https:\/\/www.facebook.com\/Vetorino\/","https:\/\/www.instagram.com\/vetorino_off\/","https:\/\/www.linkedin.com\/company\/vtorino\/"]}]},"product_brand":"Signs","product_price_amount":"18.96","product_price_currency":"EUR","og_availability":"out of stock","product_availability":"out of stock","product_retailer_item_id":"O-14556","product_condition":"new"},"_links":{"self":[{"href":"https:\/\/www.vetorino.com\/veterinaire\/vincennes-loup-94300\/boutique\/wp-json\/wp\/v2\/product\/311077","targetHints":{"allow":["GET"]}}],"collection":[{"href":"https:\/\/www.vetorino.com\/veterinaire\/vincennes-loup-94300\/boutique\/wp-json\/wp\/v2\/product"}],"about":[{"href":"https:\/\/www.vetorino.com\/veterinaire\/vincennes-loup-94300\/boutique\/wp-json\/wp\/v2\/types\/product"}],"wp:featuredmedia":[{"embeddable":true,"href":"https:\/\/www.vetorino.com\/veterinaire\/vincennes-loup-94300\/boutique\/wp-json\/wp\/v2\/media\/904104"}],"wp:attachment":[{"href":"https:\/\/www.vetorino.com\/veterinaire\/vincennes-loup-94300\/boutique\/wp-json\/wp\/v2\/media?parent=311077"}],"wp:term":[{"taxonomy":"product_cat","embeddable":true,"href":"https:\/\/www.vetorino.com\/veterinaire\/vincennes-loup-94300\/boutique\/wp-json\/wp\/v2\/product_cat?post=311077"},{"taxonomy":"product_tag","embeddable":true,"href":"https:\/\/www.vetorino.com\/veterinaire\/vincennes-loup-94300\/boutique\/wp-json\/wp\/v2\/product_tag?post=311077"}],"curies":[{"name":"wp","href":"https:\/\/api.w.org\/{rel}","templated":true}]}}