{"id":346433,"date":"2022-07-19T03:02:51","date_gmt":"2022-07-19T01:02:51","guid":{"rendered":"https:\/\/www.vetorino.com\/boutique\/?post_type=product&#038;p=346433"},"modified":"2025-05-05T21:01:16","modified_gmt":"2025-05-05T19:01:16","slug":"seresto-collier-chat-2","status":"publish","type":"product","link":"https:\/\/www.vetorino.com\/veterinaire\/vincennes-loup-94300\/boutique\/product\/seresto-collier-chat-2\/","title":{"rendered":"Collier pour Chat"},"content":{"rendered":"<p><strong>Seresto est un collier qui prot\u00e8ge l&#8217;animal et son environnement imm\u00e9diat des parasites.<\/strong><\/p>\n<p><strong><br \/>\nUtilisation\u00a0:<\/strong><\/p>\n<ul>\n<li>Collier pour\u00a0chien de moins de 8 kg<\/li>\n<li>Traitement et pr\u00e9vention des infestations par les puces\u00a0pendant 7 \u00e0 8 mois.<\/li>\n<li>Prot\u00e8ge l&#8217;environnement imm\u00e9diat de l&#8217;animal contre le d\u00e9veloppement de larves de puces pendant 10 semaines.<\/li>\n<li>Efficace contre les larves, les nymphes et les tiques adultes.<\/li>\n<\/ul>\n<p><strong>Contre indications :<\/strong><\/p>\n<ul>\n<li>Ne pas traiter les chatons \u00e2g\u00e9s de moins de 10 semaines.<\/li>\n<li>Ne pas utiliser sur les autres esp\u00e8ces que le chat.<\/li>\n<li>Ne pas utiliser en cas d&#8217;hypersensibilit\u00e9 connue aux substances actives ou \u00e0 l&#8217;un des excipients.<\/li>\n<li>L&#8217;utilisation du produit n&#8217;est pas recommand\u00e9e chez les chattes en gestation ou allaitantes.<\/li>\n<\/ul>\n<p><strong>Recommandations\u00a0:<\/strong><\/p>\n<ul>\n<li>Le m\u00e9dicament\u00a0<strong>peut \u00eatre int\u00e9gr\u00e9 dans un programme th\u00e9rapeutique de la Dermatite Allergique par Piq\u00fbres de Puces (DAPP).<\/strong><\/li>\n<li>Le produit exerce une action acaricide (l\u00e9tale) sur les esp\u00e8ces de tiques\u00a0<em>Ixodes ricinus et\u00a0Rhipicephalus turanicus<\/em>\u00a0et une action r\u00e9pulsive (emp\u00eachant les parasites de se nourrir) sur l&#8217;esp\u00e8ce\u00a0<em>Ixodes ricinus<\/em>\u00a0durant 8 mois. Il est\u00a0<strong>efficace contre les larves, les nymphes et les tiques adultes<\/strong>.<\/li>\n<li>Les tiques d\u00e9j\u00e0 pr\u00e9sentes sur le chat avant le traitement peuvent ne pas \u00eatre tu\u00e9es dans les 48\u00a0heures apr\u00e8s l&#8217;application du collier, et rester fix\u00e9es et visibles. Par cons\u00e9quent,<strong>\u00a0il est recommand\u00e9 d&#8217;enlever les tiques d\u00e9j\u00e0\u00a0 pr\u00e9sentes sur le chat<\/strong>\u00a0au moment de l&#8217;application. La pr\u00e9vention contre les infestations par de nouvelles tiques commence\u00a0<strong>dans les deux jours apr\u00e8s l&#8217;application du collier<\/strong>.<\/li>\n<li>Les tiques seront tu\u00e9es et se d\u00e9tacheront de l&#8217;h\u00f4te<strong>\u00a024 \u00e0\u00a048 heures apr\u00e8s l&#8217;infestation<\/strong>, en r\u00e8gle g\u00e9n\u00e9rale sans avoir pris de repas sanguin. La fixation d&#8217;une tique apr\u00e8s le traitement reste possible. Par cons\u00e9quent, la transmission de maladies infectieuses par des tiques ne peut \u00eatre totalement exclue si les conditions sont d\u00e9favorables.<\/li>\n<li><strong>Id\u00e9alement, le collier devrait \u00eatre appliqu\u00e9 avant le d\u00e9but de la saison des puces et tiques.<\/strong><\/li>\n<li>Comme pour tous les produits \u00e0 action topique de longue dur\u00e9e, les p\u00e9riodes saisonni\u00e8res de forte chute de poils peuvent provoquer une l\u00e9g\u00e8re r\u00e9duction transitoire de l&#8217;efficacit\u00e9 du traitement due \u00e0 la perte d&#8217;une partie des substances actives fix\u00e9e aux poils. Le relargage des actifs \u00e0 partir du collier reprend imm\u00e9diatement, de sorte qu&#8217;une pleine efficacit\u00e9 sera r\u00e9tablie sans traitement suppl\u00e9mentaire ni remplacement du collier.<\/li>\n<li>Pour un contr\u00f4le optimal des puces dans les habitations fortement infest\u00e9es,<strong>\u00a0il peut \u00eatre n\u00e9cessaire de traiter l&#8217;environnement avec un insecticide adapt\u00e9<\/strong>.<\/li>\n<li>Le produit est\u00a0<strong>r\u00e9sistant \u00e0 l\u2019eau<\/strong>\u00a0; il reste efficace si l\u2019animal est mouill\u00e9. Toutefois, il convient d\u2019\u00e9viter une exposition prolong\u00e9e et intense \u00e0 l\u2019eau ou un shampouinage intensif car la dur\u00e9e d\u2019activit\u00e9 du produit pourrait s\u2019en trouver r\u00e9duite. Des \u00e9tudes d\u00e9montrent qu\u2019une immersion dans de l\u2019eau ou un shampooing mensuel ne raccourcit pas de mani\u00e8re significative la dur\u00e9e d\u2019efficacit\u00e9 de 8 mois contre les tiques apr\u00e8s relargage des substances actives sur le pelage, tandis que l\u2019efficacit\u00e9 contre les puces diminue progressivement \u00e0 partir du 5<sup>\u00e8me<\/sup>\u00a0mois<\/li>\n<\/ul>\n","protected":false},"excerpt":{"rendered":"<p><strong>Seresto est un collier qui prot\u00e8ge l&#8217;animal et son environnement imm\u00e9diat des parasites.<\/strong><\/p>\n<p><strong>Utilisation\u00a0:<\/strong><\/p>\n<ul>\n<li>Collier pour\u00a0chat<\/li>\n<li>Traitement et pr\u00e9vention des infestations par les puces\u00a0pendant 7 \u00e0 8 mois.<\/li>\n<li>Prot\u00e8ge l&#8217;environnement imm\u00e9diat de l&#8217;animal contre le d\u00e9veloppement de larves de puces pendant 10 semaines.<\/li>\n<li>Efficace contre les larves, les nymphes et les tiques adultes.<\/li>\n<\/ul>\n","protected":false},"featured_media":803301,"template":"","meta":[],"product_cat":[12553,2697],"product_tag":[],"class_list":{"0":"post-346433","1":"product","2":"type-product","3":"status-publish","4":"has-post-thumbnail","6":"product_cat-antiparasitaire-du-chat","7":"product_cat-chat","8":"pa_marque-elanco","10":"first","11":"instock","12":"taxable","13":"shipping-taxable","14":"purchasable","15":"product-type-variable"},"yoast_head":"<!-- This site is optimized with the Yoast SEO plugin v27.3 - https:\/\/yoast.com\/product\/yoast-seo-wordpress\/ -->\n<title>Seresto Collier pour Chat Elanco - V\u00e9torino<\/title>\n<meta name=\"description\" content=\"Seresto est un collier qui prot\u00e8ge l&#039;animal et son environnement imm\u00e9diat des parasites.  Utilisation\u00a0:   Collier pour\u00a0chat  Traitement et pr\u00e9vention des infestations par les puces\u00a0pendant 7 \u00e0 8 mois.  Prot\u00e8ge l&#039;environnement imm\u00e9diat de l&#039;animal contre le d\u00e9veloppement de larves de puces pendant 10 semaines.  Efficace contre les larves, les nymphes et les tiques adultes.\" \/>\n<meta name=\"robots\" content=\"noindex, nofollow\" \/>\n<meta property=\"og:locale\" content=\"fr_FR\" \/>\n<meta property=\"og:type\" content=\"article\" \/>\n<meta property=\"og:title\" content=\"Seresto Collier pour Chat Elanco - V\u00e9torino\" \/>\n<meta property=\"og:description\" content=\"Seresto est un collier qui prot\u00e8ge l&#039;animal et son environnement imm\u00e9diat des parasites.  Utilisation\u00a0:   Collier pour\u00a0chat  Traitement et pr\u00e9vention des infestations par les puces\u00a0pendant 7 \u00e0 8 mois.  Prot\u00e8ge l&#039;environnement imm\u00e9diat de l&#039;animal contre le d\u00e9veloppement de larves de puces pendant 10 semaines.  Efficace contre les larves, les nymphes et les tiques adultes.\" \/>\n<meta property=\"og:url\" content=\"https:\/\/www.vetorino.com\/veterinaire\/vincennes-loup-94300\/boutique\/product\/seresto-collier-chat-2\/\" \/>\n<meta property=\"og:site_name\" content=\"V\u00e9torino\" \/>\n<meta property=\"article:publisher\" content=\"https:\/\/www.facebook.com\/Vetorino\/\" \/>\n<meta property=\"article:modified_time\" content=\"2025-05-05T19:01:16+00:00\" \/>\n<meta property=\"og:image\" content=\"https:\/\/www.vetorino.com\/boutique\/wp-content\/uploads\/2021\/04\/seresto-chat.webp\" \/>\n\t<meta property=\"og:image:width\" content=\"540\" \/>\n\t<meta property=\"og:image:height\" content=\"540\" \/>\n\t<meta property=\"og:image:type\" content=\"image\/webp\" \/>\n<meta name=\"twitter:card\" content=\"summary_large_image\" \/>\n<meta name=\"twitter:label1\" content=\"Disponibilit\u00e9\" \/>\n\t<meta name=\"twitter:data1\" content=\"En stock\" \/>\n<script type=\"application\/ld+json\" class=\"yoast-schema-graph\">{\"@context\":\"https:\\\/\\\/schema.org\",\"@graph\":[{\"@type\":\"WebPage\",\"@id\":\"https:\\\/\\\/www.vetorino.com\\\/boutique\\\/product\\\/seresto-collier-chat-2\\\/\",\"url\":\"https:\\\/\\\/www.vetorino.com\\\/boutique\\\/product\\\/seresto-collier-chat-2\\\/\",\"name\":\"Seresto Collier pour Chat Elanco - V\u00e9torino\",\"isPartOf\":{\"@id\":\"https:\\\/\\\/www.vetorino.com\\\/boutique\\\/#website\"},\"primaryImageOfPage\":{\"@id\":\"https:\\\/\\\/www.vetorino.com\\\/boutique\\\/product\\\/seresto-collier-chat-2\\\/#primaryimage\"},\"image\":{\"@id\":\"https:\\\/\\\/www.vetorino.com\\\/boutique\\\/product\\\/seresto-collier-chat-2\\\/#primaryimage\"},\"thumbnailUrl\":\"https:\\\/\\\/www.vetorino.com\\\/boutique\\\/wp-content\\\/uploads\\\/2021\\\/04\\\/seresto-chat.webp\",\"datePublished\":\"2022-07-19T01:02:51+00:00\",\"dateModified\":\"2025-05-05T19:01:16+00:00\",\"description\":\"Seresto est un collier qui prot\u00e8ge l'animal et son environnement imm\u00e9diat des parasites. Utilisation\u00a0: Collier pour\u00a0chat Traitement et pr\u00e9vention des infestations par les puces\u00a0pendant 7 \u00e0 8 mois. Prot\u00e8ge l'environnement imm\u00e9diat de l'animal contre le d\u00e9veloppement de larves de puces pendant 10 semaines. Efficace contre les larves, les nymphes et les tiques adultes.\",\"breadcrumb\":{\"@id\":\"https:\\\/\\\/www.vetorino.com\\\/boutique\\\/product\\\/seresto-collier-chat-2\\\/#breadcrumb\"},\"inLanguage\":\"fr-FR\",\"potentialAction\":[{\"@type\":\"ReadAction\",\"target\":[\"https:\\\/\\\/www.vetorino.com\\\/boutique\\\/product\\\/seresto-collier-chat-2\\\/\"]}]},{\"@type\":\"ImageObject\",\"inLanguage\":\"fr-FR\",\"@id\":\"https:\\\/\\\/www.vetorino.com\\\/boutique\\\/product\\\/seresto-collier-chat-2\\\/#primaryimage\",\"url\":\"https:\\\/\\\/www.vetorino.com\\\/boutique\\\/wp-content\\\/uploads\\\/2021\\\/04\\\/seresto-chat.webp\",\"contentUrl\":\"https:\\\/\\\/www.vetorino.com\\\/boutique\\\/wp-content\\\/uploads\\\/2021\\\/04\\\/seresto-chat.webp\",\"width\":540,\"height\":540},{\"@type\":\"BreadcrumbList\",\"@id\":\"https:\\\/\\\/www.vetorino.com\\\/boutique\\\/product\\\/seresto-collier-chat-2\\\/#breadcrumb\",\"itemListElement\":[{\"@type\":\"ListItem\",\"position\":1,\"name\":\"Accueil\",\"item\":\"https:\\\/\\\/www.vetorino.com\\\/boutique\\\/\"},{\"@type\":\"ListItem\",\"position\":2,\"name\":\"Produits\",\"item\":\"https:\\\/\\\/www.vetorino.com\\\/boutique\\\/\"},{\"@type\":\"ListItem\",\"position\":3,\"name\":\"Collier pour Chat\"}]},{\"@type\":\"WebSite\",\"@id\":\"https:\\\/\\\/www.vetorino.com\\\/boutique\\\/#website\",\"url\":\"https:\\\/\\\/www.vetorino.com\\\/boutique\\\/\",\"name\":\"V\u00e9torino\",\"description\":\"\",\"publisher\":{\"@id\":\"https:\\\/\\\/www.vetorino.com\\\/boutique\\\/#organization\"},\"potentialAction\":[{\"@type\":\"SearchAction\",\"target\":{\"@type\":\"EntryPoint\",\"urlTemplate\":\"https:\\\/\\\/www.vetorino.com\\\/boutique\\\/?s={search_term_string}\"},\"query-input\":{\"@type\":\"PropertyValueSpecification\",\"valueRequired\":true,\"valueName\":\"search_term_string\"}}],\"inLanguage\":\"fr-FR\"},{\"@type\":\"Organization\",\"@id\":\"https:\\\/\\\/www.vetorino.com\\\/boutique\\\/#organization\",\"name\":\"V\u00e9torino\",\"url\":\"https:\\\/\\\/www.vetorino.com\\\/boutique\\\/\",\"logo\":{\"@type\":\"ImageObject\",\"inLanguage\":\"fr-FR\",\"@id\":\"https:\\\/\\\/www.vetorino.com\\\/boutique\\\/#\\\/schema\\\/logo\\\/image\\\/\",\"url\":\"https:\\\/\\\/www.vetorino.com\\\/boutique\\\/wp-content\\\/uploads\\\/2024\\\/10\\\/logo.jpg\",\"contentUrl\":\"https:\\\/\\\/www.vetorino.com\\\/boutique\\\/wp-content\\\/uploads\\\/2024\\\/10\\\/logo.jpg\",\"width\":1200,\"height\":610,\"caption\":\"V\u00e9torino\"},\"image\":{\"@id\":\"https:\\\/\\\/www.vetorino.com\\\/boutique\\\/#\\\/schema\\\/logo\\\/image\\\/\"},\"sameAs\":[\"https:\\\/\\\/www.facebook.com\\\/Vetorino\\\/\",\"https:\\\/\\\/www.instagram.com\\\/vetorino_off\\\/\",\"https:\\\/\\\/www.linkedin.com\\\/company\\\/vtorino\\\/\"]}]}<\/script>\n<meta property=\"product:brand\" content=\"Elanco\" \/>\n<meta property=\"og:availability\" content=\"instock\" \/>\n<meta property=\"product:availability\" content=\"instock\" \/>\n<meta property=\"product:condition\" content=\"new\" \/>\n<!-- \/ Yoast SEO plugin. -->","yoast_head_json":{"title":"Seresto Collier pour Chat Elanco - V\u00e9torino","description":"Seresto est un collier qui prot\u00e8ge l'animal et son environnement imm\u00e9diat des parasites.  Utilisation\u00a0:   Collier pour\u00a0chat  Traitement et pr\u00e9vention des infestations par les puces\u00a0pendant 7 \u00e0 8 mois.  Prot\u00e8ge l'environnement imm\u00e9diat de l'animal contre le d\u00e9veloppement de larves de puces pendant 10 semaines.  Efficace contre les larves, les nymphes et les tiques adultes.","robots":{"index":"noindex","follow":"nofollow"},"og_locale":"fr_FR","og_type":"article","og_title":"Seresto Collier pour Chat Elanco - V\u00e9torino","og_description":"Seresto est un collier qui prot\u00e8ge l'animal et son environnement imm\u00e9diat des parasites.  Utilisation\u00a0:   Collier pour\u00a0chat  Traitement et pr\u00e9vention des infestations par les puces\u00a0pendant 7 \u00e0 8 mois.  Prot\u00e8ge l'environnement imm\u00e9diat de l'animal contre le d\u00e9veloppement de larves de puces pendant 10 semaines.  Efficace contre les larves, les nymphes et les tiques adultes.","og_url":"https:\/\/www.vetorino.com\/veterinaire\/vincennes-loup-94300\/boutique\/product\/seresto-collier-chat-2\/","og_site_name":"V\u00e9torino","article_publisher":"https:\/\/www.facebook.com\/Vetorino\/","article_modified_time":"2025-05-05T19:01:16+00:00","og_image":[{"width":540,"height":540,"url":"https:\/\/www.vetorino.com\/boutique\/wp-content\/uploads\/2021\/04\/seresto-chat.webp","type":"image\/webp"}],"twitter_card":"summary_large_image","twitter_misc":{"Disponibilit\u00e9":"En stock"},"schema":{"@context":"https:\/\/schema.org","@graph":[{"@type":"WebPage","@id":"https:\/\/www.vetorino.com\/boutique\/product\/seresto-collier-chat-2\/","url":"https:\/\/www.vetorino.com\/boutique\/product\/seresto-collier-chat-2\/","name":"Seresto Collier pour Chat Elanco - V\u00e9torino","isPartOf":{"@id":"https:\/\/www.vetorino.com\/boutique\/#website"},"primaryImageOfPage":{"@id":"https:\/\/www.vetorino.com\/boutique\/product\/seresto-collier-chat-2\/#primaryimage"},"image":{"@id":"https:\/\/www.vetorino.com\/boutique\/product\/seresto-collier-chat-2\/#primaryimage"},"thumbnailUrl":"https:\/\/www.vetorino.com\/boutique\/wp-content\/uploads\/2021\/04\/seresto-chat.webp","datePublished":"2022-07-19T01:02:51+00:00","dateModified":"2025-05-05T19:01:16+00:00","description":"Seresto est un collier qui prot\u00e8ge l'animal et son environnement imm\u00e9diat des parasites. Utilisation\u00a0: Collier pour\u00a0chat Traitement et pr\u00e9vention des infestations par les puces\u00a0pendant 7 \u00e0 8 mois. Prot\u00e8ge l'environnement imm\u00e9diat de l'animal contre le d\u00e9veloppement de larves de puces pendant 10 semaines. Efficace contre les larves, les nymphes et les tiques adultes.","breadcrumb":{"@id":"https:\/\/www.vetorino.com\/boutique\/product\/seresto-collier-chat-2\/#breadcrumb"},"inLanguage":"fr-FR","potentialAction":[{"@type":"ReadAction","target":["https:\/\/www.vetorino.com\/boutique\/product\/seresto-collier-chat-2\/"]}]},{"@type":"ImageObject","inLanguage":"fr-FR","@id":"https:\/\/www.vetorino.com\/boutique\/product\/seresto-collier-chat-2\/#primaryimage","url":"https:\/\/www.vetorino.com\/boutique\/wp-content\/uploads\/2021\/04\/seresto-chat.webp","contentUrl":"https:\/\/www.vetorino.com\/boutique\/wp-content\/uploads\/2021\/04\/seresto-chat.webp","width":540,"height":540},{"@type":"BreadcrumbList","@id":"https:\/\/www.vetorino.com\/boutique\/product\/seresto-collier-chat-2\/#breadcrumb","itemListElement":[{"@type":"ListItem","position":1,"name":"Accueil","item":"https:\/\/www.vetorino.com\/boutique\/"},{"@type":"ListItem","position":2,"name":"Produits","item":"https:\/\/www.vetorino.com\/boutique\/"},{"@type":"ListItem","position":3,"name":"Collier pour Chat"}]},{"@type":"WebSite","@id":"https:\/\/www.vetorino.com\/boutique\/#website","url":"https:\/\/www.vetorino.com\/boutique\/","name":"V\u00e9torino","description":"","publisher":{"@id":"https:\/\/www.vetorino.com\/boutique\/#organization"},"potentialAction":[{"@type":"SearchAction","target":{"@type":"EntryPoint","urlTemplate":"https:\/\/www.vetorino.com\/boutique\/?s={search_term_string}"},"query-input":{"@type":"PropertyValueSpecification","valueRequired":true,"valueName":"search_term_string"}}],"inLanguage":"fr-FR"},{"@type":"Organization","@id":"https:\/\/www.vetorino.com\/boutique\/#organization","name":"V\u00e9torino","url":"https:\/\/www.vetorino.com\/boutique\/","logo":{"@type":"ImageObject","inLanguage":"fr-FR","@id":"https:\/\/www.vetorino.com\/boutique\/#\/schema\/logo\/image\/","url":"https:\/\/www.vetorino.com\/boutique\/wp-content\/uploads\/2024\/10\/logo.jpg","contentUrl":"https:\/\/www.vetorino.com\/boutique\/wp-content\/uploads\/2024\/10\/logo.jpg","width":1200,"height":610,"caption":"V\u00e9torino"},"image":{"@id":"https:\/\/www.vetorino.com\/boutique\/#\/schema\/logo\/image\/"},"sameAs":["https:\/\/www.facebook.com\/Vetorino\/","https:\/\/www.instagram.com\/vetorino_off\/","https:\/\/www.linkedin.com\/company\/vtorino\/"]}]},"product_brand":"Elanco","og_availability":"instock","product_availability":"instock","product_condition":"new"},"_links":{"self":[{"href":"https:\/\/www.vetorino.com\/veterinaire\/vincennes-loup-94300\/boutique\/wp-json\/wp\/v2\/product\/346433","targetHints":{"allow":["GET"]}}],"collection":[{"href":"https:\/\/www.vetorino.com\/veterinaire\/vincennes-loup-94300\/boutique\/wp-json\/wp\/v2\/product"}],"about":[{"href":"https:\/\/www.vetorino.com\/veterinaire\/vincennes-loup-94300\/boutique\/wp-json\/wp\/v2\/types\/product"}],"wp:featuredmedia":[{"embeddable":true,"href":"https:\/\/www.vetorino.com\/veterinaire\/vincennes-loup-94300\/boutique\/wp-json\/wp\/v2\/media\/803301"}],"wp:attachment":[{"href":"https:\/\/www.vetorino.com\/veterinaire\/vincennes-loup-94300\/boutique\/wp-json\/wp\/v2\/media?parent=346433"}],"wp:term":[{"taxonomy":"product_cat","embeddable":true,"href":"https:\/\/www.vetorino.com\/veterinaire\/vincennes-loup-94300\/boutique\/wp-json\/wp\/v2\/product_cat?post=346433"},{"taxonomy":"product_tag","embeddable":true,"href":"https:\/\/www.vetorino.com\/veterinaire\/vincennes-loup-94300\/boutique\/wp-json\/wp\/v2\/product_tag?post=346433"}],"curies":[{"name":"wp","href":"https:\/\/api.w.org\/{rel}","templated":true}]}}