{"id":506902,"date":"2022-11-16T17:20:00","date_gmt":"2022-11-16T16:20:00","guid":{"rendered":"https:\/\/www.vetorino.com\/boutique\/?post_type=product&#038;p=506902"},"modified":"2024-12-11T16:18:32","modified_gmt":"2024-12-11T15:18:32","slug":"bouillotte-pour-petits-animaux","status":"publish","type":"product","link":"https:\/\/www.vetorino.com\/veterinaire\/vincennes-loup-94300\/boutique\/product\/bouillotte-pour-petits-animaux\/","title":{"rendered":"Bouillotte pour petits animaux"},"content":{"rendered":"<p><strong>Votre animal a-t-il besoin d&#8217;un peu plus de chaleur, parce qu&#8217;il est jeune, \u00e2g\u00e9 ou malade ? Ou simplement parce qu&#8217;il fait froid \u00e0 la maison ou sur la route ? Alors ce coussin chauffant pratique de Trixie est la solution.<\/strong><\/p>\n<p>Il est compact peut \u00eatre facilement chauff\u00e9 au micro-ondes, sans avoir \u00e0 le remplir d&#8217;eau : aucun risque de fuite. Le coussin chauffant stocke la chaleur jusqu&#8217;\u00e0 huit heures et est recouvert d&#8217;une housse en polaire \u00e0 carreaux noirs et blancs, qui conduit bien la chaleur et permet \u00e0 l&#8217;animal de s&#8217;allonger confortablement dessus. La housse amovible est munie d&#8217;une fermeture velcro et peut \u00eatre lav\u00e9e en machine \u00e0 30 degr\u00e9s.<\/p>\n<p><strong>Caract\u00e9ristiques :\u00a0<\/strong><\/p>\n<ul>\n<li>Avec fonction pour refroidir et chauffer.<\/li>\n<li>Accumule la chaleur jusqu&#8217;\u00e0 8 heures.<\/li>\n<li>Se r\u00e9chauffe simplement au micro-ondes.<\/li>\n<li>Particuli\u00e8rement recommand\u00e9 les jours de froid dans la voiture, \u00e0 la maison ou dans l&#8217;enclos.<\/li>\n<li>Peut aussi \u00eatre utilis\u00e9 comme pack rafraichissant. Il suffit de le placer 2 heures au r\u00e9frig\u00e9rateur et le coussin refroidira pendant 4 \u00e0 6 heures.<\/li>\n<li>Fonctionne sans eau.<\/li>\n<li>Convient aussi aux jeunes animaux ainsi qu&#8217;aux animaux \u00e2g\u00e9s ou malades.<\/li>\n<li>Couverture en polaire d\u00e9houssable gr\u00e2ce \u00e0 la bande auto-agrippante.<\/li>\n<li>Couverture 100 % polyester.<\/li>\n<li>Couleur : noir \/ blanc.<\/li>\n<li>Dimensions : \u00d8 26 cm.<\/li>\n<\/ul>\n<p>Conseil : en hiver, vous pouvez placer le coussin chauffant sous le bol d&#8217;eau du petit animal pour \u00e9viter \u00e0 l&#8217;eau de geler.<\/p>\n<p>&nbsp;<\/p>\n","protected":false},"excerpt":{"rendered":"<p><strong>Le coussin chauffant Trixie est le support id\u00e9al pour les animaux \u00e2g\u00e9s, jeunes et malades. Il suffit de les r\u00e9chauffer au micro-ondes. Housse amovible, lavable en machine.<\/strong><\/p>\n","protected":false},"featured_media":719932,"template":"","meta":[],"product_cat":[2697,2698,12595,12596,2727],"product_tag":[],"class_list":{"0":"post-506902","1":"product","2":"type-product","3":"status-publish","4":"has-post-thumbnail","6":"product_cat-chat","7":"product_cat-chien","8":"product_cat-confort-du-chat","9":"product_cat-confort-du-chien","10":"product_cat-nac","11":"pa_marque-trixie","13":"first","14":"instock","15":"taxable","16":"shipping-taxable","17":"purchasable","18":"product-type-simple"},"yoast_head":"<!-- This site is optimized with the Yoast SEO plugin v27.3 - https:\/\/yoast.com\/product\/yoast-seo-wordpress\/ -->\n<title>Bouillotte pour petits animaux Trixie - V\u00e9torino<\/title>\n<meta name=\"description\" content=\"Le coussin chauffant Trixie est le support id\u00e9al pour les animaux \u00e2g\u00e9s, jeunes et malades. Il suffit de les r\u00e9chauffer au micro-ondes. Housse amovible, lavable en machine.\" \/>\n<meta name=\"robots\" content=\"noindex, nofollow\" \/>\n<meta property=\"og:locale\" content=\"fr_FR\" \/>\n<meta property=\"og:type\" content=\"article\" \/>\n<meta property=\"og:title\" content=\"Bouillotte pour petits animaux Trixie - V\u00e9torino\" \/>\n<meta property=\"og:description\" content=\"Le coussin chauffant Trixie est le support id\u00e9al pour les animaux \u00e2g\u00e9s, jeunes et malades. Il suffit de les r\u00e9chauffer au micro-ondes. Housse amovible, lavable en machine.\" \/>\n<meta property=\"og:url\" content=\"https:\/\/www.vetorino.com\/veterinaire\/vincennes-loup-94300\/boutique\/product\/bouillotte-pour-petits-animaux\/\" \/>\n<meta property=\"og:site_name\" content=\"V\u00e9torino\" \/>\n<meta property=\"article:publisher\" content=\"https:\/\/www.facebook.com\/Vetorino\/\" \/>\n<meta property=\"article:modified_time\" content=\"2024-12-11T15:18:32+00:00\" \/>\n<meta property=\"og:image\" content=\"https:\/\/www.vetorino.com\/boutique\/wp-content\/uploads\/2022\/11\/3_full-1.jpeg\" \/>\n\t<meta property=\"og:image:width\" content=\"1080\" \/>\n\t<meta property=\"og:image:height\" content=\"673\" \/>\n\t<meta property=\"og:image:type\" content=\"image\/jpeg\" \/>\n<meta name=\"twitter:card\" content=\"summary_large_image\" \/>\n<meta name=\"twitter:label1\" content=\"Prix\" \/>\n\t<meta name=\"twitter:data1\" content=\"19,99&euro;\" \/>\n\t<meta name=\"twitter:label2\" content=\"Disponibilit\u00e9\" \/>\n\t<meta name=\"twitter:data2\" content=\"En stock\" \/>\n<script type=\"application\/ld+json\" class=\"yoast-schema-graph\">{\"@context\":\"https:\\\/\\\/schema.org\",\"@graph\":[{\"@type\":\"WebPage\",\"@id\":\"https:\\\/\\\/www.vetorino.com\\\/boutique\\\/product\\\/bouillotte-pour-petits-animaux\\\/\",\"url\":\"https:\\\/\\\/www.vetorino.com\\\/boutique\\\/product\\\/bouillotte-pour-petits-animaux\\\/\",\"name\":\"Bouillotte pour petits animaux Trixie - V\u00e9torino\",\"isPartOf\":{\"@id\":\"https:\\\/\\\/www.vetorino.com\\\/boutique\\\/#website\"},\"primaryImageOfPage\":{\"@id\":\"https:\\\/\\\/www.vetorino.com\\\/boutique\\\/product\\\/bouillotte-pour-petits-animaux\\\/#primaryimage\"},\"image\":{\"@id\":\"https:\\\/\\\/www.vetorino.com\\\/boutique\\\/product\\\/bouillotte-pour-petits-animaux\\\/#primaryimage\"},\"thumbnailUrl\":\"https:\\\/\\\/www.vetorino.com\\\/boutique\\\/wp-content\\\/uploads\\\/2022\\\/11\\\/3_full-1.jpeg\",\"datePublished\":\"2022-11-16T16:20:00+00:00\",\"dateModified\":\"2024-12-11T15:18:32+00:00\",\"description\":\"Le coussin chauffant Trixie est le support id\u00e9al pour les animaux \u00e2g\u00e9s, jeunes et malades. Il suffit de les r\u00e9chauffer au micro-ondes. Housse amovible, lavable en machine.\",\"breadcrumb\":{\"@id\":\"https:\\\/\\\/www.vetorino.com\\\/boutique\\\/product\\\/bouillotte-pour-petits-animaux\\\/#breadcrumb\"},\"inLanguage\":\"fr-FR\",\"potentialAction\":[{\"@type\":\"ReadAction\",\"target\":[\"https:\\\/\\\/www.vetorino.com\\\/boutique\\\/product\\\/bouillotte-pour-petits-animaux\\\/\"]}]},{\"@type\":\"ImageObject\",\"inLanguage\":\"fr-FR\",\"@id\":\"https:\\\/\\\/www.vetorino.com\\\/boutique\\\/product\\\/bouillotte-pour-petits-animaux\\\/#primaryimage\",\"url\":\"https:\\\/\\\/www.vetorino.com\\\/boutique\\\/wp-content\\\/uploads\\\/2022\\\/11\\\/3_full-1.jpeg\",\"contentUrl\":\"https:\\\/\\\/www.vetorino.com\\\/boutique\\\/wp-content\\\/uploads\\\/2022\\\/11\\\/3_full-1.jpeg\",\"width\":1080,\"height\":673},{\"@type\":\"BreadcrumbList\",\"@id\":\"https:\\\/\\\/www.vetorino.com\\\/boutique\\\/product\\\/bouillotte-pour-petits-animaux\\\/#breadcrumb\",\"itemListElement\":[{\"@type\":\"ListItem\",\"position\":1,\"name\":\"Accueil\",\"item\":\"https:\\\/\\\/www.vetorino.com\\\/boutique\\\/\"},{\"@type\":\"ListItem\",\"position\":2,\"name\":\"Produits\",\"item\":\"https:\\\/\\\/www.vetorino.com\\\/boutique\\\/\"},{\"@type\":\"ListItem\",\"position\":3,\"name\":\"Bouillotte pour petits animaux\"}]},{\"@type\":\"WebSite\",\"@id\":\"https:\\\/\\\/www.vetorino.com\\\/boutique\\\/#website\",\"url\":\"https:\\\/\\\/www.vetorino.com\\\/boutique\\\/\",\"name\":\"V\u00e9torino\",\"description\":\"\",\"publisher\":{\"@id\":\"https:\\\/\\\/www.vetorino.com\\\/boutique\\\/#organization\"},\"potentialAction\":[{\"@type\":\"SearchAction\",\"target\":{\"@type\":\"EntryPoint\",\"urlTemplate\":\"https:\\\/\\\/www.vetorino.com\\\/boutique\\\/?s={search_term_string}\"},\"query-input\":{\"@type\":\"PropertyValueSpecification\",\"valueRequired\":true,\"valueName\":\"search_term_string\"}}],\"inLanguage\":\"fr-FR\"},{\"@type\":\"Organization\",\"@id\":\"https:\\\/\\\/www.vetorino.com\\\/boutique\\\/#organization\",\"name\":\"V\u00e9torino\",\"url\":\"https:\\\/\\\/www.vetorino.com\\\/boutique\\\/\",\"logo\":{\"@type\":\"ImageObject\",\"inLanguage\":\"fr-FR\",\"@id\":\"https:\\\/\\\/www.vetorino.com\\\/boutique\\\/#\\\/schema\\\/logo\\\/image\\\/\",\"url\":\"https:\\\/\\\/www.vetorino.com\\\/boutique\\\/wp-content\\\/uploads\\\/2024\\\/10\\\/logo.jpg\",\"contentUrl\":\"https:\\\/\\\/www.vetorino.com\\\/boutique\\\/wp-content\\\/uploads\\\/2024\\\/10\\\/logo.jpg\",\"width\":1200,\"height\":610,\"caption\":\"V\u00e9torino\"},\"image\":{\"@id\":\"https:\\\/\\\/www.vetorino.com\\\/boutique\\\/#\\\/schema\\\/logo\\\/image\\\/\"},\"sameAs\":[\"https:\\\/\\\/www.facebook.com\\\/Vetorino\\\/\",\"https:\\\/\\\/www.instagram.com\\\/vetorino_off\\\/\",\"https:\\\/\\\/www.linkedin.com\\\/company\\\/vtorino\\\/\"]}]}<\/script>\n<meta property=\"product:brand\" content=\"Trixie\" \/>\n<meta property=\"product:price:amount\" content=\"19.99\" \/>\n<meta property=\"product:price:currency\" content=\"EUR\" \/>\n<meta property=\"og:availability\" content=\"instock\" \/>\n<meta property=\"product:availability\" content=\"instock\" \/>\n<meta property=\"product:retailer_item_id\" content=\"O-805098\" \/>\n<meta property=\"product:condition\" content=\"new\" \/>\n<!-- \/ Yoast SEO plugin. -->","yoast_head_json":{"title":"Bouillotte pour petits animaux Trixie - V\u00e9torino","description":"Le coussin chauffant Trixie est le support id\u00e9al pour les animaux \u00e2g\u00e9s, jeunes et malades. Il suffit de les r\u00e9chauffer au micro-ondes. Housse amovible, lavable en machine.","robots":{"index":"noindex","follow":"nofollow"},"og_locale":"fr_FR","og_type":"article","og_title":"Bouillotte pour petits animaux Trixie - V\u00e9torino","og_description":"Le coussin chauffant Trixie est le support id\u00e9al pour les animaux \u00e2g\u00e9s, jeunes et malades. Il suffit de les r\u00e9chauffer au micro-ondes. Housse amovible, lavable en machine.","og_url":"https:\/\/www.vetorino.com\/veterinaire\/vincennes-loup-94300\/boutique\/product\/bouillotte-pour-petits-animaux\/","og_site_name":"V\u00e9torino","article_publisher":"https:\/\/www.facebook.com\/Vetorino\/","article_modified_time":"2024-12-11T15:18:32+00:00","og_image":[{"width":1080,"height":673,"url":"https:\/\/www.vetorino.com\/boutique\/wp-content\/uploads\/2022\/11\/3_full-1.jpeg","type":"image\/jpeg"}],"twitter_card":"summary_large_image","twitter_misc":{"Prix":"19,99&euro;","Disponibilit\u00e9":"En stock"},"schema":{"@context":"https:\/\/schema.org","@graph":[{"@type":"WebPage","@id":"https:\/\/www.vetorino.com\/boutique\/product\/bouillotte-pour-petits-animaux\/","url":"https:\/\/www.vetorino.com\/boutique\/product\/bouillotte-pour-petits-animaux\/","name":"Bouillotte pour petits animaux Trixie - V\u00e9torino","isPartOf":{"@id":"https:\/\/www.vetorino.com\/boutique\/#website"},"primaryImageOfPage":{"@id":"https:\/\/www.vetorino.com\/boutique\/product\/bouillotte-pour-petits-animaux\/#primaryimage"},"image":{"@id":"https:\/\/www.vetorino.com\/boutique\/product\/bouillotte-pour-petits-animaux\/#primaryimage"},"thumbnailUrl":"https:\/\/www.vetorino.com\/boutique\/wp-content\/uploads\/2022\/11\/3_full-1.jpeg","datePublished":"2022-11-16T16:20:00+00:00","dateModified":"2024-12-11T15:18:32+00:00","description":"Le coussin chauffant Trixie est le support id\u00e9al pour les animaux \u00e2g\u00e9s, jeunes et malades. Il suffit de les r\u00e9chauffer au micro-ondes. Housse amovible, lavable en machine.","breadcrumb":{"@id":"https:\/\/www.vetorino.com\/boutique\/product\/bouillotte-pour-petits-animaux\/#breadcrumb"},"inLanguage":"fr-FR","potentialAction":[{"@type":"ReadAction","target":["https:\/\/www.vetorino.com\/boutique\/product\/bouillotte-pour-petits-animaux\/"]}]},{"@type":"ImageObject","inLanguage":"fr-FR","@id":"https:\/\/www.vetorino.com\/boutique\/product\/bouillotte-pour-petits-animaux\/#primaryimage","url":"https:\/\/www.vetorino.com\/boutique\/wp-content\/uploads\/2022\/11\/3_full-1.jpeg","contentUrl":"https:\/\/www.vetorino.com\/boutique\/wp-content\/uploads\/2022\/11\/3_full-1.jpeg","width":1080,"height":673},{"@type":"BreadcrumbList","@id":"https:\/\/www.vetorino.com\/boutique\/product\/bouillotte-pour-petits-animaux\/#breadcrumb","itemListElement":[{"@type":"ListItem","position":1,"name":"Accueil","item":"https:\/\/www.vetorino.com\/boutique\/"},{"@type":"ListItem","position":2,"name":"Produits","item":"https:\/\/www.vetorino.com\/boutique\/"},{"@type":"ListItem","position":3,"name":"Bouillotte pour petits animaux"}]},{"@type":"WebSite","@id":"https:\/\/www.vetorino.com\/boutique\/#website","url":"https:\/\/www.vetorino.com\/boutique\/","name":"V\u00e9torino","description":"","publisher":{"@id":"https:\/\/www.vetorino.com\/boutique\/#organization"},"potentialAction":[{"@type":"SearchAction","target":{"@type":"EntryPoint","urlTemplate":"https:\/\/www.vetorino.com\/boutique\/?s={search_term_string}"},"query-input":{"@type":"PropertyValueSpecification","valueRequired":true,"valueName":"search_term_string"}}],"inLanguage":"fr-FR"},{"@type":"Organization","@id":"https:\/\/www.vetorino.com\/boutique\/#organization","name":"V\u00e9torino","url":"https:\/\/www.vetorino.com\/boutique\/","logo":{"@type":"ImageObject","inLanguage":"fr-FR","@id":"https:\/\/www.vetorino.com\/boutique\/#\/schema\/logo\/image\/","url":"https:\/\/www.vetorino.com\/boutique\/wp-content\/uploads\/2024\/10\/logo.jpg","contentUrl":"https:\/\/www.vetorino.com\/boutique\/wp-content\/uploads\/2024\/10\/logo.jpg","width":1200,"height":610,"caption":"V\u00e9torino"},"image":{"@id":"https:\/\/www.vetorino.com\/boutique\/#\/schema\/logo\/image\/"},"sameAs":["https:\/\/www.facebook.com\/Vetorino\/","https:\/\/www.instagram.com\/vetorino_off\/","https:\/\/www.linkedin.com\/company\/vtorino\/"]}]},"product_brand":"Trixie","product_price_amount":"19.99","product_price_currency":"EUR","og_availability":"instock","product_availability":"instock","product_retailer_item_id":"O-805098","product_condition":"new"},"_links":{"self":[{"href":"https:\/\/www.vetorino.com\/veterinaire\/vincennes-loup-94300\/boutique\/wp-json\/wp\/v2\/product\/506902","targetHints":{"allow":["GET"]}}],"collection":[{"href":"https:\/\/www.vetorino.com\/veterinaire\/vincennes-loup-94300\/boutique\/wp-json\/wp\/v2\/product"}],"about":[{"href":"https:\/\/www.vetorino.com\/veterinaire\/vincennes-loup-94300\/boutique\/wp-json\/wp\/v2\/types\/product"}],"wp:featuredmedia":[{"embeddable":true,"href":"https:\/\/www.vetorino.com\/veterinaire\/vincennes-loup-94300\/boutique\/wp-json\/wp\/v2\/media\/719932"}],"wp:attachment":[{"href":"https:\/\/www.vetorino.com\/veterinaire\/vincennes-loup-94300\/boutique\/wp-json\/wp\/v2\/media?parent=506902"}],"wp:term":[{"taxonomy":"product_cat","embeddable":true,"href":"https:\/\/www.vetorino.com\/veterinaire\/vincennes-loup-94300\/boutique\/wp-json\/wp\/v2\/product_cat?post=506902"},{"taxonomy":"product_tag","embeddable":true,"href":"https:\/\/www.vetorino.com\/veterinaire\/vincennes-loup-94300\/boutique\/wp-json\/wp\/v2\/product_tag?post=506902"}],"curies":[{"name":"wp","href":"https:\/\/api.w.org\/{rel}","templated":true}]}}