{"id":510094,"date":"2022-11-21T11:48:03","date_gmt":"2022-11-21T10:48:03","guid":{"rendered":"https:\/\/www.vetorino.com\/boutique\/?post_type=product&#038;p=510094"},"modified":"2023-04-10T10:09:02","modified_gmt":"2023-04-10T08:09:02","slug":"bouillotte-snuggle-safe-2","status":"publish","type":"product","link":"https:\/\/www.vetorino.com\/veterinaire\/vincennes-loup-94300\/boutique\/product\/bouillotte-snuggle-safe-2\/","title":{"rendered":"Bouillotte Snuggle Safe"},"content":{"rendered":"<div id=\"description\" class=\"product-data__item--content \" aria-labelledby=\"tab-label-amcustomtabs_tabs_1-title\">\n<div class=\"am-custom-tab am-custom-tab-1\">\n<div class=\"am-custom-tab am-custom-tab-1\">\n<div class=\"product attribute description content-wrapper\">\n<div class=\"value reset-pagebuilder\">\n<div data-content-type=\"html\" data-appearance=\"default\" data-element=\"main\" data-decoded=\"true\">\n<p><strong>Bouillotte chauffante<\/strong>\u00a0pr\u00e9sent\u00e9 sous forme d&#8217;un disque en plastique rigide robuste avec \u00e0 l&#8217;int\u00e9rieur un produit thermique Thermapol\u00ae non toxique. L&#8217;utilisation est simple, le disque se place 4 minutes dans un micro ondes (de 600 \u00e0 1400 W maxi) et ainsi restitue une douce chaleur \u00e0 l&#8217;animal jusqu&#8217;\u00e0 environ 10h, un produit id\u00e9al lors de vos d\u00e9placements ou besoins ponctuels.<\/p>\n<p>La bouillotte chauffante SNUGGLESAFE pour chien et chat est livr\u00e9e avec housse de protection en laine polaire.<\/p>\n<p>Dim \u00d8 21.5cm x \u00e9paisseur 3cm.<\/p>\n<\/div>\n<\/div>\n<\/div>\n<\/div>\n<\/div>\n<\/div>\n<div id=\"related-products\" class=\"product-data__item--content has-related-products\" aria-labelledby=\"tab-label-amcustomtabs_tabs_12-title\">\n<div class=\"am-custom-tab am-custom-tab-12\">\n<div class=\"am-custom-tab am-custom-tab-12\">\n<div class=\"block related page-products\" data-limit=\"5\" data-shuffle=\"1\"><\/div>\n<\/div>\n<\/div>\n<\/div>\n","protected":false},"excerpt":{"rendered":"<p>La bouillotte <strong>Snuggle Safe<\/strong> garde les animaux au chaud \u00e0 la maison ou \u00e0 l&#8217;ext\u00e9rieur de jour comme de nuit. Id\u00e9ale pour les animaux nouveau-n\u00e9s, convalescents et \u00e2g\u00e9s ou pour ceux qui vivent dans un climat froid.<\/p>\n","protected":false},"featured_media":591761,"template":"","meta":[],"product_cat":[2697,2698,12595,12596,2727],"product_tag":[],"class_list":{"0":"post-510094","1":"product","2":"type-product","3":"status-publish","4":"has-post-thumbnail","6":"product_cat-chat","7":"product_cat-chien","8":"product_cat-confort-du-chat","9":"product_cat-confort-du-chien","10":"product_cat-nac","11":"pa_marque-snuggle-safe","13":"first","14":"instock","15":"taxable","16":"shipping-taxable","17":"purchasable","18":"product-type-simple"},"yoast_head":"<!-- This site is optimized with the Yoast SEO plugin v27.3 - https:\/\/yoast.com\/product\/yoast-seo-wordpress\/ -->\n<title>Bouillotte Snuggle Safe Snuggle Safe - V\u00e9torino<\/title>\n<meta name=\"description\" content=\"La bouillotte Snuggle Safe garde les animaux au chaud \u00e0 la maison ou \u00e0 l&#039;ext\u00e9rieur de jour comme de nuit. Id\u00e9ale pour les animaux nouveau-n\u00e9s, convalescents et \u00e2g\u00e9s ou pour ceux qui vivent dans un climat froid.\" \/>\n<meta name=\"robots\" content=\"noindex, nofollow\" \/>\n<meta property=\"og:locale\" content=\"fr_FR\" \/>\n<meta property=\"og:type\" content=\"article\" \/>\n<meta property=\"og:title\" content=\"Bouillotte Snuggle Safe Snuggle Safe - V\u00e9torino\" \/>\n<meta property=\"og:description\" content=\"La bouillotte Snuggle Safe garde les animaux au chaud \u00e0 la maison ou \u00e0 l&#039;ext\u00e9rieur de jour comme de nuit. Id\u00e9ale pour les animaux nouveau-n\u00e9s, convalescents et \u00e2g\u00e9s ou pour ceux qui vivent dans un climat froid.\" \/>\n<meta property=\"og:url\" content=\"https:\/\/www.vetorino.com\/veterinaire\/vincennes-loup-94300\/boutique\/product\/bouillotte-snuggle-safe-2\/\" \/>\n<meta property=\"og:site_name\" content=\"V\u00e9torino\" \/>\n<meta property=\"article:publisher\" content=\"https:\/\/www.facebook.com\/Vetorino\/\" \/>\n<meta property=\"article:modified_time\" content=\"2023-04-10T08:09:02+00:00\" \/>\n<meta property=\"og:image\" content=\"https:\/\/www.vetorino.com\/boutique\/wp-content\/uploads\/2022\/11\/snugglesafe_coussin_chauffant_pour_animaux_-_la_compagnie_des_animaux.jpeg\" \/>\n\t<meta property=\"og:image:width\" content=\"900\" \/>\n\t<meta property=\"og:image:height\" content=\"900\" \/>\n\t<meta property=\"og:image:type\" content=\"image\/jpeg\" \/>\n<meta name=\"twitter:card\" content=\"summary_large_image\" \/>\n<meta name=\"twitter:label1\" content=\"Prix\" \/>\n\t<meta name=\"twitter:data1\" content=\"23,10&euro;\" \/>\n\t<meta name=\"twitter:label2\" content=\"Disponibilit\u00e9\" \/>\n\t<meta name=\"twitter:data2\" content=\"En stock\" \/>\n<script type=\"application\/ld+json\" class=\"yoast-schema-graph\">{\"@context\":\"https:\\\/\\\/schema.org\",\"@graph\":[{\"@type\":\"WebPage\",\"@id\":\"https:\\\/\\\/www.vetorino.com\\\/boutique\\\/product\\\/bouillotte-snuggle-safe-2\\\/\",\"url\":\"https:\\\/\\\/www.vetorino.com\\\/boutique\\\/product\\\/bouillotte-snuggle-safe-2\\\/\",\"name\":\"Bouillotte Snuggle Safe Snuggle Safe - V\u00e9torino\",\"isPartOf\":{\"@id\":\"https:\\\/\\\/www.vetorino.com\\\/boutique\\\/#website\"},\"primaryImageOfPage\":{\"@id\":\"https:\\\/\\\/www.vetorino.com\\\/boutique\\\/product\\\/bouillotte-snuggle-safe-2\\\/#primaryimage\"},\"image\":{\"@id\":\"https:\\\/\\\/www.vetorino.com\\\/boutique\\\/product\\\/bouillotte-snuggle-safe-2\\\/#primaryimage\"},\"thumbnailUrl\":\"https:\\\/\\\/www.vetorino.com\\\/boutique\\\/wp-content\\\/uploads\\\/2022\\\/11\\\/snugglesafe_coussin_chauffant_pour_animaux_-_la_compagnie_des_animaux.jpeg\",\"datePublished\":\"2022-11-21T10:48:03+00:00\",\"dateModified\":\"2023-04-10T08:09:02+00:00\",\"description\":\"La bouillotte Snuggle Safe garde les animaux au chaud \u00e0 la maison ou \u00e0 l'ext\u00e9rieur de jour comme de nuit. Id\u00e9ale pour les animaux nouveau-n\u00e9s, convalescents et \u00e2g\u00e9s ou pour ceux qui vivent dans un climat froid.\",\"breadcrumb\":{\"@id\":\"https:\\\/\\\/www.vetorino.com\\\/boutique\\\/product\\\/bouillotte-snuggle-safe-2\\\/#breadcrumb\"},\"inLanguage\":\"fr-FR\",\"potentialAction\":[{\"@type\":\"ReadAction\",\"target\":[\"https:\\\/\\\/www.vetorino.com\\\/boutique\\\/product\\\/bouillotte-snuggle-safe-2\\\/\"]}]},{\"@type\":\"ImageObject\",\"inLanguage\":\"fr-FR\",\"@id\":\"https:\\\/\\\/www.vetorino.com\\\/boutique\\\/product\\\/bouillotte-snuggle-safe-2\\\/#primaryimage\",\"url\":\"https:\\\/\\\/www.vetorino.com\\\/boutique\\\/wp-content\\\/uploads\\\/2022\\\/11\\\/snugglesafe_coussin_chauffant_pour_animaux_-_la_compagnie_des_animaux.jpeg\",\"contentUrl\":\"https:\\\/\\\/www.vetorino.com\\\/boutique\\\/wp-content\\\/uploads\\\/2022\\\/11\\\/snugglesafe_coussin_chauffant_pour_animaux_-_la_compagnie_des_animaux.jpeg\",\"width\":900,\"height\":900},{\"@type\":\"BreadcrumbList\",\"@id\":\"https:\\\/\\\/www.vetorino.com\\\/boutique\\\/product\\\/bouillotte-snuggle-safe-2\\\/#breadcrumb\",\"itemListElement\":[{\"@type\":\"ListItem\",\"position\":1,\"name\":\"Accueil\",\"item\":\"https:\\\/\\\/www.vetorino.com\\\/boutique\\\/\"},{\"@type\":\"ListItem\",\"position\":2,\"name\":\"Produits\",\"item\":\"https:\\\/\\\/www.vetorino.com\\\/boutique\\\/\"},{\"@type\":\"ListItem\",\"position\":3,\"name\":\"Bouillotte Snuggle Safe\"}]},{\"@type\":\"WebSite\",\"@id\":\"https:\\\/\\\/www.vetorino.com\\\/boutique\\\/#website\",\"url\":\"https:\\\/\\\/www.vetorino.com\\\/boutique\\\/\",\"name\":\"V\u00e9torino\",\"description\":\"\",\"publisher\":{\"@id\":\"https:\\\/\\\/www.vetorino.com\\\/boutique\\\/#organization\"},\"potentialAction\":[{\"@type\":\"SearchAction\",\"target\":{\"@type\":\"EntryPoint\",\"urlTemplate\":\"https:\\\/\\\/www.vetorino.com\\\/boutique\\\/?s={search_term_string}\"},\"query-input\":{\"@type\":\"PropertyValueSpecification\",\"valueRequired\":true,\"valueName\":\"search_term_string\"}}],\"inLanguage\":\"fr-FR\"},{\"@type\":\"Organization\",\"@id\":\"https:\\\/\\\/www.vetorino.com\\\/boutique\\\/#organization\",\"name\":\"V\u00e9torino\",\"url\":\"https:\\\/\\\/www.vetorino.com\\\/boutique\\\/\",\"logo\":{\"@type\":\"ImageObject\",\"inLanguage\":\"fr-FR\",\"@id\":\"https:\\\/\\\/www.vetorino.com\\\/boutique\\\/#\\\/schema\\\/logo\\\/image\\\/\",\"url\":\"https:\\\/\\\/www.vetorino.com\\\/boutique\\\/wp-content\\\/uploads\\\/2024\\\/10\\\/logo.jpg\",\"contentUrl\":\"https:\\\/\\\/www.vetorino.com\\\/boutique\\\/wp-content\\\/uploads\\\/2024\\\/10\\\/logo.jpg\",\"width\":1200,\"height\":610,\"caption\":\"V\u00e9torino\"},\"image\":{\"@id\":\"https:\\\/\\\/www.vetorino.com\\\/boutique\\\/#\\\/schema\\\/logo\\\/image\\\/\"},\"sameAs\":[\"https:\\\/\\\/www.facebook.com\\\/Vetorino\\\/\",\"https:\\\/\\\/www.instagram.com\\\/vetorino_off\\\/\",\"https:\\\/\\\/www.linkedin.com\\\/company\\\/vtorino\\\/\"]}]}<\/script>\n<meta property=\"product:brand\" content=\"Snuggle Safe\" \/>\n<meta property=\"product:price:amount\" content=\"23.10\" \/>\n<meta property=\"product:price:currency\" content=\"EUR\" \/>\n<meta property=\"og:availability\" content=\"instock\" \/>\n<meta property=\"product:availability\" content=\"instock\" \/>\n<meta property=\"product:retailer_item_id\" content=\"O-666327\" \/>\n<meta property=\"product:condition\" content=\"new\" \/>\n<!-- \/ Yoast SEO plugin. -->","yoast_head_json":{"title":"Bouillotte Snuggle Safe Snuggle Safe - V\u00e9torino","description":"La bouillotte Snuggle Safe garde les animaux au chaud \u00e0 la maison ou \u00e0 l'ext\u00e9rieur de jour comme de nuit. Id\u00e9ale pour les animaux nouveau-n\u00e9s, convalescents et \u00e2g\u00e9s ou pour ceux qui vivent dans un climat froid.","robots":{"index":"noindex","follow":"nofollow"},"og_locale":"fr_FR","og_type":"article","og_title":"Bouillotte Snuggle Safe Snuggle Safe - V\u00e9torino","og_description":"La bouillotte Snuggle Safe garde les animaux au chaud \u00e0 la maison ou \u00e0 l'ext\u00e9rieur de jour comme de nuit. Id\u00e9ale pour les animaux nouveau-n\u00e9s, convalescents et \u00e2g\u00e9s ou pour ceux qui vivent dans un climat froid.","og_url":"https:\/\/www.vetorino.com\/veterinaire\/vincennes-loup-94300\/boutique\/product\/bouillotte-snuggle-safe-2\/","og_site_name":"V\u00e9torino","article_publisher":"https:\/\/www.facebook.com\/Vetorino\/","article_modified_time":"2023-04-10T08:09:02+00:00","og_image":[{"width":900,"height":900,"url":"https:\/\/www.vetorino.com\/boutique\/wp-content\/uploads\/2022\/11\/snugglesafe_coussin_chauffant_pour_animaux_-_la_compagnie_des_animaux.jpeg","type":"image\/jpeg"}],"twitter_card":"summary_large_image","twitter_misc":{"Prix":"23,10&euro;","Disponibilit\u00e9":"En stock"},"schema":{"@context":"https:\/\/schema.org","@graph":[{"@type":"WebPage","@id":"https:\/\/www.vetorino.com\/boutique\/product\/bouillotte-snuggle-safe-2\/","url":"https:\/\/www.vetorino.com\/boutique\/product\/bouillotte-snuggle-safe-2\/","name":"Bouillotte Snuggle Safe Snuggle Safe - V\u00e9torino","isPartOf":{"@id":"https:\/\/www.vetorino.com\/boutique\/#website"},"primaryImageOfPage":{"@id":"https:\/\/www.vetorino.com\/boutique\/product\/bouillotte-snuggle-safe-2\/#primaryimage"},"image":{"@id":"https:\/\/www.vetorino.com\/boutique\/product\/bouillotte-snuggle-safe-2\/#primaryimage"},"thumbnailUrl":"https:\/\/www.vetorino.com\/boutique\/wp-content\/uploads\/2022\/11\/snugglesafe_coussin_chauffant_pour_animaux_-_la_compagnie_des_animaux.jpeg","datePublished":"2022-11-21T10:48:03+00:00","dateModified":"2023-04-10T08:09:02+00:00","description":"La bouillotte Snuggle Safe garde les animaux au chaud \u00e0 la maison ou \u00e0 l'ext\u00e9rieur de jour comme de nuit. Id\u00e9ale pour les animaux nouveau-n\u00e9s, convalescents et \u00e2g\u00e9s ou pour ceux qui vivent dans un climat froid.","breadcrumb":{"@id":"https:\/\/www.vetorino.com\/boutique\/product\/bouillotte-snuggle-safe-2\/#breadcrumb"},"inLanguage":"fr-FR","potentialAction":[{"@type":"ReadAction","target":["https:\/\/www.vetorino.com\/boutique\/product\/bouillotte-snuggle-safe-2\/"]}]},{"@type":"ImageObject","inLanguage":"fr-FR","@id":"https:\/\/www.vetorino.com\/boutique\/product\/bouillotte-snuggle-safe-2\/#primaryimage","url":"https:\/\/www.vetorino.com\/boutique\/wp-content\/uploads\/2022\/11\/snugglesafe_coussin_chauffant_pour_animaux_-_la_compagnie_des_animaux.jpeg","contentUrl":"https:\/\/www.vetorino.com\/boutique\/wp-content\/uploads\/2022\/11\/snugglesafe_coussin_chauffant_pour_animaux_-_la_compagnie_des_animaux.jpeg","width":900,"height":900},{"@type":"BreadcrumbList","@id":"https:\/\/www.vetorino.com\/boutique\/product\/bouillotte-snuggle-safe-2\/#breadcrumb","itemListElement":[{"@type":"ListItem","position":1,"name":"Accueil","item":"https:\/\/www.vetorino.com\/boutique\/"},{"@type":"ListItem","position":2,"name":"Produits","item":"https:\/\/www.vetorino.com\/boutique\/"},{"@type":"ListItem","position":3,"name":"Bouillotte Snuggle Safe"}]},{"@type":"WebSite","@id":"https:\/\/www.vetorino.com\/boutique\/#website","url":"https:\/\/www.vetorino.com\/boutique\/","name":"V\u00e9torino","description":"","publisher":{"@id":"https:\/\/www.vetorino.com\/boutique\/#organization"},"potentialAction":[{"@type":"SearchAction","target":{"@type":"EntryPoint","urlTemplate":"https:\/\/www.vetorino.com\/boutique\/?s={search_term_string}"},"query-input":{"@type":"PropertyValueSpecification","valueRequired":true,"valueName":"search_term_string"}}],"inLanguage":"fr-FR"},{"@type":"Organization","@id":"https:\/\/www.vetorino.com\/boutique\/#organization","name":"V\u00e9torino","url":"https:\/\/www.vetorino.com\/boutique\/","logo":{"@type":"ImageObject","inLanguage":"fr-FR","@id":"https:\/\/www.vetorino.com\/boutique\/#\/schema\/logo\/image\/","url":"https:\/\/www.vetorino.com\/boutique\/wp-content\/uploads\/2024\/10\/logo.jpg","contentUrl":"https:\/\/www.vetorino.com\/boutique\/wp-content\/uploads\/2024\/10\/logo.jpg","width":1200,"height":610,"caption":"V\u00e9torino"},"image":{"@id":"https:\/\/www.vetorino.com\/boutique\/#\/schema\/logo\/image\/"},"sameAs":["https:\/\/www.facebook.com\/Vetorino\/","https:\/\/www.instagram.com\/vetorino_off\/","https:\/\/www.linkedin.com\/company\/vtorino\/"]}]},"product_brand":"Snuggle Safe","product_price_amount":"23.10","product_price_currency":"EUR","og_availability":"instock","product_availability":"instock","product_retailer_item_id":"O-666327","product_condition":"new"},"_links":{"self":[{"href":"https:\/\/www.vetorino.com\/veterinaire\/vincennes-loup-94300\/boutique\/wp-json\/wp\/v2\/product\/510094","targetHints":{"allow":["GET"]}}],"collection":[{"href":"https:\/\/www.vetorino.com\/veterinaire\/vincennes-loup-94300\/boutique\/wp-json\/wp\/v2\/product"}],"about":[{"href":"https:\/\/www.vetorino.com\/veterinaire\/vincennes-loup-94300\/boutique\/wp-json\/wp\/v2\/types\/product"}],"wp:featuredmedia":[{"embeddable":true,"href":"https:\/\/www.vetorino.com\/veterinaire\/vincennes-loup-94300\/boutique\/wp-json\/wp\/v2\/media\/591761"}],"wp:attachment":[{"href":"https:\/\/www.vetorino.com\/veterinaire\/vincennes-loup-94300\/boutique\/wp-json\/wp\/v2\/media?parent=510094"}],"wp:term":[{"taxonomy":"product_cat","embeddable":true,"href":"https:\/\/www.vetorino.com\/veterinaire\/vincennes-loup-94300\/boutique\/wp-json\/wp\/v2\/product_cat?post=510094"},{"taxonomy":"product_tag","embeddable":true,"href":"https:\/\/www.vetorino.com\/veterinaire\/vincennes-loup-94300\/boutique\/wp-json\/wp\/v2\/product_tag?post=510094"}],"curies":[{"name":"wp","href":"https:\/\/api.w.org\/{rel}","templated":true}]}}