{"id":510121,"date":"2022-11-21T12:12:29","date_gmt":"2022-11-21T11:12:29","guid":{"rendered":"https:\/\/www.vetorino.com\/boutique\/?post_type=product&#038;p=510121"},"modified":"2024-05-10T11:14:15","modified_gmt":"2024-05-10T09:14:15","slug":"bouillotte-snuggle-safe-pour-nac","status":"publish","type":"product","link":"https:\/\/www.vetorino.com\/veterinaire\/vincennes-loup-94300\/boutique\/product\/bouillotte-snuggle-safe-pour-nac\/","title":{"rendered":"Bouillotte Snuggle Safe"},"content":{"rendered":"<div id=\"description\" class=\"product-data__item--content \" aria-labelledby=\"tab-label-amcustomtabs_tabs_1-title\">\n<div class=\"am-custom-tab am-custom-tab-1\">\n<div class=\"am-custom-tab am-custom-tab-1\">\n<div class=\"product attribute description content-wrapper\">\n<div class=\"value reset-pagebuilder\">\n<div data-content-type=\"html\" data-appearance=\"default\" data-element=\"main\" data-decoded=\"true\">\n<p><strong>Bouillotte chauffante<\/strong>\u00a0pr\u00e9sent\u00e9 sous forme d&#8217;un disque en plastique rigide robuste avec \u00e0 l&#8217;int\u00e9rieur un produit thermique Thermapol\u00ae non toxique. L&#8217;utilisation est simple, le disque se place 4 minutes dans un micro ondes (de 600 \u00e0 1400 W maxi) et ainsi restitue une douce chaleur \u00e0 l&#8217;animal jusqu&#8217;\u00e0 environ 10h, un produit id\u00e9al lors de vos d\u00e9placements ou besoins ponctuels.<\/p>\n<p>La bouillotte chauffante SNUGGLESAFE pour NAC est livr\u00e9e avec housse de protection en laine polaire.<\/p>\n<p>Disque \u00d8 21 cm, s\u00e9curis\u00e9<\/p>\n<\/div>\n<\/div>\n<\/div>\n<\/div>\n<\/div>\n<\/div>\n","protected":false},"excerpt":{"rendered":"<p>La bouillotte <strong>Snuggle Safe<\/strong> garde les animaux au chaud \u00e0 la maison ou \u00e0 l&#8217;ext\u00e9rieur de jour comme de nuit. Id\u00e9ale pour les animaux nouveau-n\u00e9s, convalescents et \u00e2g\u00e9s ou pour ceux qui vivent dans un climat froid.<\/p>\n","protected":false},"featured_media":918030,"template":"","meta":[],"product_cat":[12574,2744,12563,2727,12570],"product_tag":[],"class_list":{"0":"post-510121","1":"product","2":"type-product","3":"status-publish","4":"has-post-thumbnail","6":"product_cat-accessoire-pour-lapin","7":"product_cat-furet","8":"product_cat-lapin","9":"product_cat-nac","10":"product_cat-rongeur","11":"pa_marque-snuggle-safe","13":"first","14":"instock","15":"taxable","16":"shipping-taxable","17":"purchasable","18":"product-type-simple"},"yoast_head":"<!-- This site is optimized with the Yoast SEO plugin v27.3 - https:\/\/yoast.com\/product\/yoast-seo-wordpress\/ -->\n<title>Bouillotte Snuggle Safe Snuggle Safe - V\u00e9torino<\/title>\n<meta name=\"description\" content=\"La bouillotte Snuggle Safe garde les animaux au chaud \u00e0 la maison ou \u00e0 l&#039;ext\u00e9rieur de jour comme de nuit. Id\u00e9ale pour les animaux nouveau-n\u00e9s, convalescents et \u00e2g\u00e9s ou pour ceux qui vivent dans un climat froid.\" \/>\n<meta name=\"robots\" content=\"noindex, nofollow\" \/>\n<meta property=\"og:locale\" content=\"fr_FR\" \/>\n<meta property=\"og:type\" content=\"article\" \/>\n<meta property=\"og:title\" content=\"Bouillotte Snuggle Safe Snuggle Safe - V\u00e9torino\" \/>\n<meta property=\"og:description\" content=\"La bouillotte Snuggle Safe garde les animaux au chaud \u00e0 la maison ou \u00e0 l&#039;ext\u00e9rieur de jour comme de nuit. Id\u00e9ale pour les animaux nouveau-n\u00e9s, convalescents et \u00e2g\u00e9s ou pour ceux qui vivent dans un climat froid.\" \/>\n<meta property=\"og:url\" content=\"https:\/\/www.vetorino.com\/veterinaire\/vincennes-loup-94300\/boutique\/product\/bouillotte-snuggle-safe-pour-nac\/\" \/>\n<meta property=\"og:site_name\" content=\"V\u00e9torino\" \/>\n<meta property=\"article:publisher\" content=\"https:\/\/www.facebook.com\/Vetorino\/\" \/>\n<meta property=\"article:modified_time\" content=\"2024-05-10T09:14:15+00:00\" \/>\n<meta property=\"og:image\" content=\"https:\/\/www.vetorino.com\/boutique\/wp-content\/uploads\/2022\/11\/805166_1-585x585-1.jpg\" \/>\n\t<meta property=\"og:image:width\" content=\"585\" \/>\n\t<meta property=\"og:image:height\" content=\"585\" \/>\n\t<meta property=\"og:image:type\" content=\"image\/jpeg\" \/>\n<meta name=\"twitter:card\" content=\"summary_large_image\" \/>\n<meta name=\"twitter:label1\" content=\"Prix\" \/>\n\t<meta name=\"twitter:data1\" content=\"24,85&euro;\" \/>\n\t<meta name=\"twitter:label2\" content=\"Disponibilit\u00e9\" \/>\n\t<meta name=\"twitter:data2\" content=\"En stock\" \/>\n<script type=\"application\/ld+json\" class=\"yoast-schema-graph\">{\"@context\":\"https:\\\/\\\/schema.org\",\"@graph\":[{\"@type\":\"WebPage\",\"@id\":\"https:\\\/\\\/www.vetorino.com\\\/veterinaire\\\/vincennes-loup-94300\\\/boutique\\\/product\\\/bouillotte-snuggle-safe-pour-nac\\\/\",\"url\":\"https:\\\/\\\/www.vetorino.com\\\/veterinaire\\\/vincennes-loup-94300\\\/boutique\\\/product\\\/bouillotte-snuggle-safe-pour-nac\\\/\",\"name\":\"Bouillotte Snuggle Safe Snuggle Safe - V\u00e9torino\",\"isPartOf\":{\"@id\":\"https:\\\/\\\/www.vetorino.com\\\/boutique\\\/#website\"},\"primaryImageOfPage\":{\"@id\":\"https:\\\/\\\/www.vetorino.com\\\/veterinaire\\\/vincennes-loup-94300\\\/boutique\\\/product\\\/bouillotte-snuggle-safe-pour-nac\\\/#primaryimage\"},\"image\":{\"@id\":\"https:\\\/\\\/www.vetorino.com\\\/veterinaire\\\/vincennes-loup-94300\\\/boutique\\\/product\\\/bouillotte-snuggle-safe-pour-nac\\\/#primaryimage\"},\"thumbnailUrl\":\"https:\\\/\\\/www.vetorino.com\\\/boutique\\\/wp-content\\\/uploads\\\/2022\\\/11\\\/805166_1-585x585-1.jpg\",\"datePublished\":\"2022-11-21T11:12:29+00:00\",\"dateModified\":\"2024-05-10T09:14:15+00:00\",\"description\":\"La bouillotte Snuggle Safe garde les animaux au chaud \u00e0 la maison ou \u00e0 l'ext\u00e9rieur de jour comme de nuit. Id\u00e9ale pour les animaux nouveau-n\u00e9s, convalescents et \u00e2g\u00e9s ou pour ceux qui vivent dans un climat froid.\",\"breadcrumb\":{\"@id\":\"https:\\\/\\\/www.vetorino.com\\\/veterinaire\\\/vincennes-loup-94300\\\/boutique\\\/product\\\/bouillotte-snuggle-safe-pour-nac\\\/#breadcrumb\"},\"inLanguage\":\"fr-FR\",\"potentialAction\":[{\"@type\":\"ReadAction\",\"target\":[\"https:\\\/\\\/www.vetorino.com\\\/veterinaire\\\/vincennes-loup-94300\\\/boutique\\\/product\\\/bouillotte-snuggle-safe-pour-nac\\\/\"]}]},{\"@type\":\"ImageObject\",\"inLanguage\":\"fr-FR\",\"@id\":\"https:\\\/\\\/www.vetorino.com\\\/veterinaire\\\/vincennes-loup-94300\\\/boutique\\\/product\\\/bouillotte-snuggle-safe-pour-nac\\\/#primaryimage\",\"url\":\"https:\\\/\\\/www.vetorino.com\\\/boutique\\\/wp-content\\\/uploads\\\/2022\\\/11\\\/805166_1-585x585-1.jpg\",\"contentUrl\":\"https:\\\/\\\/www.vetorino.com\\\/boutique\\\/wp-content\\\/uploads\\\/2022\\\/11\\\/805166_1-585x585-1.jpg\",\"width\":585,\"height\":585},{\"@type\":\"BreadcrumbList\",\"@id\":\"https:\\\/\\\/www.vetorino.com\\\/veterinaire\\\/vincennes-loup-94300\\\/boutique\\\/product\\\/bouillotte-snuggle-safe-pour-nac\\\/#breadcrumb\",\"itemListElement\":[{\"@type\":\"ListItem\",\"position\":1,\"name\":\"Accueil\",\"item\":\"https:\\\/\\\/www.vetorino.com\\\/boutique\\\/\"},{\"@type\":\"ListItem\",\"position\":2,\"name\":\"Produits\",\"item\":\"https:\\\/\\\/www.vetorino.com\\\/boutique\\\/\"},{\"@type\":\"ListItem\",\"position\":3,\"name\":\"Bouillotte Snuggle Safe\"}]},{\"@type\":\"WebSite\",\"@id\":\"https:\\\/\\\/www.vetorino.com\\\/boutique\\\/#website\",\"url\":\"https:\\\/\\\/www.vetorino.com\\\/boutique\\\/\",\"name\":\"V\u00e9torino\",\"description\":\"\",\"publisher\":{\"@id\":\"https:\\\/\\\/www.vetorino.com\\\/boutique\\\/#organization\"},\"potentialAction\":[{\"@type\":\"SearchAction\",\"target\":{\"@type\":\"EntryPoint\",\"urlTemplate\":\"https:\\\/\\\/www.vetorino.com\\\/boutique\\\/?s={search_term_string}\"},\"query-input\":{\"@type\":\"PropertyValueSpecification\",\"valueRequired\":true,\"valueName\":\"search_term_string\"}}],\"inLanguage\":\"fr-FR\"},{\"@type\":\"Organization\",\"@id\":\"https:\\\/\\\/www.vetorino.com\\\/boutique\\\/#organization\",\"name\":\"V\u00e9torino\",\"url\":\"https:\\\/\\\/www.vetorino.com\\\/boutique\\\/\",\"logo\":{\"@type\":\"ImageObject\",\"inLanguage\":\"fr-FR\",\"@id\":\"https:\\\/\\\/www.vetorino.com\\\/boutique\\\/#\\\/schema\\\/logo\\\/image\\\/\",\"url\":\"https:\\\/\\\/www.vetorino.com\\\/boutique\\\/wp-content\\\/uploads\\\/2024\\\/10\\\/logo.jpg\",\"contentUrl\":\"https:\\\/\\\/www.vetorino.com\\\/boutique\\\/wp-content\\\/uploads\\\/2024\\\/10\\\/logo.jpg\",\"width\":1200,\"height\":610,\"caption\":\"V\u00e9torino\"},\"image\":{\"@id\":\"https:\\\/\\\/www.vetorino.com\\\/boutique\\\/#\\\/schema\\\/logo\\\/image\\\/\"},\"sameAs\":[\"https:\\\/\\\/www.facebook.com\\\/Vetorino\\\/\",\"https:\\\/\\\/www.instagram.com\\\/vetorino_off\\\/\",\"https:\\\/\\\/www.linkedin.com\\\/company\\\/vtorino\\\/\"]}]}<\/script>\n<meta property=\"product:brand\" content=\"Snuggle Safe\" \/>\n<meta property=\"product:price:amount\" content=\"24.85\" \/>\n<meta property=\"product:price:currency\" content=\"EUR\" \/>\n<meta property=\"og:availability\" content=\"instock\" \/>\n<meta property=\"product:availability\" content=\"instock\" \/>\n<meta property=\"product:retailer_item_id\" content=\"O-805166\" \/>\n<meta property=\"product:condition\" content=\"new\" \/>\n<!-- \/ Yoast SEO plugin. -->","yoast_head_json":{"title":"Bouillotte Snuggle Safe Snuggle Safe - V\u00e9torino","description":"La bouillotte Snuggle Safe garde les animaux au chaud \u00e0 la maison ou \u00e0 l'ext\u00e9rieur de jour comme de nuit. Id\u00e9ale pour les animaux nouveau-n\u00e9s, convalescents et \u00e2g\u00e9s ou pour ceux qui vivent dans un climat froid.","robots":{"index":"noindex","follow":"nofollow"},"og_locale":"fr_FR","og_type":"article","og_title":"Bouillotte Snuggle Safe Snuggle Safe - V\u00e9torino","og_description":"La bouillotte Snuggle Safe garde les animaux au chaud \u00e0 la maison ou \u00e0 l'ext\u00e9rieur de jour comme de nuit. Id\u00e9ale pour les animaux nouveau-n\u00e9s, convalescents et \u00e2g\u00e9s ou pour ceux qui vivent dans un climat froid.","og_url":"https:\/\/www.vetorino.com\/veterinaire\/vincennes-loup-94300\/boutique\/product\/bouillotte-snuggle-safe-pour-nac\/","og_site_name":"V\u00e9torino","article_publisher":"https:\/\/www.facebook.com\/Vetorino\/","article_modified_time":"2024-05-10T09:14:15+00:00","og_image":[{"width":585,"height":585,"url":"https:\/\/www.vetorino.com\/boutique\/wp-content\/uploads\/2022\/11\/805166_1-585x585-1.jpg","type":"image\/jpeg"}],"twitter_card":"summary_large_image","twitter_misc":{"Prix":"24,85&euro;","Disponibilit\u00e9":"En stock"},"schema":{"@context":"https:\/\/schema.org","@graph":[{"@type":"WebPage","@id":"https:\/\/www.vetorino.com\/veterinaire\/vincennes-loup-94300\/boutique\/product\/bouillotte-snuggle-safe-pour-nac\/","url":"https:\/\/www.vetorino.com\/veterinaire\/vincennes-loup-94300\/boutique\/product\/bouillotte-snuggle-safe-pour-nac\/","name":"Bouillotte Snuggle Safe Snuggle Safe - V\u00e9torino","isPartOf":{"@id":"https:\/\/www.vetorino.com\/boutique\/#website"},"primaryImageOfPage":{"@id":"https:\/\/www.vetorino.com\/veterinaire\/vincennes-loup-94300\/boutique\/product\/bouillotte-snuggle-safe-pour-nac\/#primaryimage"},"image":{"@id":"https:\/\/www.vetorino.com\/veterinaire\/vincennes-loup-94300\/boutique\/product\/bouillotte-snuggle-safe-pour-nac\/#primaryimage"},"thumbnailUrl":"https:\/\/www.vetorino.com\/boutique\/wp-content\/uploads\/2022\/11\/805166_1-585x585-1.jpg","datePublished":"2022-11-21T11:12:29+00:00","dateModified":"2024-05-10T09:14:15+00:00","description":"La bouillotte Snuggle Safe garde les animaux au chaud \u00e0 la maison ou \u00e0 l'ext\u00e9rieur de jour comme de nuit. Id\u00e9ale pour les animaux nouveau-n\u00e9s, convalescents et \u00e2g\u00e9s ou pour ceux qui vivent dans un climat froid.","breadcrumb":{"@id":"https:\/\/www.vetorino.com\/veterinaire\/vincennes-loup-94300\/boutique\/product\/bouillotte-snuggle-safe-pour-nac\/#breadcrumb"},"inLanguage":"fr-FR","potentialAction":[{"@type":"ReadAction","target":["https:\/\/www.vetorino.com\/veterinaire\/vincennes-loup-94300\/boutique\/product\/bouillotte-snuggle-safe-pour-nac\/"]}]},{"@type":"ImageObject","inLanguage":"fr-FR","@id":"https:\/\/www.vetorino.com\/veterinaire\/vincennes-loup-94300\/boutique\/product\/bouillotte-snuggle-safe-pour-nac\/#primaryimage","url":"https:\/\/www.vetorino.com\/boutique\/wp-content\/uploads\/2022\/11\/805166_1-585x585-1.jpg","contentUrl":"https:\/\/www.vetorino.com\/boutique\/wp-content\/uploads\/2022\/11\/805166_1-585x585-1.jpg","width":585,"height":585},{"@type":"BreadcrumbList","@id":"https:\/\/www.vetorino.com\/veterinaire\/vincennes-loup-94300\/boutique\/product\/bouillotte-snuggle-safe-pour-nac\/#breadcrumb","itemListElement":[{"@type":"ListItem","position":1,"name":"Accueil","item":"https:\/\/www.vetorino.com\/boutique\/"},{"@type":"ListItem","position":2,"name":"Produits","item":"https:\/\/www.vetorino.com\/boutique\/"},{"@type":"ListItem","position":3,"name":"Bouillotte Snuggle Safe"}]},{"@type":"WebSite","@id":"https:\/\/www.vetorino.com\/boutique\/#website","url":"https:\/\/www.vetorino.com\/boutique\/","name":"V\u00e9torino","description":"","publisher":{"@id":"https:\/\/www.vetorino.com\/boutique\/#organization"},"potentialAction":[{"@type":"SearchAction","target":{"@type":"EntryPoint","urlTemplate":"https:\/\/www.vetorino.com\/boutique\/?s={search_term_string}"},"query-input":{"@type":"PropertyValueSpecification","valueRequired":true,"valueName":"search_term_string"}}],"inLanguage":"fr-FR"},{"@type":"Organization","@id":"https:\/\/www.vetorino.com\/boutique\/#organization","name":"V\u00e9torino","url":"https:\/\/www.vetorino.com\/boutique\/","logo":{"@type":"ImageObject","inLanguage":"fr-FR","@id":"https:\/\/www.vetorino.com\/boutique\/#\/schema\/logo\/image\/","url":"https:\/\/www.vetorino.com\/boutique\/wp-content\/uploads\/2024\/10\/logo.jpg","contentUrl":"https:\/\/www.vetorino.com\/boutique\/wp-content\/uploads\/2024\/10\/logo.jpg","width":1200,"height":610,"caption":"V\u00e9torino"},"image":{"@id":"https:\/\/www.vetorino.com\/boutique\/#\/schema\/logo\/image\/"},"sameAs":["https:\/\/www.facebook.com\/Vetorino\/","https:\/\/www.instagram.com\/vetorino_off\/","https:\/\/www.linkedin.com\/company\/vtorino\/"]}]},"product_brand":"Snuggle Safe","product_price_amount":"24.85","product_price_currency":"EUR","og_availability":"instock","product_availability":"instock","product_retailer_item_id":"O-805166","product_condition":"new"},"_links":{"self":[{"href":"https:\/\/www.vetorino.com\/veterinaire\/vincennes-loup-94300\/boutique\/wp-json\/wp\/v2\/product\/510121","targetHints":{"allow":["GET"]}}],"collection":[{"href":"https:\/\/www.vetorino.com\/veterinaire\/vincennes-loup-94300\/boutique\/wp-json\/wp\/v2\/product"}],"about":[{"href":"https:\/\/www.vetorino.com\/veterinaire\/vincennes-loup-94300\/boutique\/wp-json\/wp\/v2\/types\/product"}],"wp:featuredmedia":[{"embeddable":true,"href":"https:\/\/www.vetorino.com\/veterinaire\/vincennes-loup-94300\/boutique\/wp-json\/wp\/v2\/media\/918030"}],"wp:attachment":[{"href":"https:\/\/www.vetorino.com\/veterinaire\/vincennes-loup-94300\/boutique\/wp-json\/wp\/v2\/media?parent=510121"}],"wp:term":[{"taxonomy":"product_cat","embeddable":true,"href":"https:\/\/www.vetorino.com\/veterinaire\/vincennes-loup-94300\/boutique\/wp-json\/wp\/v2\/product_cat?post=510121"},{"taxonomy":"product_tag","embeddable":true,"href":"https:\/\/www.vetorino.com\/veterinaire\/vincennes-loup-94300\/boutique\/wp-json\/wp\/v2\/product_tag?post=510121"}],"curies":[{"name":"wp","href":"https:\/\/api.w.org\/{rel}","templated":true}]}}