{"id":511011,"date":"2022-11-22T15:32:32","date_gmt":"2022-11-22T14:32:32","guid":{"rendered":"https:\/\/www.vetorino.com\/boutique\/?post_type=product&#038;p=511011"},"modified":"2023-04-10T10:48:07","modified_gmt":"2023-04-10T08:48:07","slug":"housse-polaire-snuggle-safe","status":"publish","type":"product","link":"https:\/\/www.vetorino.com\/veterinaire\/vincennes-loup-94300\/boutique\/product\/housse-polaire-snuggle-safe\/","title":{"rendered":"Housse Polaire Snuggle Safe"},"content":{"rendered":"<div id=\"description\" class=\"product-data__item--content \" aria-labelledby=\"tab-label-amcustomtabs_tabs_1-title\">\n<div class=\"am-custom-tab am-custom-tab-1\">\n<div class=\"am-custom-tab am-custom-tab-1\">\n<div class=\"product attribute description content-wrapper\">\n<div class=\"value reset-pagebuilder\">\n<div data-content-type=\"html\" data-appearance=\"default\" data-element=\"main\" data-decoded=\"true\">\n<div>\n<div id=\"designation\">\n<div id=\"description\">\n<div id=\"designation_no_video\">\n<div>\n<p>Housse de rechange pour bouillottes SnuggleSafe.<\/p>\n<\/div>\n<\/div>\n<\/div>\n<\/div>\n<\/div>\n<p>Dim \u00d8 21.5cm x \u00e9paisseur 3cm.<\/p>\n<\/div>\n<\/div>\n<\/div>\n<\/div>\n<\/div>\n<\/div>\n<div id=\"related-products\" class=\"product-data__item--content has-related-products\" aria-labelledby=\"tab-label-amcustomtabs_tabs_12-title\">\n<div class=\"am-custom-tab am-custom-tab-12\">\n<div class=\"am-custom-tab am-custom-tab-12\">\n<div class=\"block related page-products\" data-limit=\"5\" data-shuffle=\"1\"><\/div>\n<\/div>\n<\/div>\n<\/div>\n","protected":false},"excerpt":{"rendered":"<div>\n<div id=\"designation\">\n<div id=\"description\">\n<div id=\"designation_no_video\">\n<div>\n<p>Housse de rechange pour bouillottes SnuggleSafe.<\/p>\n<\/div>\n<\/div>\n<\/div>\n<\/div>\n<div>Dim \u00d8 21.5cm x \u00e9paisseur 3cm.<\/div>\n<\/div>\n","protected":false},"featured_media":591832,"template":"","meta":[],"product_cat":[12548,12550,2697,2698,12595,12596,2727],"product_tag":[],"class_list":{"0":"post-511011","1":"product","2":"type-product","3":"status-publish","4":"has-post-thumbnail","6":"product_cat-accessoire-du-chat","7":"product_cat-accessoires-du-chien","8":"product_cat-chat","9":"product_cat-chien","10":"product_cat-confort-du-chat","11":"product_cat-confort-du-chien","12":"product_cat-nac","13":"pa_marque-snuggle-safe","15":"first","16":"instock","17":"taxable","18":"shipping-taxable","19":"purchasable","20":"product-type-simple"},"yoast_head":"<!-- This site is optimized with the Yoast SEO plugin v27.3 - https:\/\/yoast.com\/product\/yoast-seo-wordpress\/ -->\n<title>Housse Polaire Snuggle Safe Snuggle Safe - V\u00e9torino<\/title>\n<meta name=\"description\" content=\"Housse de rechange pour bouillottes SnuggleSafe.      Dim \u00d8 21.5cm x \u00e9paisseur 3cm.\" \/>\n<meta name=\"robots\" content=\"noindex, nofollow\" \/>\n<meta property=\"og:locale\" content=\"fr_FR\" \/>\n<meta property=\"og:type\" content=\"article\" \/>\n<meta property=\"og:title\" content=\"Housse Polaire Snuggle Safe Snuggle Safe - V\u00e9torino\" \/>\n<meta property=\"og:description\" content=\"Housse de rechange pour bouillottes SnuggleSafe.      Dim \u00d8 21.5cm x \u00e9paisseur 3cm.\" \/>\n<meta property=\"og:url\" content=\"https:\/\/www.vetorino.com\/veterinaire\/vincennes-loup-94300\/boutique\/product\/housse-polaire-snuggle-safe\/\" \/>\n<meta property=\"og:site_name\" content=\"V\u00e9torino\" \/>\n<meta property=\"article:publisher\" content=\"https:\/\/www.facebook.com\/Vetorino\/\" \/>\n<meta property=\"article:modified_time\" content=\"2023-04-10T08:48:07+00:00\" \/>\n<meta property=\"og:image\" content=\"https:\/\/www.vetorino.com\/boutique\/wp-content\/uploads\/2022\/11\/805168-585x585-1.jpeg\" \/>\n\t<meta property=\"og:image:width\" content=\"585\" \/>\n\t<meta property=\"og:image:height\" content=\"585\" \/>\n\t<meta property=\"og:image:type\" content=\"image\/jpeg\" \/>\n<meta name=\"twitter:card\" content=\"summary_large_image\" \/>\n<meta name=\"twitter:label1\" content=\"Prix\" \/>\n\t<meta name=\"twitter:data1\" content=\"5,03&euro;\" \/>\n\t<meta name=\"twitter:label2\" content=\"Disponibilit\u00e9\" \/>\n\t<meta name=\"twitter:data2\" content=\"En stock\" \/>\n<script type=\"application\/ld+json\" class=\"yoast-schema-graph\">{\"@context\":\"https:\\\/\\\/schema.org\",\"@graph\":[{\"@type\":\"WebPage\",\"@id\":\"https:\\\/\\\/www.vetorino.com\\\/boutique\\\/product\\\/housse-polaire-snuggle-safe\\\/\",\"url\":\"https:\\\/\\\/www.vetorino.com\\\/boutique\\\/product\\\/housse-polaire-snuggle-safe\\\/\",\"name\":\"Housse Polaire Snuggle Safe Snuggle Safe - V\u00e9torino\",\"isPartOf\":{\"@id\":\"https:\\\/\\\/www.vetorino.com\\\/boutique\\\/#website\"},\"primaryImageOfPage\":{\"@id\":\"https:\\\/\\\/www.vetorino.com\\\/boutique\\\/product\\\/housse-polaire-snuggle-safe\\\/#primaryimage\"},\"image\":{\"@id\":\"https:\\\/\\\/www.vetorino.com\\\/boutique\\\/product\\\/housse-polaire-snuggle-safe\\\/#primaryimage\"},\"thumbnailUrl\":\"https:\\\/\\\/www.vetorino.com\\\/boutique\\\/wp-content\\\/uploads\\\/2022\\\/11\\\/805168-585x585-1.jpeg\",\"datePublished\":\"2022-11-22T14:32:32+00:00\",\"dateModified\":\"2023-04-10T08:48:07+00:00\",\"description\":\"Housse de rechange pour bouillottes SnuggleSafe. Dim \u00d8 21.5cm x \u00e9paisseur 3cm.\",\"breadcrumb\":{\"@id\":\"https:\\\/\\\/www.vetorino.com\\\/boutique\\\/product\\\/housse-polaire-snuggle-safe\\\/#breadcrumb\"},\"inLanguage\":\"fr-FR\",\"potentialAction\":[{\"@type\":\"ReadAction\",\"target\":[\"https:\\\/\\\/www.vetorino.com\\\/boutique\\\/product\\\/housse-polaire-snuggle-safe\\\/\"]}]},{\"@type\":\"ImageObject\",\"inLanguage\":\"fr-FR\",\"@id\":\"https:\\\/\\\/www.vetorino.com\\\/boutique\\\/product\\\/housse-polaire-snuggle-safe\\\/#primaryimage\",\"url\":\"https:\\\/\\\/www.vetorino.com\\\/boutique\\\/wp-content\\\/uploads\\\/2022\\\/11\\\/805168-585x585-1.jpeg\",\"contentUrl\":\"https:\\\/\\\/www.vetorino.com\\\/boutique\\\/wp-content\\\/uploads\\\/2022\\\/11\\\/805168-585x585-1.jpeg\",\"width\":585,\"height\":585},{\"@type\":\"BreadcrumbList\",\"@id\":\"https:\\\/\\\/www.vetorino.com\\\/boutique\\\/product\\\/housse-polaire-snuggle-safe\\\/#breadcrumb\",\"itemListElement\":[{\"@type\":\"ListItem\",\"position\":1,\"name\":\"Accueil\",\"item\":\"https:\\\/\\\/www.vetorino.com\\\/boutique\\\/\"},{\"@type\":\"ListItem\",\"position\":2,\"name\":\"Produits\",\"item\":\"https:\\\/\\\/www.vetorino.com\\\/boutique\\\/\"},{\"@type\":\"ListItem\",\"position\":3,\"name\":\"Housse Polaire Snuggle Safe\"}]},{\"@type\":\"WebSite\",\"@id\":\"https:\\\/\\\/www.vetorino.com\\\/boutique\\\/#website\",\"url\":\"https:\\\/\\\/www.vetorino.com\\\/boutique\\\/\",\"name\":\"V\u00e9torino\",\"description\":\"\",\"publisher\":{\"@id\":\"https:\\\/\\\/www.vetorino.com\\\/boutique\\\/#organization\"},\"potentialAction\":[{\"@type\":\"SearchAction\",\"target\":{\"@type\":\"EntryPoint\",\"urlTemplate\":\"https:\\\/\\\/www.vetorino.com\\\/boutique\\\/?s={search_term_string}\"},\"query-input\":{\"@type\":\"PropertyValueSpecification\",\"valueRequired\":true,\"valueName\":\"search_term_string\"}}],\"inLanguage\":\"fr-FR\"},{\"@type\":\"Organization\",\"@id\":\"https:\\\/\\\/www.vetorino.com\\\/boutique\\\/#organization\",\"name\":\"V\u00e9torino\",\"url\":\"https:\\\/\\\/www.vetorino.com\\\/boutique\\\/\",\"logo\":{\"@type\":\"ImageObject\",\"inLanguage\":\"fr-FR\",\"@id\":\"https:\\\/\\\/www.vetorino.com\\\/boutique\\\/#\\\/schema\\\/logo\\\/image\\\/\",\"url\":\"https:\\\/\\\/www.vetorino.com\\\/boutique\\\/wp-content\\\/uploads\\\/2024\\\/10\\\/logo.jpg\",\"contentUrl\":\"https:\\\/\\\/www.vetorino.com\\\/boutique\\\/wp-content\\\/uploads\\\/2024\\\/10\\\/logo.jpg\",\"width\":1200,\"height\":610,\"caption\":\"V\u00e9torino\"},\"image\":{\"@id\":\"https:\\\/\\\/www.vetorino.com\\\/boutique\\\/#\\\/schema\\\/logo\\\/image\\\/\"},\"sameAs\":[\"https:\\\/\\\/www.facebook.com\\\/Vetorino\\\/\",\"https:\\\/\\\/www.instagram.com\\\/vetorino_off\\\/\",\"https:\\\/\\\/www.linkedin.com\\\/company\\\/vtorino\\\/\"]}]}<\/script>\n<meta property=\"product:brand\" content=\"Snuggle Safe\" \/>\n<meta property=\"product:price:amount\" content=\"5.03\" \/>\n<meta property=\"product:price:currency\" content=\"EUR\" \/>\n<meta property=\"og:availability\" content=\"instock\" \/>\n<meta property=\"product:availability\" content=\"instock\" \/>\n<meta property=\"product:retailer_item_id\" content=\"O-805168\" \/>\n<meta property=\"product:condition\" content=\"new\" \/>\n<!-- \/ Yoast SEO plugin. -->","yoast_head_json":{"title":"Housse Polaire Snuggle Safe Snuggle Safe - V\u00e9torino","description":"Housse de rechange pour bouillottes SnuggleSafe.      Dim \u00d8 21.5cm x \u00e9paisseur 3cm.","robots":{"index":"noindex","follow":"nofollow"},"og_locale":"fr_FR","og_type":"article","og_title":"Housse Polaire Snuggle Safe Snuggle Safe - V\u00e9torino","og_description":"Housse de rechange pour bouillottes SnuggleSafe.      Dim \u00d8 21.5cm x \u00e9paisseur 3cm.","og_url":"https:\/\/www.vetorino.com\/veterinaire\/vincennes-loup-94300\/boutique\/product\/housse-polaire-snuggle-safe\/","og_site_name":"V\u00e9torino","article_publisher":"https:\/\/www.facebook.com\/Vetorino\/","article_modified_time":"2023-04-10T08:48:07+00:00","og_image":[{"width":585,"height":585,"url":"https:\/\/www.vetorino.com\/boutique\/wp-content\/uploads\/2022\/11\/805168-585x585-1.jpeg","type":"image\/jpeg"}],"twitter_card":"summary_large_image","twitter_misc":{"Prix":"5,03&euro;","Disponibilit\u00e9":"En stock"},"schema":{"@context":"https:\/\/schema.org","@graph":[{"@type":"WebPage","@id":"https:\/\/www.vetorino.com\/boutique\/product\/housse-polaire-snuggle-safe\/","url":"https:\/\/www.vetorino.com\/boutique\/product\/housse-polaire-snuggle-safe\/","name":"Housse Polaire Snuggle Safe Snuggle Safe - V\u00e9torino","isPartOf":{"@id":"https:\/\/www.vetorino.com\/boutique\/#website"},"primaryImageOfPage":{"@id":"https:\/\/www.vetorino.com\/boutique\/product\/housse-polaire-snuggle-safe\/#primaryimage"},"image":{"@id":"https:\/\/www.vetorino.com\/boutique\/product\/housse-polaire-snuggle-safe\/#primaryimage"},"thumbnailUrl":"https:\/\/www.vetorino.com\/boutique\/wp-content\/uploads\/2022\/11\/805168-585x585-1.jpeg","datePublished":"2022-11-22T14:32:32+00:00","dateModified":"2023-04-10T08:48:07+00:00","description":"Housse de rechange pour bouillottes SnuggleSafe. Dim \u00d8 21.5cm x \u00e9paisseur 3cm.","breadcrumb":{"@id":"https:\/\/www.vetorino.com\/boutique\/product\/housse-polaire-snuggle-safe\/#breadcrumb"},"inLanguage":"fr-FR","potentialAction":[{"@type":"ReadAction","target":["https:\/\/www.vetorino.com\/boutique\/product\/housse-polaire-snuggle-safe\/"]}]},{"@type":"ImageObject","inLanguage":"fr-FR","@id":"https:\/\/www.vetorino.com\/boutique\/product\/housse-polaire-snuggle-safe\/#primaryimage","url":"https:\/\/www.vetorino.com\/boutique\/wp-content\/uploads\/2022\/11\/805168-585x585-1.jpeg","contentUrl":"https:\/\/www.vetorino.com\/boutique\/wp-content\/uploads\/2022\/11\/805168-585x585-1.jpeg","width":585,"height":585},{"@type":"BreadcrumbList","@id":"https:\/\/www.vetorino.com\/boutique\/product\/housse-polaire-snuggle-safe\/#breadcrumb","itemListElement":[{"@type":"ListItem","position":1,"name":"Accueil","item":"https:\/\/www.vetorino.com\/boutique\/"},{"@type":"ListItem","position":2,"name":"Produits","item":"https:\/\/www.vetorino.com\/boutique\/"},{"@type":"ListItem","position":3,"name":"Housse Polaire Snuggle Safe"}]},{"@type":"WebSite","@id":"https:\/\/www.vetorino.com\/boutique\/#website","url":"https:\/\/www.vetorino.com\/boutique\/","name":"V\u00e9torino","description":"","publisher":{"@id":"https:\/\/www.vetorino.com\/boutique\/#organization"},"potentialAction":[{"@type":"SearchAction","target":{"@type":"EntryPoint","urlTemplate":"https:\/\/www.vetorino.com\/boutique\/?s={search_term_string}"},"query-input":{"@type":"PropertyValueSpecification","valueRequired":true,"valueName":"search_term_string"}}],"inLanguage":"fr-FR"},{"@type":"Organization","@id":"https:\/\/www.vetorino.com\/boutique\/#organization","name":"V\u00e9torino","url":"https:\/\/www.vetorino.com\/boutique\/","logo":{"@type":"ImageObject","inLanguage":"fr-FR","@id":"https:\/\/www.vetorino.com\/boutique\/#\/schema\/logo\/image\/","url":"https:\/\/www.vetorino.com\/boutique\/wp-content\/uploads\/2024\/10\/logo.jpg","contentUrl":"https:\/\/www.vetorino.com\/boutique\/wp-content\/uploads\/2024\/10\/logo.jpg","width":1200,"height":610,"caption":"V\u00e9torino"},"image":{"@id":"https:\/\/www.vetorino.com\/boutique\/#\/schema\/logo\/image\/"},"sameAs":["https:\/\/www.facebook.com\/Vetorino\/","https:\/\/www.instagram.com\/vetorino_off\/","https:\/\/www.linkedin.com\/company\/vtorino\/"]}]},"product_brand":"Snuggle Safe","product_price_amount":"5.03","product_price_currency":"EUR","og_availability":"instock","product_availability":"instock","product_retailer_item_id":"O-805168","product_condition":"new"},"_links":{"self":[{"href":"https:\/\/www.vetorino.com\/veterinaire\/vincennes-loup-94300\/boutique\/wp-json\/wp\/v2\/product\/511011","targetHints":{"allow":["GET"]}}],"collection":[{"href":"https:\/\/www.vetorino.com\/veterinaire\/vincennes-loup-94300\/boutique\/wp-json\/wp\/v2\/product"}],"about":[{"href":"https:\/\/www.vetorino.com\/veterinaire\/vincennes-loup-94300\/boutique\/wp-json\/wp\/v2\/types\/product"}],"wp:featuredmedia":[{"embeddable":true,"href":"https:\/\/www.vetorino.com\/veterinaire\/vincennes-loup-94300\/boutique\/wp-json\/wp\/v2\/media\/591832"}],"wp:attachment":[{"href":"https:\/\/www.vetorino.com\/veterinaire\/vincennes-loup-94300\/boutique\/wp-json\/wp\/v2\/media?parent=511011"}],"wp:term":[{"taxonomy":"product_cat","embeddable":true,"href":"https:\/\/www.vetorino.com\/veterinaire\/vincennes-loup-94300\/boutique\/wp-json\/wp\/v2\/product_cat?post=511011"},{"taxonomy":"product_tag","embeddable":true,"href":"https:\/\/www.vetorino.com\/veterinaire\/vincennes-loup-94300\/boutique\/wp-json\/wp\/v2\/product_tag?post=511011"}],"curies":[{"name":"wp","href":"https:\/\/api.w.org\/{rel}","templated":true}]}}