{"id":511598,"date":"2022-11-23T11:03:48","date_gmt":"2022-11-23T10:03:48","guid":{"rendered":"https:\/\/www.vetorino.com\/boutique\/?post_type=product&#038;p=511598"},"modified":"2023-04-10T10:56:53","modified_gmt":"2023-04-10T08:56:53","slug":"matelas-a-memoire-de-forme-bendson","status":"publish","type":"product","link":"https:\/\/www.vetorino.com\/veterinaire\/vincennes-loup-94300\/boutique\/product\/matelas-a-memoire-de-forme-bendson\/","title":{"rendered":"Matelas \u00e0 m\u00e9moire de forme BENDSON"},"content":{"rendered":"<p>Ce\u00a0<strong>matelas orthop\u00e9dique Bendson\u00a0<\/strong>est sp\u00e9cialement con\u00e7u pour les chiens aux articulations sensibles et douloureuses. La mousse du matelas reprend sa forme initiale, assurant un confort optimal \u00e0 votre chien. Lorsque votre animal s&#8217;allonge sur un lit orthop\u00e9dique, son poids est r\u00e9parti uniform\u00e9ment sur le matelas, ce qui soulage la pression sur les articulations douloureuses. La housse amovible peut \u00eatre lav\u00e9e \u00e0 la main ou \u00e0 la machine.<\/p>\n<ul>\n<li>Housse amovible et lavable<\/li>\n<li>Id\u00e9al pour les chiens souffrant d&#8217;arthrose et de douleurs articulaires<\/li>\n<li>Aide \u00e0 r\u00e9partir le poids uniform\u00e9ment<\/li>\n<li>R\u00e9duit la pression sur les articulations douloureuses<\/li>\n<li>Un confort optimal pour votre animal<\/li>\n<li>Disponible en 3 tailles diff\u00e9rentes<\/li>\n<li>Hauteur pour toutes les tailles : 8 \u00e0 10 cm<\/li>\n<\/ul>\n<p><strong>Attention :<\/strong>\u00a0le tissu du coussin sera bomb\u00e9 en raison des coutures du rembourrage du coussin. Par cons\u00e9quent, la taille du coussin peut diff\u00e9rer de quelques centim\u00e8tres des dimensions indiqu\u00e9es ici.<\/p>\n","protected":false},"excerpt":{"rendered":"<p>Ce\u00a0<strong>matelas orthop\u00e9dique Bendson\u00a0<\/strong>est sp\u00e9cialement con\u00e7u pour les chiens aux articulations sensibles et douloureuses.<\/p>\n","protected":false},"featured_media":591854,"template":"","meta":[],"product_cat":[12548,12550,2697,2698,12595,12596],"product_tag":[],"class_list":{"0":"post-511598","1":"product","2":"type-product","3":"status-publish","4":"has-post-thumbnail","6":"product_cat-accessoire-du-chat","7":"product_cat-accessoires-du-chien","8":"product_cat-chat","9":"product_cat-chien","10":"product_cat-confort-du-chat","11":"product_cat-confort-du-chien","12":"pa_marque-trixie","14":"first","15":"instock","16":"taxable","17":"shipping-taxable","18":"purchasable","19":"product-type-variable"},"yoast_head":"<!-- This site is optimized with the Yoast SEO plugin v27.3 - https:\/\/yoast.com\/product\/yoast-seo-wordpress\/ -->\n<title>Matelas \u00e0 m\u00e9moire de forme BENDSON Trixie - V\u00e9torino<\/title>\n<meta name=\"description\" content=\"Ce\u00a0matelas orthop\u00e9dique Bendson\u00a0est sp\u00e9cialement con\u00e7u pour les chiens aux articulations sensibles et douloureuses.\" \/>\n<meta name=\"robots\" content=\"noindex, nofollow\" \/>\n<meta property=\"og:locale\" content=\"fr_FR\" \/>\n<meta property=\"og:type\" content=\"article\" \/>\n<meta property=\"og:title\" content=\"Matelas \u00e0 m\u00e9moire de forme BENDSON Trixie - V\u00e9torino\" \/>\n<meta property=\"og:description\" content=\"Ce\u00a0matelas orthop\u00e9dique Bendson\u00a0est sp\u00e9cialement con\u00e7u pour les chiens aux articulations sensibles et douloureuses.\" \/>\n<meta property=\"og:url\" content=\"https:\/\/www.vetorino.com\/veterinaire\/vincennes-loup-94300\/boutique\/product\/matelas-a-memoire-de-forme-bendson\/\" \/>\n<meta property=\"og:site_name\" content=\"V\u00e9torino\" \/>\n<meta property=\"article:publisher\" content=\"https:\/\/www.facebook.com\/Vetorino\/\" \/>\n<meta property=\"article:modified_time\" content=\"2023-04-10T08:56:53+00:00\" \/>\n<meta property=\"og:image\" content=\"https:\/\/www.vetorino.com\/boutique\/wp-content\/uploads\/2022\/11\/05a6126b9baf1a9ecf57f54942b8296b480a6c119f873e9cb6bcd61a717d90e6.jpeg\" \/>\n\t<meta property=\"og:image:width\" content=\"700\" \/>\n\t<meta property=\"og:image:height\" content=\"700\" \/>\n\t<meta property=\"og:image:type\" content=\"image\/jpeg\" \/>\n<meta name=\"twitter:card\" content=\"summary_large_image\" \/>\n<meta name=\"twitter:label1\" content=\"Disponibilit\u00e9\" \/>\n\t<meta name=\"twitter:data1\" content=\"En stock\" \/>\n<script type=\"application\/ld+json\" class=\"yoast-schema-graph\">{\"@context\":\"https:\\\/\\\/schema.org\",\"@graph\":[{\"@type\":\"WebPage\",\"@id\":\"https:\\\/\\\/www.vetorino.com\\\/boutique\\\/product\\\/matelas-a-memoire-de-forme-bendson\\\/\",\"url\":\"https:\\\/\\\/www.vetorino.com\\\/boutique\\\/product\\\/matelas-a-memoire-de-forme-bendson\\\/\",\"name\":\"Matelas \u00e0 m\u00e9moire de forme BENDSON Trixie - V\u00e9torino\",\"isPartOf\":{\"@id\":\"https:\\\/\\\/www.vetorino.com\\\/boutique\\\/#website\"},\"primaryImageOfPage\":{\"@id\":\"https:\\\/\\\/www.vetorino.com\\\/boutique\\\/product\\\/matelas-a-memoire-de-forme-bendson\\\/#primaryimage\"},\"image\":{\"@id\":\"https:\\\/\\\/www.vetorino.com\\\/boutique\\\/product\\\/matelas-a-memoire-de-forme-bendson\\\/#primaryimage\"},\"thumbnailUrl\":\"https:\\\/\\\/www.vetorino.com\\\/boutique\\\/wp-content\\\/uploads\\\/2022\\\/11\\\/05a6126b9baf1a9ecf57f54942b8296b480a6c119f873e9cb6bcd61a717d90e6.jpeg\",\"datePublished\":\"2022-11-23T10:03:48+00:00\",\"dateModified\":\"2023-04-10T08:56:53+00:00\",\"description\":\"Ce\u00a0matelas orthop\u00e9dique Bendson\u00a0est sp\u00e9cialement con\u00e7u pour les chiens aux articulations sensibles et douloureuses.\",\"breadcrumb\":{\"@id\":\"https:\\\/\\\/www.vetorino.com\\\/boutique\\\/product\\\/matelas-a-memoire-de-forme-bendson\\\/#breadcrumb\"},\"inLanguage\":\"fr-FR\",\"potentialAction\":[{\"@type\":\"ReadAction\",\"target\":[\"https:\\\/\\\/www.vetorino.com\\\/boutique\\\/product\\\/matelas-a-memoire-de-forme-bendson\\\/\"]}]},{\"@type\":\"ImageObject\",\"inLanguage\":\"fr-FR\",\"@id\":\"https:\\\/\\\/www.vetorino.com\\\/boutique\\\/product\\\/matelas-a-memoire-de-forme-bendson\\\/#primaryimage\",\"url\":\"https:\\\/\\\/www.vetorino.com\\\/boutique\\\/wp-content\\\/uploads\\\/2022\\\/11\\\/05a6126b9baf1a9ecf57f54942b8296b480a6c119f873e9cb6bcd61a717d90e6.jpeg\",\"contentUrl\":\"https:\\\/\\\/www.vetorino.com\\\/boutique\\\/wp-content\\\/uploads\\\/2022\\\/11\\\/05a6126b9baf1a9ecf57f54942b8296b480a6c119f873e9cb6bcd61a717d90e6.jpeg\",\"width\":700,\"height\":700},{\"@type\":\"BreadcrumbList\",\"@id\":\"https:\\\/\\\/www.vetorino.com\\\/boutique\\\/product\\\/matelas-a-memoire-de-forme-bendson\\\/#breadcrumb\",\"itemListElement\":[{\"@type\":\"ListItem\",\"position\":1,\"name\":\"Accueil\",\"item\":\"https:\\\/\\\/www.vetorino.com\\\/boutique\\\/\"},{\"@type\":\"ListItem\",\"position\":2,\"name\":\"Produits\",\"item\":\"https:\\\/\\\/www.vetorino.com\\\/boutique\\\/\"},{\"@type\":\"ListItem\",\"position\":3,\"name\":\"Matelas \u00e0 m\u00e9moire de forme BENDSON\"}]},{\"@type\":\"WebSite\",\"@id\":\"https:\\\/\\\/www.vetorino.com\\\/boutique\\\/#website\",\"url\":\"https:\\\/\\\/www.vetorino.com\\\/boutique\\\/\",\"name\":\"V\u00e9torino\",\"description\":\"\",\"publisher\":{\"@id\":\"https:\\\/\\\/www.vetorino.com\\\/boutique\\\/#organization\"},\"potentialAction\":[{\"@type\":\"SearchAction\",\"target\":{\"@type\":\"EntryPoint\",\"urlTemplate\":\"https:\\\/\\\/www.vetorino.com\\\/boutique\\\/?s={search_term_string}\"},\"query-input\":{\"@type\":\"PropertyValueSpecification\",\"valueRequired\":true,\"valueName\":\"search_term_string\"}}],\"inLanguage\":\"fr-FR\"},{\"@type\":\"Organization\",\"@id\":\"https:\\\/\\\/www.vetorino.com\\\/boutique\\\/#organization\",\"name\":\"V\u00e9torino\",\"url\":\"https:\\\/\\\/www.vetorino.com\\\/boutique\\\/\",\"logo\":{\"@type\":\"ImageObject\",\"inLanguage\":\"fr-FR\",\"@id\":\"https:\\\/\\\/www.vetorino.com\\\/boutique\\\/#\\\/schema\\\/logo\\\/image\\\/\",\"url\":\"https:\\\/\\\/www.vetorino.com\\\/boutique\\\/wp-content\\\/uploads\\\/2024\\\/10\\\/logo.jpg\",\"contentUrl\":\"https:\\\/\\\/www.vetorino.com\\\/boutique\\\/wp-content\\\/uploads\\\/2024\\\/10\\\/logo.jpg\",\"width\":1200,\"height\":610,\"caption\":\"V\u00e9torino\"},\"image\":{\"@id\":\"https:\\\/\\\/www.vetorino.com\\\/boutique\\\/#\\\/schema\\\/logo\\\/image\\\/\"},\"sameAs\":[\"https:\\\/\\\/www.facebook.com\\\/Vetorino\\\/\",\"https:\\\/\\\/www.instagram.com\\\/vetorino_off\\\/\",\"https:\\\/\\\/www.linkedin.com\\\/company\\\/vtorino\\\/\"]}]}<\/script>\n<meta property=\"product:brand\" content=\"Trixie\" \/>\n<meta property=\"og:availability\" content=\"instock\" \/>\n<meta property=\"product:availability\" content=\"instock\" \/>\n<meta property=\"product:condition\" content=\"new\" \/>\n<!-- \/ Yoast SEO plugin. -->","yoast_head_json":{"title":"Matelas \u00e0 m\u00e9moire de forme BENDSON Trixie - V\u00e9torino","description":"Ce\u00a0matelas orthop\u00e9dique Bendson\u00a0est sp\u00e9cialement con\u00e7u pour les chiens aux articulations sensibles et douloureuses.","robots":{"index":"noindex","follow":"nofollow"},"og_locale":"fr_FR","og_type":"article","og_title":"Matelas \u00e0 m\u00e9moire de forme BENDSON Trixie - V\u00e9torino","og_description":"Ce\u00a0matelas orthop\u00e9dique Bendson\u00a0est sp\u00e9cialement con\u00e7u pour les chiens aux articulations sensibles et douloureuses.","og_url":"https:\/\/www.vetorino.com\/veterinaire\/vincennes-loup-94300\/boutique\/product\/matelas-a-memoire-de-forme-bendson\/","og_site_name":"V\u00e9torino","article_publisher":"https:\/\/www.facebook.com\/Vetorino\/","article_modified_time":"2023-04-10T08:56:53+00:00","og_image":[{"width":700,"height":700,"url":"https:\/\/www.vetorino.com\/boutique\/wp-content\/uploads\/2022\/11\/05a6126b9baf1a9ecf57f54942b8296b480a6c119f873e9cb6bcd61a717d90e6.jpeg","type":"image\/jpeg"}],"twitter_card":"summary_large_image","twitter_misc":{"Disponibilit\u00e9":"En stock"},"schema":{"@context":"https:\/\/schema.org","@graph":[{"@type":"WebPage","@id":"https:\/\/www.vetorino.com\/boutique\/product\/matelas-a-memoire-de-forme-bendson\/","url":"https:\/\/www.vetorino.com\/boutique\/product\/matelas-a-memoire-de-forme-bendson\/","name":"Matelas \u00e0 m\u00e9moire de forme BENDSON Trixie - V\u00e9torino","isPartOf":{"@id":"https:\/\/www.vetorino.com\/boutique\/#website"},"primaryImageOfPage":{"@id":"https:\/\/www.vetorino.com\/boutique\/product\/matelas-a-memoire-de-forme-bendson\/#primaryimage"},"image":{"@id":"https:\/\/www.vetorino.com\/boutique\/product\/matelas-a-memoire-de-forme-bendson\/#primaryimage"},"thumbnailUrl":"https:\/\/www.vetorino.com\/boutique\/wp-content\/uploads\/2022\/11\/05a6126b9baf1a9ecf57f54942b8296b480a6c119f873e9cb6bcd61a717d90e6.jpeg","datePublished":"2022-11-23T10:03:48+00:00","dateModified":"2023-04-10T08:56:53+00:00","description":"Ce\u00a0matelas orthop\u00e9dique Bendson\u00a0est sp\u00e9cialement con\u00e7u pour les chiens aux articulations sensibles et douloureuses.","breadcrumb":{"@id":"https:\/\/www.vetorino.com\/boutique\/product\/matelas-a-memoire-de-forme-bendson\/#breadcrumb"},"inLanguage":"fr-FR","potentialAction":[{"@type":"ReadAction","target":["https:\/\/www.vetorino.com\/boutique\/product\/matelas-a-memoire-de-forme-bendson\/"]}]},{"@type":"ImageObject","inLanguage":"fr-FR","@id":"https:\/\/www.vetorino.com\/boutique\/product\/matelas-a-memoire-de-forme-bendson\/#primaryimage","url":"https:\/\/www.vetorino.com\/boutique\/wp-content\/uploads\/2022\/11\/05a6126b9baf1a9ecf57f54942b8296b480a6c119f873e9cb6bcd61a717d90e6.jpeg","contentUrl":"https:\/\/www.vetorino.com\/boutique\/wp-content\/uploads\/2022\/11\/05a6126b9baf1a9ecf57f54942b8296b480a6c119f873e9cb6bcd61a717d90e6.jpeg","width":700,"height":700},{"@type":"BreadcrumbList","@id":"https:\/\/www.vetorino.com\/boutique\/product\/matelas-a-memoire-de-forme-bendson\/#breadcrumb","itemListElement":[{"@type":"ListItem","position":1,"name":"Accueil","item":"https:\/\/www.vetorino.com\/boutique\/"},{"@type":"ListItem","position":2,"name":"Produits","item":"https:\/\/www.vetorino.com\/boutique\/"},{"@type":"ListItem","position":3,"name":"Matelas \u00e0 m\u00e9moire de forme BENDSON"}]},{"@type":"WebSite","@id":"https:\/\/www.vetorino.com\/boutique\/#website","url":"https:\/\/www.vetorino.com\/boutique\/","name":"V\u00e9torino","description":"","publisher":{"@id":"https:\/\/www.vetorino.com\/boutique\/#organization"},"potentialAction":[{"@type":"SearchAction","target":{"@type":"EntryPoint","urlTemplate":"https:\/\/www.vetorino.com\/boutique\/?s={search_term_string}"},"query-input":{"@type":"PropertyValueSpecification","valueRequired":true,"valueName":"search_term_string"}}],"inLanguage":"fr-FR"},{"@type":"Organization","@id":"https:\/\/www.vetorino.com\/boutique\/#organization","name":"V\u00e9torino","url":"https:\/\/www.vetorino.com\/boutique\/","logo":{"@type":"ImageObject","inLanguage":"fr-FR","@id":"https:\/\/www.vetorino.com\/boutique\/#\/schema\/logo\/image\/","url":"https:\/\/www.vetorino.com\/boutique\/wp-content\/uploads\/2024\/10\/logo.jpg","contentUrl":"https:\/\/www.vetorino.com\/boutique\/wp-content\/uploads\/2024\/10\/logo.jpg","width":1200,"height":610,"caption":"V\u00e9torino"},"image":{"@id":"https:\/\/www.vetorino.com\/boutique\/#\/schema\/logo\/image\/"},"sameAs":["https:\/\/www.facebook.com\/Vetorino\/","https:\/\/www.instagram.com\/vetorino_off\/","https:\/\/www.linkedin.com\/company\/vtorino\/"]}]},"product_brand":"Trixie","og_availability":"instock","product_availability":"instock","product_condition":"new"},"_links":{"self":[{"href":"https:\/\/www.vetorino.com\/veterinaire\/vincennes-loup-94300\/boutique\/wp-json\/wp\/v2\/product\/511598","targetHints":{"allow":["GET"]}}],"collection":[{"href":"https:\/\/www.vetorino.com\/veterinaire\/vincennes-loup-94300\/boutique\/wp-json\/wp\/v2\/product"}],"about":[{"href":"https:\/\/www.vetorino.com\/veterinaire\/vincennes-loup-94300\/boutique\/wp-json\/wp\/v2\/types\/product"}],"wp:featuredmedia":[{"embeddable":true,"href":"https:\/\/www.vetorino.com\/veterinaire\/vincennes-loup-94300\/boutique\/wp-json\/wp\/v2\/media\/591854"}],"wp:attachment":[{"href":"https:\/\/www.vetorino.com\/veterinaire\/vincennes-loup-94300\/boutique\/wp-json\/wp\/v2\/media?parent=511598"}],"wp:term":[{"taxonomy":"product_cat","embeddable":true,"href":"https:\/\/www.vetorino.com\/veterinaire\/vincennes-loup-94300\/boutique\/wp-json\/wp\/v2\/product_cat?post=511598"},{"taxonomy":"product_tag","embeddable":true,"href":"https:\/\/www.vetorino.com\/veterinaire\/vincennes-loup-94300\/boutique\/wp-json\/wp\/v2\/product_tag?post=511598"}],"curies":[{"name":"wp","href":"https:\/\/api.w.org\/{rel}","templated":true}]}}