{"id":601300,"date":"2023-04-24T17:25:51","date_gmt":"2023-04-24T15:25:51","guid":{"rendered":"https:\/\/www.vetorino.com\/boutique\/?post_type=product&#038;p=601300"},"modified":"2023-04-25T17:02:10","modified_gmt":"2023-04-25T15:02:10","slug":"cage-de-transport-linus-cabrio","status":"publish","type":"product","link":"https:\/\/www.vetorino.com\/veterinaire\/vincennes-loup-94300\/boutique\/product\/cage-de-transport-linus-cabrio\/","title":{"rendered":"CAGE DE TRANSPORT LINUS CABRIO"},"content":{"rendered":"<div id=\"DESCR_TINY-bloc-1\" class=\"stylusBloc stylusBloc--text\">\n<div class=\"stylusBloc__content\">\n<div class=\"zms-title-div\"><\/div>\n<h2>Caract\u00e9ristiques<\/h2>\n<\/div>\n<\/div>\n<div id=\"DESCR_TINY-bloc-2\" class=\"stylusBloc stylusBloc--autogen stylusBloc--text\">\n<div class=\"stylusBloc__content\">\n<div class=\"zms-title-div\">\n<div class=\"zms-title\" data-size=\"t3\">Cage de transport Linus Second Life IMAC<\/div>\n<\/div>\n<p>&#8211; Cage de transport adapt\u00e9e aux chats et aux petits chiens<br \/>\n&#8211; 2 coloris disponibles : bleu \/ noir<br \/>\n&#8211; Fabriqu\u00e9e \u00e0 partir de plastique recycl\u00e9<br \/>\n&#8211; Porte en m\u00e9tal amovible \u00e0 ouverture dans les 2 sens<br \/>\n&#8211; Double poign\u00e9e de transport<\/p>\n<\/div>\n<\/div>\n<div id=\"DESCR_TINY-bloc-3\" class=\"stylusBloc stylusBloc--table\" draggable=\"false\">\n<div class=\"stylusBloc__content\">\n<div class=\"zms-title-div\">\n<h2 class=\"zms-title\" data-size=\"t1\">Caract\u00e9ristiques techniques<\/h2>\n<\/div>\n<table class=\"table table-bordered\">\n<tbody>\n<tr>\n<td>Hauteur<\/td>\n<td>34.5cm<\/td>\n<\/tr>\n<tr>\n<td>Largeur<\/td>\n<td>32cm<\/td>\n<\/tr>\n<tr>\n<td>Longueur \/ Profondeur<\/td>\n<td>50cm<\/td>\n<\/tr>\n<tr>\n<td>Dimensions porte en fa\u00e7ade<\/td>\n<td>26.5&#215;26.5cm<\/td>\n<\/tr>\n<tr>\n<td>Dimensions porte sup\u00e9rieure<\/td>\n<td>32x23cm<\/td>\n<\/tr>\n<tr>\n<td>Grillage de la porte en m\u00e9tal<\/td>\n<td>2.5&#215;7.5cm<\/td>\n<\/tr>\n<tr>\n<td>Poids<\/td>\n<td>1.37kg<\/td>\n<\/tr>\n<\/tbody>\n<\/table>\n<\/div>\n<\/div>\n<div id=\"DESCR_TINY-bloc-4\" class=\"stylusBloc stylusBloc--text\">\n<div class=\"stylusBloc__content\">\n<div class=\"zms-title-div\">\n<div class=\"zms-title\" data-size=\"t3\"><\/div>\n<\/div>\n<p>Nous vous conseillons d&#8217;habituer petit \u00e0 petit votre animal \u00e0 la cage Linus Second Life. Elle ne doit pas \u00eatre le lieu o\u00f9 vous sanctionnez ou punissez votre animal et ne repr\u00e9sente pas une solution aux probl\u00e8mes comportementaux ou de dressage. Votre animal doit s&#8217;y sentir \u00e0 l&#8217;aise et en s\u00e9curit\u00e9. La cage n&#8217;est qu&#8217;un h\u00e9bergement temporaire et n&#8217;est pas destin\u00e9e \u00e0 un usage sur le long terme. Choisissez une cage qui permette \u00e0 votre animal de se retourner facilement ainsi que de se coucher \u00e0 son aise.<\/p>\n<\/div>\n<\/div>\n","protected":false},"excerpt":{"rendered":"<div class=\"zms-title-div\">\n<h2 class=\"zms-title\" data-size=\"t1\">Spacieuse et a\u00e9r\u00e9e<\/h2>\n<\/div>\n<div class=\"zms-title-div\">\n<div class=\"zms-title\" data-size=\"t3\">Fabriqu\u00e9e en plastique recycl\u00e9<\/div>\n<\/div>\n<p>Passez au vert avec la cage de transport Linus Second Life ! Fabriqu\u00e9e \u00e0 partir de plastique recycl\u00e9, cette cage de transport spacieuse et a\u00e9r\u00e9e est id\u00e9ale pour transporter votre chat ou votre petit chien partout avec vous. Les ouvertures alv\u00e9ol\u00e9es sur le dessus permettront \u00e0 votre petit animal de se sentir plus \u00e0 l&#8217;aise et confortable lors de vos d\u00e9placements.<\/p>\n","protected":false},"featured_media":601313,"template":"","meta":[],"product_cat":[12548,2749,2697,12595,12631],"product_tag":[],"class_list":{"0":"post-601300","1":"product","2":"type-product","3":"status-publish","4":"has-post-thumbnail","6":"product_cat-accessoire-du-chat","7":"product_cat-cages-transport-pour-chat","8":"product_cat-chat","9":"product_cat-confort-du-chat","10":"product_cat-sortie-du-chat","11":"pa_marque-imac","13":"first","14":"instock","15":"taxable","16":"shipping-taxable","17":"purchasable","18":"product-type-variable"},"yoast_head":"<!-- This site is optimized with the Yoast SEO plugin v27.3 - https:\/\/yoast.com\/product\/yoast-seo-wordpress\/ -->\n<title>CAGE DE TRANSPORT LINUS CABRIO IMAC - V\u00e9torino<\/title>\n<meta name=\"description\" content=\"Spacieuse et a\u00e9r\u00e9e   Fabriqu\u00e9e en plastique recycl\u00e9  Passez au vert avec la cage de transport Linus Second Life ! Fabriqu\u00e9e \u00e0 partir de plastique recycl\u00e9, cette cage de transport spacieuse et a\u00e9r\u00e9e est id\u00e9ale pour transporter votre chat ou votre petit chien partout avec vous. Les ouvertures alv\u00e9ol\u00e9es sur le dessus permettront \u00e0 votre petit animal de se sentir plus \u00e0 l&#039;aise et confortable lors de vos d\u00e9placements.\" \/>\n<meta name=\"robots\" content=\"noindex, nofollow\" \/>\n<meta property=\"og:locale\" content=\"fr_FR\" \/>\n<meta property=\"og:type\" content=\"article\" \/>\n<meta property=\"og:title\" content=\"CAGE DE TRANSPORT LINUS CABRIO IMAC - V\u00e9torino\" \/>\n<meta property=\"og:description\" content=\"Spacieuse et a\u00e9r\u00e9e   Fabriqu\u00e9e en plastique recycl\u00e9  Passez au vert avec la cage de transport Linus Second Life ! Fabriqu\u00e9e \u00e0 partir de plastique recycl\u00e9, cette cage de transport spacieuse et a\u00e9r\u00e9e est id\u00e9ale pour transporter votre chat ou votre petit chien partout avec vous. Les ouvertures alv\u00e9ol\u00e9es sur le dessus permettront \u00e0 votre petit animal de se sentir plus \u00e0 l&#039;aise et confortable lors de vos d\u00e9placements.\" \/>\n<meta property=\"og:url\" content=\"https:\/\/www.vetorino.com\/veterinaire\/vincennes-loup-94300\/boutique\/product\/cage-de-transport-linus-cabrio\/\" \/>\n<meta property=\"og:site_name\" content=\"V\u00e9torino\" \/>\n<meta property=\"article:publisher\" content=\"https:\/\/www.facebook.com\/Vetorino\/\" \/>\n<meta property=\"article:modified_time\" content=\"2023-04-25T15:02:10+00:00\" \/>\n<meta property=\"og:image\" content=\"https:\/\/www.vetorino.com\/boutique\/wp-content\/uploads\/2023\/04\/Capture-decran-2023-04-24-a-17.42.02.png\" \/>\n\t<meta property=\"og:image:width\" content=\"1232\" \/>\n\t<meta property=\"og:image:height\" content=\"946\" \/>\n\t<meta property=\"og:image:type\" content=\"image\/png\" \/>\n<meta name=\"twitter:card\" content=\"summary_large_image\" \/>\n<meta name=\"twitter:label1\" content=\"Disponibilit\u00e9\" \/>\n\t<meta name=\"twitter:data1\" content=\"En stock\" \/>\n<script type=\"application\/ld+json\" class=\"yoast-schema-graph\">{\"@context\":\"https:\\\/\\\/schema.org\",\"@graph\":[{\"@type\":\"WebPage\",\"@id\":\"https:\\\/\\\/www.vetorino.com\\\/boutique\\\/product\\\/cage-de-transport-linus-cabrio\\\/\",\"url\":\"https:\\\/\\\/www.vetorino.com\\\/boutique\\\/product\\\/cage-de-transport-linus-cabrio\\\/\",\"name\":\"CAGE DE TRANSPORT LINUS CABRIO IMAC - V\u00e9torino\",\"isPartOf\":{\"@id\":\"https:\\\/\\\/www.vetorino.com\\\/boutique\\\/#website\"},\"primaryImageOfPage\":{\"@id\":\"https:\\\/\\\/www.vetorino.com\\\/boutique\\\/product\\\/cage-de-transport-linus-cabrio\\\/#primaryimage\"},\"image\":{\"@id\":\"https:\\\/\\\/www.vetorino.com\\\/boutique\\\/product\\\/cage-de-transport-linus-cabrio\\\/#primaryimage\"},\"thumbnailUrl\":\"https:\\\/\\\/www.vetorino.com\\\/boutique\\\/wp-content\\\/uploads\\\/2023\\\/04\\\/Capture-decran-2023-04-24-a-17.42.02.png\",\"datePublished\":\"2023-04-24T15:25:51+00:00\",\"dateModified\":\"2023-04-25T15:02:10+00:00\",\"description\":\"Spacieuse et a\u00e9r\u00e9e Fabriqu\u00e9e en plastique recycl\u00e9 Passez au vert avec la cage de transport Linus Second Life ! Fabriqu\u00e9e \u00e0 partir de plastique recycl\u00e9, cette cage de transport spacieuse et a\u00e9r\u00e9e est id\u00e9ale pour transporter votre chat ou votre petit chien partout avec vous. Les ouvertures alv\u00e9ol\u00e9es sur le dessus permettront \u00e0 votre petit animal de se sentir plus \u00e0 l'aise et confortable lors de vos d\u00e9placements.\",\"breadcrumb\":{\"@id\":\"https:\\\/\\\/www.vetorino.com\\\/boutique\\\/product\\\/cage-de-transport-linus-cabrio\\\/#breadcrumb\"},\"inLanguage\":\"fr-FR\",\"potentialAction\":[{\"@type\":\"ReadAction\",\"target\":[\"https:\\\/\\\/www.vetorino.com\\\/boutique\\\/product\\\/cage-de-transport-linus-cabrio\\\/\"]}]},{\"@type\":\"ImageObject\",\"inLanguage\":\"fr-FR\",\"@id\":\"https:\\\/\\\/www.vetorino.com\\\/boutique\\\/product\\\/cage-de-transport-linus-cabrio\\\/#primaryimage\",\"url\":\"https:\\\/\\\/www.vetorino.com\\\/boutique\\\/wp-content\\\/uploads\\\/2023\\\/04\\\/Capture-decran-2023-04-24-a-17.42.02.png\",\"contentUrl\":\"https:\\\/\\\/www.vetorino.com\\\/boutique\\\/wp-content\\\/uploads\\\/2023\\\/04\\\/Capture-decran-2023-04-24-a-17.42.02.png\",\"width\":1232,\"height\":946},{\"@type\":\"BreadcrumbList\",\"@id\":\"https:\\\/\\\/www.vetorino.com\\\/boutique\\\/product\\\/cage-de-transport-linus-cabrio\\\/#breadcrumb\",\"itemListElement\":[{\"@type\":\"ListItem\",\"position\":1,\"name\":\"Accueil\",\"item\":\"https:\\\/\\\/www.vetorino.com\\\/boutique\\\/\"},{\"@type\":\"ListItem\",\"position\":2,\"name\":\"Produits\",\"item\":\"https:\\\/\\\/www.vetorino.com\\\/boutique\\\/\"},{\"@type\":\"ListItem\",\"position\":3,\"name\":\"CAGE DE TRANSPORT LINUS CABRIO\"}]},{\"@type\":\"WebSite\",\"@id\":\"https:\\\/\\\/www.vetorino.com\\\/boutique\\\/#website\",\"url\":\"https:\\\/\\\/www.vetorino.com\\\/boutique\\\/\",\"name\":\"V\u00e9torino\",\"description\":\"\",\"publisher\":{\"@id\":\"https:\\\/\\\/www.vetorino.com\\\/boutique\\\/#organization\"},\"potentialAction\":[{\"@type\":\"SearchAction\",\"target\":{\"@type\":\"EntryPoint\",\"urlTemplate\":\"https:\\\/\\\/www.vetorino.com\\\/boutique\\\/?s={search_term_string}\"},\"query-input\":{\"@type\":\"PropertyValueSpecification\",\"valueRequired\":true,\"valueName\":\"search_term_string\"}}],\"inLanguage\":\"fr-FR\"},{\"@type\":\"Organization\",\"@id\":\"https:\\\/\\\/www.vetorino.com\\\/boutique\\\/#organization\",\"name\":\"V\u00e9torino\",\"url\":\"https:\\\/\\\/www.vetorino.com\\\/boutique\\\/\",\"logo\":{\"@type\":\"ImageObject\",\"inLanguage\":\"fr-FR\",\"@id\":\"https:\\\/\\\/www.vetorino.com\\\/boutique\\\/#\\\/schema\\\/logo\\\/image\\\/\",\"url\":\"https:\\\/\\\/www.vetorino.com\\\/boutique\\\/wp-content\\\/uploads\\\/2024\\\/10\\\/logo.jpg\",\"contentUrl\":\"https:\\\/\\\/www.vetorino.com\\\/boutique\\\/wp-content\\\/uploads\\\/2024\\\/10\\\/logo.jpg\",\"width\":1200,\"height\":610,\"caption\":\"V\u00e9torino\"},\"image\":{\"@id\":\"https:\\\/\\\/www.vetorino.com\\\/boutique\\\/#\\\/schema\\\/logo\\\/image\\\/\"},\"sameAs\":[\"https:\\\/\\\/www.facebook.com\\\/Vetorino\\\/\",\"https:\\\/\\\/www.instagram.com\\\/vetorino_off\\\/\",\"https:\\\/\\\/www.linkedin.com\\\/company\\\/vtorino\\\/\"]}]}<\/script>\n<meta property=\"product:brand\" content=\"IMAC\" \/>\n<meta property=\"og:availability\" content=\"instock\" \/>\n<meta property=\"product:availability\" content=\"instock\" \/>\n<meta property=\"product:condition\" content=\"new\" \/>\n<!-- \/ Yoast SEO plugin. -->","yoast_head_json":{"title":"CAGE DE TRANSPORT LINUS CABRIO IMAC - V\u00e9torino","description":"Spacieuse et a\u00e9r\u00e9e   Fabriqu\u00e9e en plastique recycl\u00e9  Passez au vert avec la cage de transport Linus Second Life ! Fabriqu\u00e9e \u00e0 partir de plastique recycl\u00e9, cette cage de transport spacieuse et a\u00e9r\u00e9e est id\u00e9ale pour transporter votre chat ou votre petit chien partout avec vous. Les ouvertures alv\u00e9ol\u00e9es sur le dessus permettront \u00e0 votre petit animal de se sentir plus \u00e0 l'aise et confortable lors de vos d\u00e9placements.","robots":{"index":"noindex","follow":"nofollow"},"og_locale":"fr_FR","og_type":"article","og_title":"CAGE DE TRANSPORT LINUS CABRIO IMAC - V\u00e9torino","og_description":"Spacieuse et a\u00e9r\u00e9e   Fabriqu\u00e9e en plastique recycl\u00e9  Passez au vert avec la cage de transport Linus Second Life ! Fabriqu\u00e9e \u00e0 partir de plastique recycl\u00e9, cette cage de transport spacieuse et a\u00e9r\u00e9e est id\u00e9ale pour transporter votre chat ou votre petit chien partout avec vous. Les ouvertures alv\u00e9ol\u00e9es sur le dessus permettront \u00e0 votre petit animal de se sentir plus \u00e0 l'aise et confortable lors de vos d\u00e9placements.","og_url":"https:\/\/www.vetorino.com\/veterinaire\/vincennes-loup-94300\/boutique\/product\/cage-de-transport-linus-cabrio\/","og_site_name":"V\u00e9torino","article_publisher":"https:\/\/www.facebook.com\/Vetorino\/","article_modified_time":"2023-04-25T15:02:10+00:00","og_image":[{"width":1232,"height":946,"url":"https:\/\/www.vetorino.com\/boutique\/wp-content\/uploads\/2023\/04\/Capture-decran-2023-04-24-a-17.42.02.png","type":"image\/png"}],"twitter_card":"summary_large_image","twitter_misc":{"Disponibilit\u00e9":"En stock"},"schema":{"@context":"https:\/\/schema.org","@graph":[{"@type":"WebPage","@id":"https:\/\/www.vetorino.com\/boutique\/product\/cage-de-transport-linus-cabrio\/","url":"https:\/\/www.vetorino.com\/boutique\/product\/cage-de-transport-linus-cabrio\/","name":"CAGE DE TRANSPORT LINUS CABRIO IMAC - V\u00e9torino","isPartOf":{"@id":"https:\/\/www.vetorino.com\/boutique\/#website"},"primaryImageOfPage":{"@id":"https:\/\/www.vetorino.com\/boutique\/product\/cage-de-transport-linus-cabrio\/#primaryimage"},"image":{"@id":"https:\/\/www.vetorino.com\/boutique\/product\/cage-de-transport-linus-cabrio\/#primaryimage"},"thumbnailUrl":"https:\/\/www.vetorino.com\/boutique\/wp-content\/uploads\/2023\/04\/Capture-decran-2023-04-24-a-17.42.02.png","datePublished":"2023-04-24T15:25:51+00:00","dateModified":"2023-04-25T15:02:10+00:00","description":"Spacieuse et a\u00e9r\u00e9e Fabriqu\u00e9e en plastique recycl\u00e9 Passez au vert avec la cage de transport Linus Second Life ! Fabriqu\u00e9e \u00e0 partir de plastique recycl\u00e9, cette cage de transport spacieuse et a\u00e9r\u00e9e est id\u00e9ale pour transporter votre chat ou votre petit chien partout avec vous. Les ouvertures alv\u00e9ol\u00e9es sur le dessus permettront \u00e0 votre petit animal de se sentir plus \u00e0 l'aise et confortable lors de vos d\u00e9placements.","breadcrumb":{"@id":"https:\/\/www.vetorino.com\/boutique\/product\/cage-de-transport-linus-cabrio\/#breadcrumb"},"inLanguage":"fr-FR","potentialAction":[{"@type":"ReadAction","target":["https:\/\/www.vetorino.com\/boutique\/product\/cage-de-transport-linus-cabrio\/"]}]},{"@type":"ImageObject","inLanguage":"fr-FR","@id":"https:\/\/www.vetorino.com\/boutique\/product\/cage-de-transport-linus-cabrio\/#primaryimage","url":"https:\/\/www.vetorino.com\/boutique\/wp-content\/uploads\/2023\/04\/Capture-decran-2023-04-24-a-17.42.02.png","contentUrl":"https:\/\/www.vetorino.com\/boutique\/wp-content\/uploads\/2023\/04\/Capture-decran-2023-04-24-a-17.42.02.png","width":1232,"height":946},{"@type":"BreadcrumbList","@id":"https:\/\/www.vetorino.com\/boutique\/product\/cage-de-transport-linus-cabrio\/#breadcrumb","itemListElement":[{"@type":"ListItem","position":1,"name":"Accueil","item":"https:\/\/www.vetorino.com\/boutique\/"},{"@type":"ListItem","position":2,"name":"Produits","item":"https:\/\/www.vetorino.com\/boutique\/"},{"@type":"ListItem","position":3,"name":"CAGE DE TRANSPORT LINUS CABRIO"}]},{"@type":"WebSite","@id":"https:\/\/www.vetorino.com\/boutique\/#website","url":"https:\/\/www.vetorino.com\/boutique\/","name":"V\u00e9torino","description":"","publisher":{"@id":"https:\/\/www.vetorino.com\/boutique\/#organization"},"potentialAction":[{"@type":"SearchAction","target":{"@type":"EntryPoint","urlTemplate":"https:\/\/www.vetorino.com\/boutique\/?s={search_term_string}"},"query-input":{"@type":"PropertyValueSpecification","valueRequired":true,"valueName":"search_term_string"}}],"inLanguage":"fr-FR"},{"@type":"Organization","@id":"https:\/\/www.vetorino.com\/boutique\/#organization","name":"V\u00e9torino","url":"https:\/\/www.vetorino.com\/boutique\/","logo":{"@type":"ImageObject","inLanguage":"fr-FR","@id":"https:\/\/www.vetorino.com\/boutique\/#\/schema\/logo\/image\/","url":"https:\/\/www.vetorino.com\/boutique\/wp-content\/uploads\/2024\/10\/logo.jpg","contentUrl":"https:\/\/www.vetorino.com\/boutique\/wp-content\/uploads\/2024\/10\/logo.jpg","width":1200,"height":610,"caption":"V\u00e9torino"},"image":{"@id":"https:\/\/www.vetorino.com\/boutique\/#\/schema\/logo\/image\/"},"sameAs":["https:\/\/www.facebook.com\/Vetorino\/","https:\/\/www.instagram.com\/vetorino_off\/","https:\/\/www.linkedin.com\/company\/vtorino\/"]}]},"product_brand":"IMAC","og_availability":"instock","product_availability":"instock","product_condition":"new"},"_links":{"self":[{"href":"https:\/\/www.vetorino.com\/veterinaire\/vincennes-loup-94300\/boutique\/wp-json\/wp\/v2\/product\/601300","targetHints":{"allow":["GET"]}}],"collection":[{"href":"https:\/\/www.vetorino.com\/veterinaire\/vincennes-loup-94300\/boutique\/wp-json\/wp\/v2\/product"}],"about":[{"href":"https:\/\/www.vetorino.com\/veterinaire\/vincennes-loup-94300\/boutique\/wp-json\/wp\/v2\/types\/product"}],"wp:featuredmedia":[{"embeddable":true,"href":"https:\/\/www.vetorino.com\/veterinaire\/vincennes-loup-94300\/boutique\/wp-json\/wp\/v2\/media\/601313"}],"wp:attachment":[{"href":"https:\/\/www.vetorino.com\/veterinaire\/vincennes-loup-94300\/boutique\/wp-json\/wp\/v2\/media?parent=601300"}],"wp:term":[{"taxonomy":"product_cat","embeddable":true,"href":"https:\/\/www.vetorino.com\/veterinaire\/vincennes-loup-94300\/boutique\/wp-json\/wp\/v2\/product_cat?post=601300"},{"taxonomy":"product_tag","embeddable":true,"href":"https:\/\/www.vetorino.com\/veterinaire\/vincennes-loup-94300\/boutique\/wp-json\/wp\/v2\/product_tag?post=601300"}],"curies":[{"name":"wp","href":"https:\/\/api.w.org\/{rel}","templated":true}]}}