{"id":601735,"date":"2023-04-25T09:40:15","date_gmt":"2023-04-25T07:40:15","guid":{"rendered":"https:\/\/www.vetorino.com\/boutique\/?post_type=product&#038;p=601735"},"modified":"2023-04-25T09:58:31","modified_gmt":"2023-04-25T07:58:31","slug":"cage-de-transport-skudo-chat-et-chien","status":"publish","type":"product","link":"https:\/\/www.vetorino.com\/veterinaire\/vincennes-loup-94300\/boutique\/product\/cage-de-transport-skudo-chat-et-chien\/","title":{"rendered":"CAGE DE TRANSPORT SKUDO chat et chien"},"content":{"rendered":"<div id=\"DESCR_TINY-bloc-2\" class=\"stylusBloc stylusBloc--autogen stylusBloc--text\">\n<div class=\"stylusBloc__content\">\n<div class=\"zms-title-div\">\n<h2 class=\"zms-title\" data-size=\"t1\">Caract\u00e9ristiques<\/h2>\n<\/div>\n<div class=\"zms-title-div\">\n<div class=\"zms-title\" data-size=\"t3\">Caisse de transport SKUDO pour chat et chien<\/div>\n<\/div>\n<p>&#8211; En plastique<br \/>\n&#8211; Avec porte m\u00e9tallique et clip de fermeture \u00e0 glissi\u00e8re<br \/>\n&#8211; Sur le dessus un casier de rangement sur la taille 4, et 2 casiers de rangement sur la taille 5<br \/>\n&#8211; Fentes de ventilation pour une bonne circulation de l&#8217;air<br \/>\n&#8211; Taille 3 avec poign\u00e9e<br \/>\n&#8211; Poign\u00e9e de traction \u00e0 partir de la taille 4<\/p>\n<\/div>\n<\/div>\n<div id=\"DESCR_TINY-bloc-3\" class=\"stylusBloc stylusBloc--table\">\n<div class=\"stylusBloc__content\">\n<div class=\"zms-title-div\">\n<h2 class=\"zms-title\" data-size=\"t1\">Caract\u00e9ristiques techniques<\/h2>\n<\/div>\n<table class=\"table table-bordered\">\n<tbody>\n<tr>\n<td>Taille<\/td>\n<td>Taille 2<\/td>\n<td>Taille 3<\/td>\n<td>Taille 4<\/td>\n<td>Taille 5<\/td>\n<td>Taille 6<\/td>\n<\/tr>\n<tr>\n<td>Hauteur<\/td>\n<td>35cm<\/td>\n<td>40cm<\/td>\n<td>48cm<\/td>\n<td>59cm<\/td>\n<td>63cm<\/td>\n<\/tr>\n<tr>\n<td>Largeur<\/td>\n<td>36cm<\/td>\n<td>39cm<\/td>\n<td>51cm<\/td>\n<td>65cm<\/td>\n<td>70cm<\/td>\n<\/tr>\n<tr>\n<td>Longueur \/ Profondeur<\/td>\n<td>55cm<\/td>\n<td>60cm<\/td>\n<td>68cm<\/td>\n<td>79cm<\/td>\n<td>92cm<\/td>\n<\/tr>\n<tr>\n<td>Dimension porte en fa\u00e7ade<\/td>\n<td>22x23cm<\/td>\n<td>22.5x25cm<\/td>\n<td>29.5x34cm<\/td>\n<td>35x42cm<\/td>\n<td>37x48cm<\/td>\n<\/tr>\n<tr>\n<td>Grillage de la porte en m\u00e9tal<\/td>\n<td>2.5x3cm<\/td>\n<td>2.5x3cm<\/td>\n<td>2.5x3cm<\/td>\n<td>2.5x3cm<\/td>\n<td>2.5x3cm<\/td>\n<\/tr>\n<tr>\n<td>Poids<\/td>\n<td>1.69kg<\/td>\n<td>2.02kg<\/td>\n<td>3.85kg<\/td>\n<td>7kg<\/td>\n<td>8.30kg<\/td>\n<\/tr>\n<\/tbody>\n<\/table>\n<\/div>\n<\/div>\n<div id=\"DESCR_TINY-bloc-4\" class=\"stylusBloc stylusBloc--text\">\n<div class=\"stylusBloc__content\">\n<div class=\"zms-title-div\">\n<div class=\"zms-title\" data-size=\"t3\"><\/div>\n<\/div>\n<p>Nous vous conseillons d&#8217;habituer petit \u00e0 petit votre animal \u00e0 la cage. Elle ne doit pas \u00eatre le lieu o\u00f9 vous sanctionnez ou punissez votre animal et ne repr\u00e9sente pas une solution aux probl\u00e8mes comportementaux ou de dressage. Votre animal doit s&#8217;y sentir \u00e0 l&#8217;aise et en s\u00e9curit\u00e9. La cage n&#8217;est qu&#8217;un h\u00e9bergement temporaire et n&#8217;est pas destin\u00e9e \u00e0 un usage sur le long terme. Choisissez une cage qui permette \u00e0 votre animal de se retourner facilement ainsi que de se coucher \u00e0 son aise.<\/p>\n<\/div>\n<\/div>\n","protected":false},"excerpt":{"rendered":"<div class=\"zms-title-div\">\n<h2 class=\"zms-title\" data-size=\"t1\">Solide et r\u00e9sistante<\/h2>\n<\/div>\n<div class=\"zms-title-div\">\n<div class=\"zms-title\" data-size=\"t3\">En plastique, avec porte m\u00e9tallique et clip de fermeture \u00e0 glissi\u00e8re<\/div>\n<\/div>\n<p>Transportez votre chien dans des conditions confortables avec la caisse de transport SKUDO pour chat et chien. Con\u00e7ue en plastique, cette caisse de transport est solide et r\u00e9sistante, elle dispose d&#8217;un ou plusieurs rangements sur le dessus et m\u00eame d&#8217;une poign\u00e9e de traction pour les grands mod\u00e8les. Gr\u00e2ce \u00e0 ses nombreuses fentes de ventilation, votre animal ne manquera pas d&#8217;air et se sentira \u00e0 l&#8217;aise dans cette cage lors de vos d\u00e9placements.<\/p>\n","protected":false},"featured_media":601757,"template":"","meta":[],"product_cat":[12548,12550,2749,2776,2697,2698],"product_tag":[],"class_list":{"0":"post-601735","1":"product","2":"type-product","3":"status-publish","4":"has-post-thumbnail","6":"product_cat-accessoire-du-chat","7":"product_cat-accessoires-du-chien","8":"product_cat-cages-transport-pour-chat","9":"product_cat-cages-et-transport-pour-chien","10":"product_cat-chat","11":"product_cat-chien","12":"pa_marque-skudo","14":"first","15":"instock","16":"taxable","17":"shipping-taxable","18":"purchasable","19":"product-type-variable"},"yoast_head":"<!-- This site is optimized with the Yoast SEO plugin v27.3 - https:\/\/yoast.com\/product\/yoast-seo-wordpress\/ -->\n<title>CAGE DE TRANSPORT SKUDO chat et chien SKUDO - V\u00e9torino<\/title>\n<meta name=\"description\" content=\"Solide et r\u00e9sistante   En plastique, avec porte m\u00e9tallique et clip de fermeture \u00e0 glissi\u00e8re  Transportez votre chien dans des conditions confortables avec la caisse de transport SKUDO pour chat et chien. Con\u00e7ue en plastique, cette caisse de transport est solide et r\u00e9sistante, elle dispose d&#039;un ou plusieurs rangements sur le dessus et m\u00eame d&#039;une poign\u00e9e de traction pour les grands mod\u00e8les. Gr\u00e2ce \u00e0 ses nombreuses fentes de ventilation, votre animal ne manquera pas d&#039;air et se sentira \u00e0 l&#039;aise dans cette cage lors de vos d\u00e9placements.\" \/>\n<meta name=\"robots\" content=\"noindex, nofollow\" \/>\n<meta property=\"og:locale\" content=\"fr_FR\" \/>\n<meta property=\"og:type\" content=\"article\" \/>\n<meta property=\"og:title\" content=\"CAGE DE TRANSPORT SKUDO chat et chien SKUDO - V\u00e9torino\" \/>\n<meta property=\"og:description\" content=\"Solide et r\u00e9sistante   En plastique, avec porte m\u00e9tallique et clip de fermeture \u00e0 glissi\u00e8re  Transportez votre chien dans des conditions confortables avec la caisse de transport SKUDO pour chat et chien. Con\u00e7ue en plastique, cette caisse de transport est solide et r\u00e9sistante, elle dispose d&#039;un ou plusieurs rangements sur le dessus et m\u00eame d&#039;une poign\u00e9e de traction pour les grands mod\u00e8les. Gr\u00e2ce \u00e0 ses nombreuses fentes de ventilation, votre animal ne manquera pas d&#039;air et se sentira \u00e0 l&#039;aise dans cette cage lors de vos d\u00e9placements.\" \/>\n<meta property=\"og:url\" content=\"https:\/\/www.vetorino.com\/veterinaire\/vincennes-loup-94300\/boutique\/product\/cage-de-transport-skudo-chat-et-chien\/\" \/>\n<meta property=\"og:site_name\" content=\"V\u00e9torino\" \/>\n<meta property=\"article:publisher\" content=\"https:\/\/www.facebook.com\/Vetorino\/\" \/>\n<meta property=\"article:modified_time\" content=\"2023-04-25T07:58:31+00:00\" \/>\n<meta property=\"og:image\" content=\"https:\/\/www.vetorino.com\/boutique\/wp-content\/uploads\/2023\/04\/Capture-decran-2023-04-24-a-17.42.12-1.png\" \/>\n\t<meta property=\"og:image:width\" content=\"1422\" \/>\n\t<meta property=\"og:image:height\" content=\"1194\" \/>\n\t<meta property=\"og:image:type\" content=\"image\/png\" \/>\n<meta name=\"twitter:card\" content=\"summary_large_image\" \/>\n<meta name=\"twitter:label1\" content=\"Disponibilit\u00e9\" \/>\n\t<meta name=\"twitter:data1\" content=\"En stock\" \/>\n<script type=\"application\/ld+json\" class=\"yoast-schema-graph\">{\"@context\":\"https:\\\/\\\/schema.org\",\"@graph\":[{\"@type\":\"WebPage\",\"@id\":\"https:\\\/\\\/www.vetorino.com\\\/boutique\\\/product\\\/cage-de-transport-skudo-chat-et-chien\\\/\",\"url\":\"https:\\\/\\\/www.vetorino.com\\\/boutique\\\/product\\\/cage-de-transport-skudo-chat-et-chien\\\/\",\"name\":\"CAGE DE TRANSPORT SKUDO chat et chien SKUDO - V\u00e9torino\",\"isPartOf\":{\"@id\":\"https:\\\/\\\/www.vetorino.com\\\/boutique\\\/#website\"},\"primaryImageOfPage\":{\"@id\":\"https:\\\/\\\/www.vetorino.com\\\/boutique\\\/product\\\/cage-de-transport-skudo-chat-et-chien\\\/#primaryimage\"},\"image\":{\"@id\":\"https:\\\/\\\/www.vetorino.com\\\/boutique\\\/product\\\/cage-de-transport-skudo-chat-et-chien\\\/#primaryimage\"},\"thumbnailUrl\":\"https:\\\/\\\/www.vetorino.com\\\/boutique\\\/wp-content\\\/uploads\\\/2023\\\/04\\\/Capture-decran-2023-04-24-a-17.42.12-1.png\",\"datePublished\":\"2023-04-25T07:40:15+00:00\",\"dateModified\":\"2023-04-25T07:58:31+00:00\",\"description\":\"Solide et r\u00e9sistante En plastique, avec porte m\u00e9tallique et clip de fermeture \u00e0 glissi\u00e8re Transportez votre chien dans des conditions confortables avec la caisse de transport SKUDO pour chat et chien. Con\u00e7ue en plastique, cette caisse de transport est solide et r\u00e9sistante, elle dispose d'un ou plusieurs rangements sur le dessus et m\u00eame d'une poign\u00e9e de traction pour les grands mod\u00e8les. Gr\u00e2ce \u00e0 ses nombreuses fentes de ventilation, votre animal ne manquera pas d'air et se sentira \u00e0 l'aise dans cette cage lors de vos d\u00e9placements.\",\"breadcrumb\":{\"@id\":\"https:\\\/\\\/www.vetorino.com\\\/boutique\\\/product\\\/cage-de-transport-skudo-chat-et-chien\\\/#breadcrumb\"},\"inLanguage\":\"fr-FR\",\"potentialAction\":[{\"@type\":\"ReadAction\",\"target\":[\"https:\\\/\\\/www.vetorino.com\\\/boutique\\\/product\\\/cage-de-transport-skudo-chat-et-chien\\\/\"]}]},{\"@type\":\"ImageObject\",\"inLanguage\":\"fr-FR\",\"@id\":\"https:\\\/\\\/www.vetorino.com\\\/boutique\\\/product\\\/cage-de-transport-skudo-chat-et-chien\\\/#primaryimage\",\"url\":\"https:\\\/\\\/www.vetorino.com\\\/boutique\\\/wp-content\\\/uploads\\\/2023\\\/04\\\/Capture-decran-2023-04-24-a-17.42.12-1.png\",\"contentUrl\":\"https:\\\/\\\/www.vetorino.com\\\/boutique\\\/wp-content\\\/uploads\\\/2023\\\/04\\\/Capture-decran-2023-04-24-a-17.42.12-1.png\",\"width\":1422,\"height\":1194},{\"@type\":\"BreadcrumbList\",\"@id\":\"https:\\\/\\\/www.vetorino.com\\\/boutique\\\/product\\\/cage-de-transport-skudo-chat-et-chien\\\/#breadcrumb\",\"itemListElement\":[{\"@type\":\"ListItem\",\"position\":1,\"name\":\"Accueil\",\"item\":\"https:\\\/\\\/www.vetorino.com\\\/boutique\\\/\"},{\"@type\":\"ListItem\",\"position\":2,\"name\":\"Produits\",\"item\":\"https:\\\/\\\/www.vetorino.com\\\/boutique\\\/\"},{\"@type\":\"ListItem\",\"position\":3,\"name\":\"CAGE DE TRANSPORT SKUDO chat et chien\"}]},{\"@type\":\"WebSite\",\"@id\":\"https:\\\/\\\/www.vetorino.com\\\/boutique\\\/#website\",\"url\":\"https:\\\/\\\/www.vetorino.com\\\/boutique\\\/\",\"name\":\"V\u00e9torino\",\"description\":\"\",\"publisher\":{\"@id\":\"https:\\\/\\\/www.vetorino.com\\\/boutique\\\/#organization\"},\"potentialAction\":[{\"@type\":\"SearchAction\",\"target\":{\"@type\":\"EntryPoint\",\"urlTemplate\":\"https:\\\/\\\/www.vetorino.com\\\/boutique\\\/?s={search_term_string}\"},\"query-input\":{\"@type\":\"PropertyValueSpecification\",\"valueRequired\":true,\"valueName\":\"search_term_string\"}}],\"inLanguage\":\"fr-FR\"},{\"@type\":\"Organization\",\"@id\":\"https:\\\/\\\/www.vetorino.com\\\/boutique\\\/#organization\",\"name\":\"V\u00e9torino\",\"url\":\"https:\\\/\\\/www.vetorino.com\\\/boutique\\\/\",\"logo\":{\"@type\":\"ImageObject\",\"inLanguage\":\"fr-FR\",\"@id\":\"https:\\\/\\\/www.vetorino.com\\\/boutique\\\/#\\\/schema\\\/logo\\\/image\\\/\",\"url\":\"https:\\\/\\\/www.vetorino.com\\\/boutique\\\/wp-content\\\/uploads\\\/2024\\\/10\\\/logo.jpg\",\"contentUrl\":\"https:\\\/\\\/www.vetorino.com\\\/boutique\\\/wp-content\\\/uploads\\\/2024\\\/10\\\/logo.jpg\",\"width\":1200,\"height\":610,\"caption\":\"V\u00e9torino\"},\"image\":{\"@id\":\"https:\\\/\\\/www.vetorino.com\\\/boutique\\\/#\\\/schema\\\/logo\\\/image\\\/\"},\"sameAs\":[\"https:\\\/\\\/www.facebook.com\\\/Vetorino\\\/\",\"https:\\\/\\\/www.instagram.com\\\/vetorino_off\\\/\",\"https:\\\/\\\/www.linkedin.com\\\/company\\\/vtorino\\\/\"]}]}<\/script>\n<meta property=\"product:brand\" content=\"SKUDO\" \/>\n<meta property=\"og:availability\" content=\"instock\" \/>\n<meta property=\"product:availability\" content=\"instock\" \/>\n<meta property=\"product:condition\" content=\"new\" \/>\n<!-- \/ Yoast SEO plugin. -->","yoast_head_json":{"title":"CAGE DE TRANSPORT SKUDO chat et chien SKUDO - V\u00e9torino","description":"Solide et r\u00e9sistante   En plastique, avec porte m\u00e9tallique et clip de fermeture \u00e0 glissi\u00e8re  Transportez votre chien dans des conditions confortables avec la caisse de transport SKUDO pour chat et chien. Con\u00e7ue en plastique, cette caisse de transport est solide et r\u00e9sistante, elle dispose d'un ou plusieurs rangements sur le dessus et m\u00eame d'une poign\u00e9e de traction pour les grands mod\u00e8les. Gr\u00e2ce \u00e0 ses nombreuses fentes de ventilation, votre animal ne manquera pas d'air et se sentira \u00e0 l'aise dans cette cage lors de vos d\u00e9placements.","robots":{"index":"noindex","follow":"nofollow"},"og_locale":"fr_FR","og_type":"article","og_title":"CAGE DE TRANSPORT SKUDO chat et chien SKUDO - V\u00e9torino","og_description":"Solide et r\u00e9sistante   En plastique, avec porte m\u00e9tallique et clip de fermeture \u00e0 glissi\u00e8re  Transportez votre chien dans des conditions confortables avec la caisse de transport SKUDO pour chat et chien. Con\u00e7ue en plastique, cette caisse de transport est solide et r\u00e9sistante, elle dispose d'un ou plusieurs rangements sur le dessus et m\u00eame d'une poign\u00e9e de traction pour les grands mod\u00e8les. Gr\u00e2ce \u00e0 ses nombreuses fentes de ventilation, votre animal ne manquera pas d'air et se sentira \u00e0 l'aise dans cette cage lors de vos d\u00e9placements.","og_url":"https:\/\/www.vetorino.com\/veterinaire\/vincennes-loup-94300\/boutique\/product\/cage-de-transport-skudo-chat-et-chien\/","og_site_name":"V\u00e9torino","article_publisher":"https:\/\/www.facebook.com\/Vetorino\/","article_modified_time":"2023-04-25T07:58:31+00:00","og_image":[{"width":1422,"height":1194,"url":"https:\/\/www.vetorino.com\/boutique\/wp-content\/uploads\/2023\/04\/Capture-decran-2023-04-24-a-17.42.12-1.png","type":"image\/png"}],"twitter_card":"summary_large_image","twitter_misc":{"Disponibilit\u00e9":"En stock"},"schema":{"@context":"https:\/\/schema.org","@graph":[{"@type":"WebPage","@id":"https:\/\/www.vetorino.com\/boutique\/product\/cage-de-transport-skudo-chat-et-chien\/","url":"https:\/\/www.vetorino.com\/boutique\/product\/cage-de-transport-skudo-chat-et-chien\/","name":"CAGE DE TRANSPORT SKUDO chat et chien SKUDO - V\u00e9torino","isPartOf":{"@id":"https:\/\/www.vetorino.com\/boutique\/#website"},"primaryImageOfPage":{"@id":"https:\/\/www.vetorino.com\/boutique\/product\/cage-de-transport-skudo-chat-et-chien\/#primaryimage"},"image":{"@id":"https:\/\/www.vetorino.com\/boutique\/product\/cage-de-transport-skudo-chat-et-chien\/#primaryimage"},"thumbnailUrl":"https:\/\/www.vetorino.com\/boutique\/wp-content\/uploads\/2023\/04\/Capture-decran-2023-04-24-a-17.42.12-1.png","datePublished":"2023-04-25T07:40:15+00:00","dateModified":"2023-04-25T07:58:31+00:00","description":"Solide et r\u00e9sistante En plastique, avec porte m\u00e9tallique et clip de fermeture \u00e0 glissi\u00e8re Transportez votre chien dans des conditions confortables avec la caisse de transport SKUDO pour chat et chien. Con\u00e7ue en plastique, cette caisse de transport est solide et r\u00e9sistante, elle dispose d'un ou plusieurs rangements sur le dessus et m\u00eame d'une poign\u00e9e de traction pour les grands mod\u00e8les. Gr\u00e2ce \u00e0 ses nombreuses fentes de ventilation, votre animal ne manquera pas d'air et se sentira \u00e0 l'aise dans cette cage lors de vos d\u00e9placements.","breadcrumb":{"@id":"https:\/\/www.vetorino.com\/boutique\/product\/cage-de-transport-skudo-chat-et-chien\/#breadcrumb"},"inLanguage":"fr-FR","potentialAction":[{"@type":"ReadAction","target":["https:\/\/www.vetorino.com\/boutique\/product\/cage-de-transport-skudo-chat-et-chien\/"]}]},{"@type":"ImageObject","inLanguage":"fr-FR","@id":"https:\/\/www.vetorino.com\/boutique\/product\/cage-de-transport-skudo-chat-et-chien\/#primaryimage","url":"https:\/\/www.vetorino.com\/boutique\/wp-content\/uploads\/2023\/04\/Capture-decran-2023-04-24-a-17.42.12-1.png","contentUrl":"https:\/\/www.vetorino.com\/boutique\/wp-content\/uploads\/2023\/04\/Capture-decran-2023-04-24-a-17.42.12-1.png","width":1422,"height":1194},{"@type":"BreadcrumbList","@id":"https:\/\/www.vetorino.com\/boutique\/product\/cage-de-transport-skudo-chat-et-chien\/#breadcrumb","itemListElement":[{"@type":"ListItem","position":1,"name":"Accueil","item":"https:\/\/www.vetorino.com\/boutique\/"},{"@type":"ListItem","position":2,"name":"Produits","item":"https:\/\/www.vetorino.com\/boutique\/"},{"@type":"ListItem","position":3,"name":"CAGE DE TRANSPORT SKUDO chat et chien"}]},{"@type":"WebSite","@id":"https:\/\/www.vetorino.com\/boutique\/#website","url":"https:\/\/www.vetorino.com\/boutique\/","name":"V\u00e9torino","description":"","publisher":{"@id":"https:\/\/www.vetorino.com\/boutique\/#organization"},"potentialAction":[{"@type":"SearchAction","target":{"@type":"EntryPoint","urlTemplate":"https:\/\/www.vetorino.com\/boutique\/?s={search_term_string}"},"query-input":{"@type":"PropertyValueSpecification","valueRequired":true,"valueName":"search_term_string"}}],"inLanguage":"fr-FR"},{"@type":"Organization","@id":"https:\/\/www.vetorino.com\/boutique\/#organization","name":"V\u00e9torino","url":"https:\/\/www.vetorino.com\/boutique\/","logo":{"@type":"ImageObject","inLanguage":"fr-FR","@id":"https:\/\/www.vetorino.com\/boutique\/#\/schema\/logo\/image\/","url":"https:\/\/www.vetorino.com\/boutique\/wp-content\/uploads\/2024\/10\/logo.jpg","contentUrl":"https:\/\/www.vetorino.com\/boutique\/wp-content\/uploads\/2024\/10\/logo.jpg","width":1200,"height":610,"caption":"V\u00e9torino"},"image":{"@id":"https:\/\/www.vetorino.com\/boutique\/#\/schema\/logo\/image\/"},"sameAs":["https:\/\/www.facebook.com\/Vetorino\/","https:\/\/www.instagram.com\/vetorino_off\/","https:\/\/www.linkedin.com\/company\/vtorino\/"]}]},"product_brand":"SKUDO","og_availability":"instock","product_availability":"instock","product_condition":"new"},"_links":{"self":[{"href":"https:\/\/www.vetorino.com\/veterinaire\/vincennes-loup-94300\/boutique\/wp-json\/wp\/v2\/product\/601735","targetHints":{"allow":["GET"]}}],"collection":[{"href":"https:\/\/www.vetorino.com\/veterinaire\/vincennes-loup-94300\/boutique\/wp-json\/wp\/v2\/product"}],"about":[{"href":"https:\/\/www.vetorino.com\/veterinaire\/vincennes-loup-94300\/boutique\/wp-json\/wp\/v2\/types\/product"}],"wp:featuredmedia":[{"embeddable":true,"href":"https:\/\/www.vetorino.com\/veterinaire\/vincennes-loup-94300\/boutique\/wp-json\/wp\/v2\/media\/601757"}],"wp:attachment":[{"href":"https:\/\/www.vetorino.com\/veterinaire\/vincennes-loup-94300\/boutique\/wp-json\/wp\/v2\/media?parent=601735"}],"wp:term":[{"taxonomy":"product_cat","embeddable":true,"href":"https:\/\/www.vetorino.com\/veterinaire\/vincennes-loup-94300\/boutique\/wp-json\/wp\/v2\/product_cat?post=601735"},{"taxonomy":"product_tag","embeddable":true,"href":"https:\/\/www.vetorino.com\/veterinaire\/vincennes-loup-94300\/boutique\/wp-json\/wp\/v2\/product_tag?post=601735"}],"curies":[{"name":"wp","href":"https:\/\/api.w.org\/{rel}","templated":true}]}}